{"id":8515,"date":"2024-03-25T22:42:51","date_gmt":"2024-03-25T15:42:51","guid":{"rendered":"https:\/\/b2c.fairs.vn\/?post_type=product&#038;p=8515"},"modified":"2024-04-17T17:10:27","modified_gmt":"2024-04-17T10:10:27","slug":"banh-xoai-van-di","status":"publish","type":"product","link":"https:\/\/b2c.fairs.vn\/en\/product\/banh-xoai-van-di\/","title":{"rendered":"B\u00e1nh xo\u00e0i V\u00e2n Di"},"content":{"rendered":"<p class=\"CDt4Ke zfr3Q\" dir=\"ltr\">B\u00e1nh xo\u00e0i tinh b\u1ed9t ngh\u1ec7 l\u00e0 s\u1ea3n ph\u1ea9m \u0111\u01b0\u1ee3c b\u1ea3o h\u1ed9 th\u01b0\u01a1ng hi\u1ec7u tr\u00ean to\u00e0n qu\u1ed1c, kh\u00f4ng s\u1eed d\u1ee5ng h\u00f3a ch\u1ea5t hay ph\u1ee5 gia th\u1ef1c ph\u1ea9m; \u0111\u1ea1t ch\u1ee9ng nh\u1eadn ATVSTP s\u1ed1: 01\/GCNATTP \u2013 SCT.<\/p>\n<p class=\"CDt4Ke zfr3Q\" dir=\"ltr\">Hi\u1ec7n t\u1ea1i, B\u00e1nh xo\u00e0i tinh b\u1ed9t ngh\u1ec7 c\u1ee7a HTX V\u00e2n Di \u0111\u00e3 \u0111\u01b0\u1ee3c ch\u1ee9ng nh\u1eadn l\u00e0 s\u1ea3n ph\u1ea9m OCOP 3 sao (n\u0103m 2020) v\u00e0 s\u1ea3n ph\u1ea9m ti\u1ebfp t\u1ee5c \u0111\u01b0\u1ee3c b\u00ecnh ch\u1ecdn l\u00e0 s\u1ea3n ph\u1ea9m c\u00f4ng nghi\u1ec7p n\u00f4ng th\u00f4n (CNNT) ti\u00eau bi\u1ec3u c\u1ea5p t\u1ec9nh. Kh\u00f4ng nh\u1eefng v\u1eady, s\u1ea3n ph\u1ea9m hi\u1ec7n \u0111ang tham gia cu\u1ed9c thi s\u1ea3n ph\u1ea9m CNNT ti\u00eau bi\u1ec3u khu v\u1ef1c mi\u1ec1n Trung &#8211; T\u00e2y Nguy\u00ean. H\u00e0nh tr\u00ecnh ti\u1ebfp theo, HTX N\u00f4ng s\u1ea3n V\u00e2n Di \u0111\u00f3 l\u00e0 \u0111\u01b0a s\u1ea3n ph\u1ea9m ra th\u1ecb tr\u01b0\u1eddng qu\u1ed1c t\u1ebf, chinh ph\u1ee5c th\u1ef1c kh\u00e1ch trong v\u00e0 ngo\u00e0i n\u01b0\u1edbc.<\/p>\n<p dir=\"ltr\">","protected":false},"excerpt":{"rendered":"<p>B\u00e1nh xo\u00e0i tinh b\u1ed9t ngh\u1ec7 l\u00e0 s\u1ea3n ph\u1ea9m \u0111\u01b0\u1ee3c b\u1ea3o h\u1ed9 th\u01b0\u01a1ng hi\u1ec7u tr\u00ean to\u00e0n qu\u1ed1c, kh\u00f4ng s\u1eed d\u1ee5ng h\u00f3a<\/p>","protected":false},"featured_media":8625,"comment_status":"open","ping_status":"closed","template":"","meta":{"_acf_changed":false},"product_cat":[317,366,367,22,313],"product_tag":[],"class_list":{"0":"post-8515","1":"product","2":"type-product","3":"status-publish","4":"has-post-thumbnail","6":"product_cat-che-bien-tu-thit-trung-sua-thuy-san-cac-san-pham-tu-mat-ong-mat-khac-va-nong-san-thuc-pham-khac","7":"product_cat-hang-cnnt-cap-qg","8":"product_cat-hang-cnnt-cap-qg-2023","9":"product_cat-sanphamthucpham","10":"product_cat-thuc-pham-che-bien","12":"first","13":"instock","14":"shipping-taxable","15":"product-type-simple"},"acf":[],"_links":{"self":[{"href":"https:\/\/b2c.fairs.vn\/en\/wp-json\/wp\/v2\/product\/8515","targetHints":{"allow":["GET"]}}],"collection":[{"href":"https:\/\/b2c.fairs.vn\/en\/wp-json\/wp\/v2\/product"}],"about":[{"href":"https:\/\/b2c.fairs.vn\/en\/wp-json\/wp\/v2\/types\/product"}],"replies":[{"embeddable":true,"href":"https:\/\/b2c.fairs.vn\/en\/wp-json\/wp\/v2\/comments?post=8515"}],"version-history":[{"count":0,"href":"https:\/\/b2c.fairs.vn\/en\/wp-json\/wp\/v2\/product\/8515\/revisions"}],"wp:featuredmedia":[{"embeddable":true,"href":"https:\/\/b2c.fairs.vn\/en\/wp-json\/wp\/v2\/media\/8625"}],"wp:attachment":[{"href":"https:\/\/b2c.fairs.vn\/en\/wp-json\/wp\/v2\/media?parent=8515"}],"wp:term":[{"taxonomy":"product_cat","embeddable":true,"href":"https:\/\/b2c.fairs.vn\/en\/wp-json\/wp\/v2\/product_cat?post=8515"},{"taxonomy":"product_tag","embeddable":true,"href":"https:\/\/b2c.fairs.vn\/en\/wp-json\/wp\/v2\/product_tag?post=8515"}],"curies":[{"name":"wp","href":"https:\/\/api.w.org\/{rel}","templated":true}]}}