{"id":8497,"date":"2024-03-25T22:27:58","date_gmt":"2024-03-25T15:27:58","guid":{"rendered":"https:\/\/b2c.fairs.vn\/?post_type=product&#038;p=8497"},"modified":"2024-04-19T14:05:01","modified_gmt":"2024-04-19T07:05:01","slug":"muc-ong-nguyen-con","status":"publish","type":"product","link":"https:\/\/b2c.fairs.vn\/en\/product\/muc-ong-nguyen-con\/","title":{"rendered":"M\u1ef1c \u1ed1ng nguy\u00ean con"},"content":{"rendered":"<ul>\n<li>M\u1ef1c \u1ed1ng l\u00e0 lo\u1ea1i m\u1ef1c \u0111\u01b0\u1ee3c c\u1ea5p \u0111\u00f4ng ngay sau khi t\u00e0u v\u1eeba l\u00ean b\u1edd, \u0111\u01b0\u1ee3c \u0111\u00e1nh b\u1eaft \u1edf v\u00f9ng bi\u1ec3n xa b\u1edd.<\/li>\n<li>Qui c\u00e1ch: Size 12 \u2013 15 cm<\/li>\n<li>Tr\u1ecdng l\u01b0\u1ee3ng: 500g\/v\u0129 ho\u1eb7c g\u00f3i 1kg<\/li>\n<li>S\u1ea3n ph\u1ea9m b\u1ea3o qu\u1ea3n trong t\u1ee7 \u0111\u00f4ng gi\u1eef \u0111\u01b0\u1ee3c 12 th\u00e1ng. Th\u00edch h\u1ee3p d\u00f9ng cho m\u00f3n \u0103n c\u00e1c nh\u00e0 h\u00e0ng, m\u00f3n \u0103n c\u1ea3 gia \u0111\u00ecnh \u0111\u1ec1u y\u00eau th\u00edch ho\u1eb7c qu\u00e0 bi\u1ebfu sang tr\u1ecdng, thi\u1ebft th\u1ef1c.<\/li>\n<\/ul>\n<p>&nbsp;<\/p>","protected":false},"excerpt":{"rendered":"<p>M\u1ef1c \u1ed1ng l\u00e0 lo\u1ea1i m\u1ef1c \u0111\u01b0\u1ee3c c\u1ea5p \u0111\u00f4ng ngay sau khi t\u00e0u v\u1eeba l\u00ean b\u1edd, \u0111\u01b0\u1ee3c \u0111\u00e1nh b\u1eaft \u1edf v\u00f9ng<\/p>","protected":false},"featured_media":8498,"comment_status":"open","ping_status":"closed","template":"","meta":{"_acf_changed":false},"product_cat":[317,366,367,22,313],"product_tag":[],"class_list":{"0":"post-8497","1":"product","2":"type-product","3":"status-publish","4":"has-post-thumbnail","6":"product_cat-che-bien-tu-thit-trung-sua-thuy-san-cac-san-pham-tu-mat-ong-mat-khac-va-nong-san-thuc-pham-khac","7":"product_cat-hang-cnnt-cap-qg","8":"product_cat-hang-cnnt-cap-qg-2023","9":"product_cat-sanphamthucpham","10":"product_cat-thuc-pham-che-bien","12":"first","13":"instock","14":"shipping-taxable","15":"product-type-simple"},"acf":[],"_links":{"self":[{"href":"https:\/\/b2c.fairs.vn\/en\/wp-json\/wp\/v2\/product\/8497","targetHints":{"allow":["GET"]}}],"collection":[{"href":"https:\/\/b2c.fairs.vn\/en\/wp-json\/wp\/v2\/product"}],"about":[{"href":"https:\/\/b2c.fairs.vn\/en\/wp-json\/wp\/v2\/types\/product"}],"replies":[{"embeddable":true,"href":"https:\/\/b2c.fairs.vn\/en\/wp-json\/wp\/v2\/comments?post=8497"}],"version-history":[{"count":0,"href":"https:\/\/b2c.fairs.vn\/en\/wp-json\/wp\/v2\/product\/8497\/revisions"}],"wp:featuredmedia":[{"embeddable":true,"href":"https:\/\/b2c.fairs.vn\/en\/wp-json\/wp\/v2\/media\/8498"}],"wp:attachment":[{"href":"https:\/\/b2c.fairs.vn\/en\/wp-json\/wp\/v2\/media?parent=8497"}],"wp:term":[{"taxonomy":"product_cat","embeddable":true,"href":"https:\/\/b2c.fairs.vn\/en\/wp-json\/wp\/v2\/product_cat?post=8497"},{"taxonomy":"product_tag","embeddable":true,"href":"https:\/\/b2c.fairs.vn\/en\/wp-json\/wp\/v2\/product_tag?post=8497"}],"curies":[{"name":"wp","href":"https:\/\/api.w.org\/{rel}","templated":true}]}}