{"id":8480,"date":"2024-03-25T22:14:23","date_gmt":"2024-03-25T15:14:23","guid":{"rendered":"https:\/\/b2c.fairs.vn\/?post_type=product&#038;p=8480"},"modified":"2024-04-19T13:39:25","modified_gmt":"2024-04-19T06:39:25","slug":"dua-go-quang-thuy","status":"publish","type":"product","link":"https:\/\/b2c.fairs.vn\/en\/product\/dua-go-quang-thuy\/","title":{"rendered":"\u0110\u0169a g\u1ed7 Qu\u1ea3ng Th\u1ee7y"},"content":{"rendered":"<table class=\"woocommerce-product-attributes shop_attributes\">\n<tbody>\n<tr class=\"woocommerce-product-attributes-item woocommerce-product-attributes-item--weight\">\n<th class=\"woocommerce-product-attributes-item__label\">Tr\u1ecdng l\u01b0\u1ee3ng<\/th>\n<td class=\"woocommerce-product-attributes-item__value\">300 kg<\/td>\n<\/tr>\n<tr class=\"woocommerce-product-attributes-item woocommerce-product-attributes-item--dimensions\">\n<th class=\"woocommerce-product-attributes-item__label\">K\u00edch th\u01b0\u1edbc<\/th>\n<td class=\"woocommerce-product-attributes-item__value\">24 cm<\/td>\n<\/tr>\n<tr class=\"woocommerce-product-attributes-item woocommerce-product-attributes-item--attribute_tr%e1%bb%8dng-l%c6%b0%e1%bb%a3ng\">\n<th class=\"woocommerce-product-attributes-item__label\">Tr\u1ecdng l\u01b0\u1ee3ng<\/th>\n<td class=\"woocommerce-product-attributes-item__value\">300gram<\/td>\n<\/tr>\n<tr class=\"woocommerce-product-attributes-item woocommerce-product-attributes-item--attribute_quy-c%c3%a1ch\">\n<th class=\"woocommerce-product-attributes-item__label\">Quy c\u00e1ch<\/th>\n<td class=\"woocommerce-product-attributes-item__value\">D\u00e0i 24cm, 10 \u0111\u00f4i<\/td>\n<\/tr>\n<tr class=\"woocommerce-product-attributes-item woocommerce-product-attributes-item--attribute_nguy%c3%aan-li%e1%bb%87u\">\n<th class=\"woocommerce-product-attributes-item__label\">Nguy\u00ean li\u1ec7u<\/th>\n<td class=\"woocommerce-product-attributes-item__value\">100% g\u1ed7 t\u1ef1 nhi\u00ean.<\/td>\n<\/tr>\n<\/tbody>\n<\/table>\n<p>\u0110\u0169a l\u00e0m b\u1eb1ng g\u1ed7 t\u1ef1 nhi\u00ean an to\u00e0n tuy\u1ec7t \u0111\u1ed1i cho s\u1ee9c kh\u1ecfe gia \u0111\u00ecnh b\u1ea1n, cho b\u1eefa c\u01a1m nh\u00e0 b\u1ea1n th\u00eam ngon mi\u1ec7ng.<br \/>\n\u0110\u0169a c\u00f3 \u0111\u1ed9 ch\u1ecbu l\u1ef1c cao, kh\u00f4ng d\u1ec5 g\u00e3y nh\u01b0 c\u00e1c lo\u1ea1i \u0111\u0169a th\u00f4ng th\u01b0\u1eddng tr\u00ean th\u1ecb tr\u01b0\u1eddng.<br \/>\nC\u00f3 m\u00e0u s\u1eafc sang tr\u1ecdng, \u0111\u01b0\u1ee3c gia c\u00f4ng tinh x\u1ea3o \u0111\u1eb9p m\u1eaft r\u1ea5t th\u00edch h\u1ee3p l\u00e0m qu\u00e0 t\u1eb7ng cho gia \u0111\u00ecnh, b\u1ea1n b\u00e8, ng\u01b0\u1eddi th\u00e2n<br \/>\n\u0110\u0169a \u0111\u01b0\u1ee3c l\u00e0m ch\u1eafc ch\u1eafn, b\u1ec1n \u0111\u1eb9p cho g\u00f3p ph\u1ea7n cho b\u1eefa \u0103n gia \u0111\u00ecnh th\u00eam \u1ea5m c\u00fang v\u00e0 th\u00e2n thi\u1ebft h\u01a1n.<br \/>\nB\u1ea1n c\u00f3 th\u1ec3 d\u00f9ng l\u00e0m qu\u00e0 t\u0103ng cho nh\u1eefng ng\u01b0\u1eddi th\u00e2n<br \/>\n\u0110\u0169a \u0111\u1ea3m b\u1ea3o kh\u00f4ng cong v\u00eanh m\u1ed1i m\u1ecdt d\u01b0\u1edbi s\u1ef1 thay \u0111\u1ed5i c\u1ee7a th\u1eddi ti\u1ebft<\/p>","protected":false},"excerpt":{"rendered":"<p>Tr\u1ecdng l\u01b0\u1ee3ng 300 kg K\u00edch th\u01b0\u1edbc 24 cm Tr\u1ecdng l\u01b0\u1ee3ng 300gram Quy c\u00e1ch D\u00e0i 24cm, 10 \u0111\u00f4i Nguy\u00ean li\u1ec7u 100%<\/p>","protected":false},"featured_media":8652,"comment_status":"open","ping_status":"closed","template":"","meta":{"_acf_changed":false},"product_cat":[366,367,336,337,397],"product_tag":[],"class_list":{"0":"post-8480","1":"product","2":"type-product","3":"status-publish","4":"has-post-thumbnail","6":"product_cat-hang-cnnt-cap-qg","7":"product_cat-hang-cnnt-cap-qg-2023","8":"product_cat-san-pham-thu-cong-my-nghe","9":"product_cat-thu-cong-my-nghe-gia-dung-trang-tri","10":"product_cat-thu-cong-my-nghe-khac","12":"first","13":"instock","14":"shipping-taxable","15":"purchasable","16":"product-type-simple"},"acf":[],"_links":{"self":[{"href":"https:\/\/b2c.fairs.vn\/en\/wp-json\/wp\/v2\/product\/8480","targetHints":{"allow":["GET"]}}],"collection":[{"href":"https:\/\/b2c.fairs.vn\/en\/wp-json\/wp\/v2\/product"}],"about":[{"href":"https:\/\/b2c.fairs.vn\/en\/wp-json\/wp\/v2\/types\/product"}],"replies":[{"embeddable":true,"href":"https:\/\/b2c.fairs.vn\/en\/wp-json\/wp\/v2\/comments?post=8480"}],"version-history":[{"count":0,"href":"https:\/\/b2c.fairs.vn\/en\/wp-json\/wp\/v2\/product\/8480\/revisions"}],"wp:featuredmedia":[{"embeddable":true,"href":"https:\/\/b2c.fairs.vn\/en\/wp-json\/wp\/v2\/media\/8652"}],"wp:attachment":[{"href":"https:\/\/b2c.fairs.vn\/en\/wp-json\/wp\/v2\/media?parent=8480"}],"wp:term":[{"taxonomy":"product_cat","embeddable":true,"href":"https:\/\/b2c.fairs.vn\/en\/wp-json\/wp\/v2\/product_cat?post=8480"},{"taxonomy":"product_tag","embeddable":true,"href":"https:\/\/b2c.fairs.vn\/en\/wp-json\/wp\/v2\/product_tag?post=8480"}],"curies":[{"name":"wp","href":"https:\/\/api.w.org\/{rel}","templated":true}]}}