{"id":8405,"date":"2024-03-25T17:12:29","date_gmt":"2024-03-25T10:12:29","guid":{"rendered":"https:\/\/b2c.fairs.vn\/?post_type=product&#038;p=8405"},"modified":"2024-04-19T14:11:07","modified_gmt":"2024-04-19T07:11:07","slug":"nuoc-mau-dua-dac-san-ben-tre","status":"publish","type":"product","link":"https:\/\/b2c.fairs.vn\/en\/product\/nuoc-mau-dua-dac-san-ben-tre\/","title":{"rendered":"N\u01af\u1edaC M\u00c0U D\u1eeaA \u0110\u1eb6C S\u1ea2N B\u1ebeN TRE"},"content":{"rendered":"<ul class=\"\">\n<li class=\"\">S\u1ea3n ph\u1ea9m \u0111\u01b0\u1ee3c ch\u1ebf bi\u1ebfn t\u1eeb 100% n\u01b0\u1edbc d\u1eeba t\u01b0\u01a1i v\u00e0 \u0111\u01b0\u1ee3c ch\u1ebf bi\u1ebfn theo c\u00f4ng th\u1ee9c ri\u00eang bi\u1ec7t mang \u0111\u1ebfn m\u00e0u \u0111\u1eb7c tr\u01b0ng c\u00e1nh gi\u00e1n c\u1ef1c k\u1ef3 \u0111\u1eb9p m\u1eaft v\u1edbi m\u00f9i th\u01a1m, d\u1eady m\u00f9i th\u1ee9c \u0103n.<\/li>\n<li class=\"\">\u0110\u1ea3m b\u1ea3o t\u1ea1o n\u00ean h\u01b0\u01a1ng v\u1ecb th\u01a1m ngon, d\u1eady m\u00f9i th\u1ee9c \u0103n.<\/li>\n<li class=\"\">M\u00e0u h\u1ea5p d\u1eabn, \u0111\u1eb9p m\u1eaft gi\u00fap k\u00edch th\u00edch v\u1ecb gi\u00e1c.<\/li>\n<li class=\"\">Ngo\u00e0i ra, N\u01b0\u1edbc M\u00e0u D\u1eeba A Tu\u1ea5n Khang c\u00f2n thay th\u1ebf m\u00e0u th\u1ef1c ph\u1ea9m \u0111\u1ec3 l\u00e0m c\u00e1c lo\u1ea1i b\u00e1nh flan&#8230;, t\u01b0\u01a1ng \u0111en, \u01b0\u1edbp t\u1ea9m cafe.<\/li>\n<li class=\"\">S\u1ea3n ph\u1ea9m \u0111\u01b0\u1ee3c ch\u1ee9ng nh\u1eadn 100% an to\u00e0n v\u1ec7 sinh th\u1ef1c ph\u1ea9m c\u1ea5p.<\/li>\n<li class=\"\">Cam k\u1ebft n\u00f3i kh\u00f4ng v\u1edbi m\u00e0u t\u1ed5ng h\u1ee3p, kh\u00f4ng ch\u1ea5t b\u1ea3o qu\u1ea3n v\u00e0 kh\u00f4ng \u0111\u01b0\u1eddng t\u1ed5ng h\u1ee3p.<\/li>\n<li class=\"\">H\u1ea1n s\u1eed d\u1ee5ng 3 n\u0103m gi\u00fap b\u1ea1n c\u00f3 th\u1ec3 y\u00ean t\u00e2m s\u1eed d\u1ee5ng s\u1ea3n ph\u1ea9m m\u00e0 kh\u00f4ng lo l\u00e3ng ph\u00ed.<\/li>\n<li class=\"\">G\u00eda c\u1ea3 c\u1ef1c k\u00ec h\u1ee3p l\u00ed so v\u1edbi th\u1ecb tr\u01b0\u1eddng.<\/li>\n<\/ul>","protected":false},"excerpt":{"rendered":"<p>S\u1ea3n ph\u1ea9m \u0111\u01b0\u1ee3c ch\u1ebf bi\u1ebfn t\u1eeb 100% n\u01b0\u1edbc d\u1eeba t\u01b0\u01a1i v\u00e0 \u0111\u01b0\u1ee3c ch\u1ebf bi\u1ebfn theo c\u00f4ng th\u1ee9c ri\u00eang bi\u1ec7t mang<\/p>","protected":false},"featured_media":8415,"comment_status":"open","ping_status":"closed","template":"","meta":{"_acf_changed":false},"product_cat":[318,320,366,367,22],"product_tag":[],"class_list":{"0":"post-8405","1":"product","2":"type-product","3":"status-publish","4":"has-post-thumbnail","6":"product_cat-gia-vi","7":"product_cat-gia-vi-khac","8":"product_cat-hang-cnnt-cap-qg","9":"product_cat-hang-cnnt-cap-qg-2023","10":"product_cat-sanphamthucpham","12":"first","13":"instock","14":"shipping-taxable","15":"purchasable","16":"product-type-simple"},"acf":[],"_links":{"self":[{"href":"https:\/\/b2c.fairs.vn\/en\/wp-json\/wp\/v2\/product\/8405","targetHints":{"allow":["GET"]}}],"collection":[{"href":"https:\/\/b2c.fairs.vn\/en\/wp-json\/wp\/v2\/product"}],"about":[{"href":"https:\/\/b2c.fairs.vn\/en\/wp-json\/wp\/v2\/types\/product"}],"replies":[{"embeddable":true,"href":"https:\/\/b2c.fairs.vn\/en\/wp-json\/wp\/v2\/comments?post=8405"}],"version-history":[{"count":0,"href":"https:\/\/b2c.fairs.vn\/en\/wp-json\/wp\/v2\/product\/8405\/revisions"}],"wp:featuredmedia":[{"embeddable":true,"href":"https:\/\/b2c.fairs.vn\/en\/wp-json\/wp\/v2\/media\/8415"}],"wp:attachment":[{"href":"https:\/\/b2c.fairs.vn\/en\/wp-json\/wp\/v2\/media?parent=8405"}],"wp:term":[{"taxonomy":"product_cat","embeddable":true,"href":"https:\/\/b2c.fairs.vn\/en\/wp-json\/wp\/v2\/product_cat?post=8405"},{"taxonomy":"product_tag","embeddable":true,"href":"https:\/\/b2c.fairs.vn\/en\/wp-json\/wp\/v2\/product_tag?post=8405"}],"curies":[{"name":"wp","href":"https:\/\/api.w.org\/{rel}","templated":true}]}}