{"id":8400,"date":"2024-03-25T17:02:39","date_gmt":"2024-03-25T10:02:39","guid":{"rendered":"https:\/\/b2c.fairs.vn\/?post_type=product&#038;p=8400"},"modified":"2024-04-19T14:10:48","modified_gmt":"2024-04-19T07:10:48","slug":"nuoc-mau-dua-ben-tre","status":"publish","type":"product","link":"https:\/\/b2c.fairs.vn\/en\/product\/nuoc-mau-dua-ben-tre\/","title":{"rendered":"N\u01af\u1edaC M\u00c0U D\u1eeaA B\u1ebeN TRE"},"content":{"rendered":"<ul>\n<li><strong>Xu\u1ea5t x\u1ee9:<\/strong>\u00a0Vi\u1ec7t Nam<\/li>\n<li><strong>H\u1ea1n s\u1eed d\u1ee5ng:<\/strong>\u00a036 Th\u00e1ng<\/li>\n<li><strong>Kh\u1ed1i l\u01b0\u1ee3ng t\u1ecbnh:<\/strong>\u00a0275g<\/li>\n<li><strong>Th\u00e0nh ph\u1ea7n:<\/strong>\u00a0N\u01b0\u1edbc d\u1eeba t\u01b0\u01a1i 30%, 70% m\u1eadt \u0111\u01b0\u1eddng<\/li>\n<li><strong>H\u01b0\u1edbng d\u1eabn b\u1ea3o qu\u1ea3n:<\/strong>\u00a0B\u1ea3o qu\u1ea3n n\u01a1i kh\u00f4 r\u00e1o, tho\u00e1ng m\u00e1t v\u00e0 tr\u00e1nh ti\u1ebfp x\u00fac v\u1edbi \u00e1nh n\u1eafng tr\u1ef1c ti\u1ebfp.<\/li>\n<li><strong>D\u00f9ng cho c\u00e1c m\u00f3n:<\/strong>\u00a0m\u00f3n th\u1ecbt kho, c\u00e1 kho hay nh\u1eefng m\u00f3n \u01b0\u1edbp n\u01b0\u1edbng\u2026.<\/li>\n<\/ul>","protected":false},"excerpt":{"rendered":"<p>Xu\u1ea5t x\u1ee9:\u00a0Vi\u1ec7t Nam H\u1ea1n s\u1eed d\u1ee5ng:\u00a036 Th\u00e1ng Kh\u1ed1i l\u01b0\u1ee3ng t\u1ecbnh:\u00a0275g Th\u00e0nh ph\u1ea7n:\u00a0N\u01b0\u1edbc d\u1eeba t\u01b0\u01a1i 30%, 70% m\u1eadt \u0111\u01b0\u1eddng H\u01b0\u1edbng d\u1eabn<\/p>","protected":false},"featured_media":8662,"comment_status":"open","ping_status":"closed","template":"","meta":{"_acf_changed":false},"product_cat":[318,320,366,367,22],"product_tag":[],"class_list":{"0":"post-8400","1":"product","2":"type-product","3":"status-publish","4":"has-post-thumbnail","6":"product_cat-gia-vi","7":"product_cat-gia-vi-khac","8":"product_cat-hang-cnnt-cap-qg","9":"product_cat-hang-cnnt-cap-qg-2023","10":"product_cat-sanphamthucpham","12":"first","13":"instock","14":"shipping-taxable","15":"purchasable","16":"product-type-simple"},"acf":[],"_links":{"self":[{"href":"https:\/\/b2c.fairs.vn\/en\/wp-json\/wp\/v2\/product\/8400","targetHints":{"allow":["GET"]}}],"collection":[{"href":"https:\/\/b2c.fairs.vn\/en\/wp-json\/wp\/v2\/product"}],"about":[{"href":"https:\/\/b2c.fairs.vn\/en\/wp-json\/wp\/v2\/types\/product"}],"replies":[{"embeddable":true,"href":"https:\/\/b2c.fairs.vn\/en\/wp-json\/wp\/v2\/comments?post=8400"}],"version-history":[{"count":0,"href":"https:\/\/b2c.fairs.vn\/en\/wp-json\/wp\/v2\/product\/8400\/revisions"}],"wp:featuredmedia":[{"embeddable":true,"href":"https:\/\/b2c.fairs.vn\/en\/wp-json\/wp\/v2\/media\/8662"}],"wp:attachment":[{"href":"https:\/\/b2c.fairs.vn\/en\/wp-json\/wp\/v2\/media?parent=8400"}],"wp:term":[{"taxonomy":"product_cat","embeddable":true,"href":"https:\/\/b2c.fairs.vn\/en\/wp-json\/wp\/v2\/product_cat?post=8400"},{"taxonomy":"product_tag","embeddable":true,"href":"https:\/\/b2c.fairs.vn\/en\/wp-json\/wp\/v2\/product_tag?post=8400"}],"curies":[{"name":"wp","href":"https:\/\/api.w.org\/{rel}","templated":true}]}}