{"id":8385,"date":"2024-03-25T16:52:04","date_gmt":"2024-03-25T09:52:04","guid":{"rendered":"https:\/\/b2c.fairs.vn\/?post_type=product&#038;p=8385"},"modified":"2024-04-19T14:11:22","modified_gmt":"2024-04-19T07:11:22","slug":"nuoc-mau-duong-a-tuan-khang-150g","status":"publish","type":"product","link":"https:\/\/b2c.fairs.vn\/en\/product\/nuoc-mau-duong-a-tuan-khang-150g\/","title":{"rendered":"N\u01af\u1edaC M\u00c0U \u0110\u01af\u1edcNG A TU\u1ea4N KHANG 150G"},"content":{"rendered":"<ul>\n<li><strong>Xu\u1ea5t x\u1ee9:<\/strong>\u00a0Vi\u1ec7t Nam<\/li>\n<li><strong>H\u1ea1n s\u1eed d\u1ee5ng:<\/strong>\u00a024 Th\u00e1ng<\/li>\n<li><strong>Kh\u1ed1i l\u01b0\u1ee3ng t\u1ecbnh:<\/strong>\u00a0150g<\/li>\n<li><strong>Th\u00e0nh ph\u1ea7n:<\/strong>\u00a0100% m\u1eadt \u0111\u01b0\u1eddng<\/li>\n<li><strong>H\u01b0\u1edbng d\u1eabn b\u1ea3o qu\u1ea3n:<\/strong>\u00a0B\u1ea3o qu\u1ea3n n\u01a1i kh\u00f4 r\u00e1o, tho\u00e1ng m\u00e1t, tr\u00e1nh ti\u1ebfp x\u00fac v\u1edbi \u00e1nh n\u1eafng tr\u1ef1c ti\u1ebfp<\/li>\n<li><strong>D\u00f9ng cho c\u00e1c m\u00f3n:<\/strong>\u00a0Kho th\u1ecbt, kho c\u00e1, \u01b0\u1edbp t\u1ea1o m\u00e0u<\/li>\n<\/ul>","protected":false},"excerpt":{"rendered":"<p>Xu\u1ea5t x\u1ee9:\u00a0Vi\u1ec7t Nam H\u1ea1n s\u1eed d\u1ee5ng:\u00a024 Th\u00e1ng Kh\u1ed1i l\u01b0\u1ee3ng t\u1ecbnh:\u00a0150g Th\u00e0nh ph\u1ea7n:\u00a0100% m\u1eadt \u0111\u01b0\u1eddng H\u01b0\u1edbng d\u1eabn b\u1ea3o qu\u1ea3n:\u00a0B\u1ea3o qu\u1ea3n n\u01a1i<\/p>","protected":false},"featured_media":8386,"comment_status":"open","ping_status":"closed","template":"","meta":{"_acf_changed":false},"product_cat":[318,320,366,367,22],"product_tag":[],"class_list":{"0":"post-8385","1":"product","2":"type-product","3":"status-publish","4":"has-post-thumbnail","6":"product_cat-gia-vi","7":"product_cat-gia-vi-khac","8":"product_cat-hang-cnnt-cap-qg","9":"product_cat-hang-cnnt-cap-qg-2023","10":"product_cat-sanphamthucpham","12":"first","13":"instock","14":"shipping-taxable","15":"purchasable","16":"product-type-simple"},"acf":[],"_links":{"self":[{"href":"https:\/\/b2c.fairs.vn\/en\/wp-json\/wp\/v2\/product\/8385","targetHints":{"allow":["GET"]}}],"collection":[{"href":"https:\/\/b2c.fairs.vn\/en\/wp-json\/wp\/v2\/product"}],"about":[{"href":"https:\/\/b2c.fairs.vn\/en\/wp-json\/wp\/v2\/types\/product"}],"replies":[{"embeddable":true,"href":"https:\/\/b2c.fairs.vn\/en\/wp-json\/wp\/v2\/comments?post=8385"}],"version-history":[{"count":0,"href":"https:\/\/b2c.fairs.vn\/en\/wp-json\/wp\/v2\/product\/8385\/revisions"}],"wp:featuredmedia":[{"embeddable":true,"href":"https:\/\/b2c.fairs.vn\/en\/wp-json\/wp\/v2\/media\/8386"}],"wp:attachment":[{"href":"https:\/\/b2c.fairs.vn\/en\/wp-json\/wp\/v2\/media?parent=8385"}],"wp:term":[{"taxonomy":"product_cat","embeddable":true,"href":"https:\/\/b2c.fairs.vn\/en\/wp-json\/wp\/v2\/product_cat?post=8385"},{"taxonomy":"product_tag","embeddable":true,"href":"https:\/\/b2c.fairs.vn\/en\/wp-json\/wp\/v2\/product_tag?post=8385"}],"curies":[{"name":"wp","href":"https:\/\/api.w.org\/{rel}","templated":true}]}}