{"id":8353,"date":"2024-03-25T16:33:25","date_gmt":"2024-03-25T09:33:25","guid":{"rendered":"https:\/\/b2c.fairs.vn\/?post_type=product&#038;p=8353"},"modified":"2024-04-08T16:56:14","modified_gmt":"2024-04-08T09:56:14","slug":"mat-ong-gung-sa-honeco-250g","status":"publish","type":"product","link":"https:\/\/b2c.fairs.vn\/en\/product\/mat-ong-gung-sa-honeco-250g\/","title":{"rendered":"M\u1eadt Ong G\u1eebng S\u1ea3 HONECO 250g"},"content":{"rendered":"<p class=\"QN2lPu\">M\u1eacT ONG G\u1eeaNG S\u1ea2 HONECO<\/p>\n<p class=\"QN2lPu\">S\u1ef1 k\u1ebft h\u1ee3p tuy\u1ec7t v\u1eddi gi\u1eefa c\u00e1c ch\u1ea5t qu\u00fd t\u1eeb thi\u00ean nhi\u00ean: M\u1eadt ong, g\u1eebng, s\u1ea3 t\u1ea5t c\u1ea3 \u0111\u1ec1u l\u00e0 s\u1ea3n v\u1eadt qu\u00fd c\u1ee7a Vi\u1ec7t Nam \u0111\u01b0\u1ee3c Honeco n\u00e2ng l\u01b0u, ch\u1eaft l\u1ecdc mang v\u1ec1, k\u1ebft h\u1ee3p v\u1edbi c\u00e1c nghi\u00ean c\u1ee9u v\u00e0 b\u00e0i thu\u1ed1c d\u00e2n gian \u0111\u1ec3 cho ra \u0111\u1eddi m\u1ed9t s\u1ea3n ph\u1ea9m ch\u0103m s\u00f3c s\u1ee9c kh\u1ecfe m\u1ed7i khi \u0111\u00f4ng v\u1ec1.<\/p>\n<p class=\"QN2lPu\">&#8212;&#8212;&#8212;&#8212;&#8212;&#8212;&#8212;&#8212;&#8212;&#8212;&#8212;&#8212;&#8212;&#8212;&#8212;&#8212;&#8211;<\/p>\n<p class=\"QN2lPu\">TH\u00c0NH PH\u1ea6N<\/p>\n<p class=\"QN2lPu\">84% m\u1eadt ong hoa t\u1ef1 nhi\u00ean<\/p>\n<p class=\"QN2lPu\">15% c\u1ee7 g\u1eebng t\u01b0\u01a1i<\/p>\n<p class=\"QN2lPu\">1% n\u01b0\u1edbc c\u1ed1t s\u1ea3 t\u01b0\u01a1i.<\/p>\n<p class=\"QN2lPu\">&#8212;&#8212;&#8212;&#8212;&#8212;&#8212;&#8212;&#8212;&#8212;&#8212;&#8212;&#8212;&#8212;&#8212;&#8212;&#8212;&#8211;<\/p>\n<p class=\"QN2lPu\">QUY TR\u00ccNH S\u1ea2N XU\u1ea4T<\/p>\n<p class=\"QN2lPu\">V\u1edbi h\u1ec7 th\u1ed1ng nh\u00e0 x\u01b0\u1edfng \u0111\u1ea1t chu\u1ea9n v\u1ec7 sinh an to\u00e0n th\u1ef1c ph\u1ea9m, M\u1eadt ong g\u1eebng s\u1ea3 \u0111\u01b0\u1ee3c s\u1ea3n xu\u1ea5t tr\u00ean d\u00e2y truy\u1ec1n hi\u1ec7n \u0111\u1ea1i, \u1ee9ng d\u1ee5ng c\u00f4ng ngh\u1ec7 ch\u1ebf bi\u1ebfn ti\u00ean ti\u1ebfn, \u0111\u1ea3m b\u1ea3o th\u00e0nh ph\u1ea7n c\u00e1c ch\u1ea5t qu\u00fd c\u00f3 trong m\u1eadt ong, g\u1eebng, s\u1ea3 \u0111\u01b0\u1ee3c gi\u1eef nguy\u00ean, \u1ed5n \u0111\u1ecbnh v\u1ec1 ch\u1ea5t l\u01b0\u1ee3ng.<\/p>\n<p class=\"QN2lPu\">To\u00e0n b\u1ed9 nguy\u00ean li\u1ec7u l\u00e0 m\u1eadt ong t\u1ef1 nhi\u00ean, g\u1eebng t\u01b0\u01a1i, s\u1ea3 t\u01b0\u01a1i, \u0111\u1ec1u \u0111\u01b0\u1ee3c ki\u1ec3m so\u00e1t ch\u1ea5t l\u01b0\u1ee3ng ch\u1eb7t ch\u1ebd tr\u01b0\u1edbc khi \u0111\u01b0a v\u00e0o s\u1ea3n xu\u1ea5t theo c\u00f4ng th\u1ee9c chu\u1ea9n, tr\u00ean thi\u1ebft b\u1ecb v\u00e0 c\u00f4ng ngh\u1ec7 ch\u1ebf bi\u1ebfn hi\u1ec7n \u0111\u1ea1i.<\/p>\n<p class=\"QN2lPu\">Y\u00eau c\u1ea7u c\u1ee7a s\u1ea3n ph\u1ea9m:<\/p>\n<p class=\"QN2lPu\">+ G\u1eebng c\u00f2n nguy\u00ean mi\u1ebfng, gi\u00f2n nh\u01b0ng \u0111\u00e3 gi\u1ea3m \u0111\u1ed9 cay n\u00f3ng.<\/p>\n<p class=\"QN2lPu\">+ M\u1eadt ong \u0111\u01b0\u1ee3c c\u00f4 \u0111\u1eb7c v\u1edbi n\u01b0\u1edbc c\u1ed1t g\u1eebng t\u01b0\u01a1i, n\u01b0\u1edbc c\u1ed1t s\u1ea3 t\u01b0\u01a1i, quy\u1ec7n bao l\u1ea5y mi\u1ebfng g\u1eebng. \u0110\u1eb7c bi\u1ec7t ph\u1ea3i th\u01a1m m\u00f9i g\u1eebng s\u1ea3 t\u01b0\u01a1i t\u1ef1 nhi\u00ean.<\/p>\n<p class=\"QN2lPu\">+ Mi\u1ebfng g\u1eebng v\u00e0 m\u1eadt ong ph\u1ea3i h\u00f2a quy\u1ec7n \u0111\u1ed3ng nh\u1ea5t t\u1eeb tr\u00ean xu\u1ed1ng d\u01b0\u1edbi kh\u00f4ng b\u1ecb ph\u00e2n t\u00e1ch.<\/p>\n<p class=\"QN2lPu\">Quy tr\u00ecnh s\u1ea3n xu\u1ea5t ch\u1ebf bi\u1ebfn m\u1eadt ong g\u1eebng s\u1ea3 lu\u00f4n \u0111\u1eb7t ra y\u00eau c\u1ea7u ph\u1ea3i gi\u1eef nguy\u00ean \u0111\u01b0\u1ee3c \u0111\u1eb7c t\u00ednh t\u1ed1t v\u1ed1n c\u00f3 c\u1ee7a nguy\u00ean li\u1ec7u ban \u0111\u1ea7u v\u00e0 khi k\u1ebft h\u1ee3p gi\u1eefa c\u00e1c nguy\u00ean li\u1ec7u v\u1edbi nhau ph\u1ea3i t\u0103ng c\u00f4ng d\u1ee5ng cho s\u1ea3n ph\u1ea9m, ti\u1ec7n \u00edch, d\u1ec5 s\u1eed d\u1ee5ng.<\/p>\n<p class=\"QN2lPu\">Qua ch\u1ebf bi\u1ebfn l\u00e0m gi\u1ea3m l\u01b0\u1ee3ng n\u01b0\u1edbc trong m\u1eadt ong v\u00e0 g\u1eebng t\u01b0\u01a1i t\u0103ng n\u1ed3ng \u0111\u1ed9 ch\u1ea5t kh\u00f4, g\u00e2y \u1ee9c ch\u1ebf ho\u1ea1t \u0111\u1ed9ng c\u1ee7a h\u1ec7 vi sinh v\u1eadt trong s\u1ea3n ph\u1ea9m g\u00f3p ph\u1ea7n k\u00e9o d\u00e0i th\u1eddi gian b\u1ea3o qu\u1ea3n s\u1ea3n ph\u1ea9m.<\/p>\n<p class=\"QN2lPu\">&#8212;&#8212;&#8212;&#8212;&#8212;&#8212;&#8212;&#8212;&#8212;&#8212;&#8212;&#8212;&#8212;&#8212;&#8212;&#8212;&#8212;&#8212;&#8212;&#8212;&#8212;-<\/p>\n<p class=\"QN2lPu\">H\u01af\u1edaNG D\u1eaaN S\u1eec D\u1ee4NG<\/p>\n<p class=\"QN2lPu\">&#8211; L\u1ea5y th\u00eca x\u00fac \u0103n tr\u1ef1c ti\u1ebfp ho\u1eb7c ng\u1eadm khi b\u1ecb ho, say t\u00e0u xe.<\/p>\n<p class=\"QN2lPu\">&#8211; L\u1ea5y 2-3 th\u00eca (20g-25g) pha v\u1edbi 150ml n\u01b0\u1edbc \u1ea5m u\u1ed1ng v\u00e0o bu\u1ed5i s\u00e1ng tr\u01b0\u1edbc khi \u0103n, khi b\u1ecb c\u1ea3m l\u1ea1nh ho\u1eb7c khi t\u1ee5t huy\u1ebft \u00e1p.<\/p>\n<p class=\"QN2lPu\">&#8212;&#8212;&#8212;&#8212;&#8212;&#8212;&#8212;&#8212;&#8212;&#8212;&#8212;&#8212;&#8212;&#8212;&#8212;&#8212;&#8212;&#8212;&#8212;&#8212;&#8212;<\/p>\n<p class=\"QN2lPu\">B\u1ea2O QU\u1ea2N: \u0110\u1eady k\u00edn, \u0111\u1ec3 \u1edf n\u01a1i tho\u00e1ng m\u00e1t, tr\u00e1nh \u00e1nh n\u1eafng tr\u1ef1c ti\u1ebfp.<\/p>\n<p class=\"QN2lPu\">L\u01afU \u00dd:<\/p>\n<p class=\"QN2lPu\">&#8211; Kh\u00f4ng d\u00f9ng s\u1ea3n ph\u1ea9m khi h\u1ebft h\u1ea1n s\u1eed d\u1ee5ng v\u00e0 c\u00f3 m\u00f9i v\u1ecb l\u1ea1.<\/p>\n<p class=\"QN2lPu\">&#8212;&#8212;&#8212;&#8212;&#8212;&#8212;&#8212;&#8212;&#8212;&#8212;&#8212;&#8212;&#8212;&#8212;&#8212;&#8212;&#8212;&#8212;&#8212;&#8212;&#8212;<\/p>\n<p class=\"QN2lPu\">S\u1ea3n xu\u1ea5t t\u1ea1i: C\u00f4ng ty c\u1ed5 Ph\u1ea7n Ong Tam \u0110\u1ea3o<\/p>\n<p class=\"QN2lPu\">Xu\u1ea5t x\u1ee9: Vi\u1ec7t Nam<\/p>\n<p class=\"QN2lPu\">H\u1ea1n s\u1eed d\u1ee5ng: 36 th\u00e1ng<\/p>","protected":false},"excerpt":{"rendered":"<p>M\u1eacT ONG G\u1eeaNG S\u1ea2 HONECO S\u1ef1 k\u1ebft h\u1ee3p tuy\u1ec7t v\u1eddi gi\u1eefa c\u00e1c ch\u1ea5t qu\u00fd t\u1eeb thi\u00ean nhi\u00ean: M\u1eadt ong, g\u1eebng,<\/p>","protected":false},"featured_media":8381,"comment_status":"open","ping_status":"closed","template":"","meta":{"_acf_changed":false},"product_cat":[312,366,367,22,310],"product_tag":[],"class_list":{"0":"post-8353","1":"product","2":"type-product","3":"status-publish","4":"has-post-thumbnail","6":"product_cat-mat-ong-mat-khac-va-nong-san-thuc-pham-khac","7":"product_cat-hang-cnnt-cap-qg","8":"product_cat-hang-cnnt-cap-qg-2023","9":"product_cat-sanphamthucpham","10":"product_cat-thuc-pham-tho-so-che","12":"first","13":"instock","14":"shipping-taxable","15":"purchasable","16":"product-type-simple"},"acf":[],"_links":{"self":[{"href":"https:\/\/b2c.fairs.vn\/en\/wp-json\/wp\/v2\/product\/8353","targetHints":{"allow":["GET"]}}],"collection":[{"href":"https:\/\/b2c.fairs.vn\/en\/wp-json\/wp\/v2\/product"}],"about":[{"href":"https:\/\/b2c.fairs.vn\/en\/wp-json\/wp\/v2\/types\/product"}],"replies":[{"embeddable":true,"href":"https:\/\/b2c.fairs.vn\/en\/wp-json\/wp\/v2\/comments?post=8353"}],"version-history":[{"count":0,"href":"https:\/\/b2c.fairs.vn\/en\/wp-json\/wp\/v2\/product\/8353\/revisions"}],"wp:featuredmedia":[{"embeddable":true,"href":"https:\/\/b2c.fairs.vn\/en\/wp-json\/wp\/v2\/media\/8381"}],"wp:attachment":[{"href":"https:\/\/b2c.fairs.vn\/en\/wp-json\/wp\/v2\/media?parent=8353"}],"wp:term":[{"taxonomy":"product_cat","embeddable":true,"href":"https:\/\/b2c.fairs.vn\/en\/wp-json\/wp\/v2\/product_cat?post=8353"},{"taxonomy":"product_tag","embeddable":true,"href":"https:\/\/b2c.fairs.vn\/en\/wp-json\/wp\/v2\/product_tag?post=8353"}],"curies":[{"name":"wp","href":"https:\/\/api.w.org\/{rel}","templated":true}]}}