{"id":8324,"date":"2024-03-25T16:17:09","date_gmt":"2024-03-25T09:17:09","guid":{"rendered":"https:\/\/b2c.fairs.vn\/?post_type=product&#038;p=8324"},"modified":"2024-04-08T16:56:40","modified_gmt":"2024-04-08T09:56:40","slug":"mat-ong-quat-gung-sa-500g","status":"publish","type":"product","link":"https:\/\/b2c.fairs.vn\/en\/product\/mat-ong-quat-gung-sa-500g\/","title":{"rendered":"M\u1eadt ong Qu\u1ea5t g\u1eebng s\u1ea3 500g"},"content":{"rendered":"<p><strong>M\u1eacT ONG QU\u1ea4T G\u1eeaNG S\u1ea2<\/strong><br \/>\n<strong>HU\u01a0NG V\u1eca \u0110\u1ed8C \u0110\u00c1O T\u1eea THI\u00caN NHI\u00caN<\/strong><\/p>\n<p>M\u1eadt ong qu\u1ea5t g\u1eebng s\u1ea3 t\u1eeb b\u00e0i thu\u1ed1c y h\u1ecdc c\u1ed5 truy\u1ec1n c\u00f3 v\u1ecb chua chua ng\u1ecdt ng\u1ecdt c\u1ee7a qu\u1ea5t, th\u01a1m c\u1ee7a g\u1eebng, s\u1ea3 h\u00f2a quy\u1ec7n v\u1edbi m\u1eadt ong t\u1ef1 nhi\u00ean ng\u1ecdt thanh, t\u1ea1o n\u00ean m\u1ed9t th\u1ee9 \u0111\u1ed3 u\u1ed1ng \u1ea5m n\u00f3ng v\u00e0o m\u00f9a \u0111\u00f4ng, m\u00e1t v\u00e0o m\u00f9a h\u00e8, ph\u00f9 h\u1ee3p v\u1edbi m\u1ecdi \u0111\u1ed1i t\u01b0\u1ee3ng.<\/p>\n<p><img fetchpriority=\"high\" decoding=\"async\" src=\"https:\/\/cdn1792.cdn4s4.io.vn\/media\/san-pham\/mat-ong-quat-gung-sa\/mat-ong-quat-gung-sa-honeco-500g.jpg\" alt=\"M\u1eadt ong qu\u1ea5t g\u1eebng s\u1ea3\" width=\"700\" height=\"700\" \/><\/p>\n<p><strong>T\u00ednh ti\u1ec7n d\u1ee5ng<\/strong><br \/>\n\u2022 \u00a0 \u00a0Stick nh\u1ecf g\u1ecdn, d\u1ec5 d\u00e0ng khi mang \u0111i du l\u1ecbch, c\u00f4ng t\u00e1c, \u0111\u1ebfn v\u0103n ph\u00f2ng,\u2026<br \/>\n\u2022 \u00a0 \u00a0Ti\u1ec7n d\u1ee5ng cho d\u00f9ng 1 l\u1ea7n, \u0111\u00fang c\u00f4ng th\u1ee9c c\u1ee7a nh\u00e0 s\u1ea3n xu\u1ea5t.<br \/>\n\u2022 \u00a0 \u00a0T\u00fai \u0111\u1ef1ng m\u00e0ng nh\u00f4m nh\u1eadp kh\u1ea9u t\u1eeb Nh\u1eadt B\u1ea3n \u0111\u1ea3m b\u1ea3o v\u1ec7 sinh an to\u00e0n th\u1ef1c ph\u1ea9m.<br \/>\n\u2022 \u00a0 \u00a0T\u00fai m\u00e0ng nh\u00f4m c\u00f3 kh\u1ea3 n\u0103ng ng\u0103n \u00e1nh n\u1eafng m\u1eb7t tr\u1eddi ch\u1ed1ng th\u1ea9m th\u1ea5u hi\u1ec7u qu\u1ea3, ng\u0103n m\u00f9i \u0111\u1ea3m b\u1ea3o gi\u1eef nguy\u00ean \u0111\u01b0\u1ee3c ch\u1ea5t l\u01b0\u1ee3ng.<\/p>\n<p><strong>Th\u00e0nh ph\u1ea7n<\/strong><br \/>\n\u2022 \u00a0 \u00a090% m\u1eadt ong hoa r\u1eebng t\u1ef1 nhi\u00ean<br \/>\n\u2022 \u00a0 \u00a09% d\u1ecbch c\u1ed1t qu\u1ea5t t\u01b0\u01a1i<br \/>\n\u2022 \u00a0 \u00a01% n\u01b0\u1edbc c\u1ed1t g\u1eebng v\u00e0 s\u1ea3 t\u01b0\u01a1i.<\/p>\n<p><strong>Ki\u1ec3m so\u00e1t ngu\u1ed3n nguy\u00ean li\u1ec7u \u0111\u1ea7u v\u00e0o:<\/strong><br \/>\nHONECO hi\u1ec3u r\u1eb1ng \u201cch\u1ea5t l\u01b0\u1ee3ng s\u1ea3n ph\u1ea9m l\u00e0 sinh m\u1ec7nh c\u1ee7a c\u00f4ng ty\u201d, ngu\u1ed3n nguy\u00ean li\u1ec7u s\u1ea3n ph\u1ea9m \u0111\u01b0\u1ee3c tuy\u1ec3n ch\u1ecdn kh\u1eaft khe, ngu\u1ed3n g\u1ed1c r\u00f5 r\u00e0ng, s\u1ea3n ph\u1ea9m c\u00f3 ngu\u1ed3n g\u1ed1c 100% t\u1eeb t\u1ef1 nhi\u00ean, n\u00f3i kh\u00f4ng v\u1edbi thu\u1ed1c kh\u00e1ng sinh, thu\u1ed1c b\u1ea3o v\u1ec7 th\u1ef1c v\u1eadt, ph\u1ea9m m\u00e0u v\u00e0 ch\u1ea5t ph\u1ee5 gia.<br \/>\n\u2022 \u00a0 \u00a0M\u1eadt ong t\u1ef1 nhi\u00ean \u0111\u01b0\u1ee3c khai th\u00e1c t\u1eeb ngu\u1ed3n m\u1eadt \u0111a hoa v\u00f9ng r\u1eebng Tuy\u00ean Quang, Y\u00ean B\u00e1i, S\u01a1n La, \u0110i\u1ec7n Bi\u00ean\u2026<br \/>\n\u2022 \u00a0 \u00a0Tr\u00e1i qu\u1ea5t \u0111\u01b0\u1ee3c khai th\u00e1c t\u1eeb ngu\u1ed3n v\u01b0\u1eddn tr\u1ed3ng c\u00f3 quy ho\u1ea1ch c\u1ee7a nh\u00e0 m\u00e1y \u0111\u01b0\u1ee3c chi\u1ebft d\u1ecbch tr\u00ean c\u00f4ng ngh\u1ec7 hi\u1ec7n \u0111\u1ea1i, c\u00f4 \u0111\u1eb7c v\u00e0 b\u1ea3o qu\u1ea3n trong kho l\u1ea1nh.<br \/>\n\u2022 \u00a0 \u00a0C\u1ee7 g\u1eebng t\u01b0\u01a1i, s\u1ea3 t\u01b0\u01a1i \u0111\u01b0\u1ee3c khai th\u00e1c \u0111\u00fang v\u1ee5, c\u00f3 ngu\u1ed3n g\u1ed1c r\u00f5 r\u00e0ng, \u0111\u1ea1t y\u00eau c\u1ea7u v\u1ec1 c\u1ea3m quan, l\u00fd h\u00f3a v\u00e0 an to\u00e0n th\u1ef1c ph\u1ea9m.<br \/>\n\u2022 \u00a0 \u00a0To\u00e0n b\u1ed9 d\u1ecbch qu\u1ea5t, d\u1ecbch g\u1eebng v\u00e0 d\u1ecbch s\u1ea3 \u0111\u01b0\u1ee3c c\u00f4 \u0111\u1eb7c v\u00e0 ph\u1ed1i tr\u1ed9n v\u1edbi m\u1eadt ong t\u1ef1 nhi\u00ean theo c\u00f4ng th\u1ee9c.<\/p>\n<p><strong>Quy tr\u00ecnh s\u1ea3n xu\u1ea5t<\/strong><br \/>\nV\u1edbi h\u1ec7 th\u1ed1ng nh\u00e0 x\u01b0\u1edfng \u0111\u1ea1t chu\u1ea9n v\u1ec7 sinh an to\u00e0n th\u1ef1c ph\u1ea9m, M\u1eadt ong qu\u1ea5t g\u1eebng s\u1ea3 \u0111\u01b0\u1ee3c s\u1ea3n xu\u1ea5t tr\u00ean d\u00e2y truy\u1ec1n kh\u00e9p k\u00edn, \u1ee9ng d\u1ee5ng c\u00f4ng ngh\u1ec7 ch\u1ebf bi\u1ebfn v\u00e0 thi\u1ebft b\u1ecb hi\u1ec7n \u0111\u1ea1i, \u0111\u1ea3m b\u1ea3o c\u00e1c th\u00e0nh ph\u1ea7n ch\u1ea5t qu\u00fd c\u00f3 trong m\u1eadt ong, qu\u1ea5t, g\u1eebng, s\u1ea3 \u0111\u01b0\u1ee3c gi\u1eef nguy\u00ean, \u1ed5n \u0111\u1ecbnh v\u1ec1 ch\u1ea5t l\u01b0\u1ee3ng.<br \/>\nTo\u00e0n b\u1ed9 nguy\u00ean li\u1ec7u d\u1ecbch c\u1ed1t qu\u1ea5t, n\u01b0\u1edbc g\u1eebng, n\u01b0\u1edbc s\u1ea3, m\u1eadt ong t\u1ef1 nhi\u00ean \u0111\u1ec1u \u0111\u01b0\u1ee3c ki\u1ec3m so\u00e1t ch\u1ea5t l\u01b0\u1ee3ng ch\u1eb7t ch\u1ebd tr\u01b0\u1edbc khi \u0111\u01b0a v\u00e0o s\u1ea3n xu\u1ea5t theo c\u00f4ng th\u1ee9c ph\u1ed1i tr\u1ed9n chu\u1ea9n, tr\u00ean thi\u1ebft b\u1ecb v\u00e0 c\u00f4ng ngh\u1ec7 ch\u1ebf bi\u1ebfn hi\u1ec7n \u0111\u1ea1i, \u0111\u1ea3m b\u1ea3o s\u1ef1 \u0111\u1ed3ng nh\u1ea5t gi\u1eefa c\u00e1c nguy\u00ean li\u1ec7u, kh\u00f4ng l\u00e0m m\u1ea5t \u0111i \u0111\u1eb7c t\u00ednh v\u1ed1n c\u00f3 c\u1ee7a nguy\u00ean li\u1ec7u ban \u0111\u1ea7u.<br \/>\nH\u1ec7 th\u1ed1ng ch\u1ebf bi\u1ebfn l\u00e0m gi\u1ea3m h\u00e0m l\u01b0\u1ee3ng n\u01b0\u1edbc v\u00e0 t\u0103ng n\u1ed3ng \u0111\u1ed9 ch\u1ea5t kh\u00f4 trong s\u1ea3n ph\u1ea9m, g\u00e2y \u1ee9c ch\u1ebf ho\u1ea1t \u0111\u1ed9ng c\u1ee7a h\u1ec7 vi sinh v\u1eadt trong s\u1ea3n ph\u1ea9m g\u00f3p ph\u1ea7n k\u00e9o d\u00e0i th\u1eddi gian b\u1ea3o qu\u1ea3n s\u1ea3n ph\u1ea9m.<\/p>\n<p><strong>H\u01b0\u1edbng d\u1eabn s\u1eed d\u1ee5ng<\/strong><br \/>\n\u2022 \u00a0 \u00a0Pha l\u01b0\u1ee3ng M\u1eadt ong qu\u1ea5t g\u1eebng s\u1ea3 trong g\u00f3i v\u1edbi 120ml v\u1edbi n\u01b0\u1edbc \u1ea5m 35\u00b0C \u2013 40\u00b0C \u00a0khu\u1ea5y \u0111\u1ec1u v\u00e0 t\u01b0\u1edfng th\u1ee9c, c\u00f3 th\u1ec3 tu\u1ef3 ch\u1ec9nh l\u01b0\u1ee3ng n\u01b0\u1edbc theo s\u1edf th\u00edch.<br \/>\n\u2022 \u00a0 \u00a0\u0102n tr\u1ef1c ti\u1ebfp, ph\u1ebft l\u00ean b\u00e1nh m\u00ec ho\u1eb7c ch\u1ebf bi\u1ebfn m\u1ed9t s\u1ed1 th\u1ee9c u\u1ed1ng theo s\u1edf th\u00edch.<\/p>\n<p><strong>B\u1ea3o qu\u1ea3n<\/strong><br \/>\n\u2022 \u00a0 \u00a0\u0110\u1eady k\u00edn, \u0111\u1ec3 \u1edf n\u01a1i tho\u00e1ng m\u00e1t, tr\u00e1nh \u00e1nh n\u1eafng tr\u1ef1c ti\u1ebfp.<\/p>\n<p><strong><em>M\u1eadt ong qu\u1ea5t g\u1eebng s\u1ea3 l\u00e0 s\u1ea3n v\u1eadt \u0111\u1eb7c tr\u01b0ng c\u1ee7a Vi\u1ec7t Nam n\u00f3i chung v\u00e0 c\u1ee7a HONECO n\u00f3i ri\u00eang, \u0111\u1eb7c bi\u1ec7t th\u01a1m ngon, b\u1ed5 d\u01b0\u1ee1ng mang \u0111\u1eadm ch\u1ea5t c\u1ee7a s\u1ea3n v\u1eadt v\u00f9ng nhi\u1ec7t \u0111\u1edbi, m\u00f3n qu\u00e0 qu\u00fd \u0111\u1ec3 gi\u1edbi thi\u1ec7u cho b\u1ea1n b\u00e8 n\u0103m ch\u00e2u.<\/em><\/strong><\/p>","protected":false},"excerpt":{"rendered":"<p>M\u1eacT ONG QU\u1ea4T G\u1eeaNG S\u1ea2 HU\u01a0NG V\u1eca \u0110\u1ed8C \u0110\u00c1O T\u1eea THI\u00caN NHI\u00caN M\u1eadt ong qu\u1ea5t g\u1eebng s\u1ea3 t\u1eeb b\u00e0i thu\u1ed1c<\/p>","protected":false},"featured_media":8340,"comment_status":"open","ping_status":"closed","template":"","meta":{"_acf_changed":false},"product_cat":[312,366,367,22,310],"product_tag":[],"class_list":{"0":"post-8324","1":"product","2":"type-product","3":"status-publish","4":"has-post-thumbnail","6":"product_cat-mat-ong-mat-khac-va-nong-san-thuc-pham-khac","7":"product_cat-hang-cnnt-cap-qg","8":"product_cat-hang-cnnt-cap-qg-2023","9":"product_cat-sanphamthucpham","10":"product_cat-thuc-pham-tho-so-che","12":"first","13":"instock","14":"shipping-taxable","15":"purchasable","16":"product-type-simple"},"acf":[],"_links":{"self":[{"href":"https:\/\/b2c.fairs.vn\/en\/wp-json\/wp\/v2\/product\/8324","targetHints":{"allow":["GET"]}}],"collection":[{"href":"https:\/\/b2c.fairs.vn\/en\/wp-json\/wp\/v2\/product"}],"about":[{"href":"https:\/\/b2c.fairs.vn\/en\/wp-json\/wp\/v2\/types\/product"}],"replies":[{"embeddable":true,"href":"https:\/\/b2c.fairs.vn\/en\/wp-json\/wp\/v2\/comments?post=8324"}],"version-history":[{"count":0,"href":"https:\/\/b2c.fairs.vn\/en\/wp-json\/wp\/v2\/product\/8324\/revisions"}],"wp:featuredmedia":[{"embeddable":true,"href":"https:\/\/b2c.fairs.vn\/en\/wp-json\/wp\/v2\/media\/8340"}],"wp:attachment":[{"href":"https:\/\/b2c.fairs.vn\/en\/wp-json\/wp\/v2\/media?parent=8324"}],"wp:term":[{"taxonomy":"product_cat","embeddable":true,"href":"https:\/\/b2c.fairs.vn\/en\/wp-json\/wp\/v2\/product_cat?post=8324"},{"taxonomy":"product_tag","embeddable":true,"href":"https:\/\/b2c.fairs.vn\/en\/wp-json\/wp\/v2\/product_tag?post=8324"}],"curies":[{"name":"wp","href":"https:\/\/api.w.org\/{rel}","templated":true}]}}