{"id":8302,"date":"2024-03-25T15:56:30","date_gmt":"2024-03-25T08:56:30","guid":{"rendered":"https:\/\/b2c.fairs.vn\/?post_type=product&#038;p=8302"},"modified":"2024-04-02T14:57:31","modified_gmt":"2024-04-02T07:57:31","slug":"thach-dua-thanh-pham-tui-500gr","status":"publish","type":"product","link":"https:\/\/b2c.fairs.vn\/en\/product\/thach-dua-thanh-pham-tui-500gr\/","title":{"rendered":"Th\u1ea1ch d\u1eeba th\u00e0nh ph\u1ea9m t\u00fai 500gr"},"content":{"rendered":"<p><strong>Xu\u1ea5t x\u1ee9<\/strong>: Vi\u1ec7t Nam.<\/p>\n<p><strong>H\u01b0\u01a1ng v\u1ecb<\/strong>: V\u1ea3i.<\/p>\n<p><strong>Kh\u1ed1i l\u01b0\u1ee3ng<\/strong>: 0.5kg\/t\u00fai.<\/p>\n<p><strong>H\u1ea1n s\u1eed d\u1ee5ng<\/strong>: 1 n\u0103m.<\/p>\n<p><strong>H\u01b0\u1edbng d\u1eabn s\u1eed d\u1ee5ng<\/strong>: \u0103n li\u1ec1n ho\u1eb7c l\u00e0m topping cho c\u00e1c m\u00f3n kh\u00e1c nh\u01b0: s\u00e2m b\u1ed5 l\u01b0\u1ee3ng, tr\u00e0 s\u1eefa, ch\u00e8 Th\u00e1i\u2026<\/p>","protected":false},"excerpt":{"rendered":"<p>Xu\u1ea5t x\u1ee9: Vi\u1ec7t Nam. H\u01b0\u01a1ng v\u1ecb: V\u1ea3i. Kh\u1ed1i l\u01b0\u1ee3ng: 0.5kg\/t\u00fai. H\u1ea1n s\u1eed d\u1ee5ng: 1 n\u0103m. H\u01b0\u1edbng d\u1eabn s\u1eed d\u1ee5ng: \u0103n<\/p>","protected":false},"featured_media":8305,"comment_status":"open","ping_status":"closed","template":"","meta":{"_acf_changed":false},"product_cat":[366,447,367,22],"product_tag":[],"class_list":{"0":"post-8302","1":"product","2":"type-product","3":"status-publish","4":"has-post-thumbnail","6":"product_cat-hang-cnnt-cap-qg","7":"product_cat-san-pham-cnnt-tb-cap-qg-2017","8":"product_cat-hang-cnnt-cap-qg-2023","9":"product_cat-sanphamthucpham","11":"first","12":"instock","13":"shipping-taxable","14":"product-type-simple"},"acf":[],"_links":{"self":[{"href":"https:\/\/b2c.fairs.vn\/en\/wp-json\/wp\/v2\/product\/8302","targetHints":{"allow":["GET"]}}],"collection":[{"href":"https:\/\/b2c.fairs.vn\/en\/wp-json\/wp\/v2\/product"}],"about":[{"href":"https:\/\/b2c.fairs.vn\/en\/wp-json\/wp\/v2\/types\/product"}],"replies":[{"embeddable":true,"href":"https:\/\/b2c.fairs.vn\/en\/wp-json\/wp\/v2\/comments?post=8302"}],"version-history":[{"count":0,"href":"https:\/\/b2c.fairs.vn\/en\/wp-json\/wp\/v2\/product\/8302\/revisions"}],"wp:featuredmedia":[{"embeddable":true,"href":"https:\/\/b2c.fairs.vn\/en\/wp-json\/wp\/v2\/media\/8305"}],"wp:attachment":[{"href":"https:\/\/b2c.fairs.vn\/en\/wp-json\/wp\/v2\/media?parent=8302"}],"wp:term":[{"taxonomy":"product_cat","embeddable":true,"href":"https:\/\/b2c.fairs.vn\/en\/wp-json\/wp\/v2\/product_cat?post=8302"},{"taxonomy":"product_tag","embeddable":true,"href":"https:\/\/b2c.fairs.vn\/en\/wp-json\/wp\/v2\/product_tag?post=8302"}],"curies":[{"name":"wp","href":"https:\/\/api.w.org\/{rel}","templated":true}]}}