{"id":8265,"date":"2024-03-25T15:30:31","date_gmt":"2024-03-25T08:30:31","guid":{"rendered":"https:\/\/b2c.fairs.vn\/?post_type=product&#038;p=8265"},"modified":"2024-04-08T16:56:54","modified_gmt":"2024-04-08T09:56:54","slug":"mat-ong-quat-tam-dao-500g","status":"publish","type":"product","link":"https:\/\/b2c.fairs.vn\/en\/product\/mat-ong-quat-tam-dao-500g\/","title":{"rendered":"M\u1eadt ong Qu\u1ea5t Tam \u0110\u1ea3o 500g"},"content":{"rendered":"<p><strong>M\u1eacT ONG QU\u1ea4T TAM \u0110\u1ea2O<\/strong><br \/>\n<strong>V\u1eeeNG V\u00c0NG \u0110\u01af\u1edcNG H\u00d4 H\u1ea4P<\/strong><\/p>\n<p>M\u1eadt ong qu\u1ea5t Tam \u0110\u1ea3o l\u00e0 s\u1ea3n ph\u1ea9m cao c\u1ea5p \u0111\u01b0\u1ee3c ch\u1ebf bi\u1ebfn tr\u00ean c\u00f4ng ngh\u1ec7 hi\u1ec7n \u0111\u1ea1i, c\u00f4 \u0111\u1eb7c t\u1eeb m\u1eadt ong hoa r\u1eebng t\u1ef1 nhi\u00ean v\u00e0 d\u1ecbch c\u1ed1t qu\u1ea5t t\u01b0\u01a1i. S\u1ea3n ph\u1ea9m v\u1eabn gi\u1eef nguy\u00ean \u0111\u01b0\u1ee3c \u0111\u1eb7c t\u00ednh t\u1ed1t v\u1ed1n c\u00f3 c\u1ee7a m\u1eadt ong v\u00e0 qu\u1ea5t t\u01b0\u01a1i, gi\u00fap \u00a0cung c\u1ea5p n\u0103ng l\u01b0\u1ee3ng cho c\u01a1 th\u1ec3. S\u1ea3n ph\u1ea9m \u0111\u01b0\u1ee3c Honeco ki\u1ec3m so\u00e1t ch\u1ea5t l\u01b0\u1ee3ng v\u00e0 \u0111\u1ea3m b\u1ea3o v\u1ec7 sinh an to\u00e0n th\u1ef1c ph\u1ea9m theo ti\u00eau chu\u1ea9n qu\u1ed1c t\u1ebf FSSC 22000.<\/p>\n<p><strong>Th\u00e0nh ph\u1ea7n<\/strong><br \/>\n\u2022 \u00a0 \u00a090% m\u1eadt ong hoa r\u1eebng t\u1ef1 nhi\u00ean<br \/>\n\u2022 \u00a0 \u00a010% d\u1ecbch c\u1ed1t qu\u1ea5t t\u01b0\u01a1i<\/p>\n<p><strong>Ngu\u1ed3n nguy\u00ean li\u1ec7u<\/strong><br \/>\nHoneco hi\u1ec3u r\u1eb1ng \u201cch\u1ea5t l\u01b0\u1ee3ng s\u1ea3n ph\u1ea9m l\u00e0 sinh m\u1ec7nh c\u1ee7a c\u00f4ng ty\u201d ngu\u1ed3n nguy\u00ean li\u1ec7u s\u1ea3n ph\u1ea9m \u0111\u01b0\u1ee3c tuy\u1ec3n ch\u1ecdn kh\u1eaft khe, ngu\u1ed3n g\u1ed1c r\u00f5 r\u00e0ng, s\u1ea3n ph\u1ea9m c\u00f3 ngu\u1ed3n g\u1ed1c 100% t\u1eeb t\u1ef1 nhi\u00ean, n\u00f3i kh\u00f4ng v\u1edbi ch\u1ea5t b\u1ea3o qu\u1ea3n, thu\u1ed1c kh\u00e1ng sinh, thu\u1ed1c b\u1ea3o v\u1ec7 th\u1ef1c v\u1eadt, ph\u1ea9m m\u00e0u v\u00e0 ch\u1ea5t ph\u1ee5 gia.<br \/>\n\u2022 \u00a0 \u00a0M\u1eadt ong t\u1ef1 nhi\u00ean \u0111\u01b0\u1ee3c khai th\u00e1c t\u1eeb ngu\u1ed3n m\u1eadt \u0111a hoa v\u00f9ng n\u00fai r\u1eebng Tam \u0110\u1ea3o\u2026<br \/>\n\u2022 \u00a0 \u00a0Tr\u00e1i qu\u1ea5t \u0111\u01b0\u1ee3c khai th\u00e1c t\u1eeb ngu\u1ed3n v\u01b0\u1eddn tr\u1ed3ng c\u00f3 quy ho\u1ea1ch c\u1ee7a nh\u00e0 m\u00e1y \u0111\u01b0\u1ee3c chi\u1ebft d\u1ecbch tr\u00ean c\u00f4ng ngh\u1ec7 hi\u1ec7n \u0111\u1ea1i.<\/p>\n<p><strong>Quy tr\u00ecnh s\u1ea3n xu\u1ea5t<\/strong><br \/>\nV\u1edbi h\u1ec7 th\u1ed1ng nh\u00e0 x\u01b0\u1edfng \u0111\u1ea1t chu\u1ea9n v\u1ec7 sinh an to\u00e0n th\u1ef1c ph\u1ea9m, M\u1eadt ong qu\u1ea5t Tam \u0110\u1ea3o \u0111\u01b0\u1ee3c s\u1ea3n xu\u1ea5t tr\u00ean d\u00e2y chuy\u1ec1n kh\u00e9p k\u00edn, \u1ee9ng d\u1ee5ng c\u00f4ng ngh\u1ec7 ch\u1ebf bi\u1ebfn v\u00e0 thi\u1ebft b\u1ecb hi\u1ec7n \u0111\u1ea1i, \u0111\u1ea3m b\u1ea3o th\u00e0nh ph\u1ea7n c\u00e1c ch\u1ea5t qu\u00fd c\u00f3 trong m\u1eadt ong v\u00e0 qu\u1ea5t t\u01b0\u01a1i \u0111\u01b0\u1ee3c gi\u1eef nguy\u00ean, \u1ed5n \u0111\u1ecbnh v\u1ec1 ch\u1ea5t l\u01b0\u1ee3ng.<br \/>\nM\u1eadt ong t\u1ef1 nhi\u00ean v\u00e0 d\u1ecbch c\u1ed1t qu\u1ea5t t\u01b0\u01a1i \u0111\u1ec1u \u0111\u01b0\u1ee3c ki\u1ec3m so\u00e1t ch\u1ea5t l\u01b0\u1ee3ng ch\u1eb7t ch\u1ebd tr\u01b0\u1edbc khi \u0111\u01b0a v\u00e0o s\u1ea3n xu\u1ea5t theo c\u00f4ng th\u1ee9c ph\u1ed1i tr\u1ed9n chu\u1ea9n, tr\u00ean thi\u1ebft b\u1ecb v\u00e0 c\u00f4ng ngh\u1ec7 ch\u1ebf bi\u1ebfn hi\u1ec7n \u0111\u1ea1i, \u0111\u1ea3m b\u1ea3o s\u1ef1 \u0111\u1ed3ng nh\u1ea5t gi\u1eefa c\u00e1c nguy\u00ean li\u1ec7u, kh\u00f4ng l\u00e0m m\u1ea5t \u0111i \u0111\u1eb7c t\u00ednh t\u1ed1t v\u1ed1n c\u00f3 c\u1ee7a nguy\u00ean li\u1ec7u ban \u0111\u1ea7u, t\u0103ng gi\u00e1 tr\u1ecb v\u00e0 \u0111\u1eb7c t\u00ednh c\u1ee7a s\u1ea3n ph\u1ea9m.<br \/>\nC\u00f4ng ngh\u1ec7 ch\u1ebf bi\u1ebfn l\u00e0m gi\u1ea3m h\u00e0m l\u01b0\u1ee3ng n\u01b0\u1edbc v\u00e0 t\u0103ng n\u1ed3ng \u0111\u1ed9 ch\u1ea5t kh\u00f4 trong s\u1ea3n ph\u1ea9m, g\u00e2y \u1ee9c ch\u1ebf ho\u1ea1t \u0111\u1ed9ng c\u1ee7a h\u1ec7 vi sinh v\u1eadt trong s\u1ea3n ph\u1ea9m g\u00f3p ph\u1ea7n k\u00e9o d\u00e0i th\u1eddi gian b\u1ea3o qu\u1ea3n s\u1ea3n ph\u1ea9m.<\/p>\n<p><strong>H\u01b0\u1edbng d\u1eabn s\u1eed d\u1ee5ng<\/strong><br \/>\n\u2022 \u00a0 \u00a0M\u1ed7i l\u1ea7n l\u1ea5y 2-3 th\u00eca (20g-25g) pha v\u1edbi 180ml n\u01b0\u1edbc \u1ea5m u\u1ed1ng v\u00e0o bu\u1ed5i s\u00e1ng tr\u01b0\u1edbc khi \u0103n, bu\u1ed5i t\u1ed1i tr\u01b0\u1edbc khi \u0111i ng\u1ee7.<\/p>\n<p><strong>B\u1ea3o qu\u1ea3n<\/strong><br \/>\n\u2022 \u00a0 \u00a0\u0110\u1eady k\u00edn, \u0111\u1ec3 \u1edf n\u01a1i tho\u00e1ng m\u00e1t, tr\u00e1nh \u00e1nh n\u1eafng tr\u1ef1c ti\u1ebfp.<\/p>\n<p><strong>L\u01b0u \u00fd khi s\u1eed d\u1ee5ng<\/strong><br \/>\n\u2022 \u00a0 \u00a0Kh\u00f4ng d\u00f9ng s\u1ea3n ph\u1ea9m khi c\u00f3 m\u00f9i v\u1ecb l\u1ea1 ho\u1eb7c h\u1ebft h\u1ea1n s\u1eed d\u1ee5ng.<\/p>\n<p>M\u1eadt ong qu\u1ea5t Tam \u0110\u1ea3o s\u1ebd l\u00e0 m\u00f3n qu\u00e0 tinh t\u00fay do thi\u00ean nhi\u00ean ban t\u1eb7ng, th\u1ee9c u\u1ed1ng b\u1ed5 d\u01b0\u1ee1ng cho m\u1ecdi th\u00e0nh vi\u00ean trong gia \u0111\u00ecnh m\u1ed7i s\u00e1ng th\u1ee9c d\u1eady. S\u1ea3n ph\u1ea9m \u0111\u01b0\u1ee3c ch\u1ee9ng nh\u1eadn OCOP 4 sao<\/p>","protected":false},"excerpt":{"rendered":"<p>M\u1eacT ONG QU\u1ea4T TAM \u0110\u1ea2O V\u1eeeNG V\u00c0NG \u0110\u01af\u1edcNG H\u00d4 H\u1ea4P M\u1eadt ong qu\u1ea5t Tam \u0110\u1ea3o l\u00e0 s\u1ea3n ph\u1ea9m cao c\u1ea5p<\/p>","protected":false},"featured_media":8283,"comment_status":"open","ping_status":"closed","template":"","meta":{"_acf_changed":false},"product_cat":[312,366,367,22,310],"product_tag":[],"class_list":{"0":"post-8265","1":"product","2":"type-product","3":"status-publish","4":"has-post-thumbnail","6":"product_cat-mat-ong-mat-khac-va-nong-san-thuc-pham-khac","7":"product_cat-hang-cnnt-cap-qg","8":"product_cat-hang-cnnt-cap-qg-2023","9":"product_cat-sanphamthucpham","10":"product_cat-thuc-pham-tho-so-che","12":"first","13":"instock","14":"shipping-taxable","15":"purchasable","16":"product-type-simple"},"acf":[],"_links":{"self":[{"href":"https:\/\/b2c.fairs.vn\/en\/wp-json\/wp\/v2\/product\/8265","targetHints":{"allow":["GET"]}}],"collection":[{"href":"https:\/\/b2c.fairs.vn\/en\/wp-json\/wp\/v2\/product"}],"about":[{"href":"https:\/\/b2c.fairs.vn\/en\/wp-json\/wp\/v2\/types\/product"}],"replies":[{"embeddable":true,"href":"https:\/\/b2c.fairs.vn\/en\/wp-json\/wp\/v2\/comments?post=8265"}],"version-history":[{"count":0,"href":"https:\/\/b2c.fairs.vn\/en\/wp-json\/wp\/v2\/product\/8265\/revisions"}],"wp:featuredmedia":[{"embeddable":true,"href":"https:\/\/b2c.fairs.vn\/en\/wp-json\/wp\/v2\/media\/8283"}],"wp:attachment":[{"href":"https:\/\/b2c.fairs.vn\/en\/wp-json\/wp\/v2\/media?parent=8265"}],"wp:term":[{"taxonomy":"product_cat","embeddable":true,"href":"https:\/\/b2c.fairs.vn\/en\/wp-json\/wp\/v2\/product_cat?post=8265"},{"taxonomy":"product_tag","embeddable":true,"href":"https:\/\/b2c.fairs.vn\/en\/wp-json\/wp\/v2\/product_tag?post=8265"}],"curies":[{"name":"wp","href":"https:\/\/api.w.org\/{rel}","templated":true}]}}