{"id":8241,"date":"2024-03-25T15:33:14","date_gmt":"2024-03-25T08:33:14","guid":{"rendered":"https:\/\/b2c.fairs.vn\/?post_type=product&#038;p=8241"},"modified":"2024-04-23T15:50:52","modified_gmt":"2024-04-23T08:50:52","slug":"thach-dua-ep-kho-25kg","status":"publish","type":"product","link":"https:\/\/b2c.fairs.vn\/en\/product\/thach-dua-ep-kho-25kg\/","title":{"rendered":"Th\u1ea1ch d\u1eeba \u00e9p kh\u00f4 25kg"},"content":{"rendered":"<ul class=\"\">\n<li class=\"\" data-spm-anchor-id=\"a2o4n.pdp.product_detail.i0.68035b19s6J8WK\">Th\u1ea1ch d\u1eeba \u0111\u01b0\u1ee3c l\u00ean men t\u1ef1 nhi\u00ean t\u1eeb n\u01b0\u1edbc d\u1eeba gi\u00e0.<\/li>\n<li class=\"\">Kh\u00f4ng ch\u1ea5t b\u1ea3o qu\u1ea3n v\u00e0 ch\u1ea5t h\u00f3a h\u1ecdc.<\/li>\n<li class=\"\">\u0110\u1ea3m b\u1ea3o v\u1ec7 sinh an to\u00e0n th\u1ef1c ph\u1ea9m.<\/li>\n<\/ul>\n<p><strong>Xu\u1ea5t x\u1ee9<\/strong>: Vi\u1ec7t Nam.<\/p>\n<p><strong>Quy c\u00e1ch:\u00a0<\/strong>1kg\/t\u00fai | 1 th\u00f9ng 25 t\u00fai.<\/p>\n<p><strong>H\u1ea1n s\u1eed d\u1ee5ng<\/strong>: 1 n\u0103m.<\/p>\n<p><strong>H\u01b0\u1edbng d\u1eabn s\u1eed d\u1ee5ng<\/strong>: d\u00f9ng l\u00e0m nguy\u00ean li\u1ec7u s\u1ea3n xu\u1ea5t th\u1ef1c ph\u1ea9m \u0111\u1ed3 u\u1ed1ng.<\/p>","protected":false},"excerpt":{"rendered":"<p>Th\u1ea1ch d\u1eeba \u0111\u01b0\u1ee3c l\u00ean men t\u1ef1 nhi\u00ean t\u1eeb n\u01b0\u1edbc d\u1eeba gi\u00e0. Kh\u00f4ng ch\u1ea5t b\u1ea3o qu\u1ea3n v\u00e0 ch\u1ea5t h\u00f3a h\u1ecdc. \u0110\u1ea3m<\/p>","protected":false},"featured_media":8277,"comment_status":"open","ping_status":"closed","template":"","meta":{"_acf_changed":false},"product_cat":[366,367,22,313],"product_tag":[],"class_list":{"0":"post-8241","1":"product","2":"type-product","3":"status-publish","4":"has-post-thumbnail","6":"product_cat-hang-cnnt-cap-qg","7":"product_cat-hang-cnnt-cap-qg-2023","8":"product_cat-sanphamthucpham","9":"product_cat-thuc-pham-che-bien","11":"first","12":"instock","13":"shipping-taxable","14":"product-type-simple"},"acf":[],"_links":{"self":[{"href":"https:\/\/b2c.fairs.vn\/en\/wp-json\/wp\/v2\/product\/8241","targetHints":{"allow":["GET"]}}],"collection":[{"href":"https:\/\/b2c.fairs.vn\/en\/wp-json\/wp\/v2\/product"}],"about":[{"href":"https:\/\/b2c.fairs.vn\/en\/wp-json\/wp\/v2\/types\/product"}],"replies":[{"embeddable":true,"href":"https:\/\/b2c.fairs.vn\/en\/wp-json\/wp\/v2\/comments?post=8241"}],"version-history":[{"count":0,"href":"https:\/\/b2c.fairs.vn\/en\/wp-json\/wp\/v2\/product\/8241\/revisions"}],"wp:featuredmedia":[{"embeddable":true,"href":"https:\/\/b2c.fairs.vn\/en\/wp-json\/wp\/v2\/media\/8277"}],"wp:attachment":[{"href":"https:\/\/b2c.fairs.vn\/en\/wp-json\/wp\/v2\/media?parent=8241"}],"wp:term":[{"taxonomy":"product_cat","embeddable":true,"href":"https:\/\/b2c.fairs.vn\/en\/wp-json\/wp\/v2\/product_cat?post=8241"},{"taxonomy":"product_tag","embeddable":true,"href":"https:\/\/b2c.fairs.vn\/en\/wp-json\/wp\/v2\/product_tag?post=8241"}],"curies":[{"name":"wp","href":"https:\/\/api.w.org\/{rel}","templated":true}]}}