{"id":8211,"date":"2024-03-25T14:42:38","date_gmt":"2024-03-25T07:42:38","guid":{"rendered":"https:\/\/b2c.fairs.vn\/?post_type=product&#038;p=8211"},"modified":"2024-04-19T14:05:41","modified_gmt":"2024-04-19T07:05:41","slug":"muoi-hat-sach","status":"publish","type":"product","link":"https:\/\/b2c.fairs.vn\/en\/product\/muoi-hat-sach\/","title":{"rendered":"MU\u1ed0I H\u1ea0T S\u1ea0CH"},"content":{"rendered":"<p>&#8211; Th\u00e0nh ph\u1ea7n: mu\u1ed1i.<\/p>\n<p>&#8211; Ngu\u1ed3n g\u1ed1c nguy\u00ean li\u1ec7u ch\u00ednh: t\u1ec9nh B\u1ea1c Li\u00eau.<\/p>\n<p>&#8211; H\u01b0\u1edbng d\u1eabn b\u1ea3o qu\u1ea3n: b\u1ea3o qu\u1ea3n n\u01a1i kh\u00f4 r\u00e1o, tho\u00e1ng m\u00e1t, tr\u00e1nh ru\u1ed3i.<\/p>\n<p>&#8211; H\u01b0\u1edbng d\u1eabn s\u1eed d\u1ee5ng: d\u00f9ng trong ch\u1ebf bi\u1ebfn th\u1ee7y s\u1ea3n xu\u1ea5t kh\u1ea9u.<\/p>\n<p>&#8211; Th\u00f4ng tin c\u1ea3nh b\u00e1o: kh\u00f4ng d\u00f9ng s\u1ea3n ph\u1ea9m khi h\u1ebft h\u1ea1n s\u1eed d\u1ee5ng.<\/p>\n<p>&#8211; H\u1ea1n s\u1eed d\u1ee5ng: 12 th\u00e1ng k\u1ec3 t\u1eeb ng\u00e0y s\u1ea3n xu\u1ea5t.<\/p>","protected":false},"excerpt":{"rendered":"<p>&#8211; Th\u00e0nh ph\u1ea7n: mu\u1ed1i. &#8211; Ngu\u1ed3n g\u1ed1c nguy\u00ean li\u1ec7u ch\u00ednh: t\u1ec9nh B\u1ea1c Li\u00eau. &#8211; H\u01b0\u1edbng d\u1eabn b\u1ea3o qu\u1ea3n: b\u1ea3o qu\u1ea3n<\/p>","protected":false},"featured_media":8212,"comment_status":"open","ping_status":"closed","template":"","meta":{"_acf_changed":false},"product_cat":[318,320,366,367,22],"product_tag":[],"class_list":{"0":"post-8211","1":"product","2":"type-product","3":"status-publish","4":"has-post-thumbnail","6":"product_cat-gia-vi","7":"product_cat-gia-vi-khac","8":"product_cat-hang-cnnt-cap-qg","9":"product_cat-hang-cnnt-cap-qg-2023","10":"product_cat-sanphamthucpham","12":"first","13":"instock","14":"shipping-taxable","15":"product-type-simple"},"acf":[],"_links":{"self":[{"href":"https:\/\/b2c.fairs.vn\/en\/wp-json\/wp\/v2\/product\/8211","targetHints":{"allow":["GET"]}}],"collection":[{"href":"https:\/\/b2c.fairs.vn\/en\/wp-json\/wp\/v2\/product"}],"about":[{"href":"https:\/\/b2c.fairs.vn\/en\/wp-json\/wp\/v2\/types\/product"}],"replies":[{"embeddable":true,"href":"https:\/\/b2c.fairs.vn\/en\/wp-json\/wp\/v2\/comments?post=8211"}],"version-history":[{"count":0,"href":"https:\/\/b2c.fairs.vn\/en\/wp-json\/wp\/v2\/product\/8211\/revisions"}],"wp:featuredmedia":[{"embeddable":true,"href":"https:\/\/b2c.fairs.vn\/en\/wp-json\/wp\/v2\/media\/8212"}],"wp:attachment":[{"href":"https:\/\/b2c.fairs.vn\/en\/wp-json\/wp\/v2\/media?parent=8211"}],"wp:term":[{"taxonomy":"product_cat","embeddable":true,"href":"https:\/\/b2c.fairs.vn\/en\/wp-json\/wp\/v2\/product_cat?post=8211"},{"taxonomy":"product_tag","embeddable":true,"href":"https:\/\/b2c.fairs.vn\/en\/wp-json\/wp\/v2\/product_tag?post=8211"}],"curies":[{"name":"wp","href":"https:\/\/api.w.org\/{rel}","templated":true}]}}