{"id":8200,"date":"2024-03-25T14:10:35","date_gmt":"2024-03-25T07:10:35","guid":{"rendered":"https:\/\/b2c.fairs.vn\/?post_type=product&#038;p=8200"},"modified":"2024-04-19T13:27:19","modified_gmt":"2024-04-19T06:27:19","slug":"cua-thep-van-go-4-canh-can-4fh10-10-2","status":"publish","type":"product","link":"https:\/\/b2c.fairs.vn\/en\/product\/cua-thep-van-go-4-canh-can-4fh10-10-2\/","title":{"rendered":"C\u1eecA TH\u00c9P V\u00c2N G\u1ed6 4 C\u00c1NH C\u00c2N &#8211; 4FH10-10"},"content":{"rendered":"<h2 style=\"font-weight: 600;\"><b><strong>1. V\u1eadt li\u1ec7u c\u1ea5u t\u1ea1o:<\/strong><\/b><\/h2>\n<p style=\"font-weight: 400;\">\u0110\u01b0\u1ee3c l\u00e0m t\u1eeb th\u00e9p m\u1ea1 k\u1ebdm kh\u00f4ng g\u1ec9, c\u00f3 \u0111\u1ed9 d\u00e0y t\u1eeb 0.8 \u2013 1.2mm<\/p>\n<h2 style=\"font-weight: 600;\">2. B\u1ec1 m\u1eb7t:<\/h2>\n<p style=\"font-weight: 400;\">B\u1ec1 m\u1eb7t c\u1eeda \u0111\u01b0\u1ee3c ph\u1ee7 v\u00e2n g\u1ed7 ch\u1ed1ng bay m\u00e0u, s\u01a1n t\u0129nh \u0111i\u1ec7n v\u00e0 \u0111\u01b0\u1ee3c s\u1ea5y \u1edf nhi\u1ec7t \u0111\u1ed9 kho\u1ea3ng 200 \u0111\u1ed9 c<\/p>\n<h2 style=\"font-weight: 600;\">3. C\u1ea5u t\u1ea1o b\u00ean trong c\u00e1nh<\/h2>\n<p style=\"font-weight: 400;\">B\u00ean trong l\u00f5i c\u00e1nh c\u1eeda l\u00e0 v\u1eadt li\u1ec7u ch\u1ed1ng ch\u00e1y, c\u00f3 kh\u1ea3 n\u0103ng ch\u1ed1ng ch\u00e1y l\u00ean t\u1eeb 60 -120 ph\u00fat<\/p>\n<h2 style=\"font-weight: 600;\">4. K\u00edch th\u01b0\u1edbc c\u1eeda<\/h2>\n<p style=\"font-weight: 400;\">Hi\u1ec7n t\u1ea1i nh\u00e0 m\u00e1y \u0111ang s\u1ea3n xu\u1ea5t theo k\u00edch th\u01b0\u1edbc phi ti\u00eau chu\u1ea9n theo s\u1ed1 \u0111o th\u1ef1c t\u1ebf<\/p>\n<table style=\"font-weight: 400;\" width=\"583\">\n<tbody>\n<tr>\n<td width=\"583\">&#8211; C\u1eeda th\u00e9p v\u00e2n g\u1ed7 4 c\u00e1nh, d\u00e0y 50 mm, khung \u0111\u01a1n t\u01b0\u1eddng 130 mm<\/td>\n<\/tr>\n<tr>\n<td width=\"583\">&#8211; C\u1eeda th\u00e9p v\u00e2n g\u1ed7 4 c\u00e1nh \u00f4 k\u00ednh, k\u00ednh d\u00e1n an to\u00e0n 8.38 mm, d\u00e0y 50 mm, khung \u0111\u01a1n t\u01b0\u1eddng 130 mm<\/td>\n<\/tr>\n<\/tbody>\n<\/table>\n<h2 style=\"font-weight: 600;\">5.\u00a0<b><strong>Ph\u1ee5 ki\u1ec7n<\/strong><\/b><\/h2>\n<table style=\"font-weight: 400;\" width=\"415\">\n<tbody>\n<tr>\n<td width=\"415\">Kh\u00f3a Huy Ho\u00e0ng 5810 &#8211; Kh\u00f3a c\u1eeda th\u00f4ng ph\u00f2ng<\/td>\n<\/tr>\n<tr>\n<td width=\"415\">Kh\u00f3a Huy Ho\u00e0ng EX8510 &#8211; Kh\u00f3a c\u1eeda \u0111i ch\u00ednh<\/td>\n<\/tr>\n<tr>\n<td width=\"415\">Kh\u00f3a Vi\u1ec7t Ti\u1ec7p 941-942 &#8211; Kh\u00f3a c\u1eeda \u0111i ch\u00ednh<\/td>\n<\/tr>\n<tr>\n<td width=\"415\">Kh\u00f3a th\u00f4ng minh: V\u00e2n tay, m\u1eadt m\u00e3, th\u1ebb t\u1eeb\u2026<\/td>\n<\/tr>\n<tr>\n<td width=\"415\">B\u1ea3n l\u1ec1 Inox<\/td>\n<\/tr>\n<tr>\n<td width=\"415\">V\u00edt l\u1eafp \u0111\u1eb7t + n\u00fam b\u1ecbt l\u1eafp \u0111\u1eb7t<\/td>\n<\/tr>\n<\/tbody>\n<\/table>\n<h2 style=\"font-weight: 600;\">6. Th\u1eddi gian b\u1ea3o h\u00e0nh<\/h2>\n<p style=\"font-weight: 400;\">S\u1ea3n ph\u1ea9m \u0111\u01b0\u1ee3c b\u1ea3o h\u00e0nh theo quy \u0111\u1ecbnh c\u1ee7a Th\u1ed1ng Nh\u1ea5t. Th\u1eddi gian b\u1ea3o h\u00e0nh l\u00e0 2 n\u0103m<\/p>\n<h2 style=\"font-weight: 600;\">7. \u0110\u1eb7c \u0111i\u1ec3m c\u1ee7a d\u00f2ng c\u1eeda th\u00e9p v\u00e2n g\u1ed7<\/h2>\n<p style=\"font-weight: 400;\">\u01afu vi\u1ec7t: C\u1eeda th\u00e9p v\u00e2n g\u1ed7 Th\u1ed1ng Nh\u1ea5t \u0111\u01b0\u1ee3c s\u01a1n t\u0129nh \u0111i\u1ec7n v\u00e2n g\u1ed7 v\u1edbi c\u00f4ng ngh\u1ec7 ti\u00ean ti\u1ebfn nh\u1ea5t hi\u1ec7n nay \u0111\u1ea3m b\u1ea3o mang l\u1ea1i m\u00e0u s\u1eafc c\u1ef1c \u0111\u1eb9p, kh\u00f4ng b\u1ecb phai m\u00e0u theo th\u1eddi gian. B\u00ean c\u1ea1nh \u0111\u00f3 t\u00ednh \u0111a d\u1ea1ng v\u1ec1 m\u00e0u s\u1eafc, ngo\u00e0i c\u00e1c m\u1ea7u v\u00e2n g\u1ed7 t\u1ef1 nhi\u00ean th\u00ec c\u1eeda th\u00e9p v\u00e2n g\u1ed7 c\u00f2n c\u00f3 th\u1ec3 t\u1ea1o ra r\u1ea5t nhi\u1ec1u m\u1ea7u s\u1eafc \u0111\u1eb7c bi\u1ec7t kh\u00e1c ( v\u00e2n \u0111\u1ed3ng x\u01b0\u1edbc, \u0111\u1ed3ng v\u00e0ng, \u0111\u1ed3ng t\u00edm&#8230;) c\u1eeda c\u00f3 k\u1ebft c\u1ea5u \u0111\u1ed3ng nh\u1ea5t t\u1ea1o \u0111\u01b0\u1ee3c nhi\u1ec1u ki\u1ec3u d\u00e1ng t\u1ef1 nhi\u00ean, sang tr\u1ecdng, c\u1eeda th\u00e9p v\u00e2n g\u1ed7 Th\u1ed1ng Nh\u1ea5t s\u1ebd \u0111\u00e1p \u1ee9ng \u0111\u01b0\u1ee3c m\u1ecdi gu th\u1ea9m m\u1ef9 c\u1ee7a kh\u00e1ch h\u00e0ng. S\u1ea3n ph\u1ea9m kh\u00f4ng b\u1ecb g\u1ec9, kh\u00f4ng b\u1ecb cong v\u00eanh, m\u1ed1i m\u1ecdt, co ng\u00f3t, nh\u01b0 c\u00e1c lo\u1ea1i g\u1ed7 th\u00f4ng th\u01b0\u1eddng.<\/p>\n<p style=\"font-weight: 400;\">Ch\u1ed1ng tr\u1ed9m: C\u1eeda th\u00e9p v\u00e2n g\u1ed7 \u0111\u01b0\u1ee3c c\u1ea5u t\u1ea1o b\u1eb1ng th\u00e9p, c\u1ee9ng c\u00e1p. C\u1eeda s\u1eed d\u1ee5ng kh\u00f3a th\u1ebb t\u1eeb, v\u00e2n tay, m\u00e3 s\u1ed1, \u0111a \u0111i\u1ec3m kh\u00f4ng th\u1ec3 ph\u00e1 \u0111\u01b0\u1ee3c do \u0111\u00f3 s\u1ebd mang l\u1ea1i s\u1ef1 an to\u00e0n tuy\u1ec7t \u0111\u1ed1i cho ng\u00f4i nh\u00e0 c\u1ee7a b\u1ea1n.<\/p>\n<p style=\"font-weight: 400;\">Ch\u1ed1ng ch\u00e1y: C\u1eeda th\u00e9p v\u00e2n g\u1ed7 Th\u1ed1ng Nh\u1ea5t c\u00f3 c\u1ea5u t\u1ea1o nh\u01b0 c\u1eeda ch\u1ed1ng ch\u00e1y. B\u00ean trong l\u00e0 v\u1eadt li\u1ec7u ch\u1ed1ng ch\u00e1y, c\u00e1ch \u00e2m c\u00e1ch nhi\u1ec7t. Do \u0111\u00f3 s\u1ebd h\u1ea1n ch\u1ebf t\u1ed1i \u0111a nguy c\u01a1 ch\u00e1y n\u1ed5 cho ng\u00f4i nh\u00e0 b\u1ea1n.<\/p>","protected":false},"excerpt":{"rendered":"<p>1. V\u1eadt li\u1ec7u c\u1ea5u t\u1ea1o: \u0110\u01b0\u1ee3c l\u00e0m t\u1eeb th\u00e9p m\u1ea1 k\u1ebdm kh\u00f4ng g\u1ec9, c\u00f3 \u0111\u1ed9 d\u00e0y t\u1eeb 0.8 \u2013 1.2mm<\/p>","protected":false},"featured_media":8201,"comment_status":"open","ping_status":"closed","template":"","meta":{"_acf_changed":false},"product_cat":[393,366,367,336,337],"product_tag":[],"class_list":{"0":"post-8200","1":"product","2":"type-product","3":"status-publish","4":"has-post-thumbnail","6":"product_cat-go-my-nghe","7":"product_cat-hang-cnnt-cap-qg","8":"product_cat-hang-cnnt-cap-qg-2023","9":"product_cat-san-pham-thu-cong-my-nghe","10":"product_cat-thu-cong-my-nghe-gia-dung-trang-tri","12":"first","13":"instock","14":"shipping-taxable","15":"product-type-simple"},"acf":[],"_links":{"self":[{"href":"https:\/\/b2c.fairs.vn\/en\/wp-json\/wp\/v2\/product\/8200","targetHints":{"allow":["GET"]}}],"collection":[{"href":"https:\/\/b2c.fairs.vn\/en\/wp-json\/wp\/v2\/product"}],"about":[{"href":"https:\/\/b2c.fairs.vn\/en\/wp-json\/wp\/v2\/types\/product"}],"replies":[{"embeddable":true,"href":"https:\/\/b2c.fairs.vn\/en\/wp-json\/wp\/v2\/comments?post=8200"}],"version-history":[{"count":0,"href":"https:\/\/b2c.fairs.vn\/en\/wp-json\/wp\/v2\/product\/8200\/revisions"}],"wp:featuredmedia":[{"embeddable":true,"href":"https:\/\/b2c.fairs.vn\/en\/wp-json\/wp\/v2\/media\/8201"}],"wp:attachment":[{"href":"https:\/\/b2c.fairs.vn\/en\/wp-json\/wp\/v2\/media?parent=8200"}],"wp:term":[{"taxonomy":"product_cat","embeddable":true,"href":"https:\/\/b2c.fairs.vn\/en\/wp-json\/wp\/v2\/product_cat?post=8200"},{"taxonomy":"product_tag","embeddable":true,"href":"https:\/\/b2c.fairs.vn\/en\/wp-json\/wp\/v2\/product_tag?post=8200"}],"curies":[{"name":"wp","href":"https:\/\/api.w.org\/{rel}","templated":true}]}}