{"id":8045,"date":"2024-03-25T11:57:26","date_gmt":"2024-03-25T04:57:26","guid":{"rendered":"https:\/\/b2c.fairs.vn\/?post_type=product&#038;p=8045"},"modified":"2024-04-08T16:54:32","modified_gmt":"2024-04-08T09:54:32","slug":"ngoi-song-nho-luxury","status":"publish","type":"product","link":"https:\/\/b2c.fairs.vn\/en\/product\/ngoi-song-nho-luxury\/","title":{"rendered":"Ng\u00f3i s\u00f3ng nh\u1ecf Luxury"},"content":{"rendered":"<p>C\u00e1c s\u1ea3n ph\u1ea9m bao g\u1ed3m:<\/p>\n<p>Ng\u00f3i l\u1ee3p s\u00f3ng nh\u1ecf<\/p>\n<p>Ng\u00f3i cu\u1ed1i r\u00eca<\/p>\n<p>Ng\u00f3i cu\u1ed1i n\u00f3c<\/p>\n<p>Ng\u00f3i l\u00f3t n\u00f3c<\/p>\n<p>Ng\u00f3i r\u00eca<\/p>\n<p>Ng\u00f3i n\u00f3c<\/p>\n<p>Ng\u00f3i cu\u1ed1i m\u00e1i<\/p>","protected":false},"excerpt":{"rendered":"<p>C\u00e1c s\u1ea3n ph\u1ea9m bao g\u1ed3m: Ng\u00f3i l\u1ee3p s\u00f3ng nh\u1ecf Ng\u00f3i cu\u1ed1i r\u00eca Ng\u00f3i cu\u1ed1i n\u00f3c Ng\u00f3i l\u00f3t n\u00f3c Ng\u00f3i r\u00eca<\/p>","protected":false},"featured_media":8067,"comment_status":"open","ping_status":"closed","template":"","meta":{"_acf_changed":false},"product_cat":[520,366,367,399],"product_tag":[],"class_list":{"0":"post-8045","1":"product","2":"type-product","3":"status-publish","4":"has-post-thumbnail","6":"product_cat-nha-cua-doi-song","7":"product_cat-hang-cnnt-cap-qg","8":"product_cat-hang-cnnt-cap-qg-2023","9":"product_cat-vat-lieu-xay-dung","11":"first","12":"instock","13":"shipping-taxable","14":"product-type-simple"},"acf":[],"_links":{"self":[{"href":"https:\/\/b2c.fairs.vn\/en\/wp-json\/wp\/v2\/product\/8045","targetHints":{"allow":["GET"]}}],"collection":[{"href":"https:\/\/b2c.fairs.vn\/en\/wp-json\/wp\/v2\/product"}],"about":[{"href":"https:\/\/b2c.fairs.vn\/en\/wp-json\/wp\/v2\/types\/product"}],"replies":[{"embeddable":true,"href":"https:\/\/b2c.fairs.vn\/en\/wp-json\/wp\/v2\/comments?post=8045"}],"version-history":[{"count":0,"href":"https:\/\/b2c.fairs.vn\/en\/wp-json\/wp\/v2\/product\/8045\/revisions"}],"wp:featuredmedia":[{"embeddable":true,"href":"https:\/\/b2c.fairs.vn\/en\/wp-json\/wp\/v2\/media\/8067"}],"wp:attachment":[{"href":"https:\/\/b2c.fairs.vn\/en\/wp-json\/wp\/v2\/media?parent=8045"}],"wp:term":[{"taxonomy":"product_cat","embeddable":true,"href":"https:\/\/b2c.fairs.vn\/en\/wp-json\/wp\/v2\/product_cat?post=8045"},{"taxonomy":"product_tag","embeddable":true,"href":"https:\/\/b2c.fairs.vn\/en\/wp-json\/wp\/v2\/product_tag?post=8045"}],"curies":[{"name":"wp","href":"https:\/\/api.w.org\/{rel}","templated":true}]}}