{"id":8019,"date":"2024-03-25T11:47:02","date_gmt":"2024-03-25T04:47:02","guid":{"rendered":"https:\/\/b2c.fairs.vn\/?post_type=product&#038;p=8019"},"modified":"2024-04-08T16:54:20","modified_gmt":"2024-04-08T09:54:20","slug":"ngoi-phang-van-da-nasaki","status":"publish","type":"product","link":"https:\/\/b2c.fairs.vn\/en\/product\/ngoi-phang-van-da-nasaki\/","title":{"rendered":"Ng\u00f3i ph\u1eb3ng v\u00e2n da Nasaki"},"content":{"rendered":"<p>C\u00e1c s\u1ea3n ph\u1ea9m bao g\u1ed3m:<\/p>\n<p>Ng\u00f3i l\u1ee3p ph\u1eb3ng v\u00e2n da<\/p>\n<p>Ng\u00f3i ph\u1ee5 ki\u1ec7n ch\u1ea1c<\/p>\n<p>Ng\u00f3i n\u00f3c<\/p>\n<p>Ng\u00f3i r\u00eca ph\u1ea3i<\/p>\n<p>Ng\u00f3i r\u00eca tr\u00e1i<\/p>\n<p>Ng\u00f3i cu\u1ed1i n\u00f3c<\/p>\n<p>Ng\u00f3i cu\u1ed1i m\u00e1i<\/p>","protected":false},"excerpt":{"rendered":"<p>C\u00e1c s\u1ea3n ph\u1ea9m bao g\u1ed3m: Ng\u00f3i l\u1ee3p ph\u1eb3ng v\u00e2n da Ng\u00f3i ph\u1ee5 ki\u1ec7n ch\u1ea1c Ng\u00f3i n\u00f3c Ng\u00f3i r\u00eca ph\u1ea3i Ng\u00f3i<\/p>","protected":false},"featured_media":8041,"comment_status":"open","ping_status":"closed","template":"","meta":{"_acf_changed":false},"product_cat":[520,366,367,399],"product_tag":[],"class_list":{"0":"post-8019","1":"product","2":"type-product","3":"status-publish","4":"has-post-thumbnail","6":"product_cat-nha-cua-doi-song","7":"product_cat-hang-cnnt-cap-qg","8":"product_cat-hang-cnnt-cap-qg-2023","9":"product_cat-vat-lieu-xay-dung","11":"first","12":"instock","13":"shipping-taxable","14":"product-type-simple"},"acf":[],"_links":{"self":[{"href":"https:\/\/b2c.fairs.vn\/en\/wp-json\/wp\/v2\/product\/8019","targetHints":{"allow":["GET"]}}],"collection":[{"href":"https:\/\/b2c.fairs.vn\/en\/wp-json\/wp\/v2\/product"}],"about":[{"href":"https:\/\/b2c.fairs.vn\/en\/wp-json\/wp\/v2\/types\/product"}],"replies":[{"embeddable":true,"href":"https:\/\/b2c.fairs.vn\/en\/wp-json\/wp\/v2\/comments?post=8019"}],"version-history":[{"count":0,"href":"https:\/\/b2c.fairs.vn\/en\/wp-json\/wp\/v2\/product\/8019\/revisions"}],"wp:featuredmedia":[{"embeddable":true,"href":"https:\/\/b2c.fairs.vn\/en\/wp-json\/wp\/v2\/media\/8041"}],"wp:attachment":[{"href":"https:\/\/b2c.fairs.vn\/en\/wp-json\/wp\/v2\/media?parent=8019"}],"wp:term":[{"taxonomy":"product_cat","embeddable":true,"href":"https:\/\/b2c.fairs.vn\/en\/wp-json\/wp\/v2\/product_cat?post=8019"},{"taxonomy":"product_tag","embeddable":true,"href":"https:\/\/b2c.fairs.vn\/en\/wp-json\/wp\/v2\/product_tag?post=8019"}],"curies":[{"name":"wp","href":"https:\/\/api.w.org\/{rel}","templated":true}]}}