{"id":7993,"date":"2024-03-25T11:41:21","date_gmt":"2024-03-25T04:41:21","guid":{"rendered":"https:\/\/b2c.fairs.vn\/?post_type=product&#038;p=7993"},"modified":"2024-04-08T16:54:44","modified_gmt":"2024-04-08T09:54:44","slug":"ngoi-song-trung-nasaki","status":"publish","type":"product","link":"https:\/\/b2c.fairs.vn\/en\/product\/ngoi-song-trung-nasaki\/","title":{"rendered":"Ng\u00f3i s\u00f3ng trung Nasaki"},"content":{"rendered":"<p>Ng\u00f3i s\u00f3ng trung Nasaki bao g\u1ed3m:<\/p>\n<p>Ng\u00f3i l\u1ee3p s\u00f3ng trung<\/p>\n<p>Ng\u00f3i cu\u1ed1i r\u00eca<\/p>\n<p>Ng\u00f3i n\u00f3c<\/p>\n<p>Ng\u00f3i r\u00eca<\/p>\n<p>Ng\u00f3i l\u00f3t n\u00f3c<\/p>\n<p>Ng\u00f3i \u0111\u00f9n cu\u1ed1i n\u00f3c<\/p>\n<p>Ng\u00f3i cu\u1ed1i m\u00e1i<\/p>","protected":false},"excerpt":{"rendered":"<p>Ng\u00f3i s\u00f3ng trung Nasaki bao g\u1ed3m: Ng\u00f3i l\u1ee3p s\u00f3ng trung Ng\u00f3i cu\u1ed1i r\u00eca Ng\u00f3i n\u00f3c Ng\u00f3i r\u00eca Ng\u00f3i l\u00f3t n\u00f3c<\/p>","protected":false},"featured_media":8015,"comment_status":"open","ping_status":"closed","template":"","meta":{"_acf_changed":false},"product_cat":[520,366,367,399],"product_tag":[],"class_list":{"0":"post-7993","1":"product","2":"type-product","3":"status-publish","4":"has-post-thumbnail","6":"product_cat-nha-cua-doi-song","7":"product_cat-hang-cnnt-cap-qg","8":"product_cat-hang-cnnt-cap-qg-2023","9":"product_cat-vat-lieu-xay-dung","11":"first","12":"instock","13":"shipping-taxable","14":"product-type-simple"},"acf":[],"_links":{"self":[{"href":"https:\/\/b2c.fairs.vn\/en\/wp-json\/wp\/v2\/product\/7993","targetHints":{"allow":["GET"]}}],"collection":[{"href":"https:\/\/b2c.fairs.vn\/en\/wp-json\/wp\/v2\/product"}],"about":[{"href":"https:\/\/b2c.fairs.vn\/en\/wp-json\/wp\/v2\/types\/product"}],"replies":[{"embeddable":true,"href":"https:\/\/b2c.fairs.vn\/en\/wp-json\/wp\/v2\/comments?post=7993"}],"version-history":[{"count":0,"href":"https:\/\/b2c.fairs.vn\/en\/wp-json\/wp\/v2\/product\/7993\/revisions"}],"wp:featuredmedia":[{"embeddable":true,"href":"https:\/\/b2c.fairs.vn\/en\/wp-json\/wp\/v2\/media\/8015"}],"wp:attachment":[{"href":"https:\/\/b2c.fairs.vn\/en\/wp-json\/wp\/v2\/media?parent=7993"}],"wp:term":[{"taxonomy":"product_cat","embeddable":true,"href":"https:\/\/b2c.fairs.vn\/en\/wp-json\/wp\/v2\/product_cat?post=7993"},{"taxonomy":"product_tag","embeddable":true,"href":"https:\/\/b2c.fairs.vn\/en\/wp-json\/wp\/v2\/product_tag?post=7993"}],"curies":[{"name":"wp","href":"https:\/\/api.w.org\/{rel}","templated":true}]}}