{"id":7967,"date":"2024-03-25T11:26:08","date_gmt":"2024-03-25T04:26:08","guid":{"rendered":"https:\/\/b2c.fairs.vn\/?post_type=product&#038;p=7967"},"modified":"2024-04-08T16:53:05","modified_gmt":"2024-04-08T09:53:05","slug":"ngoi-phang-nasaki","status":"publish","type":"product","link":"https:\/\/b2c.fairs.vn\/en\/product\/ngoi-phang-nasaki\/","title":{"rendered":"Ng\u00f3i ph\u1eb3ng Nasaki"},"content":{"rendered":"<p>C\u00e1c lo\u1ea1i ng\u00f3i bao g\u1ed3m:<\/p>\n<p>Ng\u00f3i ph\u1eb3ng nasaki<\/p>\n<p>Ng\u00f3i n\u00f3c nasaki<\/p>\n<p>Ng\u00f3i r\u00eca ph\u1ea3i nasaki<\/p>\n<p>Ng\u00f3i r\u00eca tr\u00e1i nasaki<\/p>\n<p>Ng\u00f3i cu\u1ed1i n\u00f3c nasaki<\/p>\n<p>Ng\u00f3i cu\u1ed1i m\u00e1i nasaki<\/p>\n<p>Ng\u00f3i ph\u1ee5 ki\u1ec7n ch\u1ea1c nasaki<\/p>","protected":false},"excerpt":{"rendered":"<p>C\u00e1c lo\u1ea1i ng\u00f3i bao g\u1ed3m: Ng\u00f3i ph\u1eb3ng nasaki Ng\u00f3i n\u00f3c nasaki Ng\u00f3i r\u00eca ph\u1ea3i nasaki Ng\u00f3i r\u00eca tr\u00e1i nasaki Ng\u00f3i<\/p>","protected":false},"featured_media":7989,"comment_status":"open","ping_status":"closed","template":"","meta":{"_acf_changed":false},"product_cat":[520,366,367,399],"product_tag":[],"class_list":{"0":"post-7967","1":"product","2":"type-product","3":"status-publish","4":"has-post-thumbnail","6":"product_cat-nha-cua-doi-song","7":"product_cat-hang-cnnt-cap-qg","8":"product_cat-hang-cnnt-cap-qg-2023","9":"product_cat-vat-lieu-xay-dung","11":"first","12":"instock","13":"shipping-taxable","14":"product-type-simple"},"acf":[],"_links":{"self":[{"href":"https:\/\/b2c.fairs.vn\/en\/wp-json\/wp\/v2\/product\/7967","targetHints":{"allow":["GET"]}}],"collection":[{"href":"https:\/\/b2c.fairs.vn\/en\/wp-json\/wp\/v2\/product"}],"about":[{"href":"https:\/\/b2c.fairs.vn\/en\/wp-json\/wp\/v2\/types\/product"}],"replies":[{"embeddable":true,"href":"https:\/\/b2c.fairs.vn\/en\/wp-json\/wp\/v2\/comments?post=7967"}],"version-history":[{"count":0,"href":"https:\/\/b2c.fairs.vn\/en\/wp-json\/wp\/v2\/product\/7967\/revisions"}],"wp:featuredmedia":[{"embeddable":true,"href":"https:\/\/b2c.fairs.vn\/en\/wp-json\/wp\/v2\/media\/7989"}],"wp:attachment":[{"href":"https:\/\/b2c.fairs.vn\/en\/wp-json\/wp\/v2\/media?parent=7967"}],"wp:term":[{"taxonomy":"product_cat","embeddable":true,"href":"https:\/\/b2c.fairs.vn\/en\/wp-json\/wp\/v2\/product_cat?post=7967"},{"taxonomy":"product_tag","embeddable":true,"href":"https:\/\/b2c.fairs.vn\/en\/wp-json\/wp\/v2\/product_tag?post=7967"}],"curies":[{"name":"wp","href":"https:\/\/api.w.org\/{rel}","templated":true}]}}