{"id":7941,"date":"2024-03-25T11:19:18","date_gmt":"2024-03-25T04:19:18","guid":{"rendered":"https:\/\/b2c.fairs.vn\/?post_type=product&#038;p=7941"},"modified":"2024-04-08T16:51:25","modified_gmt":"2024-04-08T09:51:25","slug":"ngoi-am-duong","status":"publish","type":"product","link":"https:\/\/b2c.fairs.vn\/en\/product\/ngoi-am-duong\/","title":{"rendered":"Ng\u00f3i \u00c2m D\u01b0\u01a1ng"},"content":{"rendered":"<div class=\"col-md-4 col-sm-4 col-xs-6 item_product\">\n<div class=\"description\">\n<p>Ng\u00f3i di\u1ec1m cu\u1ed1i m\u00e1i<\/p>\n<\/div>\n<\/div>\n<div class=\"description\">\n<p>Ng\u00f3i l\u1ee3p ch\u00ednh<\/p>\n<\/div>\n<div class=\"description\">\n<p>Ng\u00f3i \u0111\u1ea7u \u0111ao<\/p>\n<\/div>\n<div class=\"description\">\n<p>Ng\u00f3i \u00fap t\u1ea1o h\u00ecnh n\u00f3c<\/p>\n<\/div>\n<div class=\"description\">\n<p>Ng\u00f3i \u1ed1p t\u1ea1o h\u00ecnh n\u00f3c<\/p>\n<\/div>\n<div class=\"description\">\n<p>Ng\u00f3i di\u1ec1m b\u1edd n\u00f3c<\/p>\n<\/div>\n<div class=\"col-md-4 col-sm-4 col-xs-6 item_product\">\n<div class=\"description\">\n<p>Ng\u00f3i n\u00f3c<\/p>\n<\/div>\n<\/div>","protected":false},"excerpt":{"rendered":"<p>Ng\u00f3i di\u1ec1m cu\u1ed1i m\u00e1i Ng\u00f3i l\u1ee3p ch\u00ednh Ng\u00f3i \u0111\u1ea7u \u0111ao Ng\u00f3i \u00fap t\u1ea1o h\u00ecnh n\u00f3c Ng\u00f3i \u1ed1p t\u1ea1o h\u00ecnh n\u00f3c<\/p>","protected":false},"featured_media":7963,"comment_status":"open","ping_status":"closed","template":"","meta":{"_acf_changed":false},"product_cat":[520,366,367,399],"product_tag":[],"class_list":{"0":"post-7941","1":"product","2":"type-product","3":"status-publish","4":"has-post-thumbnail","6":"product_cat-nha-cua-doi-song","7":"product_cat-hang-cnnt-cap-qg","8":"product_cat-hang-cnnt-cap-qg-2023","9":"product_cat-vat-lieu-xay-dung","11":"first","12":"instock","13":"shipping-taxable","14":"product-type-simple"},"acf":[],"_links":{"self":[{"href":"https:\/\/b2c.fairs.vn\/en\/wp-json\/wp\/v2\/product\/7941","targetHints":{"allow":["GET"]}}],"collection":[{"href":"https:\/\/b2c.fairs.vn\/en\/wp-json\/wp\/v2\/product"}],"about":[{"href":"https:\/\/b2c.fairs.vn\/en\/wp-json\/wp\/v2\/types\/product"}],"replies":[{"embeddable":true,"href":"https:\/\/b2c.fairs.vn\/en\/wp-json\/wp\/v2\/comments?post=7941"}],"version-history":[{"count":0,"href":"https:\/\/b2c.fairs.vn\/en\/wp-json\/wp\/v2\/product\/7941\/revisions"}],"wp:featuredmedia":[{"embeddable":true,"href":"https:\/\/b2c.fairs.vn\/en\/wp-json\/wp\/v2\/media\/7963"}],"wp:attachment":[{"href":"https:\/\/b2c.fairs.vn\/en\/wp-json\/wp\/v2\/media?parent=7941"}],"wp:term":[{"taxonomy":"product_cat","embeddable":true,"href":"https:\/\/b2c.fairs.vn\/en\/wp-json\/wp\/v2\/product_cat?post=7941"},{"taxonomy":"product_tag","embeddable":true,"href":"https:\/\/b2c.fairs.vn\/en\/wp-json\/wp\/v2\/product_tag?post=7941"}],"curies":[{"name":"wp","href":"https:\/\/api.w.org\/{rel}","templated":true}]}}