{"id":7691,"date":"2024-03-22T16:21:36","date_gmt":"2024-03-22T09:21:36","guid":{"rendered":"https:\/\/b2c.fairs.vn\/?post_type=product&#038;p=7691"},"modified":"2024-04-19T13:52:56","modified_gmt":"2024-04-19T06:52:56","slug":"khan-giay-nen","status":"publish","type":"product","link":"https:\/\/b2c.fairs.vn\/en\/product\/khan-giay-nen\/","title":{"rendered":"Kh\u0103n gi\u1ea5y n\u00e9n"},"content":{"rendered":"<p>C\u00f4ng ty TNHH C\u00f4ng Ngh\u1ec7 S\u1ea1ch THT\u00a0\u0111i v\u00e0o ho\u1ea1t \u0111\u1ed9ng t\u1eeb th\u00e1ng 1\/2020 v\u1edbi ng\u00e0nh ngh\u1ec1 s\u1ea3n xu\u1ea5t c\u00e1c s\u1ea3n ph\u1ea9m kh\u00e1c t\u1eeb gi\u1ea5y, trong \u0111\u00f3 c\u00f3 kh\u0103n gi\u1ea5y n\u00e9n &#8211; m\u1ed9t s\u1ea3n ph\u1ea9m an to\u00e0n v\u1edbi ng\u01b0\u1eddi s\u1eed d\u1ee5ng v\u00e0 th\u00e2n thi\u1ec7n v\u1edbi m\u00f4i tr\u01b0\u1eddng.<\/p>\n<p>Kh\u0103n gi\u1ea5y n\u00e9n \u0111\u01b0\u1ee3c s\u1ea3n xu\u1ea5t theo c\u00f4ng ngh\u1ec7 Nano, v\u1edbi than ho\u1ea1t t\u00ednh, \u0111\u01b0\u1ee3c ki\u1ec3m tra x\u1eed l\u00fd nghi\u00eam ng\u1eb7t nh\u1eb1m t\u1ea1o ra s\u1ea3n ph\u1ea9m c\u00f3 ch\u1ea5t l\u01b0\u1ee3ng t\u1ed1t nh\u1ea5t. Nguy\u00ean li\u1ec7u ho\u00e0n to\u00e0n l\u00e0 t\u1ef1 nhi\u00ean, n\u00ean s\u1ea3n ph\u1ea9m \u0111\u01b0\u1ee3c t\u1ea1o ra r\u1ea5t an to\u00e0n v\u1edbi ng\u01b0\u1eddi s\u1eed d\u1ee5ng. Kh\u0103n gi\u1ea5y n\u00e9n \u0111\u01b0\u1ee3c s\u1ea3n xu\u1ea5t d\u01b0\u1edbi d\u1ea1ng kh\u00f4, th\u1eddi gian b\u1ea3o qu\u1ea3n l\u00e2u, v\u00e0 \u00edt b\u1ecb c\u00e1c y\u1ebfu t\u1ed1 m\u00f4i tr\u01b0\u1eddng \u1ea3nh h\u01b0\u1edfng \u0111\u1ebfn ch\u1ea5t l\u01b0\u1ee3ng s\u1ea3n ph\u1ea9m.<\/p>\n<p>Kh\u0103n d\u00f9ng \u0111\u01b0\u1ee3c cho c\u1ea3 tr\u1ebb s\u01a1 sinh v\u00e0 ng\u01b0\u1eddi l\u1edbn, c\u00f3 th\u1ec3 d\u00f9ng \u0111\u1ec3 lau m\u1eb7t, lau tay, t\u1ea9y trang, v\u1ec7 sinh c\u01a1 th\u1ec3 ho\u1eb7c d\u00f9ng lau c\u1eeda k\u00ednh xe \u00f4 t\u00f4, lau v\u1ebft b\u1ea9n tr\u00ean b\u1ebfp hay b\u1ea5t c\u1ee9 nhu c\u1ea7u l\u00e0m s\u1ea1ch n\u00e0o kh\u00e1c. \u0110\u1eb7c bi\u1ec7t, kh\u0103n r\u1ea5t ti\u1ec7n l\u1ee3i khi \u0111i du l\u1ecbch, c\u1eafm tr\u1ea1i v\u00ec \u0111\u1ed9 nh\u1ecf g\u1ecdn v\u00e0 ti\u1ec7n l\u1ee3i.<\/p>\n<p>N\u0103m 2022, b\u1ed9 s\u1ea3n ph\u1ea9m kh\u0103n gi\u1ea5y n\u00e9n c\u1ee7a C\u00f4ng ty TNHH C\u00f4ng ngh\u1ec7 s\u1ea1ch THT \u0111\u01b0\u1ee3c c\u00f4ng nh\u1eadn s\u1ea3n ph\u1ea9m CNNT ti\u00eau bi\u1ec3u c\u1ea5p khu v\u1ef1c ph\u00eda Nam<\/p>","protected":false},"excerpt":{"rendered":"<p>C\u00f4ng ty TNHH C\u00f4ng Ngh\u1ec7 S\u1ea1ch THT\u00a0\u0111i v\u00e0o ho\u1ea1t \u0111\u1ed9ng t\u1eeb th\u00e1ng 1\/2020 v\u1edbi ng\u00e0nh ngh\u1ec1 s\u1ea3n xu\u1ea5t c\u00e1c s\u1ea3n<\/p>","protected":false},"featured_media":7695,"comment_status":"open","ping_status":"closed","template":"","meta":{"_acf_changed":false},"product_cat":[366,367],"product_tag":[],"class_list":{"0":"post-7691","1":"product","2":"type-product","3":"status-publish","4":"has-post-thumbnail","6":"product_cat-hang-cnnt-cap-qg","7":"product_cat-hang-cnnt-cap-qg-2023","9":"first","10":"instock","11":"shipping-taxable","12":"product-type-simple"},"acf":[],"_links":{"self":[{"href":"https:\/\/b2c.fairs.vn\/en\/wp-json\/wp\/v2\/product\/7691","targetHints":{"allow":["GET"]}}],"collection":[{"href":"https:\/\/b2c.fairs.vn\/en\/wp-json\/wp\/v2\/product"}],"about":[{"href":"https:\/\/b2c.fairs.vn\/en\/wp-json\/wp\/v2\/types\/product"}],"replies":[{"embeddable":true,"href":"https:\/\/b2c.fairs.vn\/en\/wp-json\/wp\/v2\/comments?post=7691"}],"version-history":[{"count":0,"href":"https:\/\/b2c.fairs.vn\/en\/wp-json\/wp\/v2\/product\/7691\/revisions"}],"wp:featuredmedia":[{"embeddable":true,"href":"https:\/\/b2c.fairs.vn\/en\/wp-json\/wp\/v2\/media\/7695"}],"wp:attachment":[{"href":"https:\/\/b2c.fairs.vn\/en\/wp-json\/wp\/v2\/media?parent=7691"}],"wp:term":[{"taxonomy":"product_cat","embeddable":true,"href":"https:\/\/b2c.fairs.vn\/en\/wp-json\/wp\/v2\/product_cat?post=7691"},{"taxonomy":"product_tag","embeddable":true,"href":"https:\/\/b2c.fairs.vn\/en\/wp-json\/wp\/v2\/product_tag?post=7691"}],"curies":[{"name":"wp","href":"https:\/\/api.w.org\/{rel}","templated":true}]}}