{"id":7655,"date":"2024-03-22T16:00:51","date_gmt":"2024-03-22T09:00:51","guid":{"rendered":"https:\/\/b2c.fairs.vn\/?post_type=product&#038;p=7655"},"modified":"2024-04-19T14:05:12","modified_gmt":"2024-04-19T07:05:12","slug":"mui-taro","status":"publish","type":"product","link":"https:\/\/b2c.fairs.vn\/en\/product\/mui-taro\/","title":{"rendered":"M\u0169i Taro"},"content":{"rendered":"<p>C\u00f4ng ty TNHH Tr\u00f9ng D\u01b0\u01a1ng, th\u1ecb x\u00e3 Ph\u00fa M\u1ef9, t\u1ec9nh B\u00e0 R\u1ecba \u2013 V\u0169ng T\u00e0u th\u00e0nh l\u1eadp t\u1eeb n\u0103m 2002, chuy\u00ean v\u1ec1 l\u0129nh v\u1ef1c c\u01a1 kh\u00ed gia c\u00f4ng ch\u1ebf t\u1ea1o. C\u00f4ng ty TNHH Tr\u00f9ng D\u01b0\u01a1ng \u0111\u00e3 tham chi\u1ebfu ti\u00eau chu\u1ea9n k\u1ef9 thu\u1eadt s\u1ea3n ph\u1ea9m t\u1eeb Nh\u1eadt B\u1ea3n, l\u00ean \u00fd t\u01b0\u1edfng thi\u1ebft k\u1ebf, nghi\u00ean c\u1ee9u th\u1eed nghi\u1ec7m nhi\u1ec1u l\u1ea7n, v\u00e0 sau nhi\u1ec1u n\u0103m C\u00f4ng ty \u0111\u00e3 c\u00f3 c\u00e1c s\u1ea3n ph\u1ea9m<strong>\u00a0<\/strong>c\u01a1 kh\u00ed t\u1eeb D6 cho \u0111\u1ebfn D50 b\u1eb1ng th\u00e9p HSS (th\u00e9p gi\u00f3) v\u00e0 h\u1ee3p kim, (\u0111\u1eb7c bi\u1ec7t l\u00e0 th\u00e9p gi\u00f3) v\u1edbi\u00a0\u0111\u1ed9 c\u1ee9ng cao 66HRC, \u0111\u1ed9 b\u1ec1n cao h\u01a1n h\u1eb3n so v\u1edbi s\u1ea3n ph\u1ea9m c\u00f9ng lo\u1ea1i.<\/p>\n<p>M\u0169i Taro \u0111\u01b0\u1ee3c \u1ee9ng d\u1ee5ng nhi\u1ec1u nh\u1ea5t trong c\u00f4ng t\u00e1c \u1ed1ng ren n\u1ed1i th\u00e9p x\u00e2y d\u1ef1ng, c\u00e1c chi ti\u1ebft m\u00e1y v\u1ec1 k\u1ebft n\u1ed1i b\u1eb1ng ren. Vi\u1ec7c s\u1eed d\u1ee5ng \u1ed1ng coupler gi\u00fap ti\u1ebft ki\u1ec7m \u0111\u01b0\u1ee3c ph\u1ea7n th\u00e9p n\u1ed1i ch\u1ed3ng v\u00e0 gi\u1ea3m m\u1eadt \u0111\u1ed9 th\u00e9p t\u1ea1i v\u1ecb tr\u00ed ren n\u1ed1i \u0111\u00e1ng k\u1ec3. Ngo\u00e0i ra M\u0169i Taro c\u00f2n \u0111\u01b0\u1ee3c d\u00f9ng \u0111\u1ec3 n\u1ed1i c\u00e1c gi\u1eb1ng c\u1ed9t nh\u00e0 x\u01b0\u1edfng, thanh \u0111\u1ec3 gi\u1eb1ng m\u00e1i nh\u00e0, c\u00f4ng nghi\u1ec7p. S\u1ea3n ph\u1ea9m m\u0169i Taro \u0111\u01b0\u1ee3c c\u00f4ng ty TNHH Tr\u00f9ng D\u01b0\u01a1ng l\u00e0 \u0111\u01a1n v\u1ecb \u0111\u1ea7u ti\u00ean tr\u00ean \u0111\u1ecba b\u00e0n s\u1ea3n xu\u1ea5t v\u1edbi c\u00f4ng ngh\u1ec7 Nh\u1eadt B\u1ea3n, ch\u1ea5t l\u01b0\u1ee3ng \u0111\u01b0\u1ee3c kh\u00e1ch h\u00e0ng \u0111\u00e1nh gi\u00e1 cao.<\/p>\n<p>S\u1ea3n ph\u1ea9m M\u0169i Taro c\u1ee7a c\u00f4ng ty \u0111\u01b0\u1ee3c b\u00ecnh ch\u1ecdn s\u1ea3n ph\u1ea9m CNNT ti\u00eau bi\u1ec3u c\u1ea5p khu v\u1ef1c n\u0103m 2022; B\u1ed9 dao phay ng\u00f3n \u0111\u01b0\u1ee3c B\u1ed9 C\u00f4ng Th\u01b0\u01a1ng c\u00f4ng nh\u1eadn s\u1ea3n ph\u1ea9m CNNT tieu bi\u1ec3u c\u1ea5p Qu\u1ed1c gia n\u0103m 2021.<\/p>","protected":false},"excerpt":{"rendered":"<p>C\u00f4ng ty TNHH Tr\u00f9ng D\u01b0\u01a1ng, th\u1ecb x\u00e3 Ph\u00fa M\u1ef9, t\u1ec9nh B\u00e0 R\u1ecba \u2013 V\u0169ng T\u00e0u th\u00e0nh l\u1eadp t\u1eeb n\u0103m 2002,<\/p>","protected":false},"featured_media":7659,"comment_status":"open","ping_status":"closed","template":"","meta":{"_acf_changed":false},"product_cat":[366,367,348,392],"product_tag":[],"class_list":{"0":"post-7655","1":"product","2":"type-product","3":"status-publish","4":"has-post-thumbnail","6":"product_cat-hang-cnnt-cap-qg","7":"product_cat-hang-cnnt-cap-qg-2023","8":"product_cat-thiet-bi-co-khi","9":"product_cat-thiet-bi-may-moc-khac","11":"first","12":"instock","13":"shipping-taxable","14":"product-type-simple"},"acf":[],"_links":{"self":[{"href":"https:\/\/b2c.fairs.vn\/en\/wp-json\/wp\/v2\/product\/7655","targetHints":{"allow":["GET"]}}],"collection":[{"href":"https:\/\/b2c.fairs.vn\/en\/wp-json\/wp\/v2\/product"}],"about":[{"href":"https:\/\/b2c.fairs.vn\/en\/wp-json\/wp\/v2\/types\/product"}],"replies":[{"embeddable":true,"href":"https:\/\/b2c.fairs.vn\/en\/wp-json\/wp\/v2\/comments?post=7655"}],"version-history":[{"count":0,"href":"https:\/\/b2c.fairs.vn\/en\/wp-json\/wp\/v2\/product\/7655\/revisions"}],"wp:featuredmedia":[{"embeddable":true,"href":"https:\/\/b2c.fairs.vn\/en\/wp-json\/wp\/v2\/media\/7659"}],"wp:attachment":[{"href":"https:\/\/b2c.fairs.vn\/en\/wp-json\/wp\/v2\/media?parent=7655"}],"wp:term":[{"taxonomy":"product_cat","embeddable":true,"href":"https:\/\/b2c.fairs.vn\/en\/wp-json\/wp\/v2\/product_cat?post=7655"},{"taxonomy":"product_tag","embeddable":true,"href":"https:\/\/b2c.fairs.vn\/en\/wp-json\/wp\/v2\/product_tag?post=7655"}],"curies":[{"name":"wp","href":"https:\/\/api.w.org\/{rel}","templated":true}]}}