{"id":7633,"date":"2024-03-22T15:51:52","date_gmt":"2024-03-22T08:51:52","guid":{"rendered":"https:\/\/b2c.fairs.vn\/?post_type=product&#038;p=7633"},"modified":"2024-04-19T10:42:33","modified_gmt":"2024-04-19T03:42:33","slug":"khuon-mau-05","status":"publish","type":"product","link":"https:\/\/b2c.fairs.vn\/en\/product\/khuon-mau-05\/","title":{"rendered":"Khu\u00f4n m\u1eabu 05"},"content":{"rendered":"<ul id=\"ul-wrap-infor-product-detail\" class=\"\">\n<li class=\"product-info__row\">\n<h4>T\u00ean s\u1ea3n ph\u1ea9m:<\/h4>\n<div class=\"__right\">Khu\u00f4n m\u1eabu 05<\/div>\n<\/li>\n<li class=\"product-info__row\">\n<h4>M\u00e3 s\u1ea3n ph\u1ea9m:<\/h4>\n<div class=\"__right\">K005<\/div>\n<\/li>\n<li class=\"product-info__row\">\n<h4>Th\u01b0\u01a1ng hi\u1ec7u:<\/h4>\n<div class=\"__right\">C\u00f4ng ngh\u1ec7 S\u00f4ng H\u1ed3ng<\/div>\n<\/li>\n<li class=\"product-info__row\">\n<h4>\u0110\u01a1n v\u1ecb t\u00ednh:<\/h4>\n<div class=\"__right\">khu\u00f4n<\/div>\n<\/li>\n<li class=\"product-info__row\">\n<h4>Xu\u1ea5t x\u1ee9:<\/h4>\n<div class=\"__right\">Vi\u1ec7t Nam<\/div>\n<\/li>\n<\/ul>\n<div id=\"product-desc\" class=\"product-desc__text\">Gi\u1edbi thi\u1ec7u v\u1ec1 s\u1ea3n ph\u1ea9m c\u1ee7a ch\u00fang t\u00f4i<br \/>\nKhu\u00f4n m\u1eabu l\u00e0 l\u00e0m theo nh\u1eefng m\u1eabu \u0111\u00e3 c\u00f3 s\u1eb5n, qu\u00e1 tr\u00ecnh gia c\u00f4ng khu\u00f4n m\u1eabu l\u00e0 s\u1ea3n xu\u1ea5t ra nh\u1eefng khu\u00f4n s\u1ea3n ph\u1ea9m theo y\u00eau c\u1ea7u c\u1ee7a kh\u00e1ch h\u00e0ng. T\u1eeb nh\u1eefng h\u00ecnh d\u1ea1ng, khu\u00f4n kh\u1ed5 \u0111\u00e3 c\u00f3 s\u1eb5n s\u1ebd t\u1ea1o ra nh\u1eefng s\u1ea3n ph\u1ea9m gi\u1ed1ng nh\u01b0 v\u1eadt m\u1eabu m\u00e0 v\u1eabn \u0111\u1ea3m b\u1ea3o \u0111\u01b0\u1ee3c t\u00ednh n\u0103ng v\u00e0 c\u00f4ng d\u1ee5ng, kh\u00f4ng l\u00e0m m\u1ea5t \u0111i t\u00ednh hi\u1ec7u qu\u1ea3 c\u1ee7a s\u1ea3n ph\u1ea9m.<\/div>","protected":false},"excerpt":{"rendered":"<p>T\u00ean s\u1ea3n ph\u1ea9m: Khu\u00f4n m\u1eabu 05 M\u00e3 s\u1ea3n ph\u1ea9m: K005 Th\u01b0\u01a1ng hi\u1ec7u: C\u00f4ng ngh\u1ec7 S\u00f4ng H\u1ed3ng \u0110\u01a1n v\u1ecb t\u00ednh: khu\u00f4n<\/p>","protected":false},"featured_media":7607,"comment_status":"open","ping_status":"closed","template":"","meta":{"_acf_changed":false},"product_cat":[366,367,348,392],"product_tag":[],"class_list":{"0":"post-7633","1":"product","2":"type-product","3":"status-publish","4":"has-post-thumbnail","6":"product_cat-hang-cnnt-cap-qg","7":"product_cat-hang-cnnt-cap-qg-2023","8":"product_cat-thiet-bi-co-khi","9":"product_cat-thiet-bi-may-moc-khac","11":"first","12":"instock","13":"shipping-taxable","14":"purchasable","15":"product-type-simple"},"acf":[],"_links":{"self":[{"href":"https:\/\/b2c.fairs.vn\/en\/wp-json\/wp\/v2\/product\/7633","targetHints":{"allow":["GET"]}}],"collection":[{"href":"https:\/\/b2c.fairs.vn\/en\/wp-json\/wp\/v2\/product"}],"about":[{"href":"https:\/\/b2c.fairs.vn\/en\/wp-json\/wp\/v2\/types\/product"}],"replies":[{"embeddable":true,"href":"https:\/\/b2c.fairs.vn\/en\/wp-json\/wp\/v2\/comments?post=7633"}],"version-history":[{"count":0,"href":"https:\/\/b2c.fairs.vn\/en\/wp-json\/wp\/v2\/product\/7633\/revisions"}],"wp:featuredmedia":[{"embeddable":true,"href":"https:\/\/b2c.fairs.vn\/en\/wp-json\/wp\/v2\/media\/7607"}],"wp:attachment":[{"href":"https:\/\/b2c.fairs.vn\/en\/wp-json\/wp\/v2\/media?parent=7633"}],"wp:term":[{"taxonomy":"product_cat","embeddable":true,"href":"https:\/\/b2c.fairs.vn\/en\/wp-json\/wp\/v2\/product_cat?post=7633"},{"taxonomy":"product_tag","embeddable":true,"href":"https:\/\/b2c.fairs.vn\/en\/wp-json\/wp\/v2\/product_tag?post=7633"}],"curies":[{"name":"wp","href":"https:\/\/api.w.org\/{rel}","templated":true}]}}