{"id":7581,"date":"2024-03-22T15:15:55","date_gmt":"2024-03-22T08:15:55","guid":{"rendered":"https:\/\/b2c.fairs.vn\/?post_type=product&#038;p=7581"},"modified":"2024-04-19T10:26:47","modified_gmt":"2024-04-19T03:26:47","slug":"vai-thieu-bac-giang-lon-565gr","status":"publish","type":"product","link":"https:\/\/b2c.fairs.vn\/en\/product\/vai-thieu-bac-giang-lon-565gr\/","title":{"rendered":"V\u1ea3i thi\u1ec1u B\u1eafc Giang lon 565gr"},"content":{"rendered":"<ul>\n<li>Th\u00e0nh ph\u1ea7n: N\u01b0\u1edbc, v\u1ea3i thi\u1ec1u (45%), \u0111\u01b0\u1eddng, axit citric, ch\u1ea5t ch\u1ed1ng oxi h\u00f3a, h\u01b0\u01a1ng v\u1ea3i t\u1ed5ng h\u1ee3p.<\/li>\n<li>\u0110\u01b0\u1ee3c ch\u1ebf bi\u1ebfn t\u1eeb nh\u1eefng tr\u00e1i v\u1ea3i t\u01b0\u01a1i ngon \u0111\u01b0\u1ee3c ch\u1ecdn l\u1ecdc k\u1ef9 l\u01b0\u1ee1ng lu\u00f4n \u0111\u1ea3m b\u1ea3o \u0111\u01b0\u1ee3c s\u1ef1 an to\u00e0n v\u00e0 v\u1ec7 sinh th\u1ef1c ph\u1ea9m cho ng\u01b0\u1eddi s\u1eed d\u1ee5ng.<\/li>\n<li>C\u00f3 th\u1ec3 d\u00f9ng \u0103n tr\u1ef1c ti\u1ebfp ho\u1eb7c ch\u1ebf bi\u1ebfn c\u00e1c lo\u1ea1i m\u00f3n \u0103n tr\u00e1ng mi\u1ec7ng , \u0111\u1ed3 u\u1ed1ng\u00a0cho gia \u0111\u00ecnh v\u00e0 b\u1ea1n b\u00e8 c\u00f9ng th\u01b0\u1edfng th\u1ee9c.<\/li>\n<li>S\u1ea3n ph\u1ea9m \u0111\u01b0\u1ee3c \u0111\u00f3ng lon ti\u1ec7n d\u1ee5ng, d\u1ec5 d\u00e0ng b\u1ea3o qu\u1ea3n<\/li>\n<li>B\u1eb1ng khen , gi\u1ea5y khen :-S\u1ea3n ph\u1ea9m c\u00f4ng nghi\u1ec7p n\u00f4ng th\u00f4n ti\u00eau bi\u1ec3u c\u1ea5p t\u1ec9nh n\u0103m 2021 -Q\u0110 s\u1ed1\u00a0 2183\/QD-UBND ng\u00e0y 29\/10\/2021 c\u1ee7a UBND t\u1ec9nh B\u1eafc Giang\n<p>-S\u1ea3n ph\u1ea9m c\u00f4ng nghi\u1ec7p n\u00f4ng th\u00f4n ti\u00eau bi\u1ec3u c\u1ea5p khu v\u1ef1c\u00a0 n\u0103m 2022 -Q\u0110 s\u1ed1 \u00a0 76\/QD-CT\u0110P ng\u00e0y 29\/10\/2021 c\u1ee7a C\u1ee5c c\u00f4ng th\u01b0\u01a1ng \u0111\u1ecba ph\u01b0\u01a1ng<\/p>\n<p>-Gi\u1ea5y ch\u1ee9ng nh\u1eadn s\u1ea3n ph\u1ea9m \u0111\u1ea1t\u00a0 Ocop 4 sao n\u0103m 2020 &#8211; Q\u0110 s\u1ed1 1214\/Q\u0110-UBND ng\u00e0y 28\/12\/2020 c\u1ee7a UBND t\u1ec9nh B\u1eafc Giang.<\/li>\n<li><\/li>\n<\/ul>","protected":false},"excerpt":{"rendered":"<p>Th\u00e0nh ph\u1ea7n: N\u01b0\u1edbc, v\u1ea3i thi\u1ec1u (45%), \u0111\u01b0\u1eddng, axit citric, ch\u1ea5t ch\u1ed1ng oxi h\u00f3a, h\u01b0\u01a1ng v\u1ea3i t\u1ed5ng h\u1ee3p. \u0110\u01b0\u1ee3c ch\u1ebf bi\u1ebfn<\/p>","protected":false},"featured_media":7582,"comment_status":"open","ping_status":"closed","template":"","meta":{"_acf_changed":false},"product_cat":[317,366,367,22,313],"product_tag":[],"class_list":{"0":"post-7581","1":"product","2":"type-product","3":"status-publish","4":"has-post-thumbnail","6":"product_cat-che-bien-tu-thit-trung-sua-thuy-san-cac-san-pham-tu-mat-ong-mat-khac-va-nong-san-thuc-pham-khac","7":"product_cat-hang-cnnt-cap-qg","8":"product_cat-hang-cnnt-cap-qg-2023","9":"product_cat-sanphamthucpham","10":"product_cat-thuc-pham-che-bien","12":"first","13":"instock","14":"shipping-taxable","15":"product-type-simple"},"acf":[],"_links":{"self":[{"href":"https:\/\/b2c.fairs.vn\/en\/wp-json\/wp\/v2\/product\/7581","targetHints":{"allow":["GET"]}}],"collection":[{"href":"https:\/\/b2c.fairs.vn\/en\/wp-json\/wp\/v2\/product"}],"about":[{"href":"https:\/\/b2c.fairs.vn\/en\/wp-json\/wp\/v2\/types\/product"}],"replies":[{"embeddable":true,"href":"https:\/\/b2c.fairs.vn\/en\/wp-json\/wp\/v2\/comments?post=7581"}],"version-history":[{"count":0,"href":"https:\/\/b2c.fairs.vn\/en\/wp-json\/wp\/v2\/product\/7581\/revisions"}],"wp:featuredmedia":[{"embeddable":true,"href":"https:\/\/b2c.fairs.vn\/en\/wp-json\/wp\/v2\/media\/7582"}],"wp:attachment":[{"href":"https:\/\/b2c.fairs.vn\/en\/wp-json\/wp\/v2\/media?parent=7581"}],"wp:term":[{"taxonomy":"product_cat","embeddable":true,"href":"https:\/\/b2c.fairs.vn\/en\/wp-json\/wp\/v2\/product_cat?post=7581"},{"taxonomy":"product_tag","embeddable":true,"href":"https:\/\/b2c.fairs.vn\/en\/wp-json\/wp\/v2\/product_tag?post=7581"}],"curies":[{"name":"wp","href":"https:\/\/api.w.org\/{rel}","templated":true}]}}