{"id":7561,"date":"2024-03-22T14:59:03","date_gmt":"2024-03-22T07:59:03","guid":{"rendered":"https:\/\/b2c.fairs.vn\/?post_type=product&#038;p=7561"},"modified":"2024-04-19T11:08:19","modified_gmt":"2024-04-19T04:08:19","slug":"tra-matcha-sua","status":"publish","type":"product","link":"https:\/\/b2c.fairs.vn\/en\/product\/tra-matcha-sua\/","title":{"rendered":"Tr\u00e0 Matcha S\u1eefa"},"content":{"rendered":"<table border=\"1\" cellspacing=\"0\" cellpadding=\"0\" align=\"left\">\n<tbody>\n<tr>\n<td><strong>Th\u00e0nh ph\u1ea7n:<\/strong><\/p>\n<p>B\u1ed9t tr\u00e0 matcha Maika, b\u1ed9t kem kh\u00f4ng s\u1eefa, b\u1ed9t s\u1eefa nguy\u00ean kem, \u0111\u01b0\u1eddng k\u00ednh.<\/p>\n<p><strong>B\u1ea3o qu\u1ea3n:<\/strong><\/p>\n<p>B\u1ea3o qu\u1ea3n n\u01a1i kh\u00f4 r\u00e1o, tho\u00e1ng m\u00e1t, tr\u00e1nh \u00e1nh n\u1eafng tr\u1ef1c ti\u1ebfp.<\/td>\n<\/tr>\n<tr>\n<td><strong>N\u00f3ng:<\/strong>\u00a0Cho 1 g\u00f3i tr\u00e0 matcha s\u1eefa v\u00e0o 80 ml n\u01b0\u1edbc n\u00f3ng, khu\u1ea5y \u0111\u1ec1u v\u00e0 th\u01b0\u1edfng th\u1ee9c.<\/td>\n<\/tr>\n<tr>\n<td><strong>L\u1ea1nh:<\/strong>\u00a0Cho 1 g\u00f3i tr\u00e0 matcha s\u1eefa v\u00e0o 50 ml n\u01b0\u1edbc n\u00f3ng, khu\u1ea5y \u0111\u1ec1u, th\u00eam \u0111\u00e1 v\u00e0 th\u01b0\u1edfng th\u1ee9c.<\/td>\n<\/tr>\n<\/tbody>\n<\/table>\n<p>&nbsp;<\/p>\n<p>&nbsp;<\/p>\n<p>&nbsp;<\/p>\n<p>&nbsp;<\/p>\n<p>&nbsp;<\/p>\n<p>&nbsp;<\/p>\n<p>&nbsp;<\/p>\n<p>&nbsp;<\/p>\n<p>\u0110\u1eb7t h\u00e0ng li\u00ean h\u1ec7 qua hotline: 0982 124 014<\/p>","protected":false},"excerpt":{"rendered":"<p>Th\u00e0nh ph\u1ea7n: B\u1ed9t tr\u00e0 matcha Maika, b\u1ed9t kem kh\u00f4ng s\u1eefa, b\u1ed9t s\u1eefa nguy\u00ean kem, \u0111\u01b0\u1eddng k\u00ednh. B\u1ea3o qu\u1ea3n: B\u1ea3o qu\u1ea3n<\/p>","protected":false},"featured_media":7571,"comment_status":"open","ping_status":"closed","template":"","meta":{"_acf_changed":false},"product_cat":[325,329,331,366,367],"product_tag":[],"class_list":{"0":"post-7561","1":"product","2":"type-product","3":"status-publish","4":"has-post-thumbnail","6":"product_cat-san-pham-do-uong","7":"product_cat-do-uong-khong-con","8":"product_cat-do-uong-khong-con-do-uong-khong-con","9":"product_cat-hang-cnnt-cap-qg","10":"product_cat-hang-cnnt-cap-qg-2023","12":"first","13":"instock","14":"shipping-taxable","15":"product-type-simple"},"acf":[],"_links":{"self":[{"href":"https:\/\/b2c.fairs.vn\/en\/wp-json\/wp\/v2\/product\/7561","targetHints":{"allow":["GET"]}}],"collection":[{"href":"https:\/\/b2c.fairs.vn\/en\/wp-json\/wp\/v2\/product"}],"about":[{"href":"https:\/\/b2c.fairs.vn\/en\/wp-json\/wp\/v2\/types\/product"}],"replies":[{"embeddable":true,"href":"https:\/\/b2c.fairs.vn\/en\/wp-json\/wp\/v2\/comments?post=7561"}],"version-history":[{"count":0,"href":"https:\/\/b2c.fairs.vn\/en\/wp-json\/wp\/v2\/product\/7561\/revisions"}],"wp:featuredmedia":[{"embeddable":true,"href":"https:\/\/b2c.fairs.vn\/en\/wp-json\/wp\/v2\/media\/7571"}],"wp:attachment":[{"href":"https:\/\/b2c.fairs.vn\/en\/wp-json\/wp\/v2\/media?parent=7561"}],"wp:term":[{"taxonomy":"product_cat","embeddable":true,"href":"https:\/\/b2c.fairs.vn\/en\/wp-json\/wp\/v2\/product_cat?post=7561"},{"taxonomy":"product_tag","embeddable":true,"href":"https:\/\/b2c.fairs.vn\/en\/wp-json\/wp\/v2\/product_tag?post=7561"}],"curies":[{"name":"wp","href":"https:\/\/api.w.org\/{rel}","templated":true}]}}