{"id":7540,"date":"2024-03-22T14:50:28","date_gmt":"2024-03-22T07:50:28","guid":{"rendered":"https:\/\/b2c.fairs.vn\/?post_type=product&#038;p=7540"},"modified":"2024-04-19T11:07:59","modified_gmt":"2024-04-19T04:07:59","slug":"gao-giong-nhat-j02","status":"publish","type":"product","link":"https:\/\/b2c.fairs.vn\/en\/product\/gao-giong-nhat-j02\/","title":{"rendered":"G\u1ea1o gi\u1ed1ng Nh\u1eadt J02"},"content":{"rendered":"<p>&#8220;G\u1ea0O V\u00c0NG&#8221; J02 &#8211; G\u1ea0O S\u1ea0CH T\u1eea T\u00c2M, N\u00c2NG T\u1ea6M KH\u1ea8U V\u1eca<span class=\"x3nfvp2 x1j61x8r x1fcty0u xdj266r xhhsvwb xat24cr xgzva0m xxymvpz xlup9mm x1kky2od\"><img decoding=\"async\" class=\"xz74otr\" src=\"https:\/\/static.xx.fbcdn.net\/images\/emoji.php\/v9\/ta9\/2\/16\/1f343.png\" alt=\"\ud83c\udf43\" width=\"16\" height=\"16\" \/><\/span><\/p>\n<p><span class=\"x3nfvp2 x1j61x8r x1fcty0u xdj266r xhhsvwb xat24cr xgzva0m xxymvpz xlup9mm x1kky2od\"><img decoding=\"async\" class=\"xz74otr\" src=\"https:\/\/static.xx.fbcdn.net\/images\/emoji.php\/v9\/td4\/2\/16\/1f38b.png\" alt=\"\ud83c\udf8b\" width=\"16\" height=\"16\" \/><\/span>L\u00faa Nh\u1eadt J02 c\u00f3 \u0111\u1eb7c t\u00ednh ch\u1ed1ng ch\u1ecbu r\u1ea5t t\u1ed1t n\u00ean \u00edt phun thu\u1ed1c tr\u1eeb s\u00e2u b\u1ec7nh, l\u1ea1i \u0111\u01b0\u1ee3c \u00e1p d\u1ee5ng quy tr\u00ecnh s\u1ea3n xu\u1ea5t s\u1ea1ch v\u00e0 kh\u00e9p k\u00edn t\u1eeb kh\u00e2u ch\u1ecdn gi\u1ed1ng, gieo h\u1ea1t \u0111\u1ebfn th\u00e0nh ph\u1ea9m cu\u1ed1i c\u00f9ng, \u0111\u1ea3m b\u1ea3o h\u1ea1t g\u1ea1o c\u00f3 ch\u1ea5t l\u01b0\u1ee3ng t\u1ed1t nh\u1ea5t, an to\u00e0n nh\u1ea5t cho ng\u01b0\u1eddi s\u1eed d\u1ee5ng.<\/p>\n<p><span class=\"x3nfvp2 x1j61x8r x1fcty0u xdj266r xhhsvwb xat24cr xgzva0m xxymvpz xlup9mm x1kky2od\"><img decoding=\"async\" class=\"xz74otr\" src=\"https:\/\/static.xx.fbcdn.net\/images\/emoji.php\/v9\/td4\/2\/16\/1f38b.png\" alt=\"\ud83c\udf8b\" width=\"16\" height=\"16\" \/><\/span>G\u1ea1o J02 \u0111\u01b0\u1ee3c m\u1ec7nh danh l\u00e0 g\u1ea1o &#8220;s\u1ea1ch t\u1eeb h\u1ea1t l\u00faa s\u1ea1ch \u0111i&#8221; Nh\u1eefng ai \u0111\u00e3 t\u1eebng m\u1ed9t l\u1ea7n \u0103n c\u01a1m t\u1eeb g\u1ea1o Nh\u1eadt J02, s\u1ebd \u0111\u1ed3ng \u00fd ngay r\u1eb1ng \u0111\u00e2y l\u00e0 m\u1ed9t trong nh\u1eefng lo\u1ea1i g\u1ea1o th\u01a1m ngon nh\u1ea5t. C\u01a1m g\u1ea1o J02 d\u00f9 \u0111\u1ec3 ngu\u1ed9i \u0103n v\u1eabn d\u1ebbo, v\u1eabn ngon, ch\u1ec9 c\u1ea7n b\u1ecf l\u00f2 vi s\u00f3ng quay m\u1ed9t hai ph\u00fat l\u1ea1i nh\u01b0 m\u1edbi n\u1ea5u.<\/p>\n<p><span class=\"x3nfvp2 x1j61x8r x1fcty0u xdj266r xhhsvwb xat24cr xgzva0m xxymvpz xlup9mm x1kky2od\"><img decoding=\"async\" class=\"xz74otr\" src=\"https:\/\/static.xx.fbcdn.net\/images\/emoji.php\/v9\/tf0\/2\/16\/1f449.png\" alt=\"\ud83d\udc49\" width=\"16\" height=\"16\" \/><\/span>H\u00e0m l\u01b0\u1ee3ng protein v\u01b0\u1ee3t tr\u1ed9i h\u01a1n h\u1eb3n c\u00e1c lo\u1ea1i g\u1ea1o th\u00f4ng th\u01b0\u1eddng<br \/>\n<span class=\"x3nfvp2 x1j61x8r x1fcty0u xdj266r xhhsvwb xat24cr xgzva0m xxymvpz xlup9mm x1kky2od\"><img decoding=\"async\" class=\"xz74otr\" src=\"https:\/\/static.xx.fbcdn.net\/images\/emoji.php\/v9\/tf0\/2\/16\/1f449.png\" alt=\"\ud83d\udc49\" width=\"16\" height=\"16\" \/><\/span>G\u1ea1o x\u00e1t m\u1ed9c, kh\u00f4ng qu\u00e1 k\u1ef9 n\u00ean v\u1eabn gi\u1eef \u0111\u01b0\u1ee3c l\u1edbp v\u1ecf c\u00e1m gi\u00e0u vitamin E, B, phylate, canxi, kali, omega 3\u2026<br \/>\n<span class=\"x3nfvp2 x1j61x8r x1fcty0u xdj266r xhhsvwb xat24cr xgzva0m xxymvpz xlup9mm x1kky2od\"><img decoding=\"async\" class=\"xz74otr\" src=\"https:\/\/static.xx.fbcdn.net\/images\/emoji.php\/v9\/tf0\/2\/16\/1f449.png\" alt=\"\ud83d\udc49\" width=\"16\" height=\"16\" \/><\/span>Ch\u1ee9a nhi\u1ec1u ch\u1ea5t x\u01a1, ch\u1ea5t kho\u00e1ng<br \/>\n<span class=\"x3nfvp2 x1j61x8r x1fcty0u xdj266r xhhsvwb xat24cr xgzva0m xxymvpz xlup9mm x1kky2od\"><img decoding=\"async\" class=\"xz74otr\" src=\"https:\/\/static.xx.fbcdn.net\/images\/emoji.php\/v9\/tf0\/2\/16\/1f449.png\" alt=\"\ud83d\udc49\" width=\"16\" height=\"16\" \/><\/span>\u0110\u1eb7c bi\u1ec7t ph\u00f9 h\u1ee3p v\u1edbi ng\u01b0\u1eddi \u0103n ki\u00eang, ng\u01b0\u1eddi gi\u00e0 v\u00e0 tr\u1ebb nh\u1ecf, ng\u01b0\u1eddi b\u1ec7nh ti\u1ec3u \u0111\u01b0\u1eddng, tim m\u1ea1ch, b\u00e9o ph\u00ec\u2026<br \/>\n<span class=\"x3nfvp2 x1j61x8r x1fcty0u xdj266r xhhsvwb xat24cr xgzva0m xxymvpz xlup9mm x1kky2od\"><img decoding=\"async\" class=\"xz74otr\" src=\"https:\/\/static.xx.fbcdn.net\/images\/emoji.php\/v9\/tf0\/2\/16\/1f449.png\" alt=\"\ud83d\udc49\" width=\"16\" height=\"16\" \/><\/span>Gi\u00fap th\u00fac \u0111\u1ea9y qu\u00e1 tr\u00ecnh chuy\u1ec3n h\u00f3a ch\u1ea5t, t\u0103ng c\u01b0\u1eddng s\u1ee9c \u0111\u1ec1 kh\u00e1ng cho c\u01a1 th\u1ec3.<\/p>\n<p>Li\u00ean h\u1ec7 mua h\u00e0ng qua hotline: 091 328 23 06<\/p>\n<div class=\"x9f619 x1n2onr6 x1ja2u2z x78zum5 x2lah0s x1nhvcw1 x1qjc9v5 xozqiw3 x1q0g3np xyamay9 xykv574 xbmpl8g x4cne27 xifccgj\">\n<div class=\"x9f619 x1n2onr6 x1ja2u2z x78zum5 x2lah0s x1nhvcw1 x1qjc9v5 xozqiw3 x1q0g3np xyamay9 xykv574 xbmpl8g x4cne27 xifccgj\">\n<div class=\"x9f619 x1n2onr6 x1ja2u2z x78zum5 xdt5ytf x2lah0s x193iq5w xeuugli xsyo7zv x16hj40l x10b6aqq x1yrsyyn\"><\/div>\n<\/div>\n<\/div>","protected":false},"excerpt":{"rendered":"<p>&#8220;G\u1ea0O V\u00c0NG&#8221; J02 &#8211; G\u1ea0O S\u1ea0CH T\u1eea T\u00c2M, N\u00c2NG T\u1ea6M KH\u1ea8U V\u1eca L\u00faa Nh\u1eadt J02 c\u00f3 \u0111\u1eb7c t\u00ednh ch\u1ed1ng ch\u1ecbu<\/p>","protected":false},"featured_media":16741,"comment_status":"open","ping_status":"closed","template":"","meta":{"_acf_changed":false},"product_cat":[311,366,367,22,310],"product_tag":[],"class_list":{"0":"post-7540","1":"product","2":"type-product","3":"status-publish","4":"has-post-thumbnail","6":"product_cat-gao-ngu-coc-hat-so-che-khac","7":"product_cat-hang-cnnt-cap-qg","8":"product_cat-hang-cnnt-cap-qg-2023","9":"product_cat-sanphamthucpham","10":"product_cat-thuc-pham-tho-so-che","12":"first","13":"instock","14":"shipping-taxable","15":"product-type-simple"},"acf":[],"_links":{"self":[{"href":"https:\/\/b2c.fairs.vn\/en\/wp-json\/wp\/v2\/product\/7540","targetHints":{"allow":["GET"]}}],"collection":[{"href":"https:\/\/b2c.fairs.vn\/en\/wp-json\/wp\/v2\/product"}],"about":[{"href":"https:\/\/b2c.fairs.vn\/en\/wp-json\/wp\/v2\/types\/product"}],"replies":[{"embeddable":true,"href":"https:\/\/b2c.fairs.vn\/en\/wp-json\/wp\/v2\/comments?post=7540"}],"version-history":[{"count":0,"href":"https:\/\/b2c.fairs.vn\/en\/wp-json\/wp\/v2\/product\/7540\/revisions"}],"wp:featuredmedia":[{"embeddable":true,"href":"https:\/\/b2c.fairs.vn\/en\/wp-json\/wp\/v2\/media\/16741"}],"wp:attachment":[{"href":"https:\/\/b2c.fairs.vn\/en\/wp-json\/wp\/v2\/media?parent=7540"}],"wp:term":[{"taxonomy":"product_cat","embeddable":true,"href":"https:\/\/b2c.fairs.vn\/en\/wp-json\/wp\/v2\/product_cat?post=7540"},{"taxonomy":"product_tag","embeddable":true,"href":"https:\/\/b2c.fairs.vn\/en\/wp-json\/wp\/v2\/product_tag?post=7540"}],"curies":[{"name":"wp","href":"https:\/\/api.w.org\/{rel}","templated":true}]}}