{"id":7520,"date":"2024-03-22T14:43:58","date_gmt":"2024-03-22T07:43:58","guid":{"rendered":"https:\/\/b2c.fairs.vn\/?post_type=product&#038;p=7520"},"modified":"2024-04-19T11:00:26","modified_gmt":"2024-04-19T04:00:26","slug":"thach-an-thach-den-cao-bang-750g-an-lien","status":"publish","type":"product","link":"https:\/\/b2c.fairs.vn\/en\/product\/thach-an-thach-den-cao-bang-750g-an-lien\/","title":{"rendered":"Th\u1ea1ch An &#8211; Th\u1ea1ch \u0111en Cao B\u1eb1ng 750g (\u0103n li\u1ec1n)"},"content":{"rendered":"<p class=\"mb-4\"><b>Th\u1ea1ch An &#8211; Th\u1ea1ch \u0111en Cao B\u1eb1ng\u00a0<\/b>\u0110\u01b0\u1ee3c s\u1ea3n xu\u1ea5t ho\u00e0n to\u00e0n t\u1eeb nguy\u00ean li\u1ec7u t\u1ef1 nhi\u00ean c\u00e2y th\u1ea1ch \u0111en c\u1ee7a \u0110\u1ed3ng B\u00e0o d\u00e2n t\u1ed9c t\u1ec9nh Cao B\u1eb1ng tr\u1ed3ng tr\u00ean n\u00fai m\u1ed7i n\u0103m ch\u1ec9 c\u00f3 1 v\u1ee5 th\u00f4i.<\/p>\n<p class=\"mb-4\">Khi c\u00e2y th\u1ea1ch \u0111en \u0111\u01b0\u1ee3c<b>\u00a0CAOBANGFOOD\u00a0<\/b>ch\u1ebf bi\u1ebfn theo b\u00ed k\u00edp gia truy\u1ec1n, ho\u00e0n to\u00e0n nguy\u00ean li\u1ec7u t\u1ef1 nhi\u00ean (kh\u00f4ng s\u1eed d\u1ee5ng h\u00f3a ch\u1ea5t, ch\u1ea5t b\u1ea3o qu\u1ea3n) th\u00ec s\u1ea3n ph\u1ea9m gi\u1eef nguy\u00ean \u0111\u01b0\u1ee3c t\u00ednh th\u1ea3o d\u01b0\u1ee3c c\u1ee7a n\u00f3.<\/p>\n<h1 class=\"display-5 wow fadeInRight\">Nh\u1eefng l\u1ee3i \u00edch c\u1ee7a Th\u1ea1ch \u0111en &#8211; TH\u1ea0CH AN:<\/h1>\n<ul>\n<li>Nhu\u1eadn tr\u00e0ng, m\u00e1t gan, h\u1ea1 cholesterol, ch\u1ed1ng l\u00e3o h\u00f3a<\/li>\n<li>Ch\u1ee7 tr\u1ecb c\u00e1c b\u1ec7nh nh\u01b0 vi\u00eam kh\u1edbp, c\u1ea3m m\u1ea1o, \u0111\u00e1i th\u00e1o \u0111\u01b0\u1eddng v\u00e0 huy\u1ebft \u00e1p cao<\/li>\n<\/ul>","protected":false},"excerpt":{"rendered":"<p>Th\u1ea1ch An &#8211; Th\u1ea1ch \u0111en Cao B\u1eb1ng\u00a0\u0110\u01b0\u1ee3c s\u1ea3n xu\u1ea5t ho\u00e0n to\u00e0n t\u1eeb nguy\u00ean li\u1ec7u t\u1ef1 nhi\u00ean c\u00e2y th\u1ea1ch \u0111en c\u1ee7a<\/p>","protected":false},"featured_media":7529,"comment_status":"open","ping_status":"closed","template":"","meta":{"_acf_changed":false},"product_cat":[314,366,367,22,313],"product_tag":[],"class_list":{"0":"post-7520","1":"product","2":"type-product","3":"status-publish","4":"has-post-thumbnail","6":"product_cat-do-an-nhanh","7":"product_cat-hang-cnnt-cap-qg","8":"product_cat-hang-cnnt-cap-qg-2023","9":"product_cat-sanphamthucpham","10":"product_cat-thuc-pham-che-bien","12":"first","13":"instock","14":"shipping-taxable","15":"purchasable","16":"product-type-simple"},"acf":[],"_links":{"self":[{"href":"https:\/\/b2c.fairs.vn\/en\/wp-json\/wp\/v2\/product\/7520","targetHints":{"allow":["GET"]}}],"collection":[{"href":"https:\/\/b2c.fairs.vn\/en\/wp-json\/wp\/v2\/product"}],"about":[{"href":"https:\/\/b2c.fairs.vn\/en\/wp-json\/wp\/v2\/types\/product"}],"replies":[{"embeddable":true,"href":"https:\/\/b2c.fairs.vn\/en\/wp-json\/wp\/v2\/comments?post=7520"}],"version-history":[{"count":0,"href":"https:\/\/b2c.fairs.vn\/en\/wp-json\/wp\/v2\/product\/7520\/revisions"}],"wp:featuredmedia":[{"embeddable":true,"href":"https:\/\/b2c.fairs.vn\/en\/wp-json\/wp\/v2\/media\/7529"}],"wp:attachment":[{"href":"https:\/\/b2c.fairs.vn\/en\/wp-json\/wp\/v2\/media?parent=7520"}],"wp:term":[{"taxonomy":"product_cat","embeddable":true,"href":"https:\/\/b2c.fairs.vn\/en\/wp-json\/wp\/v2\/product_cat?post=7520"},{"taxonomy":"product_tag","embeddable":true,"href":"https:\/\/b2c.fairs.vn\/en\/wp-json\/wp\/v2\/product_tag?post=7520"}],"curies":[{"name":"wp","href":"https:\/\/api.w.org\/{rel}","templated":true}]}}