{"id":7508,"date":"2024-03-22T14:31:12","date_gmt":"2024-03-22T07:31:12","guid":{"rendered":"https:\/\/b2c.fairs.vn\/?post_type=product&#038;p=7508"},"modified":"2024-04-19T10:58:15","modified_gmt":"2024-04-19T03:58:15","slug":"siro-thach-an-boonghey-chai-300ml","status":"publish","type":"product","link":"https:\/\/b2c.fairs.vn\/en\/product\/siro-thach-an-boonghey-chai-300ml\/","title":{"rendered":"SIRO TH\u1ea0CH AN &#8211; Boonghey Chai 300ml"},"content":{"rendered":"<p><em>Siro th\u01b0\u1eddng \u0111\u01b0\u1ee3c bi\u1ebft t\u1edbi l\u00e0 h\u1ed7n h\u1ee3p \u0111\u01b0\u1ee3c l\u00e0m t\u1eeb nhi\u1ec1u lo\u1ea1i tr\u00e1i c\u00e2y. SIRO c\u1ee7aTH\u1ea0CH AN th\u00ec l\u1ea1i kh\u00e1c. \u0110\u00f3 l\u00e0 d\u1ea1ng th\u1ea1ch non, th\u1ea1ch m\u1ec1m, l\u00e0 s\u1ef1 k\u1ebft h\u1ee3p tinh t\u00fay t\u1eeb nguy\u00ean li\u1ec7u R\u1eeaNG v\u00e0 BI\u1ec2N: th\u1ea1ch \u0111en v\u00e0 h\u1ea1t chia.\u00a0<strong>Siro TH\u1ea0CH AN<\/strong>\u00a0mang l\u1ea1i cho th\u1ef1c kh\u00e1ch th\u1ee9c u\u1ed1ng b\u1ed5 d\u01b0\u1ee1ng, thanh m\u00e1t. S\u1ea3n ph\u1ea9m gi\u00fap m\u00e1t gan, c\u1ef1c nhu\u1eadn tr\u00e0ng, l\u1ee3i ti\u1ec3u v\u00e0 b\u1ed5 d\u01b0\u1ee1ng. \u0110\u1eb7c bi\u1ec7t khi u\u1ed1ng l\u1ea1nh mix v\u1edbi g\u00f3i s\u1eefa c\u1ed1t d\u1eeba u\u1ed1ng ngon m\u00ea ly.<\/em><\/p>\n<h2>V\u00ec sao Siro TH\u1ea0CH AN l\u1ea1i t\u1ed1t cho s\u1ee9c kh\u1ecfe?<\/h2>\n<p>Th\u00e0nh ph\u1ea7n ch\u00ednh t\u1ea1o ra nh\u1eefng ly Siro c\u1ee7a TH\u1ea0CH AN th\u01a1m ngon, b\u1ed5 d\u01b0\u1ee1ng g\u1ed3m: C\u1ed1t th\u1ea1ch \u0111en, rong bi\u1ec3n v\u00e0 h\u1ea1t chia.<\/p>\n<p>Nh\u01b0 ch\u00fang ta \u0111\u00e3 bi\u1ebft, th\u1ea1ch \u0111en \u0111\u01b0\u1ee3c l\u00e0m t\u1eeb nguy\u00ean li\u1ec7u ch\u00ednh l\u00e0 c\u00e2y th\u1ea1ch \u0111en. L\u00e0 c\u00e2y th\u1ea3o d\u01b0\u1ee3c qu\u00fd c\u1ee7a n\u00fai r\u1eebng \u0110\u00f4ng B\u1eafc. Qua qu\u00e1 tr\u00ecnh ch\u1ebf bi\u1ebfn c\u1ea9n th\u1eadn, t\u1ea5t c\u1ea3 c\u00e1c c\u00f4ng \u0111o\u1ea1n \u0111\u1ec1 \u0111\u01b0\u1ee3c ki\u1ec3m tra k\u1ef9 c\u00e0ng. Th\u1ea1ch \u0111en TH\u1ea0CH AN l\u00e0 s\u1ea3n ph\u1ea9m ho\u00e0n to\u00e0n t\u1ef1 nhi\u00ean, lu\u00f4n \u0111\u1ea3m b\u1ea3o v\u1ec7 sinh an to\u00e0n.<\/p>\n<p>H\u1ea1t chia l\u00e0 lo\u1ea1i ng\u0169 c\u1ed1c gi\u00e0u dinh d\u01b0\u1ee1ng, r\u1ea5t t\u1ed1t cho s\u1ee9c kh\u1ecfe. Rong bi\u1ec3n l\u00e0 ngu\u1ed3n cung c\u1ea5p ch\u1ea5t x\u01a1 tuy\u1ec7t v\u1eddi, \u0111\u00f3ng vai tr\u00f2 quan tr\u1ecdng v\u1edbi s\u1ee9c kh\u1ecfe h\u1ec7 ti\u00eau h\u00f3a. Ngo\u00e0i ra rong bi\u1ec3n c\u0169ng ch\u1ee9a nhi\u1ec1u canxi v\u00e0 c\u00e1c kho\u00e1ng ch\u1ea5t c\u1ea7n thi\u1ebft c\u00f3 t\u00e1c d\u1ee5ng hi\u1ec7u qu\u1ea3 trong vi\u1ec7c \u1ed5n \u0111\u1ecbnh huy\u1ebft \u00e1p.<\/p>\n<p>Ch\u00ednh t\u1eeb nh\u1eefng nguy\u00ean li\u1ec7u qu\u00fd c\u1ee7a t\u1ef1 nhi\u00ean n\u00e0y, Caobangfood \u0111\u00e3 k\u1ebft h\u1ee3p gi\u1eefa Th\u1ea1ch \u0111en v\u00e0 rong bi\u1ec3n h\u1ea1t chia \u0111\u1ec3 t\u1ea1o ra 1 s\u1ea3n ph\u1ea9m m\u1edbi si\u00eau hot:\u00a0<strong>SIRO TH\u1ea0CH AN<\/strong><\/p>\n<h3>Ti\u00eau ch\u00ed c\u1ee7a ch\u00fang t\u00f4i<\/h3>\n<p>Nh\u1eb1m mang \u0111\u1ebfn cho ng\u01b0\u1eddi ti\u00eau d\u00f9ng 1 lu\u1ed3ng gi\u00f3 m\u1edbi trong ng\u00e0nh s\u1ea3n xu\u1ea5t \u0111\u1ed3 u\u1ed1ng. Th\u1ef1c ph\u1ea9m s\u1ea1ch ho\u00e0n to\u00e0n t\u1eeb nguy\u00ean li\u1ec7u t\u1ef1 nhi\u00ean, kh\u00f4ng ph\u1ee5 gia, kh\u00f4ng ch\u1ea5t b\u1ea3o qu\u1ea3n. V\u00e0 \u0111\u1eb7c bi\u1ec7t l\u00e0 r\u1ea5t t\u1ed1t cho s\u1ee9c kh\u1ecfe con ng\u01b0\u1eddi.<\/p>\n<p><strong>CAOBANGFOOD<\/strong>\u00a0lu\u00f4n \u0111i \u0111\u1ea7u trong nghi\u00ean c\u1ee9u s\u1ea3n xu\u1ea5t c\u00e1c s\u1ea3n ph\u1ea9m v\u1ec1 Th\u1ea1ch \u0111en s\u01b0\u01a1ng s\u00e1o. Siro TH\u1ea0CH AN c\u0169ng l\u00e0 s\u1ea3n ph\u1ea9m ti\u00ean phong cho n\u01b0\u1edbc u\u1ed1ng \u0111\u00f3ng chai v\u1ec1 th\u1ea1ch. Lu\u1ed3ng gi\u00f3 ho\u00e0n to\u00e0n m\u1edbi cho ng\u00e0nh \u0111\u1ed3 u\u1ed1ng t\u1eeb nguy\u00ean li\u1ec7u t\u1ef1 nhi\u00ean. Kh\u00f4ng ch\u1ec9 \u0111\u1ec3 gi\u1ea3i kh\u00e1t m\u00e0 c\u00f2n v\u00f4 c\u00f9ng t\u1ed1t cho s\u1ee9c kh\u1ecfe ng\u01b0\u1eddi d\u00f9ng.<\/p>\n<p>SIRO TH\u1ea0CH AN ho\u00e0n to\u00e0n \u0111\u00fang v\u1edbi Slogan: Xu h\u01b0\u1edbng xanh \u2013 l\u1ef1a ch\u1ecdn an l\u00e0nh!<\/p>","protected":false},"excerpt":{"rendered":"<p>Siro th\u01b0\u1eddng \u0111\u01b0\u1ee3c bi\u1ebft t\u1edbi l\u00e0 h\u1ed7n h\u1ee3p \u0111\u01b0\u1ee3c l\u00e0m t\u1eeb nhi\u1ec1u lo\u1ea1i tr\u00e1i c\u00e2y. SIRO c\u1ee7aTH\u1ea0CH AN th\u00ec l\u1ea1i<\/p>","protected":false},"featured_media":7514,"comment_status":"open","ping_status":"closed","template":"","meta":{"_acf_changed":false},"product_cat":[314,366,367,22,313],"product_tag":[],"class_list":{"0":"post-7508","1":"product","2":"type-product","3":"status-publish","4":"has-post-thumbnail","6":"product_cat-do-an-nhanh","7":"product_cat-hang-cnnt-cap-qg","8":"product_cat-hang-cnnt-cap-qg-2023","9":"product_cat-sanphamthucpham","10":"product_cat-thuc-pham-che-bien","12":"first","13":"instock","14":"shipping-taxable","15":"purchasable","16":"product-type-simple"},"acf":[],"_links":{"self":[{"href":"https:\/\/b2c.fairs.vn\/en\/wp-json\/wp\/v2\/product\/7508","targetHints":{"allow":["GET"]}}],"collection":[{"href":"https:\/\/b2c.fairs.vn\/en\/wp-json\/wp\/v2\/product"}],"about":[{"href":"https:\/\/b2c.fairs.vn\/en\/wp-json\/wp\/v2\/types\/product"}],"replies":[{"embeddable":true,"href":"https:\/\/b2c.fairs.vn\/en\/wp-json\/wp\/v2\/comments?post=7508"}],"version-history":[{"count":0,"href":"https:\/\/b2c.fairs.vn\/en\/wp-json\/wp\/v2\/product\/7508\/revisions"}],"wp:featuredmedia":[{"embeddable":true,"href":"https:\/\/b2c.fairs.vn\/en\/wp-json\/wp\/v2\/media\/7514"}],"wp:attachment":[{"href":"https:\/\/b2c.fairs.vn\/en\/wp-json\/wp\/v2\/media?parent=7508"}],"wp:term":[{"taxonomy":"product_cat","embeddable":true,"href":"https:\/\/b2c.fairs.vn\/en\/wp-json\/wp\/v2\/product_cat?post=7508"},{"taxonomy":"product_tag","embeddable":true,"href":"https:\/\/b2c.fairs.vn\/en\/wp-json\/wp\/v2\/product_tag?post=7508"}],"curies":[{"name":"wp","href":"https:\/\/api.w.org\/{rel}","templated":true}]}}