{"id":7495,"date":"2024-03-22T14:14:43","date_gmt":"2024-03-22T07:14:43","guid":{"rendered":"https:\/\/b2c.fairs.vn\/?post_type=product&#038;p=7495"},"modified":"2024-04-19T13:38:29","modified_gmt":"2024-04-19T06:38:29","slug":"den-shiva","status":"publish","type":"product","link":"https:\/\/b2c.fairs.vn\/en\/product\/den-shiva\/","title":{"rendered":"\u0110\u00e8n Shiva"},"content":{"rendered":"<p>Trong ba v\u1ecb tam th\u1ebf Shiva l\u00e0 v\u1ecb th\u1ea7n t\u1ed1i cao, h\u1ee7y di\u1ec7t c\u00e1i c\u0169 t\u1ea1o ra c\u00e1i m\u1edbi theo quy lu\u1eadt b\u1ea3o to\u00e0n. \u0110\u00e8n Shiva, ch\u1ea5t li\u1ec7u \u0111\u1ea5t nung, \u0111\u1ea5t s\u00e9t (clay)\u0111\u1eb7c bi\u1ec7t t\u1eeb v\u00f9ng Nu lanh huy\u1ec1n tho\u1ea1i, k\u1ebft h\u1ee3p v\u1edbi c\u00e1t m\u1ecbn( nice sand) s\u00f4ng Quao l\u00e0ng g\u1ed1m B\u00e0u Tr\u00fac, t\u1ea1o n\u00ean m\u1ed9t tuy\u1ec7t t\u00e1c qua \u0111\u00f4i b\u00e0n tay t\u00e0i hoa ngh\u1ec7 nh\u00e2n d\u1ec7t n\u00ean b\u1edfi l\u1eeda v\u00e0 gi\u00f3. \u0110\u00e2y l\u00e0 t\u00e1c ph\u1ea9m \u0111\u1ea1t gi\u1ea3i c\u1ea5p t\u1ec9nh s\u1ea3n ph\u1ea9m n\u00f4ng th\u00f4n ti\u00eau bi\u1ec3u n\u0103m 2021.<\/p>\n<p>Li\u00ean h\u1ec7 mua h\u00e0ng qua hotline: 083 314 9557<\/p>","protected":false},"excerpt":{"rendered":"<p>Trong ba v\u1ecb tam th\u1ebf Shiva l\u00e0 v\u1ecb th\u1ea7n t\u1ed1i cao, h\u1ee7y di\u1ec7t c\u00e1i c\u0169 t\u1ea1o ra c\u00e1i m\u1edbi theo<\/p>","protected":false},"featured_media":7505,"comment_status":"open","ping_status":"closed","template":"","meta":{"_acf_changed":false},"product_cat":[366,367,336,337,397],"product_tag":[],"class_list":{"0":"post-7495","1":"product","2":"type-product","3":"status-publish","4":"has-post-thumbnail","6":"product_cat-hang-cnnt-cap-qg","7":"product_cat-hang-cnnt-cap-qg-2023","8":"product_cat-san-pham-thu-cong-my-nghe","9":"product_cat-thu-cong-my-nghe-gia-dung-trang-tri","10":"product_cat-thu-cong-my-nghe-khac","12":"first","13":"instock","14":"shipping-taxable","15":"product-type-simple"},"acf":[],"_links":{"self":[{"href":"https:\/\/b2c.fairs.vn\/en\/wp-json\/wp\/v2\/product\/7495","targetHints":{"allow":["GET"]}}],"collection":[{"href":"https:\/\/b2c.fairs.vn\/en\/wp-json\/wp\/v2\/product"}],"about":[{"href":"https:\/\/b2c.fairs.vn\/en\/wp-json\/wp\/v2\/types\/product"}],"replies":[{"embeddable":true,"href":"https:\/\/b2c.fairs.vn\/en\/wp-json\/wp\/v2\/comments?post=7495"}],"version-history":[{"count":0,"href":"https:\/\/b2c.fairs.vn\/en\/wp-json\/wp\/v2\/product\/7495\/revisions"}],"wp:featuredmedia":[{"embeddable":true,"href":"https:\/\/b2c.fairs.vn\/en\/wp-json\/wp\/v2\/media\/7505"}],"wp:attachment":[{"href":"https:\/\/b2c.fairs.vn\/en\/wp-json\/wp\/v2\/media?parent=7495"}],"wp:term":[{"taxonomy":"product_cat","embeddable":true,"href":"https:\/\/b2c.fairs.vn\/en\/wp-json\/wp\/v2\/product_cat?post=7495"},{"taxonomy":"product_tag","embeddable":true,"href":"https:\/\/b2c.fairs.vn\/en\/wp-json\/wp\/v2\/product_tag?post=7495"}],"curies":[{"name":"wp","href":"https:\/\/api.w.org\/{rel}","templated":true}]}}