{"id":7445,"date":"2024-03-22T11:50:41","date_gmt":"2024-03-22T04:50:41","guid":{"rendered":"https:\/\/b2c.fairs.vn\/?post_type=product&#038;p=7445"},"modified":"2024-04-19T11:00:43","modified_gmt":"2024-04-19T04:00:43","slug":"thach-den-tran-chau-thach-an-280g","status":"publish","type":"product","link":"https:\/\/b2c.fairs.vn\/en\/product\/thach-den-tran-chau-thach-an-280g\/","title":{"rendered":"Th\u1ea1ch \u0111en tr\u00e2n ch\u00e2u Th\u1ea1ch An 280g"},"content":{"rendered":"<p class=\"mb-4\">Th\u1ea1ch tr\u00e2n ch\u00e2u TH\u1ea0CH AN \u0111\u01b0\u1ee3c ch\u1ebf bi\u1ebfn theo c\u00f4ng th\u1ee9c gia truy\u1ec1n, t\u1eeb nguy\u00ean li\u1ec7u t\u1ef1 nhi\u00ean kh\u00f4ng ch\u1ea5t b\u1ea3o qu\u1ea3n. Ch\u00ednh v\u00ec v\u1eady t\u1ea5t c\u1ea3 c\u00e1c b\u01b0\u1edbc \u0111\u1ec1u c\u1ea9n th\u1eadn t\u1eebng ch\u00fat m\u1ed9t.<\/p>\n<p class=\"mb-4\">Th\u1ea1ch \u0111en tr\u00e2n ch\u00e2u TH\u1ea0CH AN lu\u00f4n \u0111\u1eb7t v\u1ea5n \u0111\u1ec1 \u0111\u1ea3m b\u1ea3o v\u1ec7 sinh an to\u00e0n th\u1ef1c ph\u1ea9m l\u00ean h\u00e0ng \u0111\u1ea7u. D\u00e2y chuy\u1ec1n s\u1ea3n xu\u1ea5t th\u1ea1ch t\u1ef1 \u0111\u1ed9ng h\u00f3a \u0111\u01b0\u1ee3c kh\u00e9p k\u00edn. Quy tr\u00ecnh s\u1ea3n xu\u1ea5t 1 chi\u1ec1u n\u00ean \u0111\u1ea3m b\u1ea3o kh\u00f4ng c\u00f3 g\u00ec c\u00f3 th\u1ec3 x\u00e2m nh\u1eadp v\u00e0o \u0111\u01b0\u1ee3c b\u00ean trong.<\/p>\n<div class=\"section-title-product\">\n<p class=\"display-5 wow fadeInRight\"><strong>Nh\u1eefng l\u1ee3i \u00edch c\u1ee7a Th\u1ea1ch \u0111en tr\u00e2n ch\u00e2u:<\/strong><\/p>\n<\/div>\n<div>\n<ul>\n<li class=\"wow fadeInLeft\" data-wow-delay=\"0.1s\"><i class=\"fas fa-check fa-lg\"><\/i>\u00a0Thanh nhi\u1ec7t gi\u1ea3i \u0111\u1ed9c<\/li>\n<li class=\"wow fadeInLeft\" data-wow-delay=\"0.2s\"><i class=\"fas fa-check fa-lg\"><\/i>\u00a0H\u1ea1 cholesterol v\u00e0 ch\u1ed1ng l\u00e3o h\u00f3a<\/li>\n<li class=\"wow fadeInLeft\" data-wow-delay=\"0.3s\"><i class=\"fas fa-check fa-lg\"><\/i>\u00a0L\u1ee3i ti\u1ec3u<\/li>\n<li class=\"wow fadeInLeft\" data-wow-delay=\"0.4s\"><i class=\"fas fa-check fa-lg\"><\/i>\u00a0M\u00e1t gan<\/li>\n<li class=\"wow fadeInLeft\" data-wow-delay=\"0.5s\"><i class=\"fas fa-check fa-lg\"><\/i>\u00a0Kh\u1ecfi t\u00e1o b\u00f3n<\/li>\n<\/ul>\n<\/div>","protected":false},"excerpt":{"rendered":"<p>Th\u1ea1ch tr\u00e2n ch\u00e2u TH\u1ea0CH AN \u0111\u01b0\u1ee3c ch\u1ebf bi\u1ebfn theo c\u00f4ng th\u1ee9c gia truy\u1ec1n, t\u1eeb nguy\u00ean li\u1ec7u t\u1ef1 nhi\u00ean kh\u00f4ng ch\u1ea5t<\/p>","protected":false},"featured_media":7446,"comment_status":"open","ping_status":"closed","template":"","meta":{"_acf_changed":false},"product_cat":[314,366,367,22,313],"product_tag":[],"class_list":{"0":"post-7445","1":"product","2":"type-product","3":"status-publish","4":"has-post-thumbnail","6":"product_cat-do-an-nhanh","7":"product_cat-hang-cnnt-cap-qg","8":"product_cat-hang-cnnt-cap-qg-2023","9":"product_cat-sanphamthucpham","10":"product_cat-thuc-pham-che-bien","12":"first","13":"instock","14":"shipping-taxable","15":"purchasable","16":"product-type-simple"},"acf":[],"_links":{"self":[{"href":"https:\/\/b2c.fairs.vn\/en\/wp-json\/wp\/v2\/product\/7445","targetHints":{"allow":["GET"]}}],"collection":[{"href":"https:\/\/b2c.fairs.vn\/en\/wp-json\/wp\/v2\/product"}],"about":[{"href":"https:\/\/b2c.fairs.vn\/en\/wp-json\/wp\/v2\/types\/product"}],"replies":[{"embeddable":true,"href":"https:\/\/b2c.fairs.vn\/en\/wp-json\/wp\/v2\/comments?post=7445"}],"version-history":[{"count":0,"href":"https:\/\/b2c.fairs.vn\/en\/wp-json\/wp\/v2\/product\/7445\/revisions"}],"wp:featuredmedia":[{"embeddable":true,"href":"https:\/\/b2c.fairs.vn\/en\/wp-json\/wp\/v2\/media\/7446"}],"wp:attachment":[{"href":"https:\/\/b2c.fairs.vn\/en\/wp-json\/wp\/v2\/media?parent=7445"}],"wp:term":[{"taxonomy":"product_cat","embeddable":true,"href":"https:\/\/b2c.fairs.vn\/en\/wp-json\/wp\/v2\/product_cat?post=7445"},{"taxonomy":"product_tag","embeddable":true,"href":"https:\/\/b2c.fairs.vn\/en\/wp-json\/wp\/v2\/product_tag?post=7445"}],"curies":[{"name":"wp","href":"https:\/\/api.w.org\/{rel}","templated":true}]}}