{"id":7437,"date":"2024-03-22T11:33:27","date_gmt":"2024-03-22T04:33:27","guid":{"rendered":"https:\/\/b2c.fairs.vn\/?post_type=product&#038;p=7437"},"modified":"2024-04-19T10:58:23","modified_gmt":"2024-04-19T03:58:23","slug":"goi-nguyen-lieu-thach-den-thach-an-tu-lam-tai-nha-200g","status":"publish","type":"product","link":"https:\/\/b2c.fairs.vn\/en\/product\/goi-nguyen-lieu-thach-den-thach-an-tu-lam-tai-nha-200g\/","title":{"rendered":"G\u00f3i nguy\u00ean li\u1ec7u th\u1ea1ch \u0111en Th\u1ea1ch An t\u1ef1 l\u00e0m t\u1ea1i nh\u00e0 (200g)"},"content":{"rendered":"<p>S\u1ea3n ph\u1ea9m r\u1ea5t ti\u1ec7n l\u1ee3i cho nh\u1eefng b\u1ea1n \u0111am m\u00ea n\u1ea5u n\u01b0\u1edbng. Th\u00edch t\u1ef1 tay ch\u1ebf bi\u1ebfn theo \u00fd th\u00edch c\u1ee7a m\u00ecnh.<\/p>\n<p>G\u00f3i nguy\u00ean li\u1ec7u c\u1ee7a TH\u1ea0CH AN 200g\/ g\u00f3i. 1 g\u00f3i c\u00f3 th\u1ec3 n\u1ea5u \u0111\u01b0\u1ee3c 1.8 \u2013 2.5kg th\u1ea1ch th\u00e0nh ph\u1ea9m. H\u1ea1n s\u1eed d\u1ee5ng l\u00e0 1 n\u0103m t\u1eeb ng\u00e0y s\u1ea3n xu\u1ea5t,d\u1ec5 v\u1eadn chuy\u1ec3n, b\u1ea3o qu\u1ea3n n\u01a1i kh\u00f4 r\u00e1o tho\u00e1ng m\u00e1t.<\/p>\n<h1 class=\"display-5 wow fadeInRight\">Nh\u1eefng l\u1ee3i \u00edch c\u1ee7a Th\u1ea1ch \u0111en &#8211; TH\u1ea0CH AN:<\/h1>\n<ul>\n<li>Nhu\u1eadn tr\u00e0ng, m\u00e1t gan, h\u1ea1 cholesterol, ch\u1ed1ng l\u00e3o h\u00f3a<\/li>\n<li>Ch\u1ee7 tr\u1ecb c\u00e1c b\u1ec7nh nh\u01b0 vi\u00eam kh\u1edbp, c\u1ea3m m\u1ea1o, \u0111\u00e1i th\u00e1o \u0111\u01b0\u1eddng v\u00e0 huy\u1ebft \u00e1p cao<\/li>\n<\/ul>","protected":false},"excerpt":{"rendered":"<p>S\u1ea3n ph\u1ea9m r\u1ea5t ti\u1ec7n l\u1ee3i cho nh\u1eefng b\u1ea1n \u0111am m\u00ea n\u1ea5u n\u01b0\u1edbng. Th\u00edch t\u1ef1 tay ch\u1ebf bi\u1ebfn theo \u00fd th\u00edch<\/p>","protected":false},"featured_media":7438,"comment_status":"open","ping_status":"closed","template":"","meta":{"_acf_changed":false},"product_cat":[314,366,367,22,313],"product_tag":[],"class_list":{"0":"post-7437","1":"product","2":"type-product","3":"status-publish","4":"has-post-thumbnail","6":"product_cat-do-an-nhanh","7":"product_cat-hang-cnnt-cap-qg","8":"product_cat-hang-cnnt-cap-qg-2023","9":"product_cat-sanphamthucpham","10":"product_cat-thuc-pham-che-bien","12":"first","13":"instock","14":"shipping-taxable","15":"purchasable","16":"product-type-simple"},"acf":[],"_links":{"self":[{"href":"https:\/\/b2c.fairs.vn\/en\/wp-json\/wp\/v2\/product\/7437","targetHints":{"allow":["GET"]}}],"collection":[{"href":"https:\/\/b2c.fairs.vn\/en\/wp-json\/wp\/v2\/product"}],"about":[{"href":"https:\/\/b2c.fairs.vn\/en\/wp-json\/wp\/v2\/types\/product"}],"replies":[{"embeddable":true,"href":"https:\/\/b2c.fairs.vn\/en\/wp-json\/wp\/v2\/comments?post=7437"}],"version-history":[{"count":0,"href":"https:\/\/b2c.fairs.vn\/en\/wp-json\/wp\/v2\/product\/7437\/revisions"}],"wp:featuredmedia":[{"embeddable":true,"href":"https:\/\/b2c.fairs.vn\/en\/wp-json\/wp\/v2\/media\/7438"}],"wp:attachment":[{"href":"https:\/\/b2c.fairs.vn\/en\/wp-json\/wp\/v2\/media?parent=7437"}],"wp:term":[{"taxonomy":"product_cat","embeddable":true,"href":"https:\/\/b2c.fairs.vn\/en\/wp-json\/wp\/v2\/product_cat?post=7437"},{"taxonomy":"product_tag","embeddable":true,"href":"https:\/\/b2c.fairs.vn\/en\/wp-json\/wp\/v2\/product_tag?post=7437"}],"curies":[{"name":"wp","href":"https:\/\/api.w.org\/{rel}","templated":true}]}}