{"id":7432,"date":"2024-03-22T11:07:39","date_gmt":"2024-03-22T04:07:39","guid":{"rendered":"https:\/\/b2c.fairs.vn\/?post_type=product&#038;p=7432"},"modified":"2024-04-19T11:00:17","modified_gmt":"2024-04-19T04:00:17","slug":"thach-an-thach-den-cao-bang-an-lien-950g","status":"publish","type":"product","link":"https:\/\/b2c.fairs.vn\/en\/product\/thach-an-thach-den-cao-bang-an-lien-950g\/","title":{"rendered":"TH\u1ea0CH AN &#8211; Th\u1ea1ch \u0111en Cao B\u1eb1ng (\u0103n li\u1ec1n) &#8211; 950g"},"content":{"rendered":"<p><em>Th\u1ea1ch \u0111en cao b\u1eb1ng 950 g l\u00e0 Th\u1ea1ch \u0111en c\u00f3 \u0111\u01b0\u1eddng, v\u1ecb ng\u1ecdt nh\u1eb9 c\u1ee7a \u0111\u01b0\u1eddng c\u00e1t v\u00e0ng thanh m\u00e1t. \u0110\u01b0\u1ee3c \u0111\u00f3ng v\u00e0o h\u1ed9p nh\u1ecf h\u01a1n ph\u00f9 h\u1ee3p v\u1edbi gia \u0111\u00ecnh 2-4 ng\u01b0\u1eddi c\u00f9ng \u0103n ho\u1eb7c 1 ng\u01b0\u1eddi \u0103n \u0111\u01b0\u1ee3c nhi\u1ec1u. D\u00f9ng l\u00e0m b\u1eefa ph\u1ee5 ho\u1eb7c b\u1eefa ch\u00ednh khi mu\u1ed1n gi\u1ea3m 1 b\u1eefa c\u01a1m trong ng\u00e0y ho\u1eb7c thay qu\u1ea3 \u0103n ch\u01a1i \u0103n tr\u00e1ng mi\u1ec7ng.<\/em><\/p>\n<p><img fetchpriority=\"high\" decoding=\"async\" class=\"alignnone wp-image-30968\" src=\"https:\/\/thachan.vn\/wp-content\/uploads\/2022\/02\/MG_6983-scaled.jpg\" sizes=\"(max-width: 685px) 100vw, 685px\" srcset=\"https:\/\/thachan.vn\/wp-content\/uploads\/2022\/02\/MG_6983-scaled.jpg 2560w, https:\/\/thachan.vn\/wp-content\/uploads\/2022\/02\/MG_6983-300x262.jpg 300w, https:\/\/thachan.vn\/wp-content\/uploads\/2022\/02\/MG_6983-1024x894.jpg 1024w, https:\/\/thachan.vn\/wp-content\/uploads\/2022\/02\/MG_6983-768x671.jpg 768w, https:\/\/thachan.vn\/wp-content\/uploads\/2022\/02\/MG_6983-1536x1341.jpg 1536w, https:\/\/thachan.vn\/wp-content\/uploads\/2022\/02\/MG_6983-2048x1788.jpg 2048w, https:\/\/thachan.vn\/wp-content\/uploads\/2022\/02\/MG_6983-600x524.jpg 600w, https:\/\/thachan.vn\/wp-content\/uploads\/2022\/02\/MG_6983-64x56.jpg 64w\" alt=\"th\u1ea1ch \u0111en \" width=\"685\" height=\"598\" \/><\/p>\n<h2>C\u00f4ng d\u1ee5ng c\u1ee7a Th\u1ea1ch \u0111en TH\u1ea0CH AN<\/h2>\n<h4>C\u00f4ng d\u1ee5ng c\u00e2y th\u1ea1ch \u0111en<\/h4>\n<p>\u0110\u01b0\u1ee3c s\u1ea3n xu\u1ea5t ho\u00e0n to\u00e0n t\u1eeb nguy\u00ean li\u1ec7u t\u1ef1 nhi\u00ean. \u0110\u00f3 l\u00e0 c\u00e2y th\u1ea1ch \u0111en c\u1ee7a \u0110\u1ed3ng B\u00e0o d\u00e2n t\u1ed9c t\u1ec9nh Cao B\u1eb1ng, tr\u1ed3ng tr\u00ean n\u00fai m\u1ed7i n\u0103m ch\u1ec9 c\u00f3 1 v\u1ee5 th\u00f4i. Th\u00e0nh ph\u1ea7n s\u1ea3n xu\u1ea5t TH\u1ea0CH AN g\u1ed3m: N\u01b0\u1edbc, tinh ch\u1ea5t c\u1ee7a c\u00e2y th\u1ea1ch \u0111en kh\u00f4, \u0111\u01b0\u1eddng c\u00e1t v\u00e0ng, b\u1ed9t ( b\u1ed9t l\u1ecdc, b\u1ed9t n\u0103ng). C\u00e2y th\u1ea1ch \u0111en \u2013 t\u00ean khoa h\u1ecdc g\u1ecdi l\u00e0 c\u00e2y s\u01b0\u01a1ng s\u00e1o. Trong \u0111\u00f4ng y d\u00f9ng c\u00e2y th\u1ea1ch \u0111en l\u00e0m v\u1ecb thu\u1ed1c ch\u1eefa b\u1ec7nh ti\u1ec3u \u0111\u01b0\u1eddng, cao huy\u1ebft \u00e1p, an thai, ph\u00f2ng tr\u1ecb c\u1ea3m m\u1ea1o, ch\u1ed1ng oxy h\u00f3a, ph\u00f2ng ch\u1ed1ng ph\u00f3ng x\u1ea1 \u2026<\/p>\n<p>Khi c\u00e2y th\u1ea1ch \u0111en \u0111\u01b0\u1ee3c ch\u1ebf bi\u1ebfn th\u00e0nh cao, th\u00e0nh th\u1ea1ch \u0111en th\u1ef1c ph\u1ea9m b\u1eb1ng ho\u00e0n to\u00e0n nguy\u00ean li\u1ec7u t\u1ef1 nhi\u00ean (kh\u00f4ng s\u1eed d\u1ee5ng h\u00f3a ch\u1ea5t, ch\u1ea5t b\u1ea3o qu\u1ea3n) th\u00ec s\u1ea3n ph\u1ea9m gi\u1eef nguy\u00ean \u0111\u01b0\u1ee3c t\u00ednh th\u1ea3o d\u01b0\u1ee3c c\u1ee7a n\u00f3.<\/p>\n<h4>C\u00f4ng d\u1ee5ng c\u1ee7a th\u1ea1ch \u0111en TH\u1ea0CH AN<\/h4>\n<p>TH\u1ea0CH AN ph\u00f9 h\u1ee3p v\u1edbi m\u1ecdi \u0111\u1ed1i t\u01b0\u1ee3ng ( k\u1ec3 c\u1ea3 PN b\u1ea7u b\u00ed v\u00e0 trong th\u1eddi gian \u1edf c\u1eef). \u0102n TH\u1ea0CH AN h\u00e0ng ng\u00e0y th\u00ec gan m\u00e1t, nhu\u1eadn tr\u00e0ng, \u0111\u1eb9p da. Ng\u01b0\u1eddi b\u1ecb nhi\u1ec7t mi\u1ec7ng do n\u00f3ng gan \u0103n th\u1ea1ch \u0111\u1ebfn ng\u00e0y th\u1ee9 2 l\u00e0 mi\u1ec7ng kh\u00f4ng lo\u00e9t th\u00eam n\u1eefa. \u0102n th\u1ea1ch \u0111\u1ebfn ng\u00e0y th\u1ee9 3-4 s\u1ebd li\u1ec1n v\u1ebft lo\u00e9t trong mi\u1ec7ng. TH\u1ea0CH AN gi\u00fap kh\u1ecfi m\u1ea9n ng\u1ee9a do n\u00f3ng gan ho\u1eb7c m\u1ee5n tr\u1ee9ng c\u00e1\u00a0 tu\u1ed5i d\u1eady th\u00ec. N\u1ebfu \u0103n TH\u1ea0CH AN 7-10 ng\u00e0y s\u1ebd gi\u1ea3m h\u1eb3n m\u1ee5n tr\u1ee9ng c\u00e1. Tu\u1ed5i d\u1eady th\u00ec c\u01a1 th\u1ec3 ph\u00e1t tri\u1ec3n nhanh, gan n\u00f3ng, \u0103n u\u1ed1ng h\u1ee3p l\u00fd s\u1ebd t\u1ed1t cho da.<\/p>\n<p>Tr\u1ebb em \u0111ang b\u1ecb b\u1ec7nh ch\u00e2n tay mi\u1ec7ng, l\u1edf lo\u00e9t mi\u1ec7ng th\u00ec xay nhuy\u1ec5n TH\u1ea0CH AN cho con u\u1ed1ng s\u1ebd h\u1ed7 tr\u1ee3 khi ch\u1eefa b\u1ec7nh. Khi u\u1ed1ng thu\u1ed1c t\u00e2y l\u00e0m n\u00f3ng gan, c\u00f3\u00a0<a href=\"https:\/\/thachan.vn\/\">TH\u1ea0CH AN<\/a>\u00a0s\u1ebd r\u1ea5t m\u00e1t gan. Ng\u01b0\u1eddi cao huy\u1ebft \u00e1p \u0103n TH\u1ea0CH AN h\u00e0ng ng\u00e0y s\u1ebd r\u1ea5t t\u1ed1t cho huy\u1ebft \u00e1p v\u00e0 ng\u01b0\u1eddi b\u1ecb m\u1ee1 m\u00e1u . S\u1ea3n ph\u1ea9m\u00a0<a href=\"https:\/\/www.facebook.com\/thachan.caobangfood?locale=vi_VN\">TH\u1ea0CH AN<\/a>\u00a0gi\u00fap gi\u1ea3m c\u00e2n hi\u1ec7u qu\u1ea3<\/p>\n<h3>C\u00e1ch d\u00f9ng:<\/h3>\n<p>\u0102n tr\u1ef1c ti\u1ebfp ho\u1eb7c th\u00e1i nh\u1ecf h\u1ea1t l\u1ef1u r\u1ed3i l\u00e0m nh\u01b0 sau: Pha u\u1ed1ng v\u1edbi n\u01b0\u1edbc \u0111\u01b0\u1eddng c\u00e1t v\u00e0ng cho 1-2 gi\u1ecdt d\u1ea7u chu\u1ed1i v\u00e0 \u0111\u00e1 vi\u00ean r\u1ea5t thanh m\u00e1t. Th\u1ea1ch \u0103n v\u1edbi s\u1eefa t\u01b0\u01a1i, s\u1eefa \u0111\u1eadu n\u00e0nh, s\u1eefa \u0111\u1eb7c cho th\u00eam ch\u00fat c\u1ed1t d\u1eeba \u0103n b\u00e9o ng\u1eady. Ho\u1eb7c c\u00f3 th\u1ec3 d\u00f9ng v\u1edbi t\u00e0o ph\u1edb, ch\u00e8 \u0111\u1ed7 \u0111en, ho\u1eb7c v\u1edbi hoa qu\u1ea3 xay sinh t\u1ed1 u\u1ed1ng thanh m\u00e1t. Th\u1ea1ch u\u1ed1ng v\u1edbi n\u01b0\u1edbc \u0111\u01b0\u1eddng v\u1eaft chanh qu\u1ea5t, n\u01b0\u1edbc d\u1eeba\u2026.<\/p>\n<h3><strong>L\u01b0u \u00fd:<\/strong><\/h3>\n<p>S\u1ea3n ph\u1ea9m b\u1ea3o qu\u1ea3n b\u1eb1ng nhi\u1ec7t \u0111\u1ed9 l\u1ea1nh ( kh\u00f4ng ch\u1ea5t b\u1ea3o qu\u1ea3n ), t\u1ee7 l\u1ea1nh n\u00ean \u0111\u1ec3 t\u1eeb 2-5 \u0111\u1ed9. S\u1ea3n ph\u1ea9m d\u1ec5 m\u1ed1c n\u1ebfu b\u1ea3o qu\u1ea3n kh\u00f4ng \u0111\u1ea3m b\u1ea3o. V\u00ec b\u1ea3n th\u00e2n c\u00e1c th\u00e0nh ph\u1ea7n t\u1ea1o n\u00ean s\u1ea3n ph\u1ea9m \u0111\u1ec1u l\u00e0 ch\u1ea5t d\u1ec5 l\u00ean men. N\u1ebfu g\u1eb7p nhi\u1ec7t \u0111\u1ed9 ph\u00f9 h\u1ee3p ch\u00fang s\u1ebd l\u00ean men m\u1ed1c.<\/p>","protected":false},"excerpt":{"rendered":"<p>Th\u1ea1ch \u0111en cao b\u1eb1ng 950 g l\u00e0 Th\u1ea1ch \u0111en c\u00f3 \u0111\u01b0\u1eddng, v\u1ecb ng\u1ecdt nh\u1eb9 c\u1ee7a \u0111\u01b0\u1eddng c\u00e1t v\u00e0ng thanh m\u00e1t.<\/p>","protected":false},"featured_media":7433,"comment_status":"open","ping_status":"closed","template":"","meta":{"_acf_changed":false},"product_cat":[314,366,367,22,313],"product_tag":[],"class_list":{"0":"post-7432","1":"product","2":"type-product","3":"status-publish","4":"has-post-thumbnail","6":"product_cat-do-an-nhanh","7":"product_cat-hang-cnnt-cap-qg","8":"product_cat-hang-cnnt-cap-qg-2023","9":"product_cat-sanphamthucpham","10":"product_cat-thuc-pham-che-bien","12":"first","13":"instock","14":"shipping-taxable","15":"purchasable","16":"product-type-simple"},"acf":[],"_links":{"self":[{"href":"https:\/\/b2c.fairs.vn\/en\/wp-json\/wp\/v2\/product\/7432","targetHints":{"allow":["GET"]}}],"collection":[{"href":"https:\/\/b2c.fairs.vn\/en\/wp-json\/wp\/v2\/product"}],"about":[{"href":"https:\/\/b2c.fairs.vn\/en\/wp-json\/wp\/v2\/types\/product"}],"replies":[{"embeddable":true,"href":"https:\/\/b2c.fairs.vn\/en\/wp-json\/wp\/v2\/comments?post=7432"}],"version-history":[{"count":0,"href":"https:\/\/b2c.fairs.vn\/en\/wp-json\/wp\/v2\/product\/7432\/revisions"}],"wp:featuredmedia":[{"embeddable":true,"href":"https:\/\/b2c.fairs.vn\/en\/wp-json\/wp\/v2\/media\/7433"}],"wp:attachment":[{"href":"https:\/\/b2c.fairs.vn\/en\/wp-json\/wp\/v2\/media?parent=7432"}],"wp:term":[{"taxonomy":"product_cat","embeddable":true,"href":"https:\/\/b2c.fairs.vn\/en\/wp-json\/wp\/v2\/product_cat?post=7432"},{"taxonomy":"product_tag","embeddable":true,"href":"https:\/\/b2c.fairs.vn\/en\/wp-json\/wp\/v2\/product_tag?post=7432"}],"curies":[{"name":"wp","href":"https:\/\/api.w.org\/{rel}","templated":true}]}}