{"id":7376,"date":"2024-03-22T09:57:06","date_gmt":"2024-03-22T02:57:06","guid":{"rendered":"https:\/\/b2c.fairs.vn\/?post_type=product&#038;p=7376"},"modified":"2024-03-22T09:57:06","modified_gmt":"2024-03-22T02:57:06","slug":"snack-cacao-chips-vi-gung","status":"publish","type":"product","link":"https:\/\/b2c.fairs.vn\/en\/product\/snack-cacao-chips-vi-gung\/","title":{"rendered":"Snack Cacao Chips \u2013 V\u1ecb G\u1eebng"},"content":{"rendered":"<div id=\"messageView\" class=\"message-view\" tabindex=\"21\">\n<div id=\"messageViewContainer\" class=\"message-view__scroll\">\n<div id=\"messageViewScroll\" class=\"message-view__scroll__inner fadeInAndOut\">\n<div class=\"chat-item flx\">\n<div class=\"chat-content flx flx-col flx-cell\">\n<div id=\"bb_msg_id_1648106769672\" class=\"chat-message wrap-message rotate-container -send-time\" data-node-type=\"bubble-message\">\n<div class=\"\">\n<div class=\"card pin-react last-msg card--text\" data-id=\"div_LastReceivedMsg_Text\">\n<p>S\u1ea3n ph\u1ea9m \u201c\u0102n v\u1eb7t\u201d \u0111\u1ed9c \u0111\u00e1o \u0111\u1ebfn t\u1eeb OCA. \u0110\u00e2y l\u00e0 s\u1ea3n ph\u1ea9m \u0111\u01b0\u1ee3c k\u1ebft h\u1ee3p t\u1eeb h\u1ea1t cacao nibs (Cacao ng\u00f2i) ph\u1ee7 l\u1edbp \u0111\u01b0\u1eddng b\u00ean ngo\u00e0i, b\u1ea1n s\u1ebd kh\u00e1 b\u1ea5t ng\u1edd khi th\u01b0\u1edfng th\u1ee9c s\u1ea3n ph\u1ea9m n\u00e0y. B\u1edfi k\u1ebft h\u1ee3p l\u1ea1i l\u00e0 h\u01b0\u01a1ng v\u1ecb gi\u00f2n, \u0111\u1eafng, chua nh\u1eb9 c\u1ee7a h\u1ea1t h\u1ea1t cacao nibs, nh\u1edd l\u00e0m \u0111\u01b0\u1eddng b\u00ean ngo\u00e0i l\u00e0m c\u00e1c h\u01b0\u01a1ng v\u1ecb \u0111\u1eafng, chua \u0111\u01b0\u1ee3c d\u1ecbu l\u1ea1i v\u00e0 t\u1ea1o n\u00ean m\u1ed9t h\u01b0\u01a1ng v\u1ecb m\u1edbi l\u1ea1.<\/p>\n<p><img fetchpriority=\"high\" decoding=\"async\" class=\"wp-image-2611 aligncenter lazyautosizes ls-is-cached lazyloaded\" src=\"https:\/\/ocacacao.com\/wp-content\/uploads\/2022\/05\/SP_-295-300x200.jpg\" sizes=\"713px\" srcset=\"https:\/\/ocacacao.com\/wp-content\/uploads\/2022\/05\/SP_-295-200x133.jpg 200w, https:\/\/ocacacao.com\/wp-content\/uploads\/2022\/05\/SP_-295-300x200.jpg 300w, https:\/\/ocacacao.com\/wp-content\/uploads\/2022\/05\/SP_-295-400x267.jpg 400w, https:\/\/ocacacao.com\/wp-content\/uploads\/2022\/05\/SP_-295-500x334.jpg 500w, https:\/\/ocacacao.com\/wp-content\/uploads\/2022\/05\/SP_-295-600x400.jpg 600w, https:\/\/ocacacao.com\/wp-content\/uploads\/2022\/05\/SP_-295-700x467.jpg 700w, https:\/\/ocacacao.com\/wp-content\/uploads\/2022\/05\/SP_-295-768x512.jpg 768w, https:\/\/ocacacao.com\/wp-content\/uploads\/2022\/05\/SP_-295-800x534.jpg 800w, https:\/\/ocacacao.com\/wp-content\/uploads\/2022\/05\/SP_-295-1024x683.jpg 1024w, https:\/\/ocacacao.com\/wp-content\/uploads\/2022\/05\/SP_-295-1200x800.jpg 1200w, https:\/\/ocacacao.com\/wp-content\/uploads\/2022\/05\/SP_-295-1536x1025.jpg 1536w\" alt=\"\" width=\"713\" height=\"475\" data-orig-src=\"https:\/\/ocacacao.com\/wp-content\/uploads\/2022\/05\/SP_-295-300x200.jpg\" data-srcset=\"https:\/\/ocacacao.com\/wp-content\/uploads\/2022\/05\/SP_-295-200x133.jpg 200w, https:\/\/ocacacao.com\/wp-content\/uploads\/2022\/05\/SP_-295-300x200.jpg 300w, https:\/\/ocacacao.com\/wp-content\/uploads\/2022\/05\/SP_-295-400x267.jpg 400w, https:\/\/ocacacao.com\/wp-content\/uploads\/2022\/05\/SP_-295-500x334.jpg 500w, https:\/\/ocacacao.com\/wp-content\/uploads\/2022\/05\/SP_-295-600x400.jpg 600w, https:\/\/ocacacao.com\/wp-content\/uploads\/2022\/05\/SP_-295-700x467.jpg 700w, https:\/\/ocacacao.com\/wp-content\/uploads\/2022\/05\/SP_-295-768x512.jpg 768w, https:\/\/ocacacao.com\/wp-content\/uploads\/2022\/05\/SP_-295-800x534.jpg 800w, https:\/\/ocacacao.com\/wp-content\/uploads\/2022\/05\/SP_-295-1024x683.jpg 1024w, https:\/\/ocacacao.com\/wp-content\/uploads\/2022\/05\/SP_-295-1200x800.jpg 1200w, https:\/\/ocacacao.com\/wp-content\/uploads\/2022\/05\/SP_-295-1536x1025.jpg 1536w\" data-sizes=\"auto\" data-orig-sizes=\"(max-width: 713px) 100vw, 713px\" \/><\/p>\n<\/div>\n<div class=\"card pin-react last-msg card--text\" data-id=\"div_LastReceivedMsg_Text\">Ngo\u00e0i s\u1ef1 k\u1ebft h\u1ee3p truy\u1ec1n th\u1ed1ng ch\u1ec9 c\u00f3 cacao n\u00edbs v\u00e0 \u0111\u01b0\u1eddng, OCA c\u00f2n k\u1ebft h\u1ee3p th\u00eam c\u00f9ng b\u1ed9t g\u1eebng, b\u1ed9t x\u00ed mu\u1ed9i, b\u1ed9t \u1edbt, b\u1ed9t qu\u1ebf \u0111\u1ec3 t\u1ea1o n\u00ean s\u1ef1 \u0111a d\u1ea1ng h\u01b0\u01a1ng v\u1ecb cho kh\u00e1ch h\u00e0ng l\u1ef1a ch\u1ecdn.<\/div>\n<div class=\"card pin-react last-msg card--text\" data-id=\"div_LastReceivedMsg_Text\">\n<table>\n<tbody>\n<tr>\n<td><img decoding=\"async\" class=\"size-medium wp-image-2615 aligncenter lazyautosizes ls-is-cached lazyloaded\" src=\"https:\/\/ocacacao.com\/wp-content\/uploads\/2022\/05\/Chip-tt-300x300.png\" sizes=\"190px\" srcset=\"https:\/\/ocacacao.com\/wp-content\/uploads\/2022\/05\/Chip-tt-66x66.png 66w, https:\/\/ocacacao.com\/wp-content\/uploads\/2022\/05\/Chip-tt-150x150.png 150w, https:\/\/ocacacao.com\/wp-content\/uploads\/2022\/05\/Chip-tt-200x200.png 200w, https:\/\/ocacacao.com\/wp-content\/uploads\/2022\/05\/Chip-tt-300x300.png 300w, https:\/\/ocacacao.com\/wp-content\/uploads\/2022\/05\/Chip-tt-400x400.png 400w, https:\/\/ocacacao.com\/wp-content\/uploads\/2022\/05\/Chip-tt-500x500.png 500w, https:\/\/ocacacao.com\/wp-content\/uploads\/2022\/05\/Chip-tt-600x600.png 600w, https:\/\/ocacacao.com\/wp-content\/uploads\/2022\/05\/Chip-tt-700x700.png 700w, https:\/\/ocacacao.com\/wp-content\/uploads\/2022\/05\/Chip-tt.png 750w\" alt=\"\" width=\"300\" height=\"300\" data-orig-src=\"https:\/\/ocacacao.com\/wp-content\/uploads\/2022\/05\/Chip-tt-300x300.png\" data-srcset=\"https:\/\/ocacacao.com\/wp-content\/uploads\/2022\/05\/Chip-tt-66x66.png 66w, https:\/\/ocacacao.com\/wp-content\/uploads\/2022\/05\/Chip-tt-150x150.png 150w, https:\/\/ocacacao.com\/wp-content\/uploads\/2022\/05\/Chip-tt-200x200.png 200w, https:\/\/ocacacao.com\/wp-content\/uploads\/2022\/05\/Chip-tt-300x300.png 300w, https:\/\/ocacacao.com\/wp-content\/uploads\/2022\/05\/Chip-tt-400x400.png 400w, https:\/\/ocacacao.com\/wp-content\/uploads\/2022\/05\/Chip-tt-500x500.png 500w, https:\/\/ocacacao.com\/wp-content\/uploads\/2022\/05\/Chip-tt-600x600.png 600w, https:\/\/ocacacao.com\/wp-content\/uploads\/2022\/05\/Chip-tt-700x700.png 700w, https:\/\/ocacacao.com\/wp-content\/uploads\/2022\/05\/Chip-tt.png 750w\" data-sizes=\"auto\" data-orig-sizes=\"(max-width: 300px) 100vw, 300px\" \/><\/td>\n<td><img decoding=\"async\" class=\"size-medium wp-image-2613 aligncenter lazyautosizes ls-is-cached lazyloaded\" src=\"https:\/\/ocacacao.com\/wp-content\/uploads\/2022\/05\/Chip-gung-300x300.png\" sizes=\"190px\" srcset=\"https:\/\/ocacacao.com\/wp-content\/uploads\/2022\/05\/Chip-gung-66x66.png 66w, https:\/\/ocacacao.com\/wp-content\/uploads\/2022\/05\/Chip-gung-150x150.png 150w, https:\/\/ocacacao.com\/wp-content\/uploads\/2022\/05\/Chip-gung-200x200.png 200w, https:\/\/ocacacao.com\/wp-content\/uploads\/2022\/05\/Chip-gung-300x300.png 300w, https:\/\/ocacacao.com\/wp-content\/uploads\/2022\/05\/Chip-gung-400x400.png 400w, https:\/\/ocacacao.com\/wp-content\/uploads\/2022\/05\/Chip-gung-500x500.png 500w, https:\/\/ocacacao.com\/wp-content\/uploads\/2022\/05\/Chip-gung-600x600.png 600w, https:\/\/ocacacao.com\/wp-content\/uploads\/2022\/05\/Chip-gung-700x700.png 700w, https:\/\/ocacacao.com\/wp-content\/uploads\/2022\/05\/Chip-gung.png 750w\" alt=\"\" width=\"300\" height=\"300\" data-orig-src=\"https:\/\/ocacacao.com\/wp-content\/uploads\/2022\/05\/Chip-gung-300x300.png\" data-srcset=\"https:\/\/ocacacao.com\/wp-content\/uploads\/2022\/05\/Chip-gung-66x66.png 66w, https:\/\/ocacacao.com\/wp-content\/uploads\/2022\/05\/Chip-gung-150x150.png 150w, https:\/\/ocacacao.com\/wp-content\/uploads\/2022\/05\/Chip-gung-200x200.png 200w, https:\/\/ocacacao.com\/wp-content\/uploads\/2022\/05\/Chip-gung-300x300.png 300w, https:\/\/ocacacao.com\/wp-content\/uploads\/2022\/05\/Chip-gung-400x400.png 400w, https:\/\/ocacacao.com\/wp-content\/uploads\/2022\/05\/Chip-gung-500x500.png 500w, https:\/\/ocacacao.com\/wp-content\/uploads\/2022\/05\/Chip-gung-600x600.png 600w, https:\/\/ocacacao.com\/wp-content\/uploads\/2022\/05\/Chip-gung-700x700.png 700w, https:\/\/ocacacao.com\/wp-content\/uploads\/2022\/05\/Chip-gung.png 750w\" data-sizes=\"auto\" data-orig-sizes=\"(max-width: 300px) 100vw, 300px\" \/><\/td>\n<td><img loading=\"lazy\" decoding=\"async\" class=\"size-medium wp-image-2614 aligncenter lazyautosizes ls-is-cached lazyloaded\" src=\"https:\/\/ocacacao.com\/wp-content\/uploads\/2022\/05\/Chip-que-300x300.png\" sizes=\"190px\" srcset=\"https:\/\/ocacacao.com\/wp-content\/uploads\/2022\/05\/Chip-que-66x66.png 66w, https:\/\/ocacacao.com\/wp-content\/uploads\/2022\/05\/Chip-que-150x150.png 150w, https:\/\/ocacacao.com\/wp-content\/uploads\/2022\/05\/Chip-que-200x200.png 200w, https:\/\/ocacacao.com\/wp-content\/uploads\/2022\/05\/Chip-que-300x300.png 300w, https:\/\/ocacacao.com\/wp-content\/uploads\/2022\/05\/Chip-que-400x400.png 400w, https:\/\/ocacacao.com\/wp-content\/uploads\/2022\/05\/Chip-que-500x500.png 500w, https:\/\/ocacacao.com\/wp-content\/uploads\/2022\/05\/Chip-que-600x600.png 600w, https:\/\/ocacacao.com\/wp-content\/uploads\/2022\/05\/Chip-que-700x700.png 700w, https:\/\/ocacacao.com\/wp-content\/uploads\/2022\/05\/Chip-que.png 750w\" alt=\"\" width=\"300\" height=\"300\" data-orig-src=\"https:\/\/ocacacao.com\/wp-content\/uploads\/2022\/05\/Chip-que-300x300.png\" data-srcset=\"https:\/\/ocacacao.com\/wp-content\/uploads\/2022\/05\/Chip-que-66x66.png 66w, https:\/\/ocacacao.com\/wp-content\/uploads\/2022\/05\/Chip-que-150x150.png 150w, https:\/\/ocacacao.com\/wp-content\/uploads\/2022\/05\/Chip-que-200x200.png 200w, https:\/\/ocacacao.com\/wp-content\/uploads\/2022\/05\/Chip-que-300x300.png 300w, https:\/\/ocacacao.com\/wp-content\/uploads\/2022\/05\/Chip-que-400x400.png 400w, https:\/\/ocacacao.com\/wp-content\/uploads\/2022\/05\/Chip-que-500x500.png 500w, https:\/\/ocacacao.com\/wp-content\/uploads\/2022\/05\/Chip-que-600x600.png 600w, https:\/\/ocacacao.com\/wp-content\/uploads\/2022\/05\/Chip-que-700x700.png 700w, https:\/\/ocacacao.com\/wp-content\/uploads\/2022\/05\/Chip-que.png 750w\" data-sizes=\"auto\" data-orig-sizes=\"(max-width: 300px) 100vw, 300px\" \/><\/td>\n<td><img loading=\"lazy\" decoding=\"async\" class=\"size-medium wp-image-2612 aligncenter lazyautosizes ls-is-cached lazyloaded\" src=\"https:\/\/ocacacao.com\/wp-content\/uploads\/2022\/05\/Chip-xi-muoi-300x300.png\" sizes=\"190px\" srcset=\"https:\/\/ocacacao.com\/wp-content\/uploads\/2022\/05\/Chip-xi-muoi-66x66.png 66w, https:\/\/ocacacao.com\/wp-content\/uploads\/2022\/05\/Chip-xi-muoi-150x150.png 150w, https:\/\/ocacacao.com\/wp-content\/uploads\/2022\/05\/Chip-xi-muoi-200x200.png 200w, https:\/\/ocacacao.com\/wp-content\/uploads\/2022\/05\/Chip-xi-muoi-300x300.png 300w, https:\/\/ocacacao.com\/wp-content\/uploads\/2022\/05\/Chip-xi-muoi-400x400.png 400w, https:\/\/ocacacao.com\/wp-content\/uploads\/2022\/05\/Chip-xi-muoi-500x500.png 500w, https:\/\/ocacacao.com\/wp-content\/uploads\/2022\/05\/Chip-xi-muoi-600x600.png 600w, https:\/\/ocacacao.com\/wp-content\/uploads\/2022\/05\/Chip-xi-muoi-700x700.png 700w, https:\/\/ocacacao.com\/wp-content\/uploads\/2022\/05\/Chip-xi-muoi.png 750w\" alt=\"\" width=\"300\" height=\"300\" data-orig-src=\"https:\/\/ocacacao.com\/wp-content\/uploads\/2022\/05\/Chip-xi-muoi-300x300.png\" data-srcset=\"https:\/\/ocacacao.com\/wp-content\/uploads\/2022\/05\/Chip-xi-muoi-66x66.png 66w, https:\/\/ocacacao.com\/wp-content\/uploads\/2022\/05\/Chip-xi-muoi-150x150.png 150w, https:\/\/ocacacao.com\/wp-content\/uploads\/2022\/05\/Chip-xi-muoi-200x200.png 200w, https:\/\/ocacacao.com\/wp-content\/uploads\/2022\/05\/Chip-xi-muoi-300x300.png 300w, https:\/\/ocacacao.com\/wp-content\/uploads\/2022\/05\/Chip-xi-muoi-400x400.png 400w, https:\/\/ocacacao.com\/wp-content\/uploads\/2022\/05\/Chip-xi-muoi-500x500.png 500w, https:\/\/ocacacao.com\/wp-content\/uploads\/2022\/05\/Chip-xi-muoi-600x600.png 600w, https:\/\/ocacacao.com\/wp-content\/uploads\/2022\/05\/Chip-xi-muoi-700x700.png 700w, https:\/\/ocacacao.com\/wp-content\/uploads\/2022\/05\/Chip-xi-muoi.png 750w\" data-sizes=\"auto\" data-orig-sizes=\"(max-width: 300px) 100vw, 300px\" \/><\/td>\n<\/tr>\n<tr>\n<td>Snack V\u1ecb truy\u1ec1n th\u1ed1ng \u2013 H\u0169 85gr \u2013 69.000\u0111\/ H\u0169<\/td>\n<td>Snack V\u1ecb g\u1eebng \u2013 H\u0169 85gr \u2013 69.000\u0111\/ H\u0169<\/td>\n<td>Snack v\u1ecb qu\u1ebf \u2013 H\u0169 85gr \u2013 69.000\u0111\/ H\u0169<\/td>\n<td>Snack v\u1ecb x\u00ed mu\u1ed9i cay \u2013 H\u0169 85gr \u2013 69.000\u0111\/ H\u0169<\/td>\n<\/tr>\n<\/tbody>\n<\/table>\n<p><strong>Nh\u1eefng c\u00f4ng d\u1ee5ng m\u00e0 cacao ng\u00f2i (Cacao Nibs) mang \u0111\u1ebfn cho s\u1ee9c kh\u1ecfe nh\u01b0:<\/strong><\/p>\n<\/div>\n<\/div>\n<\/div>\n<\/div>\n<\/div>\n<\/div>\n<\/div>\n<\/div>\n<ul>\n<li>\n<ul>\n<li>C\u00f3 th\u1ec3 l\u00e0m gi\u1ea3m huy\u1ebft \u00e1p cao b\u1eb1ng c\u00e1ch c\u1ea3i thi\u1ec7n m\u1ee9c \u0111\u1ed9 oxit nitric: C\u00e1c flavanol trong cacao gi\u00fap c\u1ea3i thi\u1ec7n n\u1ed3ng \u0111\u1ed9 oxit nitric trong m\u00e1u, gi\u00fap t\u0103ng c\u01b0\u1eddng ch\u1ee9c n\u0103ng c\u1ee7a c\u00e1c m\u1ea1ch m\u00e1u v\u00e0 gi\u1ea3m huy\u1ebft \u00e1p cao.<\/li>\n<li>L\u00e0m gi\u1ea3m nguy c\u01a1 \u0111au tim, \u0111\u1ed9t qu\u1ef5 nh\u1edd c\u00e1c flavanol trong cacao.<\/li>\n<li>Gi\u1ea3m stress nh\u1edd c\u00e1c polyphenol c\u1ea3i thi\u1ec7n l\u01b0u l\u01b0\u1ee3ng m\u00e1u \u0111\u1ebfn ch\u1ee9c n\u0103ng n\u00e3o v\u00e0 gi\u00fap gi\u1ea3m nguy c\u01a1 b\u1ecb tho\u00e1i h\u00f3a th\u1ea7n kinh nh\u1eb1m t\u00e1c \u0111\u1ed9ng t\u1ed1t \u0111\u1ebfn t\u00e2m tr\u1ea1ng.<\/li>\n<li>S\u1ea3n ph\u1ea9m b\u1ed9t cacao nguy\u00ean ch\u1ea5t v\u00e0 socola \u0111en nguy\u00ean ch\u1ea5t c\u1ee7a OCA c\u00f3 ch\u1ee9a 1 l\u01b0\u1ee3ng l\u1edbn h\u00e0m l\u01b0\u1ee3ng flavanol \u2013 ch\u1ea5t ch\u1ed1ng oxy h\u00f3a (s\u00f4 c\u00f4 la c\u00e0ng \u0111\u1eafng th\u00ec t\u1ef7 l\u1ec7 flavanol c\u00e0ng cao), gi\u00fap ng\u0103n ch\u1eb7n t\u00ecnh tr\u1ea1ng l\u00e3o h\u00f3a, ng\u1eeba b\u1ec7nh tim m\u1ea1ch, ung th\u01b0, t\u1ea1o l\u1edbp m\u00e0ng b\u1ea3o v\u1ec7 da tr\u00e1nh \u1ea3nh h\u01b0\u1edfng b\u1edfi c\u00e1c tia c\u1ef1c t\u00edm.<\/li>\n<li>H\u1ed7 tr\u1ee3 trong \u0111i\u1ec1u tr\u1ecb b\u1ec7nh ti\u1ec3u \u0111\u01b0\u1eddng.<\/li>\n<li>H\u1ed7 tr\u1ee3 gi\u1ea3m c\u00e2n b\u1eb1ng c\u00e1ch \u0111i\u1ec1u ch\u1ec9nh vi\u1ec7c s\u1eed d\u1ee5ng n\u0103ng l\u01b0\u1ee3ng, gi\u1ea3m s\u1ef1 th\u00e8m \u0103n v\u00e0 t\u0103ng qu\u00e1 tr\u00ecnh oxy h\u00f3a ch\u1ea5t b\u00e9o. H\u1ee3p ch\u1ea5t Catechins , h\u1ee3p ch\u1ea5t n\u00e0y c\u00f3 th\u1ec3 gi\u00fap \u0111\u1ed1t ch\u00e1y Calo trong c\u00e1c c\u01a1 b\u1eafp nhi\u1ec1u h\u01a1n khi b\u1ea1n v\u1eadn \u0111\u1ed9ng, gi\u00fap gi\u1ea3m c\u00e2n hi\u1ec7u qu\u1ea3.<\/li>\n<li>H\u1ed7 tr\u1ee3 \u0103n ki\u00eang, \u0111\u1eb9p da v\u00e0 c\u00f3 t\u00ednh kh\u00e1ng khu\u1ea9n cao.<\/li>\n<\/ul>\n<\/li>\n<\/ul>","protected":false},"excerpt":{"rendered":"<p>S\u1ea3n ph\u1ea9m \u201c\u0102n v\u1eb7t\u201d \u0111\u1ed9c \u0111\u00e1o \u0111\u1ebfn t\u1eeb OCA. \u0110\u00e2y l\u00e0 s\u1ea3n ph\u1ea9m \u0111\u01b0\u1ee3c k\u1ebft h\u1ee3p t\u1eeb h\u1ea1t cacao nibs<\/p>","protected":false},"featured_media":7377,"comment_status":"open","ping_status":"closed","template":"","meta":{"_acf_changed":false},"product_cat":[324,366,367,22],"product_tag":[],"class_list":{"0":"post-7376","1":"product","2":"type-product","3":"status-publish","4":"has-post-thumbnail","6":"product_cat-ca-phe-ca-cao","7":"product_cat-hang-cnnt-cap-qg","8":"product_cat-hang-cnnt-cap-qg-2023","9":"product_cat-sanphamthucpham","11":"first","12":"instock","13":"shipping-taxable","14":"purchasable","15":"product-type-simple"},"acf":[],"_links":{"self":[{"href":"https:\/\/b2c.fairs.vn\/en\/wp-json\/wp\/v2\/product\/7376","targetHints":{"allow":["GET"]}}],"collection":[{"href":"https:\/\/b2c.fairs.vn\/en\/wp-json\/wp\/v2\/product"}],"about":[{"href":"https:\/\/b2c.fairs.vn\/en\/wp-json\/wp\/v2\/types\/product"}],"replies":[{"embeddable":true,"href":"https:\/\/b2c.fairs.vn\/en\/wp-json\/wp\/v2\/comments?post=7376"}],"version-history":[{"count":0,"href":"https:\/\/b2c.fairs.vn\/en\/wp-json\/wp\/v2\/product\/7376\/revisions"}],"wp:featuredmedia":[{"embeddable":true,"href":"https:\/\/b2c.fairs.vn\/en\/wp-json\/wp\/v2\/media\/7377"}],"wp:attachment":[{"href":"https:\/\/b2c.fairs.vn\/en\/wp-json\/wp\/v2\/media?parent=7376"}],"wp:term":[{"taxonomy":"product_cat","embeddable":true,"href":"https:\/\/b2c.fairs.vn\/en\/wp-json\/wp\/v2\/product_cat?post=7376"},{"taxonomy":"product_tag","embeddable":true,"href":"https:\/\/b2c.fairs.vn\/en\/wp-json\/wp\/v2\/product_tag?post=7376"}],"curies":[{"name":"wp","href":"https:\/\/api.w.org\/{rel}","templated":true}]}}