{"id":7362,"date":"2024-03-22T09:45:17","date_gmt":"2024-03-22T02:45:17","guid":{"rendered":"https:\/\/b2c.fairs.vn\/?post_type=product&#038;p=7362"},"modified":"2024-04-17T17:12:27","modified_gmt":"2024-04-17T10:12:27","slug":"bot-cacao-sua-hoa-tan-3in1-hop-15-goi","status":"publish","type":"product","link":"https:\/\/b2c.fairs.vn\/en\/product\/bot-cacao-sua-hoa-tan-3in1-hop-15-goi\/","title":{"rendered":"B\u1ed9t cacao s\u1eefa h\u00f2a tan 3in1 &#8211; H\u1ed9p 15 g\u00f3i"},"content":{"rendered":"<div id=\"messageView\" class=\"message-view\" tabindex=\"21\">\n<div id=\"messageViewContainer\" class=\"message-view__scroll\">\n<div id=\"messageViewScroll\" class=\"message-view__scroll__inner fadeInAndOut\">\n<div class=\"chat-item flx\">\n<div class=\"chat-content flx flx-col flx-cell\">\n<div id=\"bb_msg_id_1648106769672\" class=\"chat-message wrap-message rotate-container -send-time\" data-node-type=\"bubble-message\">\n<div class=\"\">\n<div data-id=\"div_LastReceivedMsg_Text\">S\u1ea3n ph\u1ea9m b\u1ed9t cacao \u0111\u01b0\u1ee3c pha ch\u1ebf s\u1eb5n v\u1edbi s\u1eefa b\u1ed9t v\u00e0 \u0111\u01b0\u1eddng nh\u01b0ng v\u1eabn \u0111\u1ea3m b\u1ea3o h\u01b0\u01a1ng v\u1ecb cacao h\u00f2a quy\u1ec7n v\u1edbi v\u1ecb s\u1eefa ng\u1ecdt ng\u00e0o, ti\u1ec7n l\u1ee3i khi s\u1eed d\u1ee5ng. S\u1ea3n ph\u1ea9m th\u00f4ng d\u1ee5ng cho c\u00e1c t\u00edn \u0111\u1ed3 m\u00ea cacao nh\u01b0ng ng\u1ea1i pha ch\u1ebf t\u1eeb b\u1ed9t nguy\u00ean ch\u1ea5t. N\u1ebfu b\u1ea1n th\u00edch v\u1ecb \u0111\u1eadm c\u1ee7a cacao h\u01a1n, trong l\u00fac pha ch\u1ebf c\u00f3 th\u1ec3 cho th\u00eam m\u1ed9t \u00edt b\u1ed9t cacao nguy\u00ean ch\u1ea5t v\u00e0o \u0111\u1ec3 s\u1ea3n ph\u1ea9m v\u1eeba v\u1ecb h\u01a1n.<\/div>\n<div data-id=\"div_LastReceivedMsg_Text\"><\/div>\n<div class=\"card pin-react last-msg card--text\" data-id=\"div_LastReceivedMsg_Text\"><img fetchpriority=\"high\" decoding=\"async\" class=\"wp-image-2598 aligncenter lazyautosizes lazyloaded\" src=\"https:\/\/ocacacao.com\/wp-content\/uploads\/2022\/05\/z2890719033677_ac00a8d41b973f79d0e841abb4f35b79-300x225.jpg\" sizes=\"647px\" srcset=\"https:\/\/ocacacao.com\/wp-content\/uploads\/2022\/05\/z2890719033677_ac00a8d41b973f79d0e841abb4f35b79-200x150.jpg 200w, https:\/\/ocacacao.com\/wp-content\/uploads\/2022\/05\/z2890719033677_ac00a8d41b973f79d0e841abb4f35b79-300x225.jpg 300w, https:\/\/ocacacao.com\/wp-content\/uploads\/2022\/05\/z2890719033677_ac00a8d41b973f79d0e841abb4f35b79-400x300.jpg 400w, https:\/\/ocacacao.com\/wp-content\/uploads\/2022\/05\/z2890719033677_ac00a8d41b973f79d0e841abb4f35b79-500x375.jpg 500w, https:\/\/ocacacao.com\/wp-content\/uploads\/2022\/05\/z2890719033677_ac00a8d41b973f79d0e841abb4f35b79-600x450.jpg 600w, https:\/\/ocacacao.com\/wp-content\/uploads\/2022\/05\/z2890719033677_ac00a8d41b973f79d0e841abb4f35b79-700x525.jpg 700w, https:\/\/ocacacao.com\/wp-content\/uploads\/2022\/05\/z2890719033677_ac00a8d41b973f79d0e841abb4f35b79-768x576.jpg 768w, https:\/\/ocacacao.com\/wp-content\/uploads\/2022\/05\/z2890719033677_ac00a8d41b973f79d0e841abb4f35b79-800x600.jpg 800w, https:\/\/ocacacao.com\/wp-content\/uploads\/2022\/05\/z2890719033677_ac00a8d41b973f79d0e841abb4f35b79-1024x768.jpg 1024w, https:\/\/ocacacao.com\/wp-content\/uploads\/2022\/05\/z2890719033677_ac00a8d41b973f79d0e841abb4f35b79-1200x900.jpg 1200w, https:\/\/ocacacao.com\/wp-content\/uploads\/2022\/05\/z2890719033677_ac00a8d41b973f79d0e841abb4f35b79-1536x1152.jpg 1536w\" alt=\"\" width=\"647\" height=\"485\" data-orig-src=\"https:\/\/ocacacao.com\/wp-content\/uploads\/2022\/05\/z2890719033677_ac00a8d41b973f79d0e841abb4f35b79-300x225.jpg\" data-srcset=\"https:\/\/ocacacao.com\/wp-content\/uploads\/2022\/05\/z2890719033677_ac00a8d41b973f79d0e841abb4f35b79-200x150.jpg 200w, https:\/\/ocacacao.com\/wp-content\/uploads\/2022\/05\/z2890719033677_ac00a8d41b973f79d0e841abb4f35b79-300x225.jpg 300w, https:\/\/ocacacao.com\/wp-content\/uploads\/2022\/05\/z2890719033677_ac00a8d41b973f79d0e841abb4f35b79-400x300.jpg 400w, https:\/\/ocacacao.com\/wp-content\/uploads\/2022\/05\/z2890719033677_ac00a8d41b973f79d0e841abb4f35b79-500x375.jpg 500w, https:\/\/ocacacao.com\/wp-content\/uploads\/2022\/05\/z2890719033677_ac00a8d41b973f79d0e841abb4f35b79-600x450.jpg 600w, https:\/\/ocacacao.com\/wp-content\/uploads\/2022\/05\/z2890719033677_ac00a8d41b973f79d0e841abb4f35b79-700x525.jpg 700w, https:\/\/ocacacao.com\/wp-content\/uploads\/2022\/05\/z2890719033677_ac00a8d41b973f79d0e841abb4f35b79-768x576.jpg 768w, https:\/\/ocacacao.com\/wp-content\/uploads\/2022\/05\/z2890719033677_ac00a8d41b973f79d0e841abb4f35b79-800x600.jpg 800w, https:\/\/ocacacao.com\/wp-content\/uploads\/2022\/05\/z2890719033677_ac00a8d41b973f79d0e841abb4f35b79-1024x768.jpg 1024w, https:\/\/ocacacao.com\/wp-content\/uploads\/2022\/05\/z2890719033677_ac00a8d41b973f79d0e841abb4f35b79-1200x900.jpg 1200w, https:\/\/ocacacao.com\/wp-content\/uploads\/2022\/05\/z2890719033677_ac00a8d41b973f79d0e841abb4f35b79-1536x1152.jpg 1536w\" data-sizes=\"auto\" data-orig-sizes=\"(max-width: 647px) 100vw, 647px\" \/><\/div>\n<div data-id=\"div_LastReceivedMsg_Text\"><em>S\u1ea3n ph\u1ea9m d\u1ea1ng t\u1eebng g\u00f3i nh\u1ecf 25gr cho kh\u1ea9u ph\u1ea7n m\u1ed9t ly (100ml khi u\u1ed1ng n\u00f3ng ho\u1eb7c 60ml khi u\u1ed1ng l\u1ea1nh v\u1edbi \u0111\u00e1). Nhanh ch\u00f3ng, ti\u1ec7n l\u1ee3i v\u00e0 v\u1eabn gi\u1eef tr\u1ecdn h\u01b0\u01a1ng v\u1ecb cacao c\u1ee7a OCA.<\/em><\/div>\n<\/div>\n<\/div>\n<\/div>\n<\/div>\n<\/div>\n<\/div>\n<\/div>\n<p><strong>Nh\u1eefng c\u00f4ng d\u1ee5ng m\u00e0 b\u1ed9t cacao s\u1eefa hoa tan 3in1 mang \u0111\u1ebfn cho s\u1ee9c kh\u1ecfe nh\u01b0:<\/strong><\/p>\n<ul>\n<li>\n<ul>\n<li>Gi\u00fap gi\u1ea3m vi\u00ean v\u00e0 c\u1ea3i thi\u1ec7n m\u1ee9c cholesterol.<\/li>\n<li>C\u1ea3i thi\u1ec7n n\u1ed3ng \u0111\u1ed9 oxit nitric trong m\u00e1u, t\u0103ng c\u01b0\u1eddng ch\u1ee9c n\u0103ng c\u1ee7a c\u00e1c m\u1ea1ch m\u00e1u v\u00e0 gi\u1ea3m huy\u1ebft \u00e1p cao, gi\u1ea3m nguy c\u01a1 \u0111au tim, \u0111\u1ed9t qu\u1ef5.<\/li>\n<li>Gi\u1ea3m stress, gi\u00fap tinh th\u1ea7n t\u1ec9nh t\u1ea3o \u0111\u1ec3 l\u00e0m vi\u1ec7c hi\u1ec7u qu\u1ea3.<\/li>\n<li>L\u00e0 ngu\u1ed3n n\u0103ng l\u01b0\u1ee3ng, dinh d\u01b0\u1ee1ng r\u1ea5t t\u1ed1t cho c\u01a1 th\u1ec3.<\/li>\n<li>H\u1ed7 tr\u1ee3 ph\u00e1t tri\u1ec3n chi\u1ec1u cao, gi\u00fap x\u01b0\u01a1ng ch\u1eafc kh\u1ecfe<\/li>\n<\/ul>\n<\/li>\n<\/ul>","protected":false},"excerpt":{"rendered":"<p>S\u1ea3n ph\u1ea9m b\u1ed9t cacao \u0111\u01b0\u1ee3c pha ch\u1ebf s\u1eb5n v\u1edbi s\u1eefa b\u1ed9t v\u00e0 \u0111\u01b0\u1eddng nh\u01b0ng v\u1eabn \u0111\u1ea3m b\u1ea3o h\u01b0\u01a1ng v\u1ecb cacao<\/p>","protected":false},"featured_media":7363,"comment_status":"open","ping_status":"closed","template":"","meta":{"_acf_changed":false},"product_cat":[324,366,367,22],"product_tag":[],"class_list":{"0":"post-7362","1":"product","2":"type-product","3":"status-publish","4":"has-post-thumbnail","6":"product_cat-ca-phe-ca-cao","7":"product_cat-hang-cnnt-cap-qg","8":"product_cat-hang-cnnt-cap-qg-2023","9":"product_cat-sanphamthucpham","11":"first","12":"instock","13":"featured","14":"shipping-taxable","15":"purchasable","16":"product-type-simple"},"acf":[],"_links":{"self":[{"href":"https:\/\/b2c.fairs.vn\/en\/wp-json\/wp\/v2\/product\/7362","targetHints":{"allow":["GET"]}}],"collection":[{"href":"https:\/\/b2c.fairs.vn\/en\/wp-json\/wp\/v2\/product"}],"about":[{"href":"https:\/\/b2c.fairs.vn\/en\/wp-json\/wp\/v2\/types\/product"}],"replies":[{"embeddable":true,"href":"https:\/\/b2c.fairs.vn\/en\/wp-json\/wp\/v2\/comments?post=7362"}],"version-history":[{"count":0,"href":"https:\/\/b2c.fairs.vn\/en\/wp-json\/wp\/v2\/product\/7362\/revisions"}],"wp:featuredmedia":[{"embeddable":true,"href":"https:\/\/b2c.fairs.vn\/en\/wp-json\/wp\/v2\/media\/7363"}],"wp:attachment":[{"href":"https:\/\/b2c.fairs.vn\/en\/wp-json\/wp\/v2\/media?parent=7362"}],"wp:term":[{"taxonomy":"product_cat","embeddable":true,"href":"https:\/\/b2c.fairs.vn\/en\/wp-json\/wp\/v2\/product_cat?post=7362"},{"taxonomy":"product_tag","embeddable":true,"href":"https:\/\/b2c.fairs.vn\/en\/wp-json\/wp\/v2\/product_tag?post=7362"}],"curies":[{"name":"wp","href":"https:\/\/api.w.org\/{rel}","templated":true}]}}