{"id":7355,"date":"2024-03-22T09:38:21","date_gmt":"2024-03-22T02:38:21","guid":{"rendered":"https:\/\/b2c.fairs.vn\/?post_type=product&#038;p=7355"},"modified":"2024-04-17T17:12:15","modified_gmt":"2024-04-17T10:12:15","slug":"bot-cacao-nguyen-chat-tui-500gr","status":"publish","type":"product","link":"https:\/\/b2c.fairs.vn\/en\/product\/bot-cacao-nguyen-chat-tui-500gr\/","title":{"rendered":"B\u1ed9t cacao nguy\u00ean ch\u1ea5t \u2013 T\u00fai 500gr"},"content":{"rendered":"<div id=\"messageView\" class=\"message-view\" tabindex=\"21\">\n<div id=\"messageViewContainer\" class=\"message-view__scroll\">\n<div id=\"messageViewScroll\" class=\"message-view__scroll__inner fadeInAndOut\">\n<div class=\"chat-item flx\">\n<div class=\"chat-content flx flx-col flx-cell\">\n<div id=\"bb_msg_id_1648106769672\" class=\"chat-message wrap-message rotate-container -send-time\" data-node-type=\"bubble-message\">\n<div class=\"\">\n<div class=\"card pin-react last-msg card--text\" data-id=\"div_LastReceivedMsg_Text\">\n<p><strong>B\u1ed9t cacao nguy\u00ean ch\u1ea5t OCA l\u00e0 s\u1ea3n ph\u1ea9m\u00a0<\/strong>l\u00e0 s\u1ea3n ph\u1ea9m d\u1ea1ng b\u1ed9t thu \u0111\u01b0\u1ee3c b\u1eb1ng c\u00e1ch nghi\u1ec1n nh\u00e2n h\u1ea1t c\u1ee7a qu\u1ea3 ca cao sau qu\u00e1 tr\u00ecnh \u00e9p \u0111\u1ec3 t\u00e1ch b\u1edbt h\u00e0m l\u01b0\u1ee3ng b\u00e9o c\u00f3 trong ca cao. B\u1ed9t cacao OCA nguy\u00ean ch\u1ea5t kh\u00f4ng ch\u1ee9a h\u01b0\u01a1ng li\u1ec7u, kh\u00f4ng ch\u1ea5t b\u1ea3o qu\u1ea3n, v\u00e0 \u0111\u1eb7c bi\u1ec7t kh\u00f4ng tr\u1ea3i qua qu\u00e1 tr\u00ecnh ki\u1ec1m h\u00f3a nh\u1eb1m gi\u1eef l\u1ea1i nh\u1eefng gi\u00e1 tr\u1ecb nguy\u00ean b\u1ea3n v\u00e0 \u0111\u1eb7c tr\u01b0ng c\u1ee7a cacao t\u1eeb m\u00e0u s\u1eafc \u0111\u1ebfn h\u01b0\u01a1ng v\u1ecb v\u00e0 nh\u1eefng gi\u00e1 tr\u1ecb dinh d\u01b0\u1ee1ng. Cacao nguy\u00ean ch\u1ea5t s\u1ebd c\u00f3 m\u00e0u n\u00e2u \u0111\u1ecf t\u1ef1 nhi\u00ean, h\u01b0\u01a1ng th\u01a1m nh\u1eb9 r\u00f5 m\u00f9i socola, c\u00f3 v\u1ecb \u0111\u1eafng nh\u01b0ng kh\u00f4ng h\u1eafc, h\u01a1i b\u00e9o v\u00e0 n\u1ebfu n\u1ebfm k\u0129 s\u1ebd c\u1ea3m th\u1ea5y v\u1ecb chua nh\u1eb9. \u0110\u1eb7c bi\u1ec7t, trong ca cao c\u00f2n c\u00f3 m\u1ed9t th\u00e0nh ph\u1ea7n r\u1ea5t quan tr\u1ecdng \u0111\u00f3 l\u00e0 Polyphenol ch\u1ee7 y\u1ebfu l\u00e0 c\u00e1c catechin. C\u00e1c polyphenol n\u00e0y l\u00e0 ch\u1ea5t ch\u1ed1ng oxy h\u00f3a t\u1ed1t cho qu\u00e1 tr\u00ecnh ch\u1ed1ng l\u00e3o h\u00f3a c\u1ee7a c\u01a1 th\u1ec3.<\/p>\n<p>B\u1ed9t cacao nguy\u00ean ch\u1ea5t n\u1ebfu tr\u1ea3i qua qu\u00e1 tr\u00ecnh ki\u1ec1m h\u00f3a s\u1ebd gi\u1ea3m b\u1edbt \u0111\u1ed9 chua v\u00e0 v\u1ecb \u0111\u1eafng c\u1ee7a h\u1ea1t cacao \u0111\u1ec3 v\u1ecb cacao d\u1ec5 s\u1eed d\u1ee5ng h\u01a1n, t\u1ea1o n\u00ean m\u00e0u n\u00e2u \u0111\u1eadm ho\u1eb7c m\u00e0u n\u00e2u \u0111en v\u00e0 c\u00f3 m\u00f9i h\u01b0\u01a1ng kh\u00e1 h\u1eafc. T\u00f9y thu\u1ed9c v\u00e0o m\u1ee9c \u0111\u1ed9 ki\u1ec1m h\u00f3a, m\u00e0 v\u1ecb chua v\u00e0 v\u1ecb \u0111\u1eafng s\u1ebd kh\u00e1c nhau. Tuy nhi\u00ean qu\u00e1 tr\u00ecnh ki\u1ec1m h\u00f3a c\u0169ng l\u00e0m gi\u1ea3m \u0111\u00e1ng k\u1ec3 h\u00e0m l\u01b0\u1ee3ng polyphenol c\u00f3 s\u1eb5n trong h\u1ea1t cacao, l\u00e0m gi\u1ea3m gi\u00e1 tr\u1ecb dinh d\u01b0\u1ee1ng v\u1ed1n c\u00f3 c\u1ee7a b\u1ed9t cacao nguy\u00ean ch\u1ea5t. \u0110\u00e2y ch\u00ednh l\u00e0 l\u00fd do m\u00e0 OCA l\u1ef1a ch\u1ecdn ph\u01b0\u01a1ng \u00e1n b\u1ed9t cacao nguy\u00ean ch\u1ea5t kh\u00f4ng ki\u1ec1m h\u00f3a.<\/p>\n<table>\n<tbody>\n<tr>\n<td><img fetchpriority=\"high\" decoding=\"async\" class=\"size-medium wp-image-2072 aligncenter lazyautosizes ls-is-cached lazyloaded\" src=\"https:\/\/ocacacao.com\/wp-content\/uploads\/2022\/05\/Bot-cacao-nguyen-chat-300x200.png\" sizes=\"300px\" srcset=\"https:\/\/ocacacao.com\/wp-content\/uploads\/2022\/05\/Bot-cacao-nguyen-chat-200x133.png 200w, https:\/\/ocacacao.com\/wp-content\/uploads\/2022\/05\/Bot-cacao-nguyen-chat-300x200.png 300w, https:\/\/ocacacao.com\/wp-content\/uploads\/2022\/05\/Bot-cacao-nguyen-chat-400x266.png 400w, https:\/\/ocacacao.com\/wp-content\/uploads\/2022\/05\/Bot-cacao-nguyen-chat-500x333.png 500w, https:\/\/ocacacao.com\/wp-content\/uploads\/2022\/05\/Bot-cacao-nguyen-chat-600x399.png 600w, https:\/\/ocacacao.com\/wp-content\/uploads\/2022\/05\/Bot-cacao-nguyen-chat-700x466.png 700w, https:\/\/ocacacao.com\/wp-content\/uploads\/2022\/05\/Bot-cacao-nguyen-chat-768x511.png 768w, https:\/\/ocacacao.com\/wp-content\/uploads\/2022\/05\/Bot-cacao-nguyen-chat-800x533.png 800w, https:\/\/ocacacao.com\/wp-content\/uploads\/2022\/05\/Bot-cacao-nguyen-chat-1024x682.png 1024w, https:\/\/ocacacao.com\/wp-content\/uploads\/2022\/05\/Bot-cacao-nguyen-chat-1200x799.png 1200w, https:\/\/ocacacao.com\/wp-content\/uploads\/2022\/05\/Bot-cacao-nguyen-chat.png 1280w\" alt=\"B\u1ed9t cacao nguy\u00ean ch\u1ea5t\" width=\"300\" height=\"200\" data-orig-src=\"https:\/\/ocacacao.com\/wp-content\/uploads\/2022\/05\/Bot-cacao-nguyen-chat-300x200.png\" data-srcset=\"https:\/\/ocacacao.com\/wp-content\/uploads\/2022\/05\/Bot-cacao-nguyen-chat-200x133.png 200w, https:\/\/ocacacao.com\/wp-content\/uploads\/2022\/05\/Bot-cacao-nguyen-chat-300x200.png 300w, https:\/\/ocacacao.com\/wp-content\/uploads\/2022\/05\/Bot-cacao-nguyen-chat-400x266.png 400w, https:\/\/ocacacao.com\/wp-content\/uploads\/2022\/05\/Bot-cacao-nguyen-chat-500x333.png 500w, https:\/\/ocacacao.com\/wp-content\/uploads\/2022\/05\/Bot-cacao-nguyen-chat-600x399.png 600w, https:\/\/ocacacao.com\/wp-content\/uploads\/2022\/05\/Bot-cacao-nguyen-chat-700x466.png 700w, https:\/\/ocacacao.com\/wp-content\/uploads\/2022\/05\/Bot-cacao-nguyen-chat-768x511.png 768w, https:\/\/ocacacao.com\/wp-content\/uploads\/2022\/05\/Bot-cacao-nguyen-chat-800x533.png 800w, https:\/\/ocacacao.com\/wp-content\/uploads\/2022\/05\/Bot-cacao-nguyen-chat-1024x682.png 1024w, https:\/\/ocacacao.com\/wp-content\/uploads\/2022\/05\/Bot-cacao-nguyen-chat-1200x799.png 1200w, https:\/\/ocacacao.com\/wp-content\/uploads\/2022\/05\/Bot-cacao-nguyen-chat.png 1280w\" data-sizes=\"auto\" data-orig-sizes=\"(max-width: 300px) 100vw, 300px\" \/><\/td>\n<\/tr>\n<\/tbody>\n<\/table>\n<p><em>V\u00ec kh\u00f4ng s\u1eed d\u1ee5ng ki\u1ec1m h\u00f3a, n\u00ean b\u1ed9t cacao OCA c\u00f3 m\u00e0u n\u00e2u \u0111\u1ecf v\u00e0 v\u1ecb chua \u0111\u1eb7c tr\u01b0ng c\u1ee7a cacao. \u0110\u1ed3ng th\u1eddi OCA c\u0169ng gi\u1eef l\u1ea1i h\u00e0m l\u01b0\u1ee3ng b\u01a1 cacao trong h\u1ea1t cao \u0111\u1ec3 t\u1ea1o \u0111\u1ed9 b\u00e9o, th\u01a1m t\u1ef1 nhi\u00ean.<\/em><\/p>\n<table>\n<tbody>\n<tr>\n<td><img decoding=\"async\" class=\"size-medium wp-image-2560 aligncenter lazyautosizes ls-is-cached lazyloaded\" src=\"https:\/\/ocacacao.com\/wp-content\/uploads\/2023\/04\/Bot-250-300x300.png\" sizes=\"200px\" srcset=\"https:\/\/ocacacao.com\/wp-content\/uploads\/2023\/04\/Bot-250-66x66.png 66w, https:\/\/ocacacao.com\/wp-content\/uploads\/2023\/04\/Bot-250-150x150.png 150w, https:\/\/ocacacao.com\/wp-content\/uploads\/2023\/04\/Bot-250-200x200.png 200w, https:\/\/ocacacao.com\/wp-content\/uploads\/2023\/04\/Bot-250-300x300.png 300w, https:\/\/ocacacao.com\/wp-content\/uploads\/2023\/04\/Bot-250-400x400.png 400w, https:\/\/ocacacao.com\/wp-content\/uploads\/2023\/04\/Bot-250-500x500.png 500w, https:\/\/ocacacao.com\/wp-content\/uploads\/2023\/04\/Bot-250-600x600.png 600w, https:\/\/ocacacao.com\/wp-content\/uploads\/2023\/04\/Bot-250-700x700.png 700w, https:\/\/ocacacao.com\/wp-content\/uploads\/2023\/04\/Bot-250-768x768.png 768w, https:\/\/ocacacao.com\/wp-content\/uploads\/2023\/04\/Bot-250-800x800.png 800w, https:\/\/ocacacao.com\/wp-content\/uploads\/2023\/04\/Bot-250-1024x1024.png 1024w, https:\/\/ocacacao.com\/wp-content\/uploads\/2023\/04\/Bot-250-1200x1200.png 1200w, https:\/\/ocacacao.com\/wp-content\/uploads\/2023\/04\/Bot-250-1536x1536.png 1536w, https:\/\/ocacacao.com\/wp-content\/uploads\/2023\/04\/Bot-250.png 1920w\" alt=\"\" width=\"300\" height=\"300\" data-orig-src=\"https:\/\/ocacacao.com\/wp-content\/uploads\/2023\/04\/Bot-250-300x300.png\" data-srcset=\"https:\/\/ocacacao.com\/wp-content\/uploads\/2023\/04\/Bot-250-66x66.png 66w, https:\/\/ocacacao.com\/wp-content\/uploads\/2023\/04\/Bot-250-150x150.png 150w, https:\/\/ocacacao.com\/wp-content\/uploads\/2023\/04\/Bot-250-200x200.png 200w, https:\/\/ocacacao.com\/wp-content\/uploads\/2023\/04\/Bot-250-300x300.png 300w, https:\/\/ocacacao.com\/wp-content\/uploads\/2023\/04\/Bot-250-400x400.png 400w, https:\/\/ocacacao.com\/wp-content\/uploads\/2023\/04\/Bot-250-500x500.png 500w, https:\/\/ocacacao.com\/wp-content\/uploads\/2023\/04\/Bot-250-600x600.png 600w, https:\/\/ocacacao.com\/wp-content\/uploads\/2023\/04\/Bot-250-700x700.png 700w, https:\/\/ocacacao.com\/wp-content\/uploads\/2023\/04\/Bot-250-768x768.png 768w, https:\/\/ocacacao.com\/wp-content\/uploads\/2023\/04\/Bot-250-800x800.png 800w, https:\/\/ocacacao.com\/wp-content\/uploads\/2023\/04\/Bot-250-1024x1024.png 1024w, https:\/\/ocacacao.com\/wp-content\/uploads\/2023\/04\/Bot-250-1200x1200.png 1200w, https:\/\/ocacacao.com\/wp-content\/uploads\/2023\/04\/Bot-250-1536x1536.png 1536w, https:\/\/ocacacao.com\/wp-content\/uploads\/2023\/04\/Bot-250.png 1920w\" data-sizes=\"auto\" data-orig-sizes=\"(max-width: 300px) 100vw, 300px\" \/><\/td>\n<td><img decoding=\"async\" class=\"size-medium wp-image-2562 aligncenter lazyautosizes ls-is-cached lazyloaded\" src=\"https:\/\/ocacacao.com\/wp-content\/uploads\/2023\/04\/Bot-500gr-300x300.png\" sizes=\"200px\" srcset=\"https:\/\/ocacacao.com\/wp-content\/uploads\/2023\/04\/Bot-500gr-66x66.png 66w, https:\/\/ocacacao.com\/wp-content\/uploads\/2023\/04\/Bot-500gr-150x150.png 150w, https:\/\/ocacacao.com\/wp-content\/uploads\/2023\/04\/Bot-500gr-200x200.png 200w, https:\/\/ocacacao.com\/wp-content\/uploads\/2023\/04\/Bot-500gr-300x300.png 300w, https:\/\/ocacacao.com\/wp-content\/uploads\/2023\/04\/Bot-500gr-400x400.png 400w, https:\/\/ocacacao.com\/wp-content\/uploads\/2023\/04\/Bot-500gr-500x500.png 500w, https:\/\/ocacacao.com\/wp-content\/uploads\/2023\/04\/Bot-500gr-600x600.png 600w, https:\/\/ocacacao.com\/wp-content\/uploads\/2023\/04\/Bot-500gr-700x700.png 700w, https:\/\/ocacacao.com\/wp-content\/uploads\/2023\/04\/Bot-500gr-768x768.png 768w, https:\/\/ocacacao.com\/wp-content\/uploads\/2023\/04\/Bot-500gr-800x800.png 800w, https:\/\/ocacacao.com\/wp-content\/uploads\/2023\/04\/Bot-500gr-1024x1024.png 1024w, https:\/\/ocacacao.com\/wp-content\/uploads\/2023\/04\/Bot-500gr-1200x1200.png 1200w, https:\/\/ocacacao.com\/wp-content\/uploads\/2023\/04\/Bot-500gr-1536x1536.png 1536w, https:\/\/ocacacao.com\/wp-content\/uploads\/2023\/04\/Bot-500gr.png 1920w\" alt=\"\" width=\"300\" height=\"300\" data-orig-src=\"https:\/\/ocacacao.com\/wp-content\/uploads\/2023\/04\/Bot-500gr-300x300.png\" data-srcset=\"https:\/\/ocacacao.com\/wp-content\/uploads\/2023\/04\/Bot-500gr-66x66.png 66w, https:\/\/ocacacao.com\/wp-content\/uploads\/2023\/04\/Bot-500gr-150x150.png 150w, https:\/\/ocacacao.com\/wp-content\/uploads\/2023\/04\/Bot-500gr-200x200.png 200w, https:\/\/ocacacao.com\/wp-content\/uploads\/2023\/04\/Bot-500gr-300x300.png 300w, https:\/\/ocacacao.com\/wp-content\/uploads\/2023\/04\/Bot-500gr-400x400.png 400w, https:\/\/ocacacao.com\/wp-content\/uploads\/2023\/04\/Bot-500gr-500x500.png 500w, https:\/\/ocacacao.com\/wp-content\/uploads\/2023\/04\/Bot-500gr-600x600.png 600w, https:\/\/ocacacao.com\/wp-content\/uploads\/2023\/04\/Bot-500gr-700x700.png 700w, https:\/\/ocacacao.com\/wp-content\/uploads\/2023\/04\/Bot-500gr-768x768.png 768w, https:\/\/ocacacao.com\/wp-content\/uploads\/2023\/04\/Bot-500gr-800x800.png 800w, https:\/\/ocacacao.com\/wp-content\/uploads\/2023\/04\/Bot-500gr-1024x1024.png 1024w, https:\/\/ocacacao.com\/wp-content\/uploads\/2023\/04\/Bot-500gr-1200x1200.png 1200w, https:\/\/ocacacao.com\/wp-content\/uploads\/2023\/04\/Bot-500gr-1536x1536.png 1536w, https:\/\/ocacacao.com\/wp-content\/uploads\/2023\/04\/Bot-500gr.png 1920w\" data-sizes=\"auto\" data-orig-sizes=\"(max-width: 300px) 100vw, 300px\" \/><\/td>\n<td><img loading=\"lazy\" decoding=\"async\" class=\"size-medium wp-image-2563 aligncenter lazyautosizes ls-is-cached lazyloaded\" src=\"https:\/\/ocacacao.com\/wp-content\/uploads\/2023\/04\/Bot-500gr-1-300x300.png\" sizes=\"200px\" srcset=\"https:\/\/ocacacao.com\/wp-content\/uploads\/2023\/04\/Bot-500gr-1-66x66.png 66w, https:\/\/ocacacao.com\/wp-content\/uploads\/2023\/04\/Bot-500gr-1-150x150.png 150w, https:\/\/ocacacao.com\/wp-content\/uploads\/2023\/04\/Bot-500gr-1-200x200.png 200w, https:\/\/ocacacao.com\/wp-content\/uploads\/2023\/04\/Bot-500gr-1-300x300.png 300w, https:\/\/ocacacao.com\/wp-content\/uploads\/2023\/04\/Bot-500gr-1-400x400.png 400w, https:\/\/ocacacao.com\/wp-content\/uploads\/2023\/04\/Bot-500gr-1-500x500.png 500w, https:\/\/ocacacao.com\/wp-content\/uploads\/2023\/04\/Bot-500gr-1-600x600.png 600w, https:\/\/ocacacao.com\/wp-content\/uploads\/2023\/04\/Bot-500gr-1-700x700.png 700w, https:\/\/ocacacao.com\/wp-content\/uploads\/2023\/04\/Bot-500gr-1-768x768.png 768w, https:\/\/ocacacao.com\/wp-content\/uploads\/2023\/04\/Bot-500gr-1-800x800.png 800w, https:\/\/ocacacao.com\/wp-content\/uploads\/2023\/04\/Bot-500gr-1-1024x1024.png 1024w, https:\/\/ocacacao.com\/wp-content\/uploads\/2023\/04\/Bot-500gr-1-1200x1200.png 1200w, https:\/\/ocacacao.com\/wp-content\/uploads\/2023\/04\/Bot-500gr-1-1536x1536.png 1536w, https:\/\/ocacacao.com\/wp-content\/uploads\/2023\/04\/Bot-500gr-1.png 1920w\" alt=\"\" width=\"300\" height=\"300\" data-orig-src=\"https:\/\/ocacacao.com\/wp-content\/uploads\/2023\/04\/Bot-500gr-1-300x300.png\" data-srcset=\"https:\/\/ocacacao.com\/wp-content\/uploads\/2023\/04\/Bot-500gr-1-66x66.png 66w, https:\/\/ocacacao.com\/wp-content\/uploads\/2023\/04\/Bot-500gr-1-150x150.png 150w, https:\/\/ocacacao.com\/wp-content\/uploads\/2023\/04\/Bot-500gr-1-200x200.png 200w, https:\/\/ocacacao.com\/wp-content\/uploads\/2023\/04\/Bot-500gr-1-300x300.png 300w, https:\/\/ocacacao.com\/wp-content\/uploads\/2023\/04\/Bot-500gr-1-400x400.png 400w, https:\/\/ocacacao.com\/wp-content\/uploads\/2023\/04\/Bot-500gr-1-500x500.png 500w, https:\/\/ocacacao.com\/wp-content\/uploads\/2023\/04\/Bot-500gr-1-600x600.png 600w, https:\/\/ocacacao.com\/wp-content\/uploads\/2023\/04\/Bot-500gr-1-700x700.png 700w, https:\/\/ocacacao.com\/wp-content\/uploads\/2023\/04\/Bot-500gr-1-768x768.png 768w, https:\/\/ocacacao.com\/wp-content\/uploads\/2023\/04\/Bot-500gr-1-800x800.png 800w, https:\/\/ocacacao.com\/wp-content\/uploads\/2023\/04\/Bot-500gr-1-1024x1024.png 1024w, https:\/\/ocacacao.com\/wp-content\/uploads\/2023\/04\/Bot-500gr-1-1200x1200.png 1200w, https:\/\/ocacacao.com\/wp-content\/uploads\/2023\/04\/Bot-500gr-1-1536x1536.png 1536w, https:\/\/ocacacao.com\/wp-content\/uploads\/2023\/04\/Bot-500gr-1.png 1920w\" data-sizes=\"auto\" data-orig-sizes=\"(max-width: 300px) 100vw, 300px\" \/><\/td>\n<td><img loading=\"lazy\" decoding=\"async\" class=\"size-medium wp-image-2561 aligncenter lazyautosizes ls-is-cached lazyloaded\" src=\"https:\/\/ocacacao.com\/wp-content\/uploads\/2023\/04\/Bot-300gr-300x300.png\" sizes=\"200px\" srcset=\"https:\/\/ocacacao.com\/wp-content\/uploads\/2023\/04\/Bot-300gr-66x66.png 66w, https:\/\/ocacacao.com\/wp-content\/uploads\/2023\/04\/Bot-300gr-150x150.png 150w, https:\/\/ocacacao.com\/wp-content\/uploads\/2023\/04\/Bot-300gr-200x200.png 200w, https:\/\/ocacacao.com\/wp-content\/uploads\/2023\/04\/Bot-300gr-300x300.png 300w, https:\/\/ocacacao.com\/wp-content\/uploads\/2023\/04\/Bot-300gr-400x400.png 400w, https:\/\/ocacacao.com\/wp-content\/uploads\/2023\/04\/Bot-300gr-500x500.png 500w, https:\/\/ocacacao.com\/wp-content\/uploads\/2023\/04\/Bot-300gr-600x600.png 600w, https:\/\/ocacacao.com\/wp-content\/uploads\/2023\/04\/Bot-300gr-700x700.png 700w, https:\/\/ocacacao.com\/wp-content\/uploads\/2023\/04\/Bot-300gr-768x768.png 768w, https:\/\/ocacacao.com\/wp-content\/uploads\/2023\/04\/Bot-300gr-800x800.png 800w, https:\/\/ocacacao.com\/wp-content\/uploads\/2023\/04\/Bot-300gr-1024x1024.png 1024w, https:\/\/ocacacao.com\/wp-content\/uploads\/2023\/04\/Bot-300gr-1200x1200.png 1200w, https:\/\/ocacacao.com\/wp-content\/uploads\/2023\/04\/Bot-300gr-1536x1536.png 1536w, https:\/\/ocacacao.com\/wp-content\/uploads\/2023\/04\/Bot-300gr.png 1920w\" alt=\"\" width=\"300\" height=\"300\" data-orig-src=\"https:\/\/ocacacao.com\/wp-content\/uploads\/2023\/04\/Bot-300gr-300x300.png\" data-srcset=\"https:\/\/ocacacao.com\/wp-content\/uploads\/2023\/04\/Bot-300gr-66x66.png 66w, https:\/\/ocacacao.com\/wp-content\/uploads\/2023\/04\/Bot-300gr-150x150.png 150w, https:\/\/ocacacao.com\/wp-content\/uploads\/2023\/04\/Bot-300gr-200x200.png 200w, https:\/\/ocacacao.com\/wp-content\/uploads\/2023\/04\/Bot-300gr-300x300.png 300w, https:\/\/ocacacao.com\/wp-content\/uploads\/2023\/04\/Bot-300gr-400x400.png 400w, https:\/\/ocacacao.com\/wp-content\/uploads\/2023\/04\/Bot-300gr-500x500.png 500w, https:\/\/ocacacao.com\/wp-content\/uploads\/2023\/04\/Bot-300gr-600x600.png 600w, https:\/\/ocacacao.com\/wp-content\/uploads\/2023\/04\/Bot-300gr-700x700.png 700w, https:\/\/ocacacao.com\/wp-content\/uploads\/2023\/04\/Bot-300gr-768x768.png 768w, https:\/\/ocacacao.com\/wp-content\/uploads\/2023\/04\/Bot-300gr-800x800.png 800w, https:\/\/ocacacao.com\/wp-content\/uploads\/2023\/04\/Bot-300gr-1024x1024.png 1024w, https:\/\/ocacacao.com\/wp-content\/uploads\/2023\/04\/Bot-300gr-1200x1200.png 1200w, https:\/\/ocacacao.com\/wp-content\/uploads\/2023\/04\/Bot-300gr-1536x1536.png 1536w, https:\/\/ocacacao.com\/wp-content\/uploads\/2023\/04\/Bot-300gr.png 1920w\" data-sizes=\"auto\" data-orig-sizes=\"(max-width: 300px) 100vw, 300px\" \/><\/td>\n<\/tr>\n<tr>\n<td>B\u1ed9t cacao nguy\u00ean ch\u1ea5t \u2013 98.000\u0111\/ 250gr<\/td>\n<td>B\u1ed9t cacao nguy\u00ean ch\u1ea5t \u2013 185.000\u0111\/ 500gr<\/td>\n<td>B\u1ed9t cacao nguy\u00ean ch\u1ea5t \u2013 325.000\u0111\/ 1KG<\/td>\n<td>B\u1ed9t cacao nguy\u00ean ch\u1ea5t \u2013 118.000\u0111\/ 300gr<\/td>\n<\/tr>\n<\/tbody>\n<\/table>\n<\/div>\n<\/div>\n<\/div>\n<\/div>\n<\/div>\n<\/div>\n<\/div>\n<\/div>\n<p><strong>Nh\u1eefng c\u00f4ng d\u1ee5ng m\u00e0 b\u1ed9t cacao nguy\u00ean ch\u1ea5t mang \u0111\u1ebfn cho s\u1ee9c kh\u1ecfe nh\u01b0:<\/strong><\/p>\n<ul>\n<li>\n<ul>\n<li>C\u00f3 th\u1ec3 l\u00e0m gi\u1ea3m huy\u1ebft \u00e1p cao b\u1eb1ng c\u00e1ch c\u1ea3i thi\u1ec7n m\u1ee9c \u0111\u1ed9 oxit nitric: C\u00e1c flavanol trong ca cao gi\u00fap c\u1ea3i thi\u1ec7n n\u1ed3ng \u0111\u1ed9 oxit nitric trong m\u00e1u, c\u00f3 th\u1ec3 t\u0103ng c\u01b0\u1eddng ch\u1ee9c n\u0103ng c\u1ee7a c\u00e1c m\u1ea1ch m\u00e1u v\u00e0 gi\u1ea3m huy\u1ebft \u00e1p cao.<\/li>\n<li>L\u00e0m gi\u1ea3m nguy c\u01a1 \u0111au tim, \u0111\u1ed9t qu\u1ef5 nh\u1edd c\u00e1c flavanol trong cacao.<\/li>\n<li>Gi\u1ea3m stress nh\u1edd c\u00e1c polyphenol c\u1ea3i thi\u1ec7n l\u01b0u l\u01b0\u1ee3ng m\u00e1u \u0111\u1ebfn ch\u1ee9c n\u0103ng n\u00e3o v\u00e0 gi\u00fap gi\u1ea3m nguy c\u01a1 b\u1ecb tho\u00e1i h\u00f3a th\u1ea7n kinh nh\u1eb1m t\u00e1c \u0111\u1ed9ng t\u1ed1t \u0111\u1ebfn t\u00e2m tr\u1ea1ng.<\/li>\n<li>S\u1ea3n ph\u1ea9m b\u1ed9t cacao nguy\u00ean ch\u1ea5t v\u00e0 socola \u0111en nguy\u00ean ch\u1ea5t c\u1ee7a OCA c\u00f3 ch\u1ee9a 1 l\u01b0\u1ee3ng l\u1edbn h\u00e0m l\u01b0\u1ee3ng flavanol \u2013 ch\u1ea5t ch\u1ed1ng oxy h\u00f3a (s\u00f4 c\u00f4 la c\u00e0ng \u0111\u1eafng th\u00ec t\u1ef7 l\u1ec7 flavanol c\u00e0ng cao), gi\u00fap ng\u0103n ch\u1eb7n t\u00ecnh tr\u1ea1ng l\u00e3o h\u00f3a, ng\u1eeba b\u1ec7nh tim m\u1ea1ch, ung th\u01b0, t\u1ea1o l\u1edbp m\u00e0ng b\u1ea3o v\u1ec7 da tr\u00e1nh \u1ea3nh h\u01b0\u1edfng b\u1edfi c\u00e1c tia c\u1ef1c t\u00edm.<\/li>\n<li>H\u1ed7 tr\u1ee3 trong \u0111i\u1ec1u tr\u1ecb b\u1ec7nh ti\u1ec3u \u0111\u01b0\u1eddng<\/li>\n<li>H\u1ed7 tr\u1ee3 gi\u1ea3m c\u00e2n b\u1eb1ng c\u00e1ch \u0111i\u1ec1u ch\u1ec9nh vi\u1ec7c s\u1eed d\u1ee5ng n\u0103ng l\u01b0\u1ee3ng, gi\u1ea3m s\u1ef1 th\u00e8m \u0103n v\u00e0 t\u0103ng qu\u00e1 tr\u00ecnh oxy h\u00f3a ch\u1ea5t b\u00e9o. H\u1ee3p ch\u1ea5t Catechins, h\u1ee3p ch\u1ea5t n\u00e0y c\u00f3 th\u1ec3 gi\u00fap \u0111\u1ed1t ch\u00e1y Calo trong c\u00e1c c\u01a1 b\u1eafp nhi\u1ec1u h\u01a1n khi b\u1ea1n v\u1eadn \u0111\u1ed9ng, gi\u00fap gi\u1ea3m c\u00e2n hi\u1ec7u qu\u1ea3.<\/li>\n<li>H\u1ed7 tr\u1ee3 \u0103n ki\u00eang, \u0111\u1eb9p da v\u00e0 c\u00f3 t\u00ednh kh\u00e1ng khu\u1ea9n cao.<\/li>\n<\/ul>\n<\/li>\n<\/ul>\n<p>OCA xin \u0111\u01b0\u1ee3c g\u1ee3i \u00fd \u0111\u1ebfn b\u1ea1n c\u00e1ch pha ch\u1ebf lo\u1ea1i th\u1ee9c u\u1ed1ng b\u1ed5 d\u01b0\u1ee1ng v\u00e0 th\u01b0 gi\u00e3n t\u1eeb b\u1ed9t cacao:<\/p>\n<p><strong>U\u1ed1ng n\u00f3ng:\u00a0<\/strong>L\u1ea5y 15-20gr b\u1ed9t cacao nguy\u00ean ch\u1ea5t \u0111\u00e1nh tan v\u1edbi 45gr s\u1eefa \u0111\u1eb7c, th\u00eam v\u00e0o 80-100gr n\u01b0\u1edbc n\u00f3ng.<\/p>\n<p><strong>U\u1ed1ng \u0111\u00e1:\u00a0<\/strong>L\u1ea5y 15-20gr b\u1ed9t cacao nguy\u00ean ch\u1ea5t \u0111\u00e1nh tan v\u1edbi 45gr s\u1eefa \u0111\u1eb7c, th\u00eam v\u00e0o 50-60gr n\u01b0\u1edbc \u1ea5m, cho th\u00eam \u0111\u00e1, n\u00ean \u0111\u1eadp \u0111\u00e1 nhuy\u1ec5n u\u1ed1ng s\u1ebd ngon h\u01a1n.<\/p>\n<p><em>L\u01b0u \u00fd: \u0110\u00e1nh b\u1ed9t cacao v\u00e0 s\u1eefa \u0111\u1eb7c cho \u0111\u1ebfn khi h\u00f2a quy\u1ec7n r\u1ed3i m\u1edbi cho n\u01b0\u1edbc v\u00e0o. N\u1ebfu cho n\u01b0\u1edbc v\u00e0o tr\u01b0\u1edbc r\u1ed3i m\u1edbi cho b\u1ed9t v\u00e0o th\u00ec \u0111\u00e1nh b\u1ed9t s\u1ebd kh\u00f4ng tan v\u00e0 b\u1ecb v\u00f3n c\u1ee5c.<\/em><\/p>","protected":false},"excerpt":{"rendered":"<p>B\u1ed9t cacao nguy\u00ean ch\u1ea5t OCA l\u00e0 s\u1ea3n ph\u1ea9m\u00a0l\u00e0 s\u1ea3n ph\u1ea9m d\u1ea1ng b\u1ed9t thu \u0111\u01b0\u1ee3c b\u1eb1ng c\u00e1ch nghi\u1ec1n nh\u00e2n h\u1ea1t c\u1ee7a<\/p>","protected":false},"featured_media":7356,"comment_status":"open","ping_status":"closed","template":"","meta":{"_acf_changed":false},"product_cat":[324,366,367,22],"product_tag":[],"class_list":{"0":"post-7355","1":"product","2":"type-product","3":"status-publish","4":"has-post-thumbnail","6":"product_cat-ca-phe-ca-cao","7":"product_cat-hang-cnnt-cap-qg","8":"product_cat-hang-cnnt-cap-qg-2023","9":"product_cat-sanphamthucpham","11":"first","12":"instock","13":"shipping-taxable","14":"purchasable","15":"product-type-simple"},"acf":[],"_links":{"self":[{"href":"https:\/\/b2c.fairs.vn\/en\/wp-json\/wp\/v2\/product\/7355","targetHints":{"allow":["GET"]}}],"collection":[{"href":"https:\/\/b2c.fairs.vn\/en\/wp-json\/wp\/v2\/product"}],"about":[{"href":"https:\/\/b2c.fairs.vn\/en\/wp-json\/wp\/v2\/types\/product"}],"replies":[{"embeddable":true,"href":"https:\/\/b2c.fairs.vn\/en\/wp-json\/wp\/v2\/comments?post=7355"}],"version-history":[{"count":0,"href":"https:\/\/b2c.fairs.vn\/en\/wp-json\/wp\/v2\/product\/7355\/revisions"}],"wp:featuredmedia":[{"embeddable":true,"href":"https:\/\/b2c.fairs.vn\/en\/wp-json\/wp\/v2\/media\/7356"}],"wp:attachment":[{"href":"https:\/\/b2c.fairs.vn\/en\/wp-json\/wp\/v2\/media?parent=7355"}],"wp:term":[{"taxonomy":"product_cat","embeddable":true,"href":"https:\/\/b2c.fairs.vn\/en\/wp-json\/wp\/v2\/product_cat?post=7355"},{"taxonomy":"product_tag","embeddable":true,"href":"https:\/\/b2c.fairs.vn\/en\/wp-json\/wp\/v2\/product_tag?post=7355"}],"curies":[{"name":"wp","href":"https:\/\/api.w.org\/{rel}","templated":true}]}}