{"id":7329,"date":"2024-03-22T09:06:57","date_gmt":"2024-03-22T02:06:57","guid":{"rendered":"https:\/\/b2c.fairs.vn\/?post_type=product&#038;p=7329"},"modified":"2024-04-19T13:36:23","modified_gmt":"2024-04-19T06:36:23","slug":"tieu-khong-hat-huu-co-10gr","status":"publish","type":"product","link":"https:\/\/b2c.fairs.vn\/en\/product\/tieu-khong-hat-huu-co-10gr\/","title":{"rendered":"TI\u00caU KH\u00d4NG H\u1ea0T H\u1eeeU C\u01a0 10GR"},"content":{"rendered":"<p><strong>B\u1ea7u M\u00e2y<\/strong>\u00a0l\u00e0 \u0111\u01a1n v\u1ecb \u0111\u1ea7u ti\u00ean v\u00e0 duy nh\u1ea5t t\u1ea1i Vi\u1ec7t Nam ch\u1ee7 \u0111\u1ed9ng v\u00f9ng nguy\u00ean li\u1ec7u, Ti\u00eau B\u1ea7u M\u00e2y \u0111\u01b0\u1ee3c ch\u1ee9ng nh\u1eadn\u00a0<strong>N\u00f4ng Nghi\u1ec7p H\u1eefu C\u01a1\u00a0<\/strong>theo ph\u01b0\u01a1ng ph\u00e1p h\u1eefu c\u01a1 gia truy\u1ec1n. Ch\u1ebf bi\u1ebfn theo ti\u00eau chu\u1ea9n an to\u00e0n th\u1ef1c ph\u1ea9m\u00a0<strong>ISO 22000:2018<\/strong>, ch\u1ee9ng nh\u1eadn\u00a0ti\u00eau chu\u1ea9n\u00a0<strong>FDA<\/strong>.<\/p>\n<p>S\u1ea3n ph\u1ea9m cam k\u1ebft\u00a0<strong>kh\u00f4ng<\/strong>\u00a0ch\u1ee9a d\u01b0 l\u01b0\u1ee3ng thu\u1ed1c b\u1ea3o v\u1ec7 th\u1ef1c v\u1eadt. M\u1ed7i h\u1ea1t ti\u00eau \u0111\u1ec1u \u0111\u01b0\u1ee3c ng\u01b0\u1eddi n\u00f4ng d\u00e2n ch\u1ecdn l\u1ef1a k\u1ef9 l\u01b0\u1ee1ng nh\u1eb1m mang \u0111\u1ebfn s\u1ea3n ph\u1ea9m c\u00f3 ch\u1ea5t l\u01b0\u1ee3ng t\u1ed1t nh\u1ea5t t\u1edbi tay ng\u01b0\u1eddi s\u1eed d\u1ee5ng.<\/p>\n<p>Danh hi\u1ec7u s\u1ea3n ph\u1ea9m \u0111\u1ea1t \u0111\u01b0\u1ee3c: S\u1ea3n ph\u1ea9m \u0111\u1ea1t ch\u1ee9ng nh\u1eadn s\u1ea3n ph\u1ea9m c\u00f4ng nghi\u1ec7p n\u00f4ng th\u00f4n ti\u00eau bi\u1ec3u c\u1ea5p huy\u1ec7n n\u0103m 2020; C\u1ea5p t\u1ec9nh n\u0103m 2020, 2022; C\u1ea5p khu v\u1ef1c n\u0103m 2020, 2022; C\u1ea5p Qu\u1ed1c gia n\u0103m 2023. V\u00e0 \u0111\u1ed3ng th\u1eddi \u0111\u1ea1t ch\u1ee9ng nh\u1eadn Top 100 \u201cH\u00e0ng h\u00f3a, d\u1ecbch v\u1ee5 ng\u01b0\u1eddi ti\u00eau d\u00f9ng tin c\u1eady n\u0103m 2022\u201d.<\/p>\n<p>Ti\u00eau l\u00e0 vua c\u1ee7a gia v\u1ecb, trong ti\u00eau c\u00f3 nhi\u1ec1u th\u00e0nh ph\u1ea7n nh\u01b0 Vitamin, tinh d\u1ea7u, piperin, ch\u1ea5t b\u00e9o, tinh b\u1ed9t, chanvixin, \u2026 \u0111\u1eb7c bi\u1ec7t piperin h\u1ea1n ch\u1ebf oxy h\u00f3a, b\u1ea3o v\u1ec7 gan, h\u1ea1n ch\u1ebf vi\u00eam, h\u1ea1n ch\u1ebf ung th\u01b0, tr\u1ea7m c\u1ea3m, gi\u1ea3m \u0111au. Vi\u1ec7c \u0103n li\u1ec1n t\u1eebng h\u1ea1t ti\u00eau m\u00e0 kh\u00f4ng c\u1ea7n gi\u00e3, kh\u00f4ng c\u1ea7n rang, kh\u00f4ng c\u1ea7n xay, khi \u0103n li\u1ec1n c\u00f9ng th\u1ee9c \u0103n gi\u00fap \u0103n ngon h\u01a1n, l\u1ea1i t\u1ed1t vi\u1ec7c \u0103n u\u1ed1ng, ti\u00eau h\u00f3a t\u1ed1t, b\u1ed5 sung s\u1ee9c \u0111\u1ec1 kh\u00e1ng, th\u1ea3i \u0111\u1ed9c t\u1ed1, kh\u00e1ng khu\u1ea9n,\u2026<\/p>\n<p><strong>Th\u00e0nh ph\u1ea7n:<\/strong>\u00a0Ti\u00eau xanh h\u1eefu c\u01a1, mu\u1ed1i<\/p>\n<p><strong>H\u01b0\u1edbng d\u1eabn s\u1eed d\u1ee5ng:\u00a0<\/strong><strong>Ti\u00eau \u0103n li\u1ec1n<\/strong>\u00a0t\u1eebng h\u1ea1t kh\u00f4ng c\u1ea7n xay, d\u00f9ng \u0103n k\u00e8m m\u00f3n \u0103n, l\u00e0 m\u00f3n khai v\u1ecb. \u0110\u00e2y l\u00e0 m\u1ed9t c\u00e1ch \u0103n m\u1edbi gi\u1eef nguy\u00ean v\u1ecb ngon tinh t\u00fay nh\u1ea5t c\u1ee7a h\u1ea1t ti\u00eau.<\/p>\n<p>\u2013 B\u1ea1n ch\u1ec9 c\u1ea7n s\u1eed d\u1ee5ng 1 h\u1ea1t Ti\u00eau Kh\u00f4ng H\u1ea1t B\u1ea7u M\u00e2y: ng\u1eadm sau \u0111\u00f3 \u0103n tr\u1ef1c ti\u1ebfp nh\u01b0 \u0103n k\u1eb9o gi\u00fap b\u1ea1n gi\u1ea3m c\u01a1n bu\u1ed3n ng\u1ee7, t\u1ec9nh t\u00e1o, s\u1ea3ng kho\u00e1i: \u0110\u1ed1i v\u1edbi t\u00e0i x\u1ebf khi l\u00e1i xe bu\u1ed3n ng\u1ee7, nh\u00e2n vi\u00ean v\u0103n ph\u00f2ng l\u00e0m vi\u1ec7c m\u1ec7t m\u1ecfi bu\u1ed3n ng\u1ee7 m\u1ea5t t\u1eadp trung v\u00e0o c\u00f4ng vi\u1ec7c, h\u1ecdc sinh v\u00e0 sinh vi\u00ean \u00f4n b\u00e0i \u00e1p l\u1ef1c cao, nh\u00e2n vi\u00ean l\u00e0m c\u00f4ng vi\u1ec7c c\u01b0\u1eddng \u0111\u1ed9 li\u00ean t\u1ee5c, d\u1ef1 h\u1ecdp v\u00e0 h\u1ed9i ngh\u1ecb kh\u00f4ng t\u1eadp trung m\u1ec7t m\u1ecfi\u2026<\/p>\n<p>\u2013 B\u1ea1n s\u1eed d\u1ee5ng 3 \u2013 8 h\u1ea1t Ti\u00eau Kh\u00f4ng H\u1ea1t B\u1ea7u M\u00e2y: ng\u1eadm sau \u0111\u00f3 nhai gi\u00fap b\u1ea1n gi\u1ea3m say t\u00e0u xe, \u0111\u1ea7y h\u01a1i, ho,\u00a0 \u00f3i, n\u00f4n, ch\u01b0\u1edbng b\u1ee5ng, \u0111au b\u1ee5ng ti\u00eau ch\u1ea3y, \u0111au d\u1ea1 d\u00e0y, l\u1ea1nh, c\u1ea3m l\u1ea1nh, l\u00e0m \u1ea5m b\u1ee5ng, gi\u00fap b\u00e0i ti\u1ebft \u0111\u1ed9c t\u1ed1\u2026 c\u1ea3i thi\u1ec7n h\u1ec7 ti\u00eau h\u00f3a.<\/p>\n<p>\u2013 B\u1ea1n s\u1eed d\u1ee5ng 3 \u2013 5 h\u1ea1t Ti\u00eau Kh\u00f4ng H\u1ea1t B\u1ea7u M\u00e2y: ng\u1eadm sau \u0111\u00f3 nhai gi\u00fap b\u1ea1n khi kh\u00f4ng c\u00f3 th\u1eddi gian t\u1eadp th\u1ec3 d\u1ee5c b\u00e0i ti\u1ebft \u0111\u1ed9c t\u1ed1 trong c\u01a1 th\u1ec3.<\/p>\n<p>\u2013 B\u1ea1n s\u1eed d\u1ee5ng t\u1eeb 3 \u2013 7 h\u1ea1t Ti\u00eau Kh\u00f4ng H\u1ea1t B\u1ea7u M\u00e2y: Gi\u00fap cho ng\u01b0\u1eddi c\u1ea7n gi\u1ea3m c\u00e2n<\/p>\n<p>\u2013 B\u1ea1n s\u1eed d\u1ee5ng Ti\u00eau Kh\u00f4ng H\u1ea1t B\u1ea7u M\u00e2y: \u0103n k\u00e8m c\u00e1c m\u00f3n \u0103n ho\u1eb7c l\u00e0m gia v\u1ecb gi\u00fap cho ng\u01b0\u1eddi g\u1ea7y k\u00edch th\u00edch \u0103n u\u1ed1ng t\u0103ng c\u00e2n<\/p>\n<p><strong>H\u1ea1n s\u1eed d\u1ee5ng:<\/strong>\u00a024 th\u00e1ng k\u1ec3 t\u1eeb ng\u00e0y s\u1ea3n xu\u1ea5t<\/p>\n<p><strong>C\u00f4ng d\u1ee5ng c\u1ee7a ti\u00eau:<\/strong><\/p>\n<p>\u2013 T\u1ed1t h\u1ec7 ti\u00eau h\u00f3a, gi\u1ea3m t\u00ecnh tr\u1ea1ng ch\u01b0\u1edbng b\u1ee5ng, \u0111\u1ea7y h\u01a1i, kh\u00f3 ch\u1ecbu d\u1ea1 d\u00e0y<\/p>\n<p>\u2013 T\u1ed1t cho h\u1ec7 h\u00f4 h\u1ea5p, gi\u1ea3m thi\u1ec3u c\u00e1c v\u1ea5n \u0111\u1ec1 v\u1ec1 r\u0103ng l\u1ee3i<\/p>\n<p>\u2013 Duy tr\u00ec v\u00f3c d\u00e1ng: v\u1ecf h\u1ea1t ti\u00eau gi\u00fap c\u01a1 th\u1ec3 gi\u1ea3m l\u01b0\u1ee3ng calo d\u01b0 th\u1eeba, t\u0103ng b\u00e0i ti\u1ebft m\u1ed3 h\u00f4i<\/p>\n<p>\u2013 Gi\u00fap gi\u1ea3m \u0111au, gi\u1ea3m ho, tr\u1eeb \u0111\u00e0m<\/p>\n<p>\u2013 Ti\u00eau c\u00f2n gi\u00fap gi\u1ea3m c\u00e1c b\u1ec7nh v\u1ec1 kh\u1edbp<\/p>\n<p>\u2013 Kh\u00f4ng bu\u1ed3n ng\u1ee7, gi\u00fap t\u1ec9nh t\u00e1o khi l\u00e0m vi\u1ec7c v\u00e0 l\u00e1i xe\u2026.<\/p>\n<p><strong>L\u01b0u \u00fd\u00a0s\u1eed d\u1ee5ng:<\/strong>\u00a0Ti\u00eau kh\u00f4ng h\u1ea1t\u00a0c\u00f3 mu\u1ed1i t\u1ef1 nhi\u00ean\u00a0n\u00ean khi nh\u00ecn v\u00e0o c\u00f3 m\u00e0u tr\u1eafng c\u1ee7a b\u00e0o t\u1eed mu\u1ed1i, gi\u00fap Ti\u00eau B\u1ea7u M\u00e2y th\u01a1m ngon h\u01a1n.<\/p>","protected":false},"excerpt":{"rendered":"<p>B\u1ea7u M\u00e2y\u00a0l\u00e0 \u0111\u01a1n v\u1ecb \u0111\u1ea7u ti\u00ean v\u00e0 duy nh\u1ea5t t\u1ea1i Vi\u1ec7t Nam ch\u1ee7 \u0111\u1ed9ng v\u00f9ng nguy\u00ean li\u1ec7u, Ti\u00eau B\u1ea7u M\u00e2y<\/p>","protected":false},"featured_media":7330,"comment_status":"open","ping_status":"closed","template":"","meta":{"_acf_changed":false},"product_cat":[318,320,366,367,22],"product_tag":[],"class_list":{"0":"post-7329","1":"product","2":"type-product","3":"status-publish","4":"has-post-thumbnail","6":"product_cat-gia-vi","7":"product_cat-gia-vi-khac","8":"product_cat-hang-cnnt-cap-qg","9":"product_cat-hang-cnnt-cap-qg-2023","10":"product_cat-sanphamthucpham","12":"first","13":"instock","14":"shipping-taxable","15":"purchasable","16":"product-type-simple"},"acf":[],"_links":{"self":[{"href":"https:\/\/b2c.fairs.vn\/en\/wp-json\/wp\/v2\/product\/7329","targetHints":{"allow":["GET"]}}],"collection":[{"href":"https:\/\/b2c.fairs.vn\/en\/wp-json\/wp\/v2\/product"}],"about":[{"href":"https:\/\/b2c.fairs.vn\/en\/wp-json\/wp\/v2\/types\/product"}],"replies":[{"embeddable":true,"href":"https:\/\/b2c.fairs.vn\/en\/wp-json\/wp\/v2\/comments?post=7329"}],"version-history":[{"count":0,"href":"https:\/\/b2c.fairs.vn\/en\/wp-json\/wp\/v2\/product\/7329\/revisions"}],"wp:featuredmedia":[{"embeddable":true,"href":"https:\/\/b2c.fairs.vn\/en\/wp-json\/wp\/v2\/media\/7330"}],"wp:attachment":[{"href":"https:\/\/b2c.fairs.vn\/en\/wp-json\/wp\/v2\/media?parent=7329"}],"wp:term":[{"taxonomy":"product_cat","embeddable":true,"href":"https:\/\/b2c.fairs.vn\/en\/wp-json\/wp\/v2\/product_cat?post=7329"},{"taxonomy":"product_tag","embeddable":true,"href":"https:\/\/b2c.fairs.vn\/en\/wp-json\/wp\/v2\/product_tag?post=7329"}],"curies":[{"name":"wp","href":"https:\/\/api.w.org\/{rel}","templated":true}]}}