{"id":7224,"date":"2024-03-21T16:21:12","date_gmt":"2024-03-21T09:21:12","guid":{"rendered":"https:\/\/b2c.fairs.vn\/?post_type=product&#038;p=7224"},"modified":"2024-04-23T15:50:31","modified_gmt":"2024-04-23T08:50:31","slug":"sua-tuoi-thanh-trung","status":"publish","type":"product","link":"https:\/\/b2c.fairs.vn\/en\/product\/sua-tuoi-thanh-trung\/","title":{"rendered":"S\u1eefa t\u01b0\u01a1i thanh tr\u00f9ng"},"content":{"rendered":"<p><strong>S\u1eefa t\u01b0\u01a1i thanh tr\u00f9ng c\u00f3 \u0111\u01b0\u1eddng v\u00e0 kh\u00f4ng \u0111\u01b0\u1eddng<\/strong><\/p>\n<ul>\n<li>100% s\u1eefa b\u00f2 t\u01b0\u01a1i nguy\u00ean ch\u1ea5t. Ngu\u1ed3n nguy\u00ean li\u1ec7u t\u1eeb x\u00e3 T\u00f3c Ti\u00ean, Ch\u00e2u Pha \u2013 \u0111\u00e2y l\u00e0 v\u00f9ng d\u1ef1 \u00e1n ph\u00e1t tri\u1ec3n \u0111\u00e0n b\u00f2 s\u1eefa c\u1ee7a t\u1ec9nh B\u00e0 R\u1ecba \u2013 V\u0169ng T\u00e0u t\u1eeb n\u0103m 2003, \u0111\u1ebfn nay b\u00f2 \u0111\u00e3 \u0111\u01b0\u1ee3c thu\u1ea7n h\u00f3a gi\u1ed1ng \u0111\u1ecba ph\u01b0\u01a1ng.<\/li>\n<li>H\u1ec7 th\u1ed1ng \u0111\u01b0\u1ee3c x\u1eed l\u00fd theo c\u00f4ng ngh\u1ec7 thanh tr\u00f9ng hi\u1ec7n \u0111\u1ea1i \u00a0gi\u00fap gi\u1eef \u0111\u01b0\u1ee3c c\u00e1c \u00a0Vitamin v\u00e0 kho\u00e1ng ch\u1ea5t t\u1eeb s\u1eefa b\u00f2 t\u01b0\u01a1i nguy\u00ean ch\u1ea5t.<\/li>\n<\/ul>","protected":false},"excerpt":{"rendered":"<p>S\u1eefa t\u01b0\u01a1i thanh tr\u00f9ng c\u00f3 \u0111\u01b0\u1eddng v\u00e0 kh\u00f4ng \u0111\u01b0\u1eddng 100% s\u1eefa b\u00f2 t\u01b0\u01a1i nguy\u00ean ch\u1ea5t. Ngu\u1ed3n nguy\u00ean li\u1ec7u t\u1eeb x\u00e3<\/p>","protected":false},"featured_media":7229,"comment_status":"open","ping_status":"closed","template":"","meta":{"_acf_changed":false},"product_cat":[317,366,367,22,313],"product_tag":[],"class_list":{"0":"post-7224","1":"product","2":"type-product","3":"status-publish","4":"has-post-thumbnail","6":"product_cat-che-bien-tu-thit-trung-sua-thuy-san-cac-san-pham-tu-mat-ong-mat-khac-va-nong-san-thuc-pham-khac","7":"product_cat-hang-cnnt-cap-qg","8":"product_cat-hang-cnnt-cap-qg-2023","9":"product_cat-sanphamthucpham","10":"product_cat-thuc-pham-che-bien","12":"first","13":"instock","14":"shipping-taxable","15":"product-type-simple"},"acf":[],"_links":{"self":[{"href":"https:\/\/b2c.fairs.vn\/en\/wp-json\/wp\/v2\/product\/7224","targetHints":{"allow":["GET"]}}],"collection":[{"href":"https:\/\/b2c.fairs.vn\/en\/wp-json\/wp\/v2\/product"}],"about":[{"href":"https:\/\/b2c.fairs.vn\/en\/wp-json\/wp\/v2\/types\/product"}],"replies":[{"embeddable":true,"href":"https:\/\/b2c.fairs.vn\/en\/wp-json\/wp\/v2\/comments?post=7224"}],"version-history":[{"count":0,"href":"https:\/\/b2c.fairs.vn\/en\/wp-json\/wp\/v2\/product\/7224\/revisions"}],"wp:featuredmedia":[{"embeddable":true,"href":"https:\/\/b2c.fairs.vn\/en\/wp-json\/wp\/v2\/media\/7229"}],"wp:attachment":[{"href":"https:\/\/b2c.fairs.vn\/en\/wp-json\/wp\/v2\/media?parent=7224"}],"wp:term":[{"taxonomy":"product_cat","embeddable":true,"href":"https:\/\/b2c.fairs.vn\/en\/wp-json\/wp\/v2\/product_cat?post=7224"},{"taxonomy":"product_tag","embeddable":true,"href":"https:\/\/b2c.fairs.vn\/en\/wp-json\/wp\/v2\/product_tag?post=7224"}],"curies":[{"name":"wp","href":"https:\/\/api.w.org\/{rel}","templated":true}]}}