{"id":7163,"date":"2024-03-21T15:27:05","date_gmt":"2024-03-21T08:27:05","guid":{"rendered":"https:\/\/b2c.fairs.vn\/?post_type=product&#038;p=7163"},"modified":"2024-04-19T14:13:40","modified_gmt":"2024-04-19T07:13:40","slug":"palmania-mat-thot-not-set-1000g-nguyen-chat-tu-nhien-vi-suc-khoe-dac-san-an-giang","status":"publish","type":"product","link":"https:\/\/b2c.fairs.vn\/en\/product\/palmania-mat-thot-not-set-1000g-nguyen-chat-tu-nhien-vi-suc-khoe-dac-san-an-giang\/","title":{"rendered":"PALMANIA M\u1eadt th\u1ed1t n\u1ed1t s\u1ec7t 1000G | Nguy\u00ean Ch\u1ea5t, T\u1ef1 Nhi\u00ean &#038; V\u00ec S\u1ee9c Kh\u1ecfe | \u0110\u1eb7c s\u1ea3n An Giang"},"content":{"rendered":"<p>M\u1eadt th\u1ed1t n\u1ed1t l\u00e0 \u0111\u1eb7c s\u1ea3n n\u1ed5i ti\u1ebfng c\u1ee7a v\u00f9ng B\u1ea3y N\u00fai, An Giang v\u1edbi h\u01b0\u01a1ng v\u1ecb th\u01a1m ngon \u0111\u1eb7c tr\u01b0ng v\u00e0 c\u00f3 v\u1ecb ng\u1ecdt thanh d\u1ec5 ch\u1ecbu. M\u1eadt th\u1ed1t n\u1ed1t \u0111\u01b0\u1ee3c l\u00e0m t\u1eeb m\u1eadt (nh\u1ef1a) hoa c\u1ee7a c\u00e2y th\u1ed1t n\u1ed1t.<\/p>\n<p>M\u00d4 T\u1ea2 S\u1ea2N PH\u1ea8M:<\/p>\n<ul>\n<li>M\u1eadt th\u1ed1t n\u1ed1t s\u1ec7t Palmania \u0111\u01b0\u1ee3c s\u1ea3n xu\u1ea5t theo ph\u01b0\u01a1ng th\u1ee9c truy\u1ec1n th\u1ed1ng c\u1ee7a ng\u01b0\u1eddi d\u00e2n t\u1ed9c Khmer v\u00f9ng B\u1ea3y N\u00fai, An Giang v\u1edbi g\u1ed7 s\u1ebfn v\u00e0 ho\u00e0n to\u00e0n n\u00f3i kh\u00f4ng v\u1edbi ch\u1ea5t t\u1ea9y hay ch\u1ea5t b\u1ea3o qu\u1ea3n. \u0110\u1ec3 l\u00e0m ra \u0111\u01b0\u1ee3c s\u1ea3n ph\u1ea9m m\u1eadt th\u1ed1t n\u1ed1t s\u1ec7t theo \u0111\u00fang ph\u01b0\u01a1ng th\u1ee9c truy\u1ec1n th\u1ed1ng, ng\u01b0\u1eddi th\u1ee3 kh\u00f4ng nh\u1eefng ph\u1ea3i ch\u1ecbu c\u1ef1c h\u01a1n m\u00e0 c\u00f2n ph\u1ea3i n\u1eafm ch\u1eafc k\u0129 thu\u1eadt v\u00e0 kinh nghi\u1ec7m trong vi\u1ec7c l\u1ef1a ch\u1ecdn g\u1ed7 s\u1ebfn c\u0169ng nh\u01b0 th\u1eddi gian n\u1ea5u m\u1eadt h\u1ee3p l\u00fd \u0111\u1ec3 t\u1ea1o ra nh\u1eefng m\u1ebb m\u1eadt th\u1ed1t n\u1ed1t s\u1ec7t kh\u00f4ng nh\u1eefng th\u01a1m, ngon m\u00e0 c\u00f2n \u0111\u1eb9p m\u1eaft.<\/li>\n<li>C\u00e2y th\u1ed1t n\u1ed1t m\u1ecdc t\u1ef1 nhi\u00ean ph\u1ea3i m\u1ea5t \u00edt nh\u1ea5t 30 n\u0103m m\u1edbi c\u00f3 th\u1ec3 thu ho\u1ea1ch \u0111\u01b0\u1ee3c n\u01b0\u1edbc hoa \u0111\u1ec3 n\u1ea5u m\u1eadt.<\/li>\n<li>M\u1eadt th\u1ed1t n\u1ed1t s\u1ec7t Palmania \u0111\u01b0\u1ee3c l\u00e0m t\u1eeb 100% nguy\u00ean li\u1ec7u t\u1ef1 nhi\u00ean v\u00e0 tu\u00e2n theo nguy\u00ean t\u1eafc s\u1ea3n xu\u1ea5t b\u1ec1n v\u1eefng.<\/li>\n<li>M\u1eadt th\u1ed1t n\u1ed1t s\u1ec7t Palmania vinh d\u1ef1 l\u00e0 s\u1ea3n ph\u1ea9m m\u1eadt th\u1ed1t n\u1ed1t b\u1ed9t \u0111\u1ea7u ti\u00ean c\u1ee7a Vi\u1ec7t Nam th\u1eafng gi\u1ea3i th\u01b0\u1edfng 1 sao Great Taste Awards.<\/li>\n<li>M\u1eadt th\u1ed1t n\u1ed1t s\u1ec7t Palmania t\u1ea1o n\u00ean s\u1ef1 kh\u00e1c bi\u1ec7t v\u00ec s\u1ea3n ph\u1ea9m:\n<ul>\n<li>Ho\u00e0n to\u00e0n t\u1ef1 nhi\u00ean<\/li>\n<li>Kh\u00f4ng h\u00f3a ch\u1ea5t<\/li>\n<li>Kh\u00f4ng ch\u1ea5t b\u1ea3o qu\u1ea3n<\/li>\n<li>Kh\u00f4ng pha tr\u1ed9n<\/li>\n<li>Kh\u00f4ng kim lo\u1ea1i n\u1eb7ng.<\/li>\n<li>V\u00e0 \u0111\u01b0\u1ee3c l\u00e0m ra b\u1edfi t\u1ea5t c\u1ea3 t\u00ecnh y\u00eau s\u1ea3n ph\u1ea9m c\u1ee7a \u0111\u1ed9i ng\u0169 Palmania<\/li>\n<\/ul>\n<\/li>\n<\/ul>\n<p>S\u1eec D\u1ee4NG:<\/p>\n<ul>\n<li>M\u1eadt th\u1ed1t n\u1ed1t s\u1ec7t Palmania r\u1ea5t ti\u1ec7n l\u1ee3i khi s\u1eed d\u1ee5ng, c\u00f3 th\u1ec3 d\u00f9ng thay \u0111\u01b0\u1eddng c\u00e1t theo t\u1ec9 l\u1ec7 1:1. D\u00f9ng \u0111\u1ec3 kho th\u1ecbt, c\u00e1, n\u1ea5u ch\u00e8, l\u00e0m b\u00e1nh hay pha n\u01b0\u1edbc u\u1ed1ng r\u1ea5t th\u01a1m ngon<\/li>\n<\/ul>\n<p>L\u01b0u \u00fd: M\u1eadt th\u1ed1t n\u1ed1t s\u1ec7t c\u00f3 th\u1ec3 t\u00e1ch m\u1ed9t l\u1edbp m\u1eadt l\u1ecfng sau m\u1ed9t th\u1eddi gian nh\u01b0ng kh\u00f4ng \u1ea3nh h\u01b0\u1edfng \u0111\u1ebfn ch\u1ea5t l\u01b0\u1ee3ng s\u1ea3n ph\u1ea9m<\/p>\n<p>TH\u00c0NH PH\u1ea6N: 100% m\u1eadt hoa th\u1ed1t n\u1ed1t<\/p>","protected":false},"excerpt":{"rendered":"<p>M\u1eadt th\u1ed1t n\u1ed1t l\u00e0 \u0111\u1eb7c s\u1ea3n n\u1ed5i ti\u1ebfng c\u1ee7a v\u00f9ng B\u1ea3y N\u00fai, An Giang v\u1edbi h\u01b0\u01a1ng v\u1ecb th\u01a1m ngon \u0111\u1eb7c<\/p>","protected":false},"featured_media":7165,"comment_status":"open","ping_status":"closed","template":"","meta":{"_acf_changed":false},"product_cat":[314,366,367,22,313],"product_tag":[],"class_list":{"0":"post-7163","1":"product","2":"type-product","3":"status-publish","4":"has-post-thumbnail","6":"product_cat-do-an-nhanh","7":"product_cat-hang-cnnt-cap-qg","8":"product_cat-hang-cnnt-cap-qg-2023","9":"product_cat-sanphamthucpham","10":"product_cat-thuc-pham-che-bien","12":"first","13":"instock","14":"shipping-taxable","15":"purchasable","16":"product-type-simple"},"acf":[],"_links":{"self":[{"href":"https:\/\/b2c.fairs.vn\/en\/wp-json\/wp\/v2\/product\/7163","targetHints":{"allow":["GET"]}}],"collection":[{"href":"https:\/\/b2c.fairs.vn\/en\/wp-json\/wp\/v2\/product"}],"about":[{"href":"https:\/\/b2c.fairs.vn\/en\/wp-json\/wp\/v2\/types\/product"}],"replies":[{"embeddable":true,"href":"https:\/\/b2c.fairs.vn\/en\/wp-json\/wp\/v2\/comments?post=7163"}],"version-history":[{"count":0,"href":"https:\/\/b2c.fairs.vn\/en\/wp-json\/wp\/v2\/product\/7163\/revisions"}],"wp:featuredmedia":[{"embeddable":true,"href":"https:\/\/b2c.fairs.vn\/en\/wp-json\/wp\/v2\/media\/7165"}],"wp:attachment":[{"href":"https:\/\/b2c.fairs.vn\/en\/wp-json\/wp\/v2\/media?parent=7163"}],"wp:term":[{"taxonomy":"product_cat","embeddable":true,"href":"https:\/\/b2c.fairs.vn\/en\/wp-json\/wp\/v2\/product_cat?post=7163"},{"taxonomy":"product_tag","embeddable":true,"href":"https:\/\/b2c.fairs.vn\/en\/wp-json\/wp\/v2\/product_tag?post=7163"}],"curies":[{"name":"wp","href":"https:\/\/api.w.org\/{rel}","templated":true}]}}