{"id":7132,"date":"2024-03-21T14:42:01","date_gmt":"2024-03-21T07:42:01","guid":{"rendered":"https:\/\/b2c.fairs.vn\/?post_type=product&#038;p=7132"},"modified":"2024-04-23T15:40:31","modified_gmt":"2024-04-23T08:40:31","slug":"xoai-cat-hoa-loc-say-deo","status":"publish","type":"product","link":"https:\/\/b2c.fairs.vn\/en\/product\/xoai-cat-hoa-loc-say-deo\/","title":{"rendered":"XO\u00c0I C\u00c1T HO\u00c0 L\u1ed8C S\u1ea4Y D\u1ebaO"},"content":{"rendered":"<h1><strong>XO\u00c0I C\u00c1T HO\u00c0 L\u1ed8C S\u1ea4Y D\u1ebaO<\/strong><\/h1>\n<p><strong>Xo\u00e0i c\u00e1t H\u00f2a L\u1ed9c<\/strong>\u00a0l\u00e0 \u0111\u1eb7c s\u1ea3n n\u1ed5i ti\u1ebfng Mi\u1ec1n T\u00e2y. \u0110\u01b0\u1ee3c nhi\u1ec1u ng\u01b0\u1eddi y\u00eau th\u00edch tr\u00ean th\u1ecb tr\u01b0\u1eddng b\u1edfi m\u00e0u s\u1eafc \u0111\u1eb9p m\u1eaft, m\u00f9i v\u1ecb th\u01a1m ngon v\u00e0 c\u00f3 gi\u00e1 tr\u1ecb dinh d\u01b0\u1ee1ng r\u1ea5t cao. N\u1ed5i ti\u1ebfng l\u00e0 m\u1ed9t lo\u1ea1i xo\u00e0i c\u01a1m v\u00e0ng, ng\u1ecdt \u0111\u1eadm v\u1edbi v\u1ecb th\u01a1m \u0111\u1eb7c tr\u01b0ng. Xo\u00e0i c\u00e1t Ho\u00e0 L\u1ed9c \u00edt x\u01a1 n\u00ean \u0103n r\u1ea5t ngon. \u0110\u1eb7c bi\u1ec7t, xo\u00e0i tr\u1ed3ng theo ti\u00eau chu\u1ea9n Vietgap, \u0111\u1ea3m b\u1ea3o \u0111em \u0111\u1ebfn ngu\u1ed3n tr\u00e1i c\u00e2y s\u1ea1ch v\u00e0 ch\u1ea5t l\u01b0\u1ee3ng tuy\u1ec7t v\u1eddi khi \u0111\u1ebfn tay ng\u01b0\u1eddi ti\u00eau d\u00f9ng.<\/p>\n<p>Xo\u00e0i c\u00e1t Ho\u00e0 L\u1ed9c s\u1ea5y d\u1ebbo \u0111\u01b0\u1ee3c tuy\u1ec3n ch\u1ecdn t\u1eeb nh\u1eefng qu\u1ea3 xo\u00e0i ch\u1ea5t l\u01b0\u1ee3ng t\u1eeb c\u00e1c trang tr\u1ea1i tr\u1ed3ng xo\u00e0i theo ti\u00eau chu\u1ea9n VietGAP t\u1ea1i v\u1ef1a tr\u00e1i c\u00e2y An Giang. Xo\u00e0i c\u00e1t Ho\u00e0 L\u1ed9c s\u1ea5y d\u1ebbo chua chua ng\u1ecdt ng\u1ecdt t\u1ef1 nhi\u00ean, v\u1eeba m\u1ec1m v\u1eeba dai, l\u1ea1i c\u00f3 m\u00e0u v\u00e0ng b\u1eaft m\u1eaft, khi\u1ebfn b\u1ea5t k\u1ef3 ai c\u0169ng th\u00e8m thu\u1ed3ng.<\/p>\n<h2><strong>H\u00e0m l\u01b0\u1ee3ng dinh d\u01b0\u1ee1ng v\u00e0 l\u1ee3i \u00edch trong xo\u00e0i s\u1ea5y d\u1ebbo<\/strong><\/h2>\n<p>N\u1ebfu xo\u00e0i ch\u00edn cung c\u1ea5p nhi\u1ec1u vitamin v\u00e0 kho\u00e1ng ch\u1ea5t th\u00ec v\u1edbi c\u00f4ng ngh\u1ec7 s\u1ea5y kh\u00e9p k\u00edn gi\u00fap n\u00e2ng cao l\u01b0\u1ee3ng vitamin A, vitamin B6, B1, protein, lipit, gluxit v\u00e0 nh\u1ea5t l\u00e0 ti\u1ec1n sinh t\u1ed1 A. Xo\u00e0i s\u1ea5y d\u1ebbo nh\u1edd v\u1eady c\u00f3 ch\u1ee9a c\u00e1c ch\u1ea5t ch\u1ed1ng oxy ho\u00e1 cao v\u00e0 t\u0103ng c\u01b0\u1eddng h\u1ec7 mi\u1ec5n d\u1ecbch.<\/p>\n<h3><strong>Xo\u00e0i s\u1ea5y d\u1ebbo l\u00e0 th\u1ef1c ph\u1ea9m c\u00f3 ch\u1ea5t ch\u1ed1ng oxy ho\u00e1 cao gi\u00fap ph\u00f2ng ng\u1eeba ung th\u01b0<\/strong><\/h3>\n<ul>\n<li>Trong xo\u00e0i c\u00f3 h\u00e0m l\u01b0\u1ee3ng vitamin C v\u00e0 B1 r\u1ea5t cao. Ch\u00fang l\u00e0m nhi\u1ec7m v\u1ee5 t\u0103ng c\u01b0\u1eddng h\u1ec7 th\u1ed1ng mi\u1ec5n d\u1ecbch, n\u00e2ng cao s\u1ee9c \u0111\u1ec1 kh\u00e1ng cho c\u01a1 th\u1ec3. \u0102n xo\u00e0i th\u01b0\u1eddng xuy\u00ean ho\u1eb7c u\u1ed1ng m\u1ed9t c\u1ed1c n\u01b0\u1edbc \u00e9p xo\u00e0i h\u00e0ng ng\u00e0y gi\u00fap b\u1ea1n \u0111\u1ea9y l\u00f9i \u0111\u01b0\u1ee3c b\u1ec7nh t\u1eadt.<\/li>\n<li>V\u1edbi h\u00e0m l\u01b0\u1ee3ng vitamin C d\u1ed3i d\u00e0o c\u00f9ng ch\u1ea5t x\u01a1 v\u00e0 pectin, xo\u00e0i \u0111\u01b0\u1ee3c bi\u1ebft \u0111\u1ebfn nh\u01b0 m\u1ed9t lo\u1ea1i qu\u1ea3 ph\u00f2ng ng\u1eeba t\u00ecnh tr\u1ea1ng m\u1ee1 trong m\u00e1u. \u0110\u1eb7c bi\u1ec7t l\u00e0 gi\u1ea3m n\u1ed3ng \u0111\u1ed9 cholesterol trong huy\u1ebft thanh. C\u00e1c chuy\u00ean gia dinh d\u01b0\u1ee1ng khuy\u00ean b\u1ea1n n\u00ean \u0103n xo\u00e0i th\u01b0\u1eddng xuy\u00ean \u0111\u1ec3 \u0111\u1ea9y l\u00f9i c\u0103n b\u1ec7nh r\u1ed1i lo\u1ea1n m\u1ee1 trong m\u00e1u.<\/li>\n<li>Ngo\u00e0i \u0111u \u0111\u1ee7, xo\u00e0i c\u0169ng ch\u1ee9a enzym chuy\u1ec3n h\u00f3a protein c\u00f3 l\u1ee3i cho ho\u1ea1t \u0111\u1ed9ng ti\u00eau h\u00f3a. H\u01a1n n\u1eefa, v\u1edbi l\u01b0\u1ee3ng ch\u1ea5t x\u01a1 d\u1ed3i d\u00e0o, xo\u00e0i c\u00f2n gi\u00fap ph\u00f2ng ng\u1eeba t\u00e1o b\u00f3n hi\u1ec7u qu\u1ea3.<\/li>\n<li>Nghi\u00ean c\u1ee9u cho th\u1ea5y,\u00a0h\u1ee3p ch\u1ea5t ch\u1ed1ng oxy h\u00f3a trong xo\u00e0i cho kh\u1ea3 n\u0103ng b\u1ea3o v\u1ec7 c\u01a1 th\u1ec3 kh\u1ecfi c\u00e1c t\u00e1c nh\u00e2n g\u00e2y ung th\u01b0. M\u1ed9t s\u1ed1 c\u00f3 th\u1ec3 k\u1ec3 \u0111\u1ebfn nh\u01b0: methylgallat, astragalin, isoquercitrin,\u2026 Nh\u1edd v\u1eady m\u00e0 lo\u1ea1i qu\u1ea3 n\u00e0y gi\u00fap ng\u0103n ng\u1eeba c\u00e1c c\u0103n b\u1ec7nh ung th\u01b0 ph\u1ed5 bi\u1ebfn nh\u01b0 ung th\u01b0 v\u00fa, tuy\u1ebfn ti\u1ec1n li\u1ec7t hay ung th\u01b0 ru\u1ed9t k\u1ebft.<\/li>\n<li>M\u1ed9t c\u1ed1c n\u01b0\u1edbc \u00e9p xo\u00e0i c\u00f3 ch\u1ee9a \u0111\u1ebfn 24% l\u01b0\u1ee3ng vitamin A h\u00e0ng ng\u00e0y c\u1ea7n thi\u1ebft cho c\u01a1 th\u1ec3. N\u1ebfu b\u1ed5 sung \u0111\u1ea7y \u0111\u1ee7 lo\u1ea1i vitamin n\u00e0y, b\u1ea1n s\u1ebd ng\u0103n ng\u1eeba c\u00e1c ch\u1ee9ng b\u1ec7nh v\u1ec1 m\u1eaft. Ngo\u00e0i ra, xo\u00e0i c\u00f2n gi\u00fap n\u00e2ng cao th\u1ecb l\u1ef1c, b\u1ea3o v\u1ec7 \u0111\u00f4i m\u1eaft.<\/li>\n<li><\/li>\n<\/ul>\n<h3><strong>Xo\u00e0i s\u1ea5y d\u1ebbo c\u00f2n gi\u00fap c\u1ea3i thi\u1ec7n s\u1ee9c kho\u1ebb th\u1ec3 ch\u1ea5t v\u00e0 tinh th\u1ea7n<\/strong><\/h3>\n<ul>\n<li>Xo\u00e0i s\u1ea5y d\u1ebbo c\u00f2n d\u1ed3i d\u00e0o vitamin B1, lo\u1ea1i vitamin th\u01b0\u1eddng \u0111\u01b0\u1ee3c c\u00e1c b\u00e1c s\u0129 \u0111\u00e1nh gi\u00e1 l\u00e0 ch\u1ea5t ch\u1ed1ng stress hi\u1ec7u qu\u1ea3. Khi l\u00e0m vi\u1ec7c m\u1ec7t m\u1ecfi, m\u1ed9t mi\u1ebfng xo\u00e0i s\u1ea5y s\u1ebd gi\u00fap gi\u1ea3m c\u0103ng th\u1eb3ng trong c\u00f4ng vi\u1ec7c, v\u00e0 c\u00f3 th\u1ec3 l\u00e0m gia t\u0103ng h\u01b0ng ph\u1ea5n, tinh th\u1ea7n tho\u1ea3i m\u00e1i h\u01a1n, d\u1ec5 t\u1eadp trung h\u01a1n.<\/li>\n<li>C\u00e1c vitamin C, ch\u1ea5t x\u01a1 v\u00e0 pectin trong xo\u00e0i s\u1ea5y d\u1ebbo khi \u0111i c\u00f9ng nhau c\u00f3 th\u1ec3 l\u00e0m gi\u1ea3m n\u1ed3ng \u0111\u1ed9 cholesterol trong m\u00e1u, \u0111\u1ed3ng th\u1eddi l\u01b0\u1ee3ng n\u01b0\u1edbc trong xo\u00e0i c\u00f2n gi\u00fap c\u01a1 th\u1ec3 c\u00e2n b\u1eb1ng, gi\u00fap c\u00e1c m\u00f4 d\u1ec5 d\u00e0ng chuy\u1ec3n giao ch\u1ea5t dinh d\u01b0\u1ee1ng h\u01a1n, nh\u1edd v\u1eady m\u00e0 c\u00f3 th\u1ec3 ph\u00f2ng ch\u1ed1ng \u0111\u1ed9t qu\u1ef5, t\u0103ng c\u01b0\u1eddng h\u1ec7 mi\u1ec5n d\u1ecbch.<\/li>\n<\/ul>\n<h2><strong>Quy tr\u00ecnh s\u1ea3n xu\u1ea5t xo\u00e0i s\u1ea5y d\u1ebbo:<\/strong><\/h2>\n<ul>\n<li>Xo\u00e0i s\u1ea5y d\u1ebbo \u0111\u01b0\u1ee3c th\u00e1i l\u00e1t m\u1ecfng, c\u00f3 m\u00e0u v\u00e0ng t\u01b0\u01a1i, v\u1eabn gi\u1eef \u0111\u01b0\u1ee3c \u0111\u1ed9 d\u1ebbo v\u00e0 h\u01b0\u01a1ng th\u01a1m t\u1ef1 nhi\u00ean c\u1ee7a qu\u1ea3 t\u01b0\u01a1i.<\/li>\n<li>Xo\u00e0i sau khi thu ho\u1ea1ch s\u1ebd \u0111\u01b0\u1ee3c l\u1ed9t v\u1ecf, x\u1eed l\u00fd v\u1ec7 sinh v\u00e0 \u0111\u01b0a v\u00e0o m\u00e1y x\u1eaft th\u00e0nh t\u1eebng l\u00e1t m\u1ecfng v\u1eeba mi\u1ec7ng.<\/li>\n<li>Sau \u0111\u00f3 \u0111\u01b0a v\u00e0o bu\u1ed3ng S\u1ea5y gia nhi\u1ec7t, cho ra s\u1ea3n ph\u1ea9m Xo\u00e0i c\u00e1t Ho\u00e0 L\u1ed9c s\u1ea5y d\u1ebbo v\u1edbi ch\u1ea5t l\u01b0\u1ee3ng s\u1ea3n ph\u1ea9m \u0111\u01b0\u1ee3c \u0111\u1ea3m b\u1ea3o v\u1ec1 \u0111\u1ed9 m\u1ec1m, d\u1ebbo v\u1eeba \u0103n, m\u00e0u s\u1eafc v\u00e0 h\u01b0\u01a1ng v\u1ecb c\u1ee7a xo\u00e0i v\u1eabn \u0111\u01b0\u1ee3c b\u1ea3o qu\u1ea3n sau khi s\u1ea5y.<\/li>\n<li>Xo\u00e0i s\u1ea5y d\u1ebbo \u0111\u01b0\u1ee3c \u0111\u00f3ng g\u00f3i ti\u1ec7n d\u1ee5ng, thu\u1eadn l\u1ee3i mang theo m\u1ed7i khi \u0111i xa hay d\u00e0nh l\u00e0m qu\u00e0 t\u1eb7ng.<\/li>\n<\/ul>\n<h2><strong>T\u1ea1i sao l\u1ea1i ch\u1ecdn xo\u00e0i s\u1ea5y d\u1ebbo<img fetchpriority=\"high\" decoding=\"async\" class=\"alignright\" src=\"https:\/\/vuonbaba.com\/wp-content\/uploads\/2020\/12\/74891501527927181100543110268444896657408n-1581475656.jpg\" width=\"432\" height=\"359\" \/><\/strong><\/h2>\n<ul>\n<li>Xo\u00e0i n\u00f3i chung v\u00e0 xo\u00e0i s\u1ea5y d\u1ebbo n\u00f3i ri\u00eang c\u00f3 nhi\u1ec1u \u01b0u \u0111i\u1ec3m v\u00e0 c\u0169ng \u0111\u01b0\u1ee3c nhi\u1ec1u ng\u01b0\u1eddi y\u00eau th\u00edch ch\u1ecdn l\u1ef1a. V\u1edbi gi\u1ed1ng xo\u00e0i c\u00e1t Ho\u00e0 L\u1ed9c n\u1ed5i ti\u1ebfng x\u1ee9 s\u1edf Mi\u1ec1n T\u00e2y \u0111\u01b0\u1ee3c tr\u1ed3ng theo ti\u00eau chu\u1ea9n VietGAP. \u0110\u1ed3ng h\u00e0nh c\u00f9ng nh\u1eefng ng\u01b0\u1eddi n\u00f4ng d\u00e2n t\u00e2m huy\u1ebft, Xo\u00e0i c\u00e1t Ho\u00e0 L\u1ed9c s\u1ea5y d\u1ebbo l\u00e0 m\u1ed9t trong nh\u1eefng s\u1ea3n ph\u1ea9m \u0111\u1ed9t ph\u00e1 \u0111\u00e1ng t\u1ef1 h\u00e0o.<\/li>\n<li>Xo\u00e0i s\u1ea5y d\u1ebbo khi th\u00e0nh ph\u1ea9m v\u1eabn c\u00f3 \u0111\u01b0\u1ee3c \u0111\u1ed9 \u1ea9m nh\u1ea5t \u0111\u1ecbnh v\u1edbi m\u00e0u v\u00e0ng ch\u00edn v\u00e0 m\u00f9i th\u01a1m \u0111\u1eb7c tr\u01b0ng , dai nh\u1eb9 b\u00ean ngo\u00e0i, d\u1ebbo m\u1ec1m b\u00ean trong. T\u1eebng mi\u1ebfng xo\u00e0i \u0111\u01b0\u1ee3c n\u00e2ng niu, ch\u1ecdn l\u1ecdc nh\u1eefng mi\u1ebfng xo\u00e0i t\u1ed1t nh\u1ea5t, \u0111\u1ed3ng \u0111\u1ec1u nh\u1ea5t \u0111\u01b0\u1ee3c ch\u1ebf bi\u1ebfn theo c\u00f4ng ngh\u1ec7 s\u1ea5y gia nhi\u1ec7t \u0111\u01b0\u1ee3c ch\u1ee9ng nh\u1eadn b\u1edfi B\u1ed9 Khoa h\u1ecdc C\u00f4ng ngh\u1ec7. V\u00e0 to\u00e0n b\u1ed9 quy tr\u00ecnh \u0111\u1ec1u kh\u00e9p k\u00edn, \u0111\u1ea3m b\u1ea3o an to\u00e0n v\u1ec7 sinh th\u1ef1c ph\u1ea9m. Tu\u00e2n th\u1ee7 nghi\u00eam ng\u1eb7t theo ti\u00eau chu\u1ea9n ISO 2200-2018.<\/li>\n<li>C\u00f4ng ngh\u1ec7 s\u1ea5y gia nhi\u1ec7t c\u00f2n gi\u00fap s\u1ea3n ph\u1ea9m \u0111\u1ea1t \u0111\u1ed9 d\u1ebbo ho\u00e0n h\u1ea3o h\u01a1n khi ph\u01a1i d\u01b0\u1edbi n\u1eafng t\u1ef1 nhi\u00ean, gi\u00fap th\u00e0nh ph\u1ea9m r\u00e1o, kh\u00f4ng ch\u1ea3y n\u01b0\u1edbc nh\u01b0ng v\u1eabn \u0111\u1ea1t ch\u1ea5t l\u01b0\u1ee3ng ho\u00e0n m\u1ef9.<\/li>\n<li>Xo\u00e0i c\u00e1t Ho\u00e0 L\u1ed9c s\u1ea5y d\u1ebbo \u0111\u01b0\u1ee3c \u0111\u00f3ng g\u00f3i ti\u1ec7n d\u1ee5ng, thu\u1eadn l\u1ee3i mang theo m\u1ed7i khi \u0111i xa hay d\u00e0nh l\u00e0m qu\u00e0 t\u1eb7ng<\/li>\n<\/ul>","protected":false},"excerpt":{"rendered":"<p>XO\u00c0I C\u00c1T HO\u00c0 L\u1ed8C S\u1ea4Y D\u1ebaO Xo\u00e0i c\u00e1t H\u00f2a L\u1ed9c\u00a0l\u00e0 \u0111\u1eb7c s\u1ea3n n\u1ed5i ti\u1ebfng Mi\u1ec1n T\u00e2y. \u0110\u01b0\u1ee3c nhi\u1ec1u ng\u01b0\u1eddi y\u00eau<\/p>","protected":false},"featured_media":7101,"comment_status":"open","ping_status":"closed","template":"","meta":{"_acf_changed":false},"product_cat":[317,366,367,22,313],"product_tag":[],"class_list":{"0":"post-7132","1":"product","2":"type-product","3":"status-publish","4":"has-post-thumbnail","6":"product_cat-che-bien-tu-thit-trung-sua-thuy-san-cac-san-pham-tu-mat-ong-mat-khac-va-nong-san-thuc-pham-khac","7":"product_cat-hang-cnnt-cap-qg","8":"product_cat-hang-cnnt-cap-qg-2023","9":"product_cat-sanphamthucpham","10":"product_cat-thuc-pham-che-bien","12":"first","13":"instock","14":"featured","15":"shipping-taxable","16":"product-type-simple"},"acf":[],"_links":{"self":[{"href":"https:\/\/b2c.fairs.vn\/en\/wp-json\/wp\/v2\/product\/7132","targetHints":{"allow":["GET"]}}],"collection":[{"href":"https:\/\/b2c.fairs.vn\/en\/wp-json\/wp\/v2\/product"}],"about":[{"href":"https:\/\/b2c.fairs.vn\/en\/wp-json\/wp\/v2\/types\/product"}],"replies":[{"embeddable":true,"href":"https:\/\/b2c.fairs.vn\/en\/wp-json\/wp\/v2\/comments?post=7132"}],"version-history":[{"count":0,"href":"https:\/\/b2c.fairs.vn\/en\/wp-json\/wp\/v2\/product\/7132\/revisions"}],"wp:featuredmedia":[{"embeddable":true,"href":"https:\/\/b2c.fairs.vn\/en\/wp-json\/wp\/v2\/media\/7101"}],"wp:attachment":[{"href":"https:\/\/b2c.fairs.vn\/en\/wp-json\/wp\/v2\/media?parent=7132"}],"wp:term":[{"taxonomy":"product_cat","embeddable":true,"href":"https:\/\/b2c.fairs.vn\/en\/wp-json\/wp\/v2\/product_cat?post=7132"},{"taxonomy":"product_tag","embeddable":true,"href":"https:\/\/b2c.fairs.vn\/en\/wp-json\/wp\/v2\/product_tag?post=7132"}],"curies":[{"name":"wp","href":"https:\/\/api.w.org\/{rel}","templated":true}]}}