{"id":6810,"date":"2024-03-20T17:39:45","date_gmt":"2024-03-20T10:39:45","guid":{"rendered":"https:\/\/b2c.fairs.vn\/?post_type=product&#038;p=6810"},"modified":"2024-03-20T17:39:46","modified_gmt":"2024-03-20T10:39:46","slug":"tra-dai-loc","status":"publish","type":"product","link":"https:\/\/b2c.fairs.vn\/en\/product\/tra-dai-loc\/","title":{"rendered":"Tr\u00e0 \u0110\u1ea1i L\u1ed9c"},"content":{"rendered":"<p><strong>NGUY\u00caN LI\u1ec6U<\/strong><br \/>\n100% t\u1eeb ch\u00e8 b\u00fap t\u01b0\u01a1i.<\/p>\n<p><strong>H\u01af\u1edaNG D\u1eaaN S\u1eec D\u1ee4NG<\/strong><\/p>\n<p>Tr\u00e1ng \u1ea5m b\u1eb1ng n\u01b0\u1edbc s\u00f4i tr\u01b0\u1edbc khi pha tr\u00e0.<\/p>\n<p>Cho kho\u1ea3ng 3-5 gram tr\u00e0 v\u00e0o \u1ea5m c\u00f3 th\u1ec3 t\u00edch kho\u1ea3ng 150ml.<\/p>\n<p>Cho m\u1ed9t l\u01b0\u01a1ng n\u01b0\u1edbc s\u00f4i v\u1eeba \u0111\u1ee7 \u0111\u1ec3 c\u00f3 \u0111\u1ed9 \u0111\u1eadm theo s\u1edf th\u00edch v\u00e0 h\u00e3m trong 5 ph\u00fat.<\/p>\n<p>R\u00f3t ra v\u00e0 th\u01b0\u1edfng th\u1ee9c h\u01b0\u01a1ng v\u1ecb th\u01a1m ngon c\u1ee7a tr\u00e0.<\/p>\n<p><strong>H\u01af\u1edaNG D\u1eaaN B\u1ea2O QU\u1ea2N<\/strong><\/p>\n<p>N\u01a1i kh\u00f4 r\u00e1o, tho\u00e1ng m\u00e1t, tr\u00e1nh \u00e1nh n\u1eafng tr\u1ef1c ti\u1ebfp.<\/p>","protected":false},"excerpt":{"rendered":"<p>NGUY\u00caN LI\u1ec6U 100% t\u1eeb ch\u00e8 b\u00fap t\u01b0\u01a1i. H\u01af\u1edaNG D\u1eaaN S\u1eec D\u1ee4NG Tr\u00e1ng \u1ea5m b\u1eb1ng n\u01b0\u1edbc s\u00f4i tr\u01b0\u1edbc khi pha tr\u00e0.<\/p>","protected":false},"featured_media":6743,"comment_status":"open","ping_status":"closed","template":"","meta":{"_acf_changed":false},"product_cat":[321,22],"product_tag":[],"class_list":{"0":"post-6810","1":"product","2":"type-product","3":"status-publish","4":"has-post-thumbnail","6":"product_cat-che","7":"product_cat-sanphamthucpham","9":"first","10":"instock","11":"shipping-taxable","12":"product-type-simple"},"acf":[],"_links":{"self":[{"href":"https:\/\/b2c.fairs.vn\/en\/wp-json\/wp\/v2\/product\/6810","targetHints":{"allow":["GET"]}}],"collection":[{"href":"https:\/\/b2c.fairs.vn\/en\/wp-json\/wp\/v2\/product"}],"about":[{"href":"https:\/\/b2c.fairs.vn\/en\/wp-json\/wp\/v2\/types\/product"}],"replies":[{"embeddable":true,"href":"https:\/\/b2c.fairs.vn\/en\/wp-json\/wp\/v2\/comments?post=6810"}],"version-history":[{"count":0,"href":"https:\/\/b2c.fairs.vn\/en\/wp-json\/wp\/v2\/product\/6810\/revisions"}],"wp:featuredmedia":[{"embeddable":true,"href":"https:\/\/b2c.fairs.vn\/en\/wp-json\/wp\/v2\/media\/6743"}],"wp:attachment":[{"href":"https:\/\/b2c.fairs.vn\/en\/wp-json\/wp\/v2\/media?parent=6810"}],"wp:term":[{"taxonomy":"product_cat","embeddable":true,"href":"https:\/\/b2c.fairs.vn\/en\/wp-json\/wp\/v2\/product_cat?post=6810"},{"taxonomy":"product_tag","embeddable":true,"href":"https:\/\/b2c.fairs.vn\/en\/wp-json\/wp\/v2\/product_tag?post=6810"}],"curies":[{"name":"wp","href":"https:\/\/api.w.org\/{rel}","templated":true}]}}