{"id":6808,"date":"2024-03-20T17:38:51","date_gmt":"2024-03-20T10:38:51","guid":{"rendered":"https:\/\/b2c.fairs.vn\/?post_type=product&#038;p=6808"},"modified":"2024-03-28T10:34:03","modified_gmt":"2024-03-28T03:34:03","slug":"tam-phuc-tra","status":"publish","type":"product","link":"https:\/\/b2c.fairs.vn\/en\/product\/tam-phuc-tra\/","title":{"rendered":"T\u00e2m ph\u00fac tr\u00e0"},"content":{"rendered":"<p><strong>H\u01af\u1edaNG D\u1eaaN S\u1eec D\u1ee4NG<\/strong><\/p>\n<p>Tr\u00e1ng \u1ea5m b\u1eb1ng n\u01b0\u1edbc s\u00f4i tr\u01b0\u1edbc khi pha.<\/p>\n<p>Cho kho\u1ea3ng 3-5 gram ch\u00e8 v\u00e0o \u1ea5m.<\/p>\n<p>Ch\u1ebf l\u01b0\u1ee3ng n\u01b0\u1edbc s\u00f4i v\u1eeba \u0111\u1ee7 \u0111\u1ec3 c\u00f3 \u0111\u1ed9 \u0111\u1eadm theo s\u1edf th\u00edch. H\u00e3m ch\u00e8 trong 3 ph\u00fat.<\/p>\n<p>H\u00e3y th\u01b0\u1edfng th\u1ee9c h\u01b0\u01a1ng v\u1ecb th\u01a1m ngon v\u00e0 tinh khi\u1ebft c\u1ee7a ch\u00e8 v\u00f9ng T\u00e2n C\u01b0\u01a1ng.<\/p>","protected":false},"excerpt":{"rendered":"<p>H\u01af\u1edaNG D\u1eaaN S\u1eec D\u1ee4NG Tr\u00e1ng \u1ea5m b\u1eb1ng n\u01b0\u1edbc s\u00f4i tr\u01b0\u1edbc khi pha. Cho kho\u1ea3ng 3-5 gram ch\u00e8 v\u00e0o \u1ea5m. Ch\u1ebf<\/p>","protected":false},"featured_media":6740,"comment_status":"open","ping_status":"closed","template":"","meta":{"_acf_changed":false},"product_cat":[22],"product_tag":[],"class_list":{"0":"post-6808","1":"product","2":"type-product","3":"status-publish","4":"has-post-thumbnail","6":"product_cat-sanphamthucpham","8":"first","9":"instock","10":"shipping-taxable","11":"purchasable","12":"product-type-simple"},"acf":[],"_links":{"self":[{"href":"https:\/\/b2c.fairs.vn\/en\/wp-json\/wp\/v2\/product\/6808","targetHints":{"allow":["GET"]}}],"collection":[{"href":"https:\/\/b2c.fairs.vn\/en\/wp-json\/wp\/v2\/product"}],"about":[{"href":"https:\/\/b2c.fairs.vn\/en\/wp-json\/wp\/v2\/types\/product"}],"replies":[{"embeddable":true,"href":"https:\/\/b2c.fairs.vn\/en\/wp-json\/wp\/v2\/comments?post=6808"}],"version-history":[{"count":0,"href":"https:\/\/b2c.fairs.vn\/en\/wp-json\/wp\/v2\/product\/6808\/revisions"}],"wp:featuredmedia":[{"embeddable":true,"href":"https:\/\/b2c.fairs.vn\/en\/wp-json\/wp\/v2\/media\/6740"}],"wp:attachment":[{"href":"https:\/\/b2c.fairs.vn\/en\/wp-json\/wp\/v2\/media?parent=6808"}],"wp:term":[{"taxonomy":"product_cat","embeddable":true,"href":"https:\/\/b2c.fairs.vn\/en\/wp-json\/wp\/v2\/product_cat?post=6808"},{"taxonomy":"product_tag","embeddable":true,"href":"https:\/\/b2c.fairs.vn\/en\/wp-json\/wp\/v2\/product_tag?post=6808"}],"curies":[{"name":"wp","href":"https:\/\/api.w.org\/{rel}","templated":true}]}}