{"id":6774,"date":"2024-03-20T17:27:09","date_gmt":"2024-03-20T10:27:09","guid":{"rendered":"https:\/\/b2c.fairs.vn\/?post_type=product&#038;p=6774"},"modified":"2024-03-29T15:23:38","modified_gmt":"2024-03-29T08:23:38","slug":"che-tom-non-dac-san","status":"publish","type":"product","link":"https:\/\/b2c.fairs.vn\/en\/product\/che-tom-non-dac-san\/","title":{"rendered":"Ch\u00e8 T\u00f4m n\u00f5n \u0111\u1eb7c s\u1ea3n"},"content":{"rendered":"<div>\n<div>\n<p>&#8211; Th\u00e0nh ph\u1ea7n: Nguy\u00ean li\u1ec7u l\u00e0 b\u00fap ch\u00e8 n\u00f5n t\u01b0\u01a1i 1 t\u00f4m 1 l\u00e1 t\u1ea1i v\u00f9ng ch\u00e8 \u0111\u1ea1t ti\u00eau chu\u1ea9n VietGap h\u01b0\u01a1\u0301ng h\u01b0\u0303u c\u01a1 c\u1ee7a H\u1ee3p T\u00e1c X\u00e3 Ch\u00e8 H\u1ea3o \u0110\u1ea1t \u0111\u01b0\u1ee3c h\u00e1i v\u00e0o bu\u1ed5i s\u00e1ng s\u01a1\u0301m, ch\u00e8 sau \u0111\u00f3 \u0111em v\u1ec1 ngay v\u00e0 \u0111\u01b0\u1ee3c sao kh\u00f4 lu\u00f4n theo ph\u01b0\u01a1ng ph\u00e1p truy\u1ec1n th\u1ed1ng s\u1eed d\u1ee5ng c\u00f4ng ngh\u1ec7 hi\u1ec7n \u0111\u1ea1i \u0111a\u0309m ba\u0309o quy tri\u0300nh KHE\u0301P KI\u0301N, \u0111\u00e3 gi\u1eef \u0111\u01b0\u1ee3c ch\u1ea5t, v\u1ecb, h\u01b0\u01a1ng Ch\u00e8 T\u00e2n C\u01b0\u01a1ng t\u1ef1 nhi\u00ean, sau khi sao kh\u00f4 ch\u1ebf bi\u1ebfn th\u00e0nh Ch\u00e8 T\u00f4m N\u00f5n \u0111\u01b0\u1ee3c \u0111\u00f3ng g\u00f3i b\u1eb1ng t\u00fai \u1ea4M h\u00fat ch\u00e2n kh\u00f4ng \u0111\u1ebf ti\u1ec7n l\u1ee3i khi s\u1eed d\u1ee5ng v\u00e0 b\u1ea3o qu\u1ea3n ch\u00e8 \u0111\u01b0\u1ee3c t\u1ed1t v\u00e0 l\u00e2u h\u01a1n..<\/p>\n<p>&#8211; C\u00f4ng d\u1ee5ng: Gi\u00fap t\u1ec9nh t\u00e1o, gi\u1ea3m nguy c\u01a1 m\u1eafc b\u1ec7nh ung th\u01b0, tim m\u1ea1ch, gi\u1ea3m cholesterol, ch\u1ed1ng l\u00e3o h\u00f3a v\u00e0 l\u00e0m \u0111\u1eb9p da.<\/p>\n<p>&#8211; B\u1ea3o qu\u1ea3n: \u0110\u1ec3 n\u01a1i kh\u00f4 r\u00e1o ,tho\u00e1ng m\u00e1t, tr\u00e1nh ti\u1ebfp x\u00fac tr\u1ef1c ti\u1ebfp v\u1edbi \u00e1nh n\u1eafng m\u1eb7t tr\u1eddi.<\/p>\n<p>&#8211; Quy c\u00e1ch: B\u00ean trong l\u00e0 t\u00fai ch\u00e8 \u1ea5m h\u00fat ch\u00e2n kh\u00f4ng kh\u1ed1i l\u01b0\u1ee3ng t\u1ecbnh 100gam 200gam 500gam T\u00fai \u1ea5m<\/p>\n<p>&nbsp;<\/p>\n<p><strong>H\u01b0\u01a1\u0301ng d\u00e2\u0303n pha tra\u0300:<\/strong><\/p>\n<p>&#8211; Tra\u0301ng \u00e2\u0301m b\u0103\u0300ng n\u01b0\u01a1\u0301c \u00e2\u0301m tr\u01b0\u01a1\u0301c khi pha.<\/p>\n<p>&#8211; Cho 4-6gam tra\u0300 va\u0300o \u00e2\u0301n co\u0301 th\u00ea\u0309 ti\u0301ch 150ml.<\/p>\n<p>&#8211; Ro\u0301t 150ml n\u01b0\u01a1\u0301c s\u00f4i va\u0300o \u00e2\u0301m, ch\u01a1\u0300 t\u01b0\u0300 3-5 phu\u0301t.<\/p>\n<p>&#8211; Th\u01b0\u01a1\u0309ng th\u01b0\u0301c h\u01b0\u01a1ng vi\u0323 th\u01a1m ngon tinh ki\u00ea\u0301t cu\u0309a tra\u0300 \u0111\u0103\u0323c sa\u0309n T\u00e2n C\u01b0\u01a1ng Tha\u0301i Nguy\u00ean.<\/p>\n<p>&#8211; Ch\u00fa \u00fd: Sau khi c\u1eaft mi\u1ec7ng t\u00fai ph\u1ea3i \u0111\u00f3ng k\u00edn, \u0111\u1ec3 trong h\u1ed9p chuy\u00ean \u0111\u1ef1ng tr\u00e0, s\u1ebd gi\u1eef \u0111\u01b0\u1ee3c h\u01b0\u01a1ng v\u1ecb ch\u1ea5t l\u01b0\u1ee3ng tr\u00e0 ngon v\u00e0 l\u00e2u h\u01a1n.<\/p>\n<\/div>\n<\/div>\n<div>\n<div>\n<h3 class=\"text-xl my-5 font-bold\">Th\u00f4ng s\u1ed1 k\u1ef9 thu\u1eadt<\/h3>\n<div>\n<div class=\"my-2 py-2\">Gi\u00e1<span class=\"mlr-1\">:<\/span><span class=\"ml-1\">40.000 &#8211; 200.000\u0111<\/span><\/div>\n<div class=\"my-2 py-2\">Xu\u1ea5t s\u1ee9<span class=\"mlr-1\">:<\/span><span class=\"ml-1\">T\u00e2n C\u01b0\u01a1ng Th\u00e1i Nguy\u00ean<\/span><\/div>\n<div class=\"my-2 py-2\">B\u1ea3o qu\u1ea3n<span class=\"mlr-1\">:<\/span><span class=\"ml-1\">\u0110\u1ec3 n\u01a1i kh\u00f4 r\u00e1o, tho\u00e1ng m\u00e1t, tr\u00e1nh \u00e1nh n\u1eafng tr\u1ef1c ti\u1ebfp<\/span><\/div>\n<div class=\"my-2 py-2\">Th\u01b0\u01a1ng hi\u1ec7u<span class=\"mlr-1\">:<\/span><span class=\"ml-1\">Ch\u00e8 H\u1ea3o \u0110\u1ea1t<\/span><\/div>\n<div class=\"my-2 py-2\">H\u1ea1n s\u1eed d\u1ee5ng<span class=\"mlr-1\">:<\/span><span class=\"ml-1\">12 th\u00e1ng<\/span><\/div>\n<\/div>\n<\/div>\n<\/div>","protected":false},"excerpt":{"rendered":"<div>\n<div>\n<p>&#8211; Th\u00e0nh ph\u1ea7n: Nguy\u00ean li\u1ec7u l\u00e0 b\u00fap ch\u00e8 n\u00f5n t\u01b0\u01a1i 1 t\u00f4m 1 l\u00e1 t\u1ea1i v\u00f9ng ch\u00e8 \u0111\u1ea1t ti\u00eau chu\u1ea9n VietGap h\u01b0\u01a1\u0301ng h\u01b0\u0303u c\u01a1 c\u1ee7a H\u1ee3p T\u00e1c X\u00e3 Ch\u00e8 H\u1ea3o \u0110\u1ea1t \u0111\u01b0\u1ee3c h\u00e1i v\u00e0o bu\u1ed5i s\u00e1ng s\u01a1\u0301m, ch\u00e8 sau \u0111\u00f3 \u0111em v\u1ec1 ngay v\u00e0 \u0111\u01b0\u1ee3c sao kh\u00f4 lu\u00f4n theo ph\u01b0\u01a1ng ph\u00e1p truy\u1ec1n th\u1ed1ng s\u1eed d\u1ee5ng c\u00f4ng ngh\u1ec7 hi\u1ec7n \u0111\u1ea1i \u0111a\u0309m ba\u0309o quy tri\u0300nh KHE\u0301P KI\u0301N, \u0111\u00e3 gi\u1eef \u0111\u01b0\u1ee3c ch\u1ea5t, v\u1ecb, h\u01b0\u01a1ng Ch\u00e8 T\u00e2n C\u01b0\u01a1ng t\u1ef1 nhi\u00ean, sau khi sao kh\u00f4 ch\u1ebf bi\u1ebfn th\u00e0nh Ch\u00e8 T\u00f4m N\u00f5n \u0111\u01b0\u1ee3c \u0111\u00f3ng g\u00f3i b\u1eb1ng t\u00fai \u1ea4M h\u00fat ch\u00e2n kh\u00f4ng \u0111\u1ebf ti\u1ec7n l\u1ee3i khi s\u1eed d\u1ee5ng v\u00e0 b\u1ea3o qu\u1ea3n ch\u00e8 \u0111\u01b0\u1ee3c t\u1ed1t v\u00e0 l\u00e2u h\u01a1n..<\/p>\n<p>&#8211; C\u00f4ng d\u1ee5ng: Gi\u00fap t\u1ec9nh t\u00e1o, gi\u1ea3m nguy c\u01a1 m\u1eafc b\u1ec7nh ung th\u01b0, tim m\u1ea1ch, gi\u1ea3m cholesterol, ch\u1ed1ng l\u00e3o h\u00f3a v\u00e0 l\u00e0m \u0111\u1eb9p da.<\/p>\n<p>&#8211; B\u1ea3o qu\u1ea3n: \u0110\u1ec3 n\u01a1i kh\u00f4 r\u00e1o ,tho\u00e1ng m\u00e1t, tr\u00e1nh ti\u1ebfp x\u00fac tr\u1ef1c ti\u1ebfp v\u1edbi \u00e1nh n\u1eafng m\u1eb7t tr\u1eddi.<\/p>\n<p>&#8211; Quy c\u00e1ch: B\u00ean trong l\u00e0 t\u00fai ch\u00e8 \u1ea5m h\u00fat ch\u00e2n kh\u00f4ng kh\u1ed1i l\u01b0\u1ee3ng t\u1ecbnh 100gam 200gam 500gam T\u00fai \u1ea5m<\/p>\n<p>&nbsp;<\/p>\n<p><strong>H\u01b0\u01a1\u0301ng d\u00e2\u0303n pha tra\u0300:<\/strong><\/p>\n<p>&#8211; Tra\u0301ng \u00e2\u0301m b\u0103\u0300ng n\u01b0\u01a1\u0301c \u00e2\u0301m tr\u01b0\u01a1\u0301c khi pha.<\/p>\n<p>&#8211; Cho 4-6gam tra\u0300 va\u0300o \u00e2\u0301n co\u0301 th\u00ea\u0309 ti\u0301ch 150ml.<\/p>\n<p>&#8211; Ro\u0301t 150ml n\u01b0\u01a1\u0301c s\u00f4i va\u0300o \u00e2\u0301m, ch\u01a1\u0300 t\u01b0\u0300 3-5 phu\u0301t.<\/p>\n<p>&#8211; Th\u01b0\u01a1\u0309ng th\u01b0\u0301c h\u01b0\u01a1ng vi\u0323 th\u01a1m ngon tinh ki\u00ea\u0301t cu\u0309a tra\u0300 \u0111\u0103\u0323c sa\u0309n T\u00e2n C\u01b0\u01a1ng Tha\u0301i Nguy\u00ean.<\/p>\n<p>&#8211; Ch\u00fa \u00fd: Sau khi c\u1eaft mi\u1ec7ng t\u00fai ph\u1ea3i \u0111\u00f3ng k\u00edn, \u0111\u1ec3 trong h\u1ed9p chuy\u00ean \u0111\u1ef1ng tr\u00e0, s\u1ebd gi\u1eef \u0111\u01b0\u1ee3c h\u01b0\u01a1ng v\u1ecb ch\u1ea5t l\u01b0\u1ee3ng tr\u00e0 ngon v\u00e0 l\u00e2u h\u01a1n.<\/p>\n<\/div>\n<\/div>\n<div>\n<div>\n<h3 class=\"text-xl my-5 font-bold\">Th\u00f4ng s\u1ed1 k\u1ef9 thu\u1eadt<\/h3>\n<div>\n<div class=\"my-2 py-2\">Gi\u00e1<span class=\"mlr-1\">:<\/span><span class=\"ml-1\">40.000 &#8211; 200.000\u0111<\/span><\/div>\n<div class=\"my-2 py-2\">Xu\u1ea5t s\u1ee9<span class=\"mlr-1\">:<\/span><span class=\"ml-1\">T\u00e2n C\u01b0\u01a1ng Th\u00e1i Nguy\u00ean<\/span><\/div>\n<div class=\"my-2 py-2\">B\u1ea3o qu\u1ea3n<span class=\"mlr-1\">:<\/span><span class=\"ml-1\">\u0110\u1ec3 n\u01a1i kh\u00f4 r\u00e1o, tho\u00e1ng m\u00e1t, tr\u00e1nh \u00e1nh n\u1eafng tr\u1ef1c ti\u1ebfp<\/span><\/div>\n<div class=\"my-2 py-2\">Th\u01b0\u01a1ng hi\u1ec7u<span class=\"mlr-1\">:<\/span><span class=\"ml-1\">Ch\u00e8 H\u1ea3o \u0110\u1ea1t<\/span><\/div>\n<div class=\"my-2 py-2\">H\u1ea1n s\u1eed d\u1ee5ng<span class=\"mlr-1\">:<\/span><span class=\"ml-1\">12 th\u00e1ng<\/span><\/div>\n<\/div>\n<\/div>\n<\/div>","protected":false},"featured_media":6775,"comment_status":"open","ping_status":"closed","template":"","meta":{"_acf_changed":false},"product_cat":[321,322,366,398,22],"product_tag":[],"class_list":{"0":"post-6774","1":"product","2":"type-product","3":"status-publish","4":"has-post-thumbnail","6":"product_cat-che","7":"product_cat-che-tuoi-che-bien","8":"product_cat-hang-cnnt-cap-qg","9":"product_cat-san-pham-cnnt-tb-cap-qg-2021","10":"product_cat-sanphamthucpham","12":"first","13":"instock","14":"shipping-taxable","15":"purchasable","16":"product-type-variable"},"acf":[],"_links":{"self":[{"href":"https:\/\/b2c.fairs.vn\/en\/wp-json\/wp\/v2\/product\/6774","targetHints":{"allow":["GET"]}}],"collection":[{"href":"https:\/\/b2c.fairs.vn\/en\/wp-json\/wp\/v2\/product"}],"about":[{"href":"https:\/\/b2c.fairs.vn\/en\/wp-json\/wp\/v2\/types\/product"}],"replies":[{"embeddable":true,"href":"https:\/\/b2c.fairs.vn\/en\/wp-json\/wp\/v2\/comments?post=6774"}],"version-history":[{"count":0,"href":"https:\/\/b2c.fairs.vn\/en\/wp-json\/wp\/v2\/product\/6774\/revisions"}],"wp:featuredmedia":[{"embeddable":true,"href":"https:\/\/b2c.fairs.vn\/en\/wp-json\/wp\/v2\/media\/6775"}],"wp:attachment":[{"href":"https:\/\/b2c.fairs.vn\/en\/wp-json\/wp\/v2\/media?parent=6774"}],"wp:term":[{"taxonomy":"product_cat","embeddable":true,"href":"https:\/\/b2c.fairs.vn\/en\/wp-json\/wp\/v2\/product_cat?post=6774"},{"taxonomy":"product_tag","embeddable":true,"href":"https:\/\/b2c.fairs.vn\/en\/wp-json\/wp\/v2\/product_tag?post=6774"}],"curies":[{"name":"wp","href":"https:\/\/api.w.org\/{rel}","templated":true}]}}