{"id":6759,"date":"2024-03-20T17:24:35","date_gmt":"2024-03-20T10:24:35","guid":{"rendered":"https:\/\/b2c.fairs.vn\/?post_type=product&#038;p=6759"},"modified":"2024-03-28T10:20:00","modified_gmt":"2024-03-28T03:20:00","slug":"hop-tra-am-xanh-hao-dat-dac-biet-200g","status":"publish","type":"product","link":"https:\/\/b2c.fairs.vn\/en\/product\/hop-tra-am-xanh-hao-dat-dac-biet-200g\/","title":{"rendered":"Ch\u00e8 T\u00e2n C\u01b0\u01a1ng H\u1ea2O \u0110\u1ea0T m\u00f3c c\u00e2u \u0111\u1eb7c s\u1ea3n"},"content":{"rendered":"<div><img decoding=\"async\" class=\"emoji lazy-load-active\" role=\"img\" draggable=\"false\" src=\"https:\/\/s.w.org\/images\/core\/emoji\/13.1.0\/svg\/2714.svg\" alt=\"\u2714\ufe0f\" data-src=\"https:\/\/s.w.org\/images\/core\/emoji\/13.1.0\/svg\/2714.svg\" \/>Th\u00e0nh ph\u1ea7n:<\/div>\n<div>Nguy\u00ean li\u1ec7u l\u00e0 b\u00fap ch\u00e8 n\u00f5n t\u01b0\u01a1i 1 t\u00f4m 2 l\u00e1 t\u1ea1i v\u00f9ng ch\u00e8 \u0111\u1ea1t ti\u00eau chu\u1ea9n VietGap h\u01b0\u01a1\u0301ng h\u01b0\u0303u c\u01a1 c\u1ee7a H\u1ee3p T\u00e1c X\u00e3 Ch\u00e8 H\u1ea3o \u0110\u1ea1t \u0111\u01b0\u1ee3c h\u00e1i v\u00e0o bu\u1ed5i s\u00e1ng s\u01a1\u0301m, ch\u00e8 sau \u0111\u00f3 \u0111em v\u1ec1 ngay v\u00e0 \u0111\u01b0\u1ee3c sao kh\u00f4 lu\u00f4n theo ph\u01b0\u01a1ng ph\u00e1p truy\u1ec1n th\u1ed1ng s\u1eed d\u1ee5ng c\u00f4ng ngh\u1ec7 hi\u1ec7n \u0111\u1ea1i \u0111a\u0309m ba\u0309o quy tri\u0300nh KHE\u0301P KI\u0301N, \u0111\u00e3 gi\u1eef \u0111\u01b0\u1ee3c ch\u1ea5t, v\u1ecb, h\u01b0\u01a1ng Ch\u00e8 T\u00e2n C\u01b0\u01a1ng t\u1ef1 nhi\u00ean, sau khi sao kh\u00f4 ch\u1ebf bi\u1ebfn th\u00e0nh Ch\u00e8 M\u00f3c C\u00e2u \u0111\u01b0\u1ee3c \u0111\u00f3ng g\u00f3i b\u1eb1ng t\u00fai h\u00fat ch\u00e2n kh\u00f4ng 200g 500g \u0111\u1ebf ti\u1ec7n l\u1ee3i khi s\u1eed d\u1ee5ng v\u00e0 b\u1ea3o qu\u1ea3n ch\u00e8 \u0111\u01b0\u1ee3c t\u1ed1t v\u00e0 l\u00e2u h\u01a1n..<\/div>\n<div>\u2013 C\u00f4ng d\u1ee5ng:<\/div>\n<div>Gi\u00fap t\u1ec9nh t\u00e1o, gi\u1ea3m nguy c\u01a1 m\u1eafc b\u1ec7nh ung th\u01b0, tim m\u1ea1ch, gi\u1ea3m cholesterol, ch\u1ed1ng l\u00e3o h\u00f3a v\u00e0 l\u00e0m \u0111\u1eb9p da.<\/div>\n<div>\u2013 B\u1ea3o qu\u1ea3n:<\/div>\n<div>\u0110\u1ec3 n\u01a1i kh\u00f4 r\u00e1o ,tho\u00e1ng m\u00e1t, tr\u00e1nh ti\u1ebfp x\u00fac tr\u1ef1c ti\u1ebfp v\u1edbi \u00e1nh n\u1eafng m\u1eb7t tr\u1eddi.<\/div>\n<div>\u2013 Quy c\u00e1ch:<\/div>\n<div>L\u00e0 t\u00fai ch\u00e8 \u1ea5m h\u00fat ch\u00e2n kh\u00f4ng kh\u1ed1i l\u01b0\u1ee3ng t\u1ecbnh 200g 500g<\/div>\n<div><img decoding=\"async\" class=\"emoji lazy-load-active\" role=\"img\" draggable=\"false\" src=\"https:\/\/s.w.org\/images\/core\/emoji\/13.1.0\/svg\/2714.svg\" alt=\"\u2714\ufe0f\" data-src=\"https:\/\/s.w.org\/images\/core\/emoji\/13.1.0\/svg\/2714.svg\" \/>H\u01b0\u01a1\u0301ng d\u00e2\u0303n pha tra\u0300<\/div>\n<div>\u2013 Tra\u0301ng \u00e2\u0301m b\u0103\u0300ng n\u01b0\u01a1\u0301c \u00e2\u0301m tr\u01b0\u01a1\u0301c khi pha<\/div>\n<div>\u2013 Cho 4-6gam tra\u0300 va\u0300o \u00e2\u0301n co\u0301 th\u00ea\u0309 ti\u0301ch 150ml<\/div>\n<div>\u2013 Ro\u0301t 150ml n\u01b0\u01a1\u0301c s\u00f4i va\u0300o \u00e2\u0301m, ch\u01a1\u0300 t\u01b0\u0300 3-5 phu\u0301t<\/div>\n<div>\u2013 Th\u01b0\u01a1\u0309ng th\u01b0\u0301c h\u01b0\u01a1ng vi\u0323 th\u01a1m ngon tinh ki\u00ea\u0301t cu\u0309a tra\u0300 \u0111\u0103\u0323c sa\u0309n T\u00e2n C\u01b0\u01a1ng Tha\u0301i Nguy\u00ean.<\/div>\n<div>\u2013 Ch\u00fa \u00fd:<\/div>\n<div>Sau khi c\u1eaft mi\u1ec7ng t\u00fai ph\u1ea3i \u0111\u00f3ng k\u00edn, \u0111\u1ec3 trong h\u1ed9p chuy\u00ean \u0111\u1ef1ng tr\u00e0, s\u1ebd gi\u1eef \u0111\u01b0\u1ee3c h\u01b0\u01a1ng v\u1ecb ch\u1ea5t l\u01b0\u1ee3ng tr\u00e0 ngon v\u00e0 l\u00e2u h\u01a1n.<\/div>\n<div><\/div>\n<div>***************************************************<\/div>\n<div><\/div>\n<div><img decoding=\"async\" class=\"emoji lazy-load-active\" role=\"img\" draggable=\"false\" src=\"https:\/\/s.w.org\/images\/core\/emoji\/13.1.0\/svg\/2714.svg\" alt=\"\u2714\ufe0f\" data-src=\"https:\/\/s.w.org\/images\/core\/emoji\/13.1.0\/svg\/2714.svg\" \/>H\u1ee3p T\u00e1c X\u00e3 Ch\u00e8 H\u1ea3o \u0110\u1ea1t \u0111\u00e3 \u0111\u01b0\u1ee3c c\u1ea5p:<\/div>\n<div>\u2013 Gi\u1ea5y ch\u1ee9ng nh\u1eadn s\u1ea3n ph\u1ea9m OCOP c\u1ea5p Qu\u1ed1c Gia s\u1ed1 2890\/Q\u0110-BNN-VP\u0110P Do B\u1ed9 N\u00f4ng Nghi\u1ec7p v\u00e0 Ph\u00e1t Tri\u1ec1n N\u00f4ng Th\u00f4n c\u1ea5p ng\u00e0y 30\/6\/2021<\/div>\n<div>\u2013 Gi\u1ea5y ch\u1ee9ng nh\u1eadn c\u01a1 s\u1edf \u0111\u1ee7 \u0111i\u1ec1u ki\u1ec7n an to\u00e0n th\u1ef1c ph\u1ea9m s\u1ed1 10\/2020\/NNPTNT-TN Do ph\u00f2ng kinh t\u1ebf th\u00e0nh ph\u1ed1 c\u1ea5p ng\u00e0y 27\/11\/2020<\/div>\n<div>\u2013 X\u00e1c nh\u1eadn chu\u1ed7i cung \u1ee9ng th\u1ef1c ph\u1ea9m an to\u00e0n s\u1ed1 201\/XNC_QLCL do chi c\u1ee5c Qu\u1ea3n l\u00fd ch\u1ea5t l\u01b0\u1ee3ng n\u00f4ng l\u00e2m th\u1ee7y s\u1ea3n c\u1ea5p ng\u00e0y 19\/9\/2018<\/div>\n<div>\u2013 Gi\u1ea5y ch\u1ee9ng nh\u1eadn \u0111\u1ea1t danh hi\u1ec7u s\u1ea3n ph\u1ea9m n\u00f4ng nghi\u1ec7p ti\u00eau bi\u1ec3u t\u1ec9nh l\u1ea7n th\u1ee9 3 s\u1ed1 235\/Q\u0110-HND do H\u1ed9i n\u00f4ng d\u00e2n t\u1ec9nh c\u1ea5p ng\u00e0y 24\/09\/2020<\/div>\n<div>\u2013 Gi\u1ea5y ch\u1ee9ng nh\u1eadn s\u1ea3n ph\u1ea9m c\u00f4ng nghi\u1ec7p n\u00f4ng th\u00f4n ti\u00eau bi\u1ec3u c\u1ea5p t\u1ec9nh n\u0103m 2020 s\u1ed1 1826\/Q\u0110-UBND do \u1ee6y ban nh\u00e2n d\u00e2n t\u1ec9nh c\u1ea5p ng\u00e0y 25\/6\/2020<\/div>\n<div>\u2013 Gi\u1ea5y ch\u1ee9ng nh\u1eadn s\u1ea3n ph\u1ea9m c\u00f4ng nghi\u1ec7p n\u00f4ng th\u00f4n ti\u00eau bi\u1ec3u c\u1ea5p khu v\u1ef1c n\u0103m 2020 s\u1ed1 110\/Q\u0110-CT\u0110P do C\u1ee5c C\u00f4ng Th\u01b0\u01a1ng \u0110\u1ecba Ph\u01b0\u01a1ng c\u1ea5p ng\u00e0y 12\/11\/2020<\/div>\n<div>\u2013 Gi\u1ea5y ch\u1ee9ng nh\u1eadn OCOP 4 Sao s\u1ed1 2734\/Q\u0110-UBND do \u1ee6y ban nh\u00e2n d\u00e2n t\u1ec9nh c\u1ea5p ng\u00e0y 22\/08\/2019<\/div>\n<div><\/div>\n<div>H\u1ea1n s\u1eed d\u1ee5ng: 12 Th\u00e1ng<\/div>\n<div><\/div>\n<div>***************************************************<\/div>\n<div><\/div>\n<div>\u00a0<img decoding=\"async\" class=\"emoji lazy-load-active\" role=\"img\" draggable=\"false\" src=\"https:\/\/s.w.org\/images\/core\/emoji\/13.1.0\/svg\/1f48e.svg\" alt=\"\ud83d\udc8e\" data-src=\"https:\/\/s.w.org\/images\/core\/emoji\/13.1.0\/svg\/1f48e.svg\" \/>\u00a0<img decoding=\"async\" class=\"emoji lazy-load-active\" role=\"img\" draggable=\"false\" src=\"https:\/\/s.w.org\/images\/core\/emoji\/13.1.0\/svg\/1f48e.svg\" alt=\"\ud83d\udc8e\" data-src=\"https:\/\/s.w.org\/images\/core\/emoji\/13.1.0\/svg\/1f48e.svg\" \/>\u00a0<img decoding=\"async\" class=\"emoji lazy-load-active\" role=\"img\" draggable=\"false\" src=\"https:\/\/s.w.org\/images\/core\/emoji\/13.1.0\/svg\/1f48e.svg\" alt=\"\ud83d\udc8e\" data-src=\"https:\/\/s.w.org\/images\/core\/emoji\/13.1.0\/svg\/1f48e.svg\" \/>Qu\u00fd kh\u00e1ch c\u00f3 th\u1ec3 Check QR tr\u00ean g\u00f3i tr\u00e0 \u0111\u1ec3 ki\u1ec3m tra ngu\u1ed3n g\u1ed1c<\/div>\n<div><img decoding=\"async\" class=\"emoji lazy-load-active\" role=\"img\" draggable=\"false\" src=\"https:\/\/s.w.org\/images\/core\/emoji\/13.1.0\/svg\/1f4cc.svg\" alt=\"\ud83d\udccc\" data-src=\"https:\/\/s.w.org\/images\/core\/emoji\/13.1.0\/svg\/1f4cc.svg\" \/>\u00a0Ch\u00fang t\u00f4i CAM K\u1ebeT<\/div>\n<div>\u2013 T\u1ea5t c\u1ea3 c\u00e1c s\u1ea3n ph\u1ea9m \u0111\u1ec1u \u0111\u01b0\u1ee3c SX, CB t\u1eeb Nguy\u00ean li\u1ec7u ch\u00e8 b\u00fap t\u01b0\u01a1i h\u00e1i t\u1eeb v\u00f9ng ch\u00e8 T\u00e2n C\u01b0\u01a1ng Ha\u0309o \u0110a\u0323t, \u0111\u01b0\u1ee3c tr\u1ed3ng v\u00e0 ch\u0103m s\u00f3c, ch\u1ebf bi\u1ebfn theo ti\u00eau chu\u1ea9n VietGap h\u01b0\u1edbng h\u1eefu c\u01a1.<\/div>\n<div>\u2013 H\u1ee3p T\u00e1c X\u00e3 Ch\u00e8 H\u1ea3o \u0110\u1ea1t ph\u00e2n ph\u1ed1i tr\u1ef1c ti\u1ebfp n\u00ean chi ph\u00ed s\u1ebd l\u00e0 R\u1eba NH\u1ea4T<\/div>\n<div>\u2013 H\u00e0ng lu\u00f4n c\u00f3 s\u1eb5n<\/div>\n<div>\u2013 Quy\u1ec1n L\u1ee3i c\u1ee7a Kh\u00e1ch H\u00e0ng<\/div>\n<div>\u2013 Ch\u00ednh s\u00e1ch \u01b0u \u0111\u00e3i cho KH th\u00e2n thi\u1ebft<\/div>\n<div>\u2013 Mo\u0323i th\u0103\u0301c m\u0103\u0301c v\u00ea\u0300 sa\u0309n ph\u00e2\u0309m li\u00ean h\u1ec7 tr\u01b0\u0323c ti\u00ea\u0301p v\u01a1\u0301i shop \u0111\u00ea\u0309 \u0111\u01b0\u01a1\u0323c gia\u0309i quy\u00ea\u0301t<\/div>\n<div><\/div>\n<div><img decoding=\"async\" class=\"emoji lazy-load-active\" role=\"img\" draggable=\"false\" src=\"https:\/\/s.w.org\/images\/core\/emoji\/13.1.0\/svg\/2728.svg\" alt=\"\u2728\" data-src=\"https:\/\/s.w.org\/images\/core\/emoji\/13.1.0\/svg\/2728.svg\" \/>\u00a0N\u00ea\u0301u thi\u0301ch sa\u0309n ph\u00e2\u0309m cu\u0309a chu\u0301ng t\u00f4i, ca\u0301c ba\u0323n ha\u0303y nh\u01a1\u0301 \u00e2\u0301n theo do\u0303i va\u0300 \u0111a\u0301nh gia\u0301 nhe\u0301\u00a0<img decoding=\"async\" class=\"emoji lazy-load-active\" role=\"img\" draggable=\"false\" src=\"https:\/\/s.w.org\/images\/core\/emoji\/13.1.0\/svg\/1f9e1.svg\" alt=\"\ud83e\udde1\" data-src=\"https:\/\/s.w.org\/images\/core\/emoji\/13.1.0\/svg\/1f9e1.svg\" \/><\/div>","protected":false},"excerpt":{"rendered":"<div>\n<div>\n<p>&#8211; Th\u00e0nh ph\u1ea7n: Nguy\u00ean li\u1ec7u l\u00e0 b\u00fap ch\u00e8 n\u00f5n t\u01b0\u01a1i 1 t\u00f4m 2 l\u00e1 t\u1ea1i v\u00f9ng ch\u00e8 \u0111\u1ea1t ti\u00eau chu\u1ea9n VietGap h\u01b0\u01a1\u0301ng h\u01b0\u0303u c\u01a1 c\u1ee7a H\u1ee3p T\u00e1c X\u00e3 Ch\u00e8 H\u1ea3o \u0110\u1ea1t \u0111\u01b0\u1ee3c h\u00e1i v\u00e0o bu\u1ed5i s\u00e1ng s\u01a1\u0301m, ch\u00e8 sau \u0111\u00f3 \u0111em v\u1ec1 ngay v\u00e0 \u0111\u01b0\u1ee3c sao kh\u00f4 lu\u00f4n theo ph\u01b0\u01a1ng ph\u00e1p truy\u1ec1n th\u1ed1ng s\u1eed d\u1ee5ng c\u00f4ng ngh\u1ec7 hi\u1ec7n \u0111\u1ea1i \u0111a\u0309m ba\u0309o quy tri\u0300nh KHE\u0301P KI\u0301N, \u0111\u00e3 gi\u1eef \u0111\u01b0\u1ee3c ch\u1ea5t, v\u1ecb, h\u01b0\u01a1ng Ch\u00e8 T\u00e2n C\u01b0\u01a1ng t\u1ef1 nhi\u00ean, sau khi sao kh\u00f4 ch\u1ebf bi\u1ebfn th\u00e0nh Ch\u00e8 \u0110inh \u0111\u01b0\u1ee3c \u0111\u00f3ng g\u00f3i b\u1eb1ng t\u00fai \u1ea9m nh\u1ecf h\u00fat ch\u00e2n kh\u00f4ng \u0111\u1ebf ti\u1ec7n l\u1ee3i khi s\u1eed d\u1ee5ng v\u00e0 b\u1ea3o qu\u1ea3n ch\u00e8 \u0111\u01b0\u1ee3c t\u1ed1t v\u00e0 l\u00e2u h\u01a1n..<br \/>\n&#8211; C\u00f4ng d\u1ee5ng: Gi\u00fap t\u1ec9nh t\u00e1o, gi\u1ea3m nguy c\u01a1 m\u1eafc b\u1ec7nh ung th\u01b0, tim m\u1ea1ch, gi\u1ea3m cholesterol, ch\u1ed1ng l\u00e3o h\u00f3a v\u00e0 l\u00e0m \u0111\u1eb9p da.<br \/>\n&#8211; B\u1ea3o qu\u1ea3n: \u0110\u1ec3 n\u01a1i kh\u00f4 r\u00e1o ,tho\u00e1ng m\u00e1t, tr\u00e1nh ti\u1ebfp x\u00fac tr\u1ef1c ti\u1ebfp v\u1edbi \u00e1nh n\u1eafng m\u1eb7t tr\u1eddi.<br \/>\n&#8211; Quy c\u00e1ch: \u0110\u01b0\u1ee3c \u0111\u00f3ng v\u00e0o t\u00fai \u1ea5m nh\u1ecf th\u01b0\u01a1ng hi\u1ec7u H\u1ea3o \u0110\u1ea1t h\u00fat ch\u00e2n kh\u00f4ng kh\u1ed1i l\u01b0\u1ee3ng t\u1ecbnh 200g<br \/>\n<strong>H\u01b0\u01a1\u0301ng d\u00e2\u0303n pha tra\u0300:<\/strong><br \/>\n&#8211; Tra\u0301ng \u00e2\u0301m b\u0103\u0300ng n\u01b0\u01a1\u0301c \u00e2\u0301m tr\u01b0\u01a1\u0301c khi pha<br \/>\n&#8211; Cho 4-6gam tra\u0300 va\u0300o \u00e2\u0301n co\u0301 th\u00ea\u0309 ti\u0301ch 150ml<br \/>\n&#8211; Ro\u0301t 150ml n\u01b0\u01a1\u0301c s\u00f4i va\u0300o \u00e2\u0301m, ch\u01a1\u0300 t\u01b0\u0300 3-5 phu\u0301t<br \/>\n&#8211; Th\u01b0\u01a1\u0309ng th\u01b0\u0301c h\u01b0\u01a1ng vi\u0323 th\u01a1m ngon tinh ki\u00ea\u0301t cu\u0309a tra\u0300 \u0111\u0103\u0323c sa\u0309n T\u00e2n C\u01b0\u01a1ng Tha\u0301i Nguy\u00ean.<br \/>\n&#8211; Ch\u00fa \u00fd: Sau khi c\u1eaft mi\u1ec7ng t\u00fai ph\u1ea3i \u0111\u00f3ng k\u00edn, \u0111\u1ec3 trong h\u1ed9p chuy\u00ean \u0111\u1ef1ng tr\u00e0, s\u1ebd gi\u1eef \u0111\u01b0\u1ee3c h\u01b0\u01a1ng v\u1ecb ch\u1ea5t l\u01b0\u1ee3ng tr\u00e0 ngon v\u00e0 l\u00e2u h\u01a1n.<\/p>\n<\/div>\n<\/div>\n<div>\n<div>\n<h3 class=\"text-xl my-5 font-bold\">Th\u00f4ng s\u1ed1 k\u1ef9 thu\u1eadt<\/h3>\n<div>\n<div class=\"my-2 py-2\">H\u1ea1n s\u1eed d\u1ee5ng<span class=\"mlr-1\">:<\/span><span class=\"ml-1\">12 th\u00e1ng<\/span><\/div>\n<\/div>\n<\/div>\n<\/div>","protected":false},"featured_media":11188,"comment_status":"open","ping_status":"closed","template":"","meta":{"_acf_changed":false},"product_cat":[321,322,22],"product_tag":[],"class_list":{"0":"post-6759","1":"product","2":"type-product","3":"status-publish","4":"has-post-thumbnail","6":"product_cat-che","7":"product_cat-che-tuoi-che-bien","8":"product_cat-sanphamthucpham","10":"first","11":"instock","12":"shipping-taxable","13":"purchasable","14":"product-type-variable"},"acf":[],"_links":{"self":[{"href":"https:\/\/b2c.fairs.vn\/en\/wp-json\/wp\/v2\/product\/6759","targetHints":{"allow":["GET"]}}],"collection":[{"href":"https:\/\/b2c.fairs.vn\/en\/wp-json\/wp\/v2\/product"}],"about":[{"href":"https:\/\/b2c.fairs.vn\/en\/wp-json\/wp\/v2\/types\/product"}],"replies":[{"embeddable":true,"href":"https:\/\/b2c.fairs.vn\/en\/wp-json\/wp\/v2\/comments?post=6759"}],"version-history":[{"count":0,"href":"https:\/\/b2c.fairs.vn\/en\/wp-json\/wp\/v2\/product\/6759\/revisions"}],"wp:featuredmedia":[{"embeddable":true,"href":"https:\/\/b2c.fairs.vn\/en\/wp-json\/wp\/v2\/media\/11188"}],"wp:attachment":[{"href":"https:\/\/b2c.fairs.vn\/en\/wp-json\/wp\/v2\/media?parent=6759"}],"wp:term":[{"taxonomy":"product_cat","embeddable":true,"href":"https:\/\/b2c.fairs.vn\/en\/wp-json\/wp\/v2\/product_cat?post=6759"},{"taxonomy":"product_tag","embeddable":true,"href":"https:\/\/b2c.fairs.vn\/en\/wp-json\/wp\/v2\/product_tag?post=6759"}],"curies":[{"name":"wp","href":"https:\/\/api.w.org\/{rel}","templated":true}]}}