{"id":6702,"date":"2024-03-20T17:19:55","date_gmt":"2024-03-20T10:19:55","guid":{"rendered":"https:\/\/b2c.fairs.vn\/?post_type=product&#038;p=6702"},"modified":"2024-03-20T17:19:56","modified_gmt":"2024-03-20T10:19:56","slug":"che-sen","status":"publish","type":"product","link":"https:\/\/b2c.fairs.vn\/en\/product\/che-sen\/","title":{"rendered":"Ch\u00e8 Sen"},"content":{"rendered":"<p>\u0110\u1ec3 c\u00f3 \u0111\u01b0\u1ee3c s\u1ea3n ph\u1ea9m ch\u00e8 sen ng\u01b0\u1eddi l\u00e0m ch\u00e8 ph\u1ea3i r\u1ea5t k\u1ef3 c\u00f4ng, d\u1ed3n t\u00e2m &#8211; s\u1ee9c v\u00e0o trong \u0111\u00f3.Ph\u1ea3i h\u00e1i sen v\u00e0o bu\u1ed5i s\u00e1ng tinh m\u01a1, kho\u1ea3ng 4 \u2013 5 gi\u1edd s\u00e1ng, khi s\u01b0\u01a1ng ch\u01b0a k\u1ecbp tan v\u00e0 hoa c\u00f2n ng\u1eadm h\u01b0\u01a1ng, c\u1ea3 \u0111\u1ea7m sen c\u00f2n l\u1eb7ng im ph\u0103ng ph\u1eafc. \u0111\u00e2y l\u00e0 th\u1eddi \u0111i\u1ec3m h\u01b0\u01a1ng sen tinh t\u1ebf nh\u1ea5t, ph\u1ea3i thu ho\u1ea1ch v\u00e0o l\u00fac n\u00e0y m\u1edbi \u0111\u1ea3m b\u1ea3o h\u01b0\u01a1ng qu\u00fd c\u1ee7a \u0111\u1ea5t tr\u1eddi kh\u00f4ng b\u1ecb pha t\u1ea1p. Th\u1ebf m\u00e0 khi nh\u1eefng tia n\u1eafng b\u00ecnh minh v\u1eeba l\u00ean, h\u00e0ng ng\u00e0n b\u00f4ng b\u1eaft \u0111\u1ea7u ch\u00fam ch\u00edm n\u1edf,nh\u01b0 v\u1eady l\u00e0 kh\u00f4ng thu h\u00e1i hoa sen \u0111\u01b0\u1ee3c n\u1eefa.<\/p>\n<p>Hoa sen ph\u1ea3i h\u00e1i nh\u1eb9 tay, mang l\u00ean b\u1edd l\u00e0 l\u1ea5y g\u1ea1o ngay,\u0111\u1ec3 l\u00e2u h\u01a1n, g\u1ea1o dai kh\u00f4ng d\u00f3c, ph\u1ea3i mi\u1ebft m\u1ea1nh m\u1edbi ra. C\u00e1i gi\u1ed1ng g\u1ea1o sen, ch\u1ec9 tr\u1ea7y x\u01b0\u1edbc t\u00ed x\u00edu c\u0169ng gi\u1ea3m m\u00f9i. L\u1ea5y g\u1ea1o sen c\u0169ng l\u00e0 m\u1ed9t ngh\u1ec7 thu\u1eadt, th\u1eadt kh\u00e9o l\u00e9o \u0111\u1ec3 g\u1ea1o kh\u00f4ng b\u1ecb d\u1eadp n\u00e1t m\u1ea5t h\u01b0\u01a1ng. Ph\u1ea3i c\u1ea7n \u0111\u1ebfn h\u01a1n 100 b\u00f4ng hoa sen m\u1edbi \u01b0\u1edbp \u0111\u01b0\u1ee3c m\u1ed9t l\u1ea1ng ch\u00e8. Trung b\u00ecnh, m\u1ed9t c\u00e2n ch\u00e8 th\u00e0nh ph\u1ea9m c\u1ea7n \u0111\u1ebfn 1.200 b\u00f4ng hoa \u0111\u1ec3 \u01b0\u1edbp. M\u1ed9t m\u1ebb ch\u00e8 ph\u1ea3i \u01b0\u1edbp \u0111i \u01b0\u1edbp l\u1ea1i 7 &#8211; 8 l\u1ea7n. M\u1ed9t l\u1edbp ch\u00e8, m\u1ed9t l\u1edbp g\u1ea1o sen sao cho h\u01b0\u01a1ng sen th\u1ea5m s\u00e2u t\u1eebng k\u1ebd l\u00e1.<br \/>\n<strong>H\u01b0\u1edbng d\u1eabn s\u1eed d\u1ee5ng:<\/strong><br \/>\n&#8211; \u0110\u1ec3 c\u00f3 \u1ea5m tr\u00e0 ngon qu\u00fd kh\u00e1ch h\u00e3y ch\u1ecdn mua nh\u1eefng \u1ea5m pha tr\u00e0 chu\u1ea9n, t\u1ed1t nh\u1ea5t l\u00e0 \u1ea5m pha tr\u00e0 b\u1eb1ng g\u1ed1m s\u1ee9 b\u00e1t tr\u00e0ng v\u00ec gi\u1eef \u0111\u01b0\u1ee3c nhi\u1ec7t l\u00e2u v\u00e0 \u1ee7 h\u01b0\u01a1ng r\u1ea5t t\u1ed1t.<br \/>\n&#8211; N\u01b0\u1edbc pha tr\u00e0 tuy\u1ec7t \u0111\u1ed1i kh\u00f4ng \u0111\u01b0\u1ee3c d\u00f9ng n\u01b0\u1edbc m\u00e1y tr\u1ef1c ti\u1ebfp m\u00e0 ph\u1ea3i qua h\u1ec7 th\u1ed1ng l\u1ecdc, t\u1ed1t nh\u1ea5t qu\u00fd kh\u00e1ch \u1edf th\u00e0nh ph\u1ed1 n\u00ean d\u00f9ng n\u01b0\u1edbc tinh khi\u1ebft \u0111\u1ec3 pha tr\u00e0.<\/p>","protected":false},"excerpt":{"rendered":"<p>\u0110\u1ec3 c\u00f3 \u0111\u01b0\u1ee3c s\u1ea3n ph\u1ea9m ch\u00e8 sen ng\u01b0\u1eddi l\u00e0m ch\u00e8 ph\u1ea3i r\u1ea5t k\u1ef3 c\u00f4ng, d\u1ed3n t\u00e2m &#8211; s\u1ee9c v\u00e0o trong<\/p>","protected":false},"featured_media":6703,"comment_status":"open","ping_status":"closed","template":"","meta":{"_acf_changed":false},"product_cat":[321,322,22],"product_tag":[],"class_list":{"0":"post-6702","1":"product","2":"type-product","3":"status-publish","4":"has-post-thumbnail","6":"product_cat-che","7":"product_cat-che-tuoi-che-bien","8":"product_cat-sanphamthucpham","10":"first","11":"instock","12":"shipping-taxable","13":"purchasable","14":"product-type-simple"},"acf":[],"_links":{"self":[{"href":"https:\/\/b2c.fairs.vn\/en\/wp-json\/wp\/v2\/product\/6702","targetHints":{"allow":["GET"]}}],"collection":[{"href":"https:\/\/b2c.fairs.vn\/en\/wp-json\/wp\/v2\/product"}],"about":[{"href":"https:\/\/b2c.fairs.vn\/en\/wp-json\/wp\/v2\/types\/product"}],"replies":[{"embeddable":true,"href":"https:\/\/b2c.fairs.vn\/en\/wp-json\/wp\/v2\/comments?post=6702"}],"version-history":[{"count":0,"href":"https:\/\/b2c.fairs.vn\/en\/wp-json\/wp\/v2\/product\/6702\/revisions"}],"wp:featuredmedia":[{"embeddable":true,"href":"https:\/\/b2c.fairs.vn\/en\/wp-json\/wp\/v2\/media\/6703"}],"wp:attachment":[{"href":"https:\/\/b2c.fairs.vn\/en\/wp-json\/wp\/v2\/media?parent=6702"}],"wp:term":[{"taxonomy":"product_cat","embeddable":true,"href":"https:\/\/b2c.fairs.vn\/en\/wp-json\/wp\/v2\/product_cat?post=6702"},{"taxonomy":"product_tag","embeddable":true,"href":"https:\/\/b2c.fairs.vn\/en\/wp-json\/wp\/v2\/product_tag?post=6702"}],"curies":[{"name":"wp","href":"https:\/\/api.w.org\/{rel}","templated":true}]}}