{"id":6697,"date":"2024-03-20T17:17:34","date_gmt":"2024-03-20T10:17:34","guid":{"rendered":"https:\/\/b2c.fairs.vn\/?post_type=product&#038;p=6697"},"modified":"2024-03-20T17:17:35","modified_gmt":"2024-03-20T10:17:35","slug":"che-tom-non","status":"publish","type":"product","link":"https:\/\/b2c.fairs.vn\/en\/product\/che-tom-non\/","title":{"rendered":"Che\u0300 T\u00f4m No\u0303n"},"content":{"rendered":"<p>S\u1ea3n ph\u1ea9m ch\u00e8 t\u00f4m n\u00f5n l\u00e0 s\u1ef1 k\u1ebft h\u1ee3p tinh t\u1ebf b\u1edfi c\u00e1c ngh\u1ec7 nh\u00e2n l\u00e0ng ngh\u1ec1 truy\u1ec1n th\u1ed1ng La B\u1eb1ng, s\u1ea3n ph\u1ea9m l\u00e0 lo\u1ea1i ch\u00e8 t\u00f4m n\u00f5n c\u1ee7a gi\u1ed1ng ch\u00e8 trung du \u0111\u01b0\u1ee3c tuy\u1ec3n ch\u1ecdn, sao h\u00e1i theo ph\u01b0\u01a1ng ph\u00e1p th\u1ee7 c\u00f4ng.<\/p>\n<p>S\u1ea3n ph\u1ea9m ch\u00e8 t\u00f4m n\u00f5n l\u00e0 s\u1ef1 k\u1ebft h\u1ee3p tinh t\u1ebf b\u1edfi c\u00e1c ngh\u1ec7 nh\u00e2n l\u00e0ng ngh\u1ec1 truy\u1ec1n th\u1ed1ng La B\u1eb1ng ,s\u1ea3n ph\u1ea9m l\u00e0 lo\u1ea1i ch\u00e8 t\u00f4m n\u00f5n c\u1ee7a gi\u1ed1ng ch\u00e8 trung du \u0111\u01b0\u1ee3c tuy\u1ec3n ch\u1ecdn, sao h\u00e1i theo ph\u01b0\u01a1ng ph\u00e1p th\u1ee7 c\u00f4ng.<\/p>","protected":false},"excerpt":{"rendered":"<p>S\u1ea3n ph\u1ea9m ch\u00e8 t\u00f4m n\u00f5n l\u00e0 s\u1ef1 k\u1ebft h\u1ee3p tinh t\u1ebf b\u1edfi c\u00e1c ngh\u1ec7 nh\u00e2n l\u00e0ng ngh\u1ec1 truy\u1ec1n th\u1ed1ng La<\/p>","protected":false},"featured_media":6698,"comment_status":"open","ping_status":"closed","template":"","meta":{"_acf_changed":false},"product_cat":[321,322,22],"product_tag":[],"class_list":{"0":"post-6697","1":"product","2":"type-product","3":"status-publish","4":"has-post-thumbnail","6":"product_cat-che","7":"product_cat-che-tuoi-che-bien","8":"product_cat-sanphamthucpham","10":"first","11":"instock","12":"shipping-taxable","13":"purchasable","14":"product-type-simple"},"acf":[],"_links":{"self":[{"href":"https:\/\/b2c.fairs.vn\/en\/wp-json\/wp\/v2\/product\/6697","targetHints":{"allow":["GET"]}}],"collection":[{"href":"https:\/\/b2c.fairs.vn\/en\/wp-json\/wp\/v2\/product"}],"about":[{"href":"https:\/\/b2c.fairs.vn\/en\/wp-json\/wp\/v2\/types\/product"}],"replies":[{"embeddable":true,"href":"https:\/\/b2c.fairs.vn\/en\/wp-json\/wp\/v2\/comments?post=6697"}],"version-history":[{"count":0,"href":"https:\/\/b2c.fairs.vn\/en\/wp-json\/wp\/v2\/product\/6697\/revisions"}],"wp:featuredmedia":[{"embeddable":true,"href":"https:\/\/b2c.fairs.vn\/en\/wp-json\/wp\/v2\/media\/6698"}],"wp:attachment":[{"href":"https:\/\/b2c.fairs.vn\/en\/wp-json\/wp\/v2\/media?parent=6697"}],"wp:term":[{"taxonomy":"product_cat","embeddable":true,"href":"https:\/\/b2c.fairs.vn\/en\/wp-json\/wp\/v2\/product_cat?post=6697"},{"taxonomy":"product_tag","embeddable":true,"href":"https:\/\/b2c.fairs.vn\/en\/wp-json\/wp\/v2\/product_tag?post=6697"}],"curies":[{"name":"wp","href":"https:\/\/api.w.org\/{rel}","templated":true}]}}