{"id":6676,"date":"2024-03-20T17:11:09","date_gmt":"2024-03-20T10:11:09","guid":{"rendered":"https:\/\/b2c.fairs.vn\/?post_type=product&#038;p=6676"},"modified":"2024-03-29T14:25:37","modified_gmt":"2024-03-29T07:25:37","slug":"thanh-hai-tra-hop-do-200g","status":"publish","type":"product","link":"https:\/\/b2c.fairs.vn\/en\/product\/thanh-hai-tra-hop-do-200g\/","title":{"rendered":"Thanh H\u1ea3i Tr\u00e0 H\u1ed9p \u0110\u1ecf 200g"},"content":{"rendered":"<p>Th\u00e0nh ph\u1ea7n: 100% ch\u00e8 b\u00fap kh\u00f4 t\u1ea1i v\u00f9ng ch\u00e8 \u0111\u1eb7c s\u1ea3n La B\u1eb1ng &#8211; \u0110\u1ea1i T\u1eeb -Th\u00e1i Nguy\u00ean, kh\u00f4ng s\u1eed d\u1ee5ng ch\u1ea5t b\u1ea3o qu\u1ea3n, m\u00f9i v\u1ecb h\u00f3a ch\u1ea5t, nguy\u00ean li\u1ec7u t\u1ea1o ng\u1ecdt.<br \/>\n&#8211; \u0110\u01b0\u1ee3c thu h\u00e1i t\u1ea1i nh\u1eefng v\u01b0\u1eddn ch\u00e8 truy\u1ec1n th\u1ed1ng l\u00e2u n\u0103m t\u1ea1i v\u00f9ng ch\u00e8 n\u1ed5i ti\u1ebfng La B\u1eb1ng b\u1eb1ng ph\u01b0\u01a1ng ph\u00e1p th\u1ee7 c\u00f4ng, ch\u1ec9 thu ho\u1ea1ch nh\u1eefng b\u00fap tr\u00e0 non v\u1edbi 1 t\u00f4m 2 l\u00e1.<br \/>\n&#8211; Sau khi \u0111\u01b0\u1ee3c ch\u1ebf bi\u1ebfn qua b\u00e0n tay kh\u00e9o l\u00e9o c\u1ee7a ngh\u1ec7 nh\u00e2n n\u1ed5i ti\u1ebfng \u0111\u01b0\u1ee3c sao s\u1ea5y b\u1eb1ng c\u00f4ng ngh\u1ec7 hi\u1ec7n \u0111\u1ea1i, \u0111\u1ea3m b\u1ea3o ATTP, c\u00e1nh ch\u00e8 s\u1ebd so\u0103n nh\u1eb9 l\u1ea1i c\u00f3 h\u00ecnh nh\u01b0 l\u01b0\u1ee1i c\u00e2u.<br \/>\n&#8211; N\u01b0\u1edbc tr\u00e0 sau khi pha c\u00f3 m\u00e0u xanh \u00e1nh v\u00e0ng gi\u1ed1ng v\u1edbi m\u00e0u m\u1eadt ong r\u1eebng, m\u00f9i h\u01b0\u01a1ng th\u01a1m nh\u1eb9 c\u1ee7a m\u1ed9t lo\u00e0i hoa r\u1eebng, v\u1ecb h\u01a1i ch\u00e1t nh\u1eb9 nh\u01b0ng ngay sau \u0111\u00f3 s\u1ebd c\u1ea3m nh\u1eadn \u0111\u01b0\u1ee3c v\u1ecb ng\u1ecdt d\u1ecbu l\u00e2u d\u00e0i.<br \/>\n&#8211; \u0110\u01b0\u1ee3c s\u1ea3n xu\u1ea5t ho\u00e0n to\u00e0n theo ti\u00eau chu\u1ea9n VIETGAP v\u00e0 theo h\u01b0\u1edbng h\u1eefu c\u01a1.<br \/>\n&#8211; Bao b\u00ec: t\u00fai h\u00fat ch\u00e2n kh\u00f4ng 200G \u0111\u1ef1ng trong h\u1ed9p.<\/p>\n<p>&nbsp;<\/p>\n<p>Quy tr\u00ecnh s\u1ea3n xu\u1ea5t: B\u1eb1ng c\u00f4ng ngh\u1ec7 ti\u00ean ti\u1ebfn NH\u1ea4T t\u1ec9nh Th\u00e1i Nguy\u00ean. \u0110\u1ea3m b\u1ea3o quy tr\u00ecnh KH\u00c9P K\u00cdN \u2013 V\u1ec6 SINH.<\/p>\n<p>\u2714 Cam k\u1ebft s\u1ea3n ph\u1ea9m: T\u1ea5t c\u1ea3 c\u00e1c s\u1ea3n ph\u1ea9m \u0111\u1ec1u \u0111\u01b0\u1ee3c SX, CB t\u1eeb Nguy\u00ean li\u1ec7u ch\u00e8 b\u00fap t\u01b0\u01a1i h\u00e1i t\u1eeb v\u00f9ng ch\u00e8 La B\u1eb1ng, \u0111\u01b0\u1ee3c tr\u1ed3ng v\u00e0 ch\u0103m s\u00f3c, ch\u1ebf bi\u1ebfn theo ti\u00eau chu\u1ea9n VietGap h\u01b0\u1edbng h\u1eefu c\u01a1. \u0111\u01b0\u1ee3c tuy\u1ec3n ch\u1ecdn k\u1ef9 l\u01b0\u1ee1ng t\u1eeb gi\u1ed1ng ch\u00e8 ( Trung du; LDP1; Hoa Nh\u1eadt Kim; Long V\u00e2n&#8230;), ch\u1ea5t \u0111\u1ea5t \u0111\u1eb7c bi\u1ec7t ch\u1ec9 c\u00f3 \u1edf ch\u00e2n Tam \u0110\u1ea3o v\u00e0 \u0111\u01b0\u1ee3c gi\u00e1m s\u00e1t b\u1edfi c\u00e1c Ngh\u1ec7 nh\u00e2n c\u00f3 kinh nghi\u1ec7m l\u00e2u n\u0103m, c\u00f3 t\u00e2m huy\u1ebft v\u00e0 tay ngh\u1ec1 cao.<\/p>\n<p>\u2714 S\u1ea3n ph\u1ea9m s\u1ea3n xu\u1ea5t t\u1ea1i HTX ch\u00e8 La B\u1eb1ng, ph\u00e2n ph\u1ed1i ch\u00ednh th\u1ee9c b\u1edfi Ng\u1ecdc Hoa Tr\u00e0, \u0111\u00e3 \u0111\u01b0\u1ee3c c\u1ea5p: &#8211; Gi\u1ea5y ch\u1ee9ng nh\u1eadn An To\u00e0n Th\u1ef1c Ph\u1ea9m S\u1ed1 091\/2019-NNPTNT-TNg do Chi c\u1ee5c qu\u1ea3n l\u00fd ch\u1ea5t l\u01b0\u1ee3ng N\u00f4ng L\u00e2m S\u1ea3n v\u00e0 Thu\u1ef7 S\u1ea3n t\u1ec9nh Th\u00e1i Nguy\u00ean c\u1ea5p &#8211; Gi\u1ea5y ch\u1ee9ng nh\u1eadn S\u1ea3n Ph\u1ea9m C\u00f4ng Nghi\u1ec7p N\u00f4ng Th\u00f4n Ti\u00eau Bi\u1ec3u C\u1ea5p Qu\u1ed1c Gia do B\u1ed9 tr\u01b0\u1edfng B\u1ed9 C\u00f4ng Th\u01b0\u01a1ng ch\u1ee9ng nh\u1eadn s\u1ed1 2329\/QD-BCT ng\u00e0y 02\/8\/2019 &#8211; Gi\u1ea5y ch\u1ee9ng nh\u1eadn s\u1ea3n ph\u1ea9m 3* do UBND t\u1ec9nh Th\u00e1i Nguy\u00ean ch\u1ee9ng nh\u1eadn s\u1ed1 2734\/QD-UBND ng\u00e0y 28\/8\/2019.<\/p>\n<p>\u2714 H\u01b0\u1edbng d\u1eabn s\u1eed d\u1ee5ng: Cho 5-10g tr\u00e0 v\u00e0o \u1ea5m, ho\u1eb7c \u0111\u1ed3 pha Tr\u00e0 chuy\u00ean d\u1ee5ng, ch\u1ebf n\u01b0\u1edbc s\u00f4i ng\u1eadp Tr\u00e0 r\u1ed3i \u0111\u1ed5 \u0111i lu\u00f4n n\u01b0\u1edbc 1, ch\u1ebf n\u01b0\u1edbc s\u00f4i l\u1ea7n 2 kho\u1ea3ng 100-150ml t\u00f9y \u0111\u1ed9 \u0111\u1eadm \u0111\u1eb7c \u01b0a th\u00edch v\u00e0 th\u1ec3 t\u00edch c\u1ee7a \u1ea5m, h\u00e3m tr\u00e0 t\u1eeb 3 &#8211; 5 ph\u00fat v\u00e0 th\u01b0\u1edfng th\u1ee9c L\u01b0u \u00fd: Tr\u00e0 pha xong ph\u1ea3i bu\u1ed9c k\u00edn t\u00fai \u0111\u1ef1ng\/n\u1eafp h\u1ed9p k\u00edn tr\u00e1nh \u1ea3nh h\u01b0\u1edfng nhi\u1ec1u \u0111\u1ebfn ch\u1ea5t l\u01b0\u1ee3ng Tr\u00e0 B\u1ea3o, qu\u1ea3n n\u01a1i kh\u00f4 m\u00e1t tr\u00e1nh \u00e1nh n\u1eafng tr\u1ef1c ti\u1ebfp, c\u00f3 th\u1ec3 b\u1ea3o qu\u1ea3n trong ng\u0103n m\u00e1t t\u1ee7 l\u1ea1nh.<\/p>","protected":false},"excerpt":{"rendered":"<p>Th\u00e0nh ph\u1ea7n: 100% ch\u00e8 b\u00fap kh\u00f4 t\u1ea1i v\u00f9ng ch\u00e8 \u0111\u1eb7c s\u1ea3n La B\u1eb1ng &#8211; \u0110\u1ea1i T\u1eeb -Th\u00e1i Nguy\u00ean, kh\u00f4ng s\u1eed<\/p>","protected":false},"featured_media":6626,"comment_status":"open","ping_status":"closed","template":"","meta":{"_acf_changed":false},"product_cat":[321,322,366,446,22],"product_tag":[],"class_list":{"0":"post-6676","1":"product","2":"type-product","3":"status-publish","4":"has-post-thumbnail","6":"product_cat-che","7":"product_cat-che-tuoi-che-bien","8":"product_cat-hang-cnnt-cap-qg","9":"product_cat-san-pham-cnnt-tb-cap-qg-2019","10":"product_cat-sanphamthucpham","12":"first","13":"instock","14":"shipping-taxable","15":"purchasable","16":"product-type-simple"},"acf":[],"_links":{"self":[{"href":"https:\/\/b2c.fairs.vn\/en\/wp-json\/wp\/v2\/product\/6676","targetHints":{"allow":["GET"]}}],"collection":[{"href":"https:\/\/b2c.fairs.vn\/en\/wp-json\/wp\/v2\/product"}],"about":[{"href":"https:\/\/b2c.fairs.vn\/en\/wp-json\/wp\/v2\/types\/product"}],"replies":[{"embeddable":true,"href":"https:\/\/b2c.fairs.vn\/en\/wp-json\/wp\/v2\/comments?post=6676"}],"version-history":[{"count":0,"href":"https:\/\/b2c.fairs.vn\/en\/wp-json\/wp\/v2\/product\/6676\/revisions"}],"wp:featuredmedia":[{"embeddable":true,"href":"https:\/\/b2c.fairs.vn\/en\/wp-json\/wp\/v2\/media\/6626"}],"wp:attachment":[{"href":"https:\/\/b2c.fairs.vn\/en\/wp-json\/wp\/v2\/media?parent=6676"}],"wp:term":[{"taxonomy":"product_cat","embeddable":true,"href":"https:\/\/b2c.fairs.vn\/en\/wp-json\/wp\/v2\/product_cat?post=6676"},{"taxonomy":"product_tag","embeddable":true,"href":"https:\/\/b2c.fairs.vn\/en\/wp-json\/wp\/v2\/product_tag?post=6676"}],"curies":[{"name":"wp","href":"https:\/\/api.w.org\/{rel}","templated":true}]}}