{"id":6668,"date":"2024-03-20T17:09:45","date_gmt":"2024-03-20T10:09:45","guid":{"rendered":"https:\/\/b2c.fairs.vn\/?post_type=product&#038;p=6668"},"modified":"2024-03-29T14:25:16","modified_gmt":"2024-03-29T07:25:16","slug":"thanh-hai-tra-hop-giay-do","status":"publish","type":"product","link":"https:\/\/b2c.fairs.vn\/en\/product\/thanh-hai-tra-hop-giay-do\/","title":{"rendered":"Thanh H\u1ea3i Tr\u00e0 h\u1ed9p Gi\u1ea5y \u0110\u1ecf"},"content":{"rendered":"<p>S\u1ea3n ph\u1ea9m \u201cThanh H\u1ea3i tr\u00e0 h\u1ed9p \u0111\u1ecf 320g\u201d l\u00e0 s\u1ef1 k\u1ebft h\u1ee3p tinh t\u1ebf, sang tr\u1ecdng gi\u1eefa s\u1ea3n ph\u1ea9m Thanh H\u1ea3i tr\u00e0 \u0111\u00f3ng g\u00f3i v\u00e0ng 10g, h\u00fat ch\u00e2n kh\u00f4ng v\u00e0 h\u1ed9p \u0111\u1ef1ng tr\u00e0 m\u00e0u \u0111\u1ecf \u0111\u1eb9p m\u1eaft, \u00fd ngh\u0129a.<\/p>\n<p>S\u1ea3n ph\u1ea9m s\u1ebd l\u00e0 m\u00f3n qu\u00e0 bi\u1ebfu t\u1eb7ng \u00fd ngh\u0129a, sang tr\u1ecdng d\u00e0nh cho gia \u0111\u00ecnh, b\u1ea1n b\u00e8, \u0111\u1ed1i t\u00e1c, \u0111\u1ed3ng nghi\u1ec7p\u2026 nh\u00e2n d\u1ecbp T\u1ebft s\u1eafp \u0111\u1ebfn.<\/p>\n<p>S\u1ea3n ph\u1ea9m \u0110\u01b0\u1ee3c thu h\u00e1i m\u1ed9t t\u00f4m m\u1ed9t l\u00e1 non c\u1ee7a c\u00e1c gi\u1ed1ng ch\u00e8 c\u00e0nh ch\u1ea5t l\u01b0\u1ee3ng cao ( LDP1; Long V\u00e2n; Hoa Nh\u1eadt Kim; Kim Tuy\u00ean) Ch\u00e8 xo\u0103n nh\u1ecf \u0111\u1ec1u, h\u01b0\u01a1ng th\u01a1m quy\u1ec5n r\u0169 nh\u01b0 m\u00f9i hoa r\u1eebng, n\u01b0\u1edbc xanh trong s\u00e1nh vi\u1ec1n v\u00e0ng, v\u1ecb thanh ng\u1ecdt h\u1eadu.<br \/>\nS\u1ea3n ph\u1ea9m \u0111\u01b0\u1ee3c C\u00f4ng nh\u1eadn l\u00e0 s\u1ea3n ph\u1ea9m C\u00f4ng nghi\u1ec7p n\u00f4ng th\u00f4n ti\u00eau bi\u1ec3u c\u1ea5p qu\u1ed1c gia n\u0103m 2019, S\u1ea3n ph\u1ea9m l\u00e0m qu\u00e0 t\u1eb7ng h\u1ed9i ngh\u1ecb c\u1ea5p cao APEC n\u0103m 2017, \u0111\u1ea1t ch\u1ee9ng nh\u1eadn s\u1ea3n ph\u1ea9m OCOP 4 Sao n\u0103m 2019.<\/p>\n<p>&nbsp;<\/p>\n<p>\u2714 Quy tr\u00ecnh s\u1ea3n xu\u1ea5t: B\u1eb1ng c\u00f4ng ngh\u1ec7 ti\u00ean ti\u1ebfn NH\u1ea4T t\u1ec9nh Th\u00e1i Nguy\u00ean. \u0110\u1ea3m b\u1ea3o quy tr\u00ecnh KH\u00c9P K\u00cdN \u2013 V\u1ec6 SINH.<\/p>\n<p>\u2714 Cam k\u1ebft s\u1ea3n ph\u1ea9m: T\u1ea5t c\u1ea3 c\u00e1c s\u1ea3n ph\u1ea9m \u0111\u1ec1u \u0111\u01b0\u1ee3c SX, CB t\u1eeb Nguy\u00ean li\u1ec7u ch\u00e8 b\u00fap t\u01b0\u01a1i h\u00e1i t\u1eeb v\u00f9ng ch\u00e8 La B\u1eb1ng, \u0111\u01b0\u1ee3c tr\u1ed3ng v\u00e0 ch\u0103m s\u00f3c, ch\u1ebf bi\u1ebfn theo ti\u00eau chu\u1ea9n VietGap h\u01b0\u1edbng h\u1eefu c\u01a1. \u0111\u01b0\u1ee3c tuy\u1ec3n ch\u1ecdn k\u1ef9 l\u01b0\u1ee1ng t\u1eeb gi\u1ed1ng ch\u00e8 ( Trung du; LDP1; Hoa Nh\u1eadt Kim; Long V\u00e2n&#8230;), ch\u1ea5t \u0111\u1ea5t \u0111\u1eb7c bi\u1ec7t ch\u1ec9 c\u00f3 \u1edf ch\u00e2n Tam \u0110\u1ea3o v\u00e0 \u0111\u01b0\u1ee3c gi\u00e1m s\u00e1t b\u1edfi c\u00e1c Ngh\u1ec7 nh\u00e2n c\u00f3 kinh nghi\u1ec7m l\u00e2u n\u0103m, c\u00f3 t\u00e2m huy\u1ebft v\u00e0 tay ngh\u1ec1 cao<\/p>\n<p>\u2714 S\u1ea3n ph\u1ea9m s\u1ea3n xu\u1ea5t t\u1ea1i HTX ch\u00e8 La B\u1eb1ng \u0111\u00e3 \u0111\u01b0\u1ee3c c\u1ea5p:<\/p>\n<p>&#8211; Gi\u1ea5y ch\u1ee9ng nh\u1eadn An To\u00e0n Th\u1ef1c Ph\u1ea9m S\u1ed1 091\/2019-NNPTNT-TNg do Chi c\u1ee5c qu\u1ea3n l\u00fd ch\u1ea5t l\u01b0\u1ee3ng N\u00f4ng L\u00e2m S\u1ea3n v\u00e0 Thu\u1ef7 S\u1ea3n t\u1ec9nh Th\u00e1i Nguy\u00ean c\u1ea5p.<\/p>\n<p>&#8211; Gi\u1ea5y ch\u1ee9ng nh\u1eadn S\u1ea3n Ph\u1ea9m C\u00f4ng Nghi\u1ec7p N\u00f4ng Th\u00f4n Ti\u00eau Bi\u1ec3u C\u1ea5p Qu\u1ed1c Gia do B\u1ed9 tr\u01b0\u1edfng B\u1ed9 C\u00f4ng Th\u01b0\u01a1ng ch\u1ee9ng nh\u1eadn s\u1ed1 2329\/QD-BCT ng\u00e0y 02\/8\/2019.<\/p>\n<p>&#8211; Gi\u1ea5y ch\u1ee9ng nh\u1eadn s\u1ea3n ph\u1ea9m 4* do UBND t\u1ec9nh Th\u00e1i Nguy\u00ean ch\u1ee9ng nh\u1eadn s\u1ed1 2734\/QD-UBND ng\u00e0y 28\/8\/2019.<\/p>\n<p>&#8212;&#8212;&#8212;&#8212;&#8212;&#8212;&#8212;&#8212;&#8212;&#8212;&#8212;&#8212;&#8212;&#8212;&#8212;&#8212;&#8212;<\/p>\n<p>&#8211; L\u00e0 s\u1ea3n ph\u1ea9m Thanh H\u1ea3i Tr\u00e0 \u0111\u01b0\u1ee3c \u0111\u00f3ng g\u00f3i 10g x\u1ebfp v\u00e0o h\u1ed9p, m\u1ed7i h\u1ed9p c\u00f3 32 g\u00f3i.<\/p>\n<p>&#8212;&#8212;&#8212;&#8212;&#8212;&#8212;&#8212;&#8212;&#8212;&#8212;&#8212;&#8212;&#8212;&#8212;&#8212;&#8212;-<\/p>\n<h3>C\u00f4ng d\u1ee5ng tr\u00e0 xanh Th\u00e1i Nguy\u00ean:<\/h3>\n<p>1.\u00a0<strong>Ch\u1ed1ng l\u00e3o h\u00f3a v\u00e0 ng\u0103n ng\u1eeba ung th\u01b0:<\/strong>\u00a0Th\u00e0nh ph\u1ea7n ch\u1ed1ng oxy h\u00f3a (polyphenol) trong tr\u00e0 hi\u1ec7u l\u1ef1c h\u01a1n g\u1ea5p 18 l\u1ea7n so v\u1edbi vitamin C v\u00e0 vitamin E, c\u00f3 th\u1ec3 gi\u00fap b\u1ea3o v\u1ec7 c\u00e1c t\u1ebf b\u00e0o kh\u00f4ng b\u1ecb ph\u00e1 h\u1ee7y b\u1edfi b\u1ec7nh ung th\u01b0.<\/p>\n<p>2.\u00a0<strong>Ng\u0103n ng\u1eeba b\u1ec7nh tim m\u1ea1ch:<\/strong>\u00a0Theo c\u00e1c nh\u00e0 khoa h\u1ecdc Anh tr\u00e0 kh\u00f4ng ch\u1ec9 b\u1ed5 sung n\u01b0\u1edbc m\u00e0 c\u00f2n ng\u0103n ng\u1eeba b\u1ec7nh tim. U\u1ed1ng tr\u00e0 m\u1ed7i ng\u00e0y c\u00f3 th\u1ec3 l\u00e0m gi\u1ea3m 11% nguy c\u01a1 m\u1eafc b\u1ec7nh tim.<\/p>\n<p>3.\u00a0<strong>Gi\u1ea3m stress hi\u1ec7u qu\u1ea3:<\/strong>\u00a0C\u00e1c axit amin trong tr\u00e0 c\u00f3 th\u1ec3 th\u00fac \u0111\u1ea9y b\u00e0i ti\u1ebft dopamine, v\u00e0 dopamine l\u00e0 ch\u1ea5t chi ph\u1ed1i c\u1ea3m x\u00fac, ni\u1ec1m vui c\u00f3 th\u1ec3 l\u00e0m cho t\u00e2m tr\u1ea1ng ph\u1ea5n ch\u1ea5n sau khi u\u1ed1ng.<\/p>\n<p>4.\u00a0<strong>H\u1ed7 tr\u1ee3 gi\u1ea3m c\u00e2n:<\/strong>\u00a0Trong tr\u00e0 c\u00f3 ch\u1ee9a Cafein v\u00e0 ch\u1ea5t Tanin c\u00f3 t\u00e1c d\u1ee5ng r\u1ea5t t\u1ed1t v\u1edbi vi\u1ec7c \u0111\u00e0o th\u1ea3i ch\u1ea5t m\u1ee1 v\u00e0 c\u00e1c \u0111\u1ed9c t\u1ed1 v\u00ec v\u1eady u\u1ed1ng ch\u00e8 th\u01b0\u1eddng xuy\u00ean s\u1ebd gi\u00fap b\u1ea1n gi\u1ea3m c\u00e2n hi\u1ec7u qu\u1ea3 m\u00e0 v\u1eabn kh\u1ecfe \u0111\u1eb9p.<\/p>\n<p>5.\u00a0<strong>Gi\u1ea3m \u0111\u00e1ng k\u1ec3 tri\u1ec7u ch\u1ee9ng ti\u1ec3u \u0111\u01b0\u1eddng:<\/strong>\u00a0Nghi\u00ean c\u1ee9u t\u1ea1i \u0110\u1ea1i h\u1ecdc Y D\u01b0\u1ee3c Toyama Nh\u1eadt B\u1ea3n ph\u00e1t hi\u1ec7n: 1.300 b\u1ec7nh nh\u00e2n ti\u1ec3u \u0111\u01b0\u1eddng u\u1ed1ng tr\u00e0 pha v\u1edbi n\u01b0\u1edbc \u0111un s\u00f4i \u0111\u1ec3 ngu\u1ed9i, qua th\u1eddi gian 6 th\u00e1ng cho th\u1ea5y 82% s\u1ed1 b\u1ec7nh nh\u00e2n ti\u1ec3u \u0111\u01b0\u1eddng \u0111\u00e3 gi\u1ea3m \u0111\u01b0\u1ee3c \u0111\u00e1ng k\u1ec3 c\u00e1c tri\u1ec7u ch\u1ee9ng, kho\u1ea3ng 9% b\u1ec7nh nh\u00e2n ti\u1ec3u \u0111\u01b0\u1eddng ph\u1ee5c h\u1ed3i tr\u1edf l\u1ea1i b\u00ecnh th\u01b0\u1eddng l\u01b0\u1ee3ng \u0111\u01b0\u1eddng trong m\u00e1u.<\/p>\n<h3><\/h3>\n<h3>H\u01b0\u1edbng d\u1eabn pha tr\u00e0:<\/h3>\n<p>1. Ch\u1ecdn n\u01b0\u1edbc pha tr\u00e0: N\u01b0\u1edbc pha tr\u00e0 s\u1eed d\u1ee5ng n\u01b0\u1edbc su\u1ed1i ngu\u1ed3n ho\u1eb7c n\u01b0\u1edbc gi\u1ebfng kh\u01a1i l\u00e0 ngon nh\u1ea5t. Ho\u1eb7c c\u00f3 th\u1ec3 d\u00f9ng n\u01b0\u1edbc l\u1ecdc m\u00e1y \u0111\u1ec3 pha. Kh\u00f4ng n\u00ean s\u1eed d\u1ee5ng n\u01b0\u1edbc m\u00e1y ho\u1eb7c n\u01b0\u1edbc kho\u00e1ng v\u00ec s\u1ebd l\u00e0m thay \u0111\u1ed5i m\u00e0u s\u1eafc, m\u00f9i v\u1ecb c\u1ee7a n\u01b0\u1edbc tr\u00e0<\/p>\n<p>2. \u1ea4m pha tr\u00e0: Hi\u1ec7n nay tr\u00ean th\u1ecb tr\u01b0\u1eddng r\u1ea5t \u0111\u00e3 d\u1ea1ng c\u00e1c lo\u1ea1i \u1ea5m pha tr\u00e0. \u0110\u1ed1i v\u1edbi \u0111\u1eb7c s\u1ea3n ch\u00e8 Th\u00e1i Nguy\u00ean \u0111i\u1ec3n h\u00ecnh l\u00e0 ch\u00e8 La B\u1eb1ng, b\u1ea1n n\u00ean ch\u1ecdn d\u00f9ng c\u00e1c lo\u1ea1i \u1ea5m t\u1eed sa, \u1ea5m g\u1ed1m. Trong tr\u01b0\u1eddng h\u1ee3p kh\u00f4ng c\u00f3 hai lo\u1ea1i \u1ea5m n\u00e0y th\u00ec b\u00ean n\u00ean ch\u1ecdn \u1ea5m s\u1ee9, tuy\u1ec7t \u0111\u1ed1i kh\u00f4ng n\u00ean d\u00f9ng \u1ea5m s\u1eaft \u0111\u1ec3 pha tr\u00e0.<\/p>\n<p>3. Tr\u00e1ng tr\u00e0: Tr\u00e1ng b\u1eb1ng n\u01b0\u1edbc \u0111un s\u00f4i cho n\u00f3ng \u1ea5m, sau \u0111\u00f3 th\u1ea3 m\u1ed9t l\u01b0\u1ee3ng tr\u00e0 v\u1eeba \u0111\u1ee7 v\u00e0o \u1ea5m (\u0111\u1ed1i \u1ea9m cho kho\u1ea3ng 10g tr\u00e0, tam \u1ea9m cho kho\u1ea3ng 15g tr\u00e0\u2026). Sau 3 gi\u00e2y \u0111\u1ed5 n\u01b0\u1edbc tr\u00e1ng tr\u00e0 \u0111i. D\u00f9ng n\u01b0\u1edbc n\u00e0y \u0111\u1ec3 l\u00e0m n\u00f3ng c\u00e1c ch\u00e9n tr\u00e0. Vi\u1ec7c l\u00e0m n\u00e0y gi\u00fap b\u1ea1n lo\u1ea1i b\u1ecf m\u1ed9t s\u1ed1 c\u00e1c b\u1ee5i ph\u1ea5n tr\u00e0 (c\u00f3 v\u1ecb ng\u00e1i) \u0111\u1ed3ng th\u1eddi l\u00e0m n\u00f3ng tr\u00e0 v\u00e0 n\u1edf c\u00e1nh tr\u00e0.<\/p>\n<p>4. Ch\u1ebf n\u01b0\u1edbc s\u00f4i v\u00e0o \u1ea5m:\u0110\u1ea7u ti\u00ean ch\u1ebf m\u1ed9t l\u01b0\u1ee3ng n\u01b0\u1edbc s\u00f4i kho\u1ea3ng 80 \u2013 90 \u0111\u1ed9 C v\u1eeba \u0111\u1ee7 v\u00e0o \u1ea5m. H\u00e3m 3 ph\u00fat, sau \u0111\u00f3 \u0111\u1ed5 h\u1ebft n\u01b0\u1edbc tr\u00e0 ra ch\u00e9n t\u1ed1ng ho\u1eb7c chia \u0111\u1ec1u ra c\u00e1c ch\u00e9n qu\u00e2n. L\u01b0u \u00fd: B\u1ea1n kh\u00f4ng n\u00ean \u0111\u1ec3 l\u1ea1i n\u01b0\u1edbc nhi\u1ec1u trong \u1ea5m v\u00ec ng\u00e2m tr\u00e0 b\u00fap non trong n\u01b0\u1edbc s\u00f4i l\u00e2u s\u1ebd l\u00e0m m\u1ea5t h\u01b0\u01a1ng v\u1ecb v\u00e0 m\u00e0u n\u01b0\u1edbc. T\u1edbi n\u01b0\u1edbc sau, b\u1ea1n n\u00ean \u0111\u1ee3i \u0111\u1ebfn khi n\u00e0o g\u1ea7n th\u01b0\u1edfng h\u1ebft ch\u00e9n \u0111\u1ea7u th\u00ec h\u00e3y ch\u1ebf th\u00eam n\u01b0\u1edbc s\u00f4i, \u0111\u1ee3i th\u00eam kho\u1ea3ng 1 ph\u00fat l\u00e0 r\u00f3t ra ngay.<\/p>\n<p>5. Ngay sau khi chia n\u01b0\u1edbc tr\u00e0 ra c\u00e1c ch\u00e9n, b\u1ea1n \u0111\u01b0a ch\u00e9n tr\u00e0 l\u1ea1i g\u1ea7n m\u0169i \u0111\u1ec3 th\u01b0\u1edfng th\u1ee9c th\u00eam m\u1ed9t l\u1ea7n n\u1eefa h\u01b0\u01a1ng c\u1ed1m t\u1ef1 nhi\u00ean c\u1ee7a tr\u00e0 sau \u0111\u00f3 t\u1eeb t\u1eeb th\u01b0\u1edfng tr\u00e0 b\u00ean nh\u1eefng c\u00e2u chuy\u1ec7n h\u00e0n huy\u00ean, tri k\u1ef7.<\/p>\n<p>6. Tr\u00e0\u00a0La B\u1eb1ng\u00a0v\u1ecb \u0111\u1eadm n\u00ean b\u1ea1n c\u00f3 th\u1ec3 s\u1eed d\u1ee5ng \u0111\u01b0\u1ee3c 4 l\u1ea7 h\u00e3m n\u01b0\u1edbc.<\/p>\n<p>&nbsp;<\/p>\n<p>\u2714 H\u01b0\u1edbng d\u1eabn s\u1eed d\u1ee5ng: Cho 5-10g tr\u00e0 v\u00e0o \u1ea5m, ho\u1eb7c \u0111\u1ed3 pha Tr\u00e0 chuy\u00ean d\u1ee5ng, ch\u1ebf n\u01b0\u1edbc ng\u1eadp Tr\u00e0 r\u1ed3i \u0111\u1ed5 \u0111i lu\u00f4n n\u01b0\u1edbc 1, ch\u1ebf n\u01b0\u1edbc s\u00f4i l\u1ea7n 2 kho\u1ea3ng 100-150ml t\u00f9y \u0111\u1ed9 \u0111\u1eadm \u0111\u1eb7c \u01b0a th\u00edch v\u00e0 th\u1ec3 t\u00edch c\u1ee7a \u1ea5m, h\u00e3m tr\u00e0 t\u1eeb 3 &#8211; 5 ph\u00fat v\u00e0 th\u01b0\u1edfng th\u1ee9c<\/p>\n<p>&nbsp;<\/p>\n<p>L\u01b0u \u00fd: Tr\u00e0 pha xong ph\u1ea3i bu\u1ed9c k\u00edn t\u00fai \u0111\u1ef1ng\/n\u1eafp h\u1ed9p k\u00edn tr\u00e1nh \u1ea3nh h\u01b0\u1edfng nhi\u1ec1u \u0111\u1ebfn ch\u1ea5t l\u01b0\u1ee3ng Tr\u00e0 B\u1ea3o, qu\u1ea3n n\u01a1i kh\u00f4 m\u00e1t tr\u00e1nh \u00e1nh n\u1eafng tr\u1ef1c ti\u1ebfp, c\u00f3 th\u1ec3 b\u1ea3o qu\u1ea3n trong ng\u0103n m\u00e1t t\u1ee7 l\u1ea1nh<\/p>\n<p>&nbsp;<\/p>\n<p>***Qu\u00fd kh\u00e1ch c\u00f3 th\u1ec3 Check QR tr\u00ean g\u00f3i tr\u00e0 \u0111\u1ec3 ki\u1ec3m tra ngu\u1ed3n g\u1ed1c<\/p>","protected":false},"excerpt":{"rendered":"<p>S\u1ea3n ph\u1ea9m \u201cThanh H\u1ea3i tr\u00e0 h\u1ed9p \u0111\u1ecf 320g\u201d l\u00e0 s\u1ef1 k\u1ebft h\u1ee3p tinh t\u1ebf, sang tr\u1ecdng gi\u1eefa s\u1ea3n ph\u1ea9m Thanh<\/p>","protected":false},"featured_media":6638,"comment_status":"open","ping_status":"closed","template":"","meta":{"_acf_changed":false},"product_cat":[321,322,366,446,22],"product_tag":[],"class_list":{"0":"post-6668","1":"product","2":"type-product","3":"status-publish","4":"has-post-thumbnail","6":"product_cat-che","7":"product_cat-che-tuoi-che-bien","8":"product_cat-hang-cnnt-cap-qg","9":"product_cat-san-pham-cnnt-tb-cap-qg-2019","10":"product_cat-sanphamthucpham","12":"first","13":"instock","14":"sale","15":"shipping-taxable","16":"purchasable","17":"product-type-simple"},"acf":[],"_links":{"self":[{"href":"https:\/\/b2c.fairs.vn\/en\/wp-json\/wp\/v2\/product\/6668","targetHints":{"allow":["GET"]}}],"collection":[{"href":"https:\/\/b2c.fairs.vn\/en\/wp-json\/wp\/v2\/product"}],"about":[{"href":"https:\/\/b2c.fairs.vn\/en\/wp-json\/wp\/v2\/types\/product"}],"replies":[{"embeddable":true,"href":"https:\/\/b2c.fairs.vn\/en\/wp-json\/wp\/v2\/comments?post=6668"}],"version-history":[{"count":0,"href":"https:\/\/b2c.fairs.vn\/en\/wp-json\/wp\/v2\/product\/6668\/revisions"}],"wp:featuredmedia":[{"embeddable":true,"href":"https:\/\/b2c.fairs.vn\/en\/wp-json\/wp\/v2\/media\/6638"}],"wp:attachment":[{"href":"https:\/\/b2c.fairs.vn\/en\/wp-json\/wp\/v2\/media?parent=6668"}],"wp:term":[{"taxonomy":"product_cat","embeddable":true,"href":"https:\/\/b2c.fairs.vn\/en\/wp-json\/wp\/v2\/product_cat?post=6668"},{"taxonomy":"product_tag","embeddable":true,"href":"https:\/\/b2c.fairs.vn\/en\/wp-json\/wp\/v2\/product_tag?post=6668"}],"curies":[{"name":"wp","href":"https:\/\/api.w.org\/{rel}","templated":true}]}}