{"id":6656,"date":"2024-03-20T17:07:58","date_gmt":"2024-03-20T10:07:58","guid":{"rendered":"https:\/\/b2c.fairs.vn\/?post_type=product&#038;p=6656"},"modified":"2024-03-20T17:07:58","modified_gmt":"2024-03-20T10:07:58","slug":"thanh-hai-tra-hop-giay-xanh","status":"publish","type":"product","link":"https:\/\/b2c.fairs.vn\/en\/product\/thanh-hai-tra-hop-giay-xanh\/","title":{"rendered":"Thanh H\u1ea3i Tr\u00e0 H\u1ed9p Gi\u1ea5y xanh"},"content":{"rendered":"<p>\u1ea3n ph\u1ea9m ch\u00e8 t\u1ebft \u201c<strong>Thanh H\u1ea3i Tr\u00e0 H\u1ed9p Gi\u1ea5y xanh 320G &#8211; Tr\u00e0 Th\u00e1i Nguy\u00ean &#8211; H\u1ed9p Qu\u00e0 T\u1eb7ng<\/strong>\u201d l\u00e0 s\u1ef1 k\u1ebft h\u1ee3p tinh t\u1ebf, sang tr\u1ecdng gi\u1eefa s\u1ea3n ph\u1ea9m Thanh H\u1ea3i tr\u00e0 \u0111\u00f3ng g\u00f3i v\u00e0ng 10g, h\u00fat ch\u00e2n kh\u00f4ng v\u00e0 h\u1ed9p \u0111\u1ef1ng tr\u00e0 m\u00e0u \u0111\u1ecf \u0111\u1eb9p m\u1eaft, \u00fd ngh\u0129a.<\/p>\n<p>S\u1ea3n ph\u1ea9m s\u1ebd l\u00e0\u00a0<strong>m\u00f3n qu\u00e0 bi\u1ebfu t\u1eb7ng \u00fd ngh\u0129a, sang tr\u1ecdng<\/strong>\u00a0d\u00e0nh cho gia \u0111\u00ecnh, b\u1ea1n b\u00e8, \u0111\u1ed1i t\u00e1c, \u0111\u1ed3ng nghi\u1ec7p\u2026 nh\u00e2n d\u1ecbp T\u1ebft s\u1eafp \u0111\u1ebfn.<br \/>\nS\u1ea3n ph\u1ea9m \u0110\u01b0\u1ee3c thu h\u00e1i m\u1ed9t t\u00f4m m\u1ed9t l\u00e1 non c\u1ee7a c\u00e1c gi\u1ed1ng ch\u00e8 c\u00e0nh ch\u1ea5t l\u01b0\u1ee3ng cao ( LDP1; Long V\u00e2n; Hoa Nh\u1eadt Kim; Kim Tuy\u00ean) Ch\u00e8 xo\u0103n nh\u1ecf \u0111\u1ec1u, h\u01b0\u01a1ng th\u01a1m quy\u1ec5n r\u0169 nh\u01b0 m\u00f9i hoa r\u1eebng, n\u01b0\u1edbc xanh trong s\u00e1nh vi\u1ec1n v\u00e0ng, v\u1ecb thanh ng\u1ecdt h\u1eadu. s\u1ea3n ph\u1ea9m \u0111\u01b0\u1ee3c \u0111\u00f3ng g\u00f3i h\u00fat ch\u00e2n kh\u00f4ng 10g v\u00e0 \u0111\u01b0\u1ee3c \u0111\u1ef1ng trong h\u1ed9p Gi\u1ea5y Thanh H\u1ea3i Tr\u00e0 300g. S\u1ea3n ph\u1ea9m \u0111\u01b0\u1ee3c C\u00f4ng nh\u1eadn l\u00e0 s\u1ea3n ph\u1ea9m C\u00f4ng nghi\u1ec7p n\u00f4ng th\u00f4n ti\u00eau bi\u1ec3u c\u1ea5p qu\u1ed1c gia n\u0103m 2019, S\u1ea3n ph\u1ea9m l\u00e0m qu\u00e0 t\u1eb7ng h\u1ed9i ngh\u1ecb c\u1ea5p cao APEC n\u0103m 2017, \u0111\u1ea1t ch\u1ee9ng nh\u1eadn s\u1ea3n ph\u1ea9m OCOP 4 Sao n\u0103m 2019.<\/p>\n<p><strong>H\u01b0\u1edbng d\u1eabn s\u1eed d\u1ee5ng s\u1ea3n ph\u1ea9m Thanh H\u1ea3i tr\u00e0:<\/strong><\/p>\n<p>Do s\u1ea3n ph\u1ea9m \u0111\u01b0\u1ee3c thu ho\u1ea1ch 1 t\u00f4m 1 l\u00e1 n\u00ean khi pha, Qu\u00fd kh\u00e1ch l\u01b0u \u00fd d\u00f9ng n\u01b0\u1edbc s\u00f4i 100 \u0111\u1ed9 sau \u0111\u00f3 \u0111\u1ec3 nhi\u1ec7t \u0111\u1ed9 xu\u1ed1ng kho\u1ea3ng 90 \u0111\u1ed9 , \u0111\u1ec3 tr\u00e0 ng\u1ea5m th\u1eddi gian t\u1eeb 3 &#8211; 5 ph\u00fat. Sau \u0111\u00f3, Qu\u00fd kh\u00e1ch c\u00f3 th\u1ec3 th\u01b0\u1edfng th\u1ee9c m\u1ed9t ch\u00e9n tr\u00e0 ngon h\u1ed9i t\u1ee5 \u0111\u1ee7 hai y\u1ebfu t\u1ed1:<br \/>\n&#8211; V\u1ecb : V\u1ecb tr\u00e0 c\u00f3 h\u01b0\u01a1ng, ch\u00e1t ng\u1ecdt \u0111\u1eadm s\u00e2u n\u01a1i cu\u1ed1ng l\u01b0\u1ee1i.<br \/>\n&#8211; Th\u1ea7n: L\u00e0 h\u01b0\u01a1ng th\u01a1m quy\u1ebfn r\u0169 nh\u01b0 lo\u00e0i hoa r\u1eebng. \u0110\u00e2y l\u00e0 \u0111\u1eb7c tr\u01b0ng n\u1ed5i b\u1eadt nh\u1ea5t c\u1ee7a s\u1ea3n ph\u1ea9m ch\u00e8 Th\u00e1i Nguy\u00ean \u2013 Tr\u00e0 La B\u1eb1ng.<\/p>\n<p><strong>Thanh H\u1ea3i tr\u00e0 h\u1ed9p\u00a0xanh 320g<\/strong>\u00a0\u0111\u01b0\u1ee3c s\u1ea3n xu\u1ea5t b\u1edfi HTX Ch\u00e8 La B\u1eb1ng, bao g\u1ed3m 32 g\u00f3i 10g Thanh H\u1ea3i tr\u00e0 \u0111\u00e3 \u0111\u01b0\u1ee3c h\u00fat ch\u00e2n kh\u00f4ng.<\/p>","protected":false},"excerpt":{"rendered":"<p>\u1ea3n ph\u1ea9m ch\u00e8 t\u1ebft \u201cThanh H\u1ea3i Tr\u00e0 H\u1ed9p Gi\u1ea5y xanh 320G &#8211; Tr\u00e0 Th\u00e1i Nguy\u00ean &#8211; H\u1ed9p Qu\u00e0 T\u1eb7ng\u201d l\u00e0<\/p>","protected":false},"featured_media":6620,"comment_status":"open","ping_status":"closed","template":"","meta":{"_acf_changed":false},"product_cat":[321,322,22],"product_tag":[],"class_list":{"0":"post-6656","1":"product","2":"type-product","3":"status-publish","4":"has-post-thumbnail","6":"product_cat-che","7":"product_cat-che-tuoi-che-bien","8":"product_cat-sanphamthucpham","10":"first","11":"instock","12":"shipping-taxable","13":"purchasable","14":"product-type-simple"},"acf":[],"_links":{"self":[{"href":"https:\/\/b2c.fairs.vn\/en\/wp-json\/wp\/v2\/product\/6656","targetHints":{"allow":["GET"]}}],"collection":[{"href":"https:\/\/b2c.fairs.vn\/en\/wp-json\/wp\/v2\/product"}],"about":[{"href":"https:\/\/b2c.fairs.vn\/en\/wp-json\/wp\/v2\/types\/product"}],"replies":[{"embeddable":true,"href":"https:\/\/b2c.fairs.vn\/en\/wp-json\/wp\/v2\/comments?post=6656"}],"version-history":[{"count":0,"href":"https:\/\/b2c.fairs.vn\/en\/wp-json\/wp\/v2\/product\/6656\/revisions"}],"wp:featuredmedia":[{"embeddable":true,"href":"https:\/\/b2c.fairs.vn\/en\/wp-json\/wp\/v2\/media\/6620"}],"wp:attachment":[{"href":"https:\/\/b2c.fairs.vn\/en\/wp-json\/wp\/v2\/media?parent=6656"}],"wp:term":[{"taxonomy":"product_cat","embeddable":true,"href":"https:\/\/b2c.fairs.vn\/en\/wp-json\/wp\/v2\/product_cat?post=6656"},{"taxonomy":"product_tag","embeddable":true,"href":"https:\/\/b2c.fairs.vn\/en\/wp-json\/wp\/v2\/product_tag?post=6656"}],"curies":[{"name":"wp","href":"https:\/\/api.w.org\/{rel}","templated":true}]}}