{"id":6616,"date":"2024-03-20T17:06:05","date_gmt":"2024-03-20T10:06:05","guid":{"rendered":"https:\/\/b2c.fairs.vn\/?post_type=product&#038;p=6616"},"modified":"2024-03-29T14:26:06","modified_gmt":"2024-03-29T07:26:06","slug":"thanh-hai-tra-hop-tre","status":"publish","type":"product","link":"https:\/\/b2c.fairs.vn\/en\/product\/thanh-hai-tra-hop-tre\/","title":{"rendered":"Thanh H\u1ea3i Tr\u00e0 &#8211; H\u1ed9p Tre"},"content":{"rendered":"<p>THANH H\u1ea2I TR\u00c0 \u2013 C\u1ea2M H\u1ee8NG T\u1eea \u201cNI\u1ec0M TIN\u201d v\u00e0 \u201cN\u01af\u1edaC M\u1eaeT\u201d Thanh H\u1ea3i Tr\u00e0 &#8211; H\u00e0nh tr\u00ecnh c\u1ee7a h\u01a1n 13 n\u0103m t\u00e2m huy\u1ebft, c\u1ee7a n\u01b0\u1edbc m\u1eaft, c\u1ee7a hi sinh v\u00ec tr\u00e0 c\u1ee7a ng\u01b0\u1eddi ph\u1ee5 n\u1eef \u1ea5y. Ch\u1ecb l\u00e0 Nguy\u1ec5n Th\u1ecb H\u1ea3i \u2013 Ch\u1ee7 t\u1ecbch H\u0110QT ki\u00eam Gi\u00e1m \u0111\u1ed1c H\u1ee3p t\u00e1c x\u00e3 Ch\u00e8 La B\u1eb1ng, ch\u1ee7 s\u1edf h\u1eefu th\u01b0\u01a1ng hi\u1ec7u tr\u00e0 ngon n\u1ee9c ti\u1ebfng c\u1ee7a Th\u1ee7 ph\u1ee7 tr\u00e0 &#8211; Th\u00e1i Nguy\u00ean.<br \/>\nSinh ra v\u00e0 l\u1edbn l\u00ean \u1edf x\u1ee9 ch\u00e8, c\u1ea3 tu\u1ed5i th\u01a1 c\u1ee7a ch\u1ecb \u0111\u1eafm ch\u00ecm b\u00ean nh\u1eefng \u0111\u1ed3i ch\u00e8 xanh ng\u00fat ng\u00e0n, l\u00f4 x\u00f4 nh\u01b0 b\u00e1t \u00fap; \u0111\u1eafm ch\u00ecm trong h\u01b0\u01a1ng v\u1ecb th\u01a1m ng\u00e1t c\u1ee7a nh\u1eefng m\u1ebb ch\u00e8 m\u1eb9 sao b\u00ean b\u1ebfp l\u1eeda\u2026. H\u01a1n ai h\u1ebft, ch\u1ecb hi\u1ec3u r\u00f5 gi\u00e1 tr\u1ecb \u1ea9n ch\u1ee9a trong t\u1eebng \u1ea5m tr\u00e0 n\u00f3ng h\u1ed5i \u2013 nh\u1eefng gi\u00e1 tr\u1ecb kh\u00f4ng th\u1ec3 l\u01b0\u1ee3ng h\u00f3a. H\u00e0nh tr\u00ecnh t\u00ecm th\u01b0\u01a1ng hi\u1ec7u cho Tr\u00e0 n\u00f3i chung v\u00e0 Tr\u00e0 La B\u1eb1ng kh\u1edfi ngu\u1ed3n t\u1eeb \u0111\u00f3.\u00a0 Khi \u0111\u1ea1i b\u1ed9 ph\u1eadn kh\u00e1ch u\u1ed1ng tr\u00e0 ch\u1ec9 nh\u1eafc \u0111\u1ebfn \u201cT\u00e2n C\u01b0\u01a1ng\u201d, m\u1ea5y ai ngh\u0129 \u0111\u01b0\u1ee3c m\u1ed9t ng\u00e0y \u201cLa B\u1eb1ng\u201d tr\u1edf th\u00e0nh th\u01b0\u01a1ng hi\u1ec7u tr\u00e0 n\u1ed5i ti\u1ebfng. \u0110\u00f3 l\u00e0 k\u1ebft qu\u1ea3 c\u1ee7a h\u00e0nh tr\u00ecnh h\u01a1n 13 n\u0103m \u0111\u1ea7y n\u01b0\u1edbc m\u1eaft cho m\u1ed9t ni\u1ec1m tin m\u00e3nh li\u1ec7t v\u00ec m\u1ed9t \u201cc\u00e1i t\u00ean\u201d &#8211; th\u01b0\u01a1ng hi\u1ec7u tr\u00e0 La B\u1eb1ng c\u1ee7a ng\u01b0\u1eddi ph\u1ee5 n\u1eef s\u00e1ng l\u1eadp ra HTX Ch\u00e8 La B\u1eb1ng &#8211; n\u01a1i h\u1ed9i t\u1ee5 truy\u1ec1n th\u1ed1ng m\u1ed9t v\u00f9ng tr\u00e0 n\u1ed5i ti\u1ebfng, n\u01a1i nh\u1eefng y\u00eau c\u1ea7u kh\u1eaft khe nh\u1ea5t v\u1ec1 quy tr\u00ecnh k\u1ef9 thu\u1eadt, an to\u00e0n, ch\u1ea5t l\u01b0\u1ee3ng cho Tr\u00e0.<\/p>\n<p>&nbsp;<\/p>\n<p>Thanh H\u1ea3i tr\u00e0 \u2013 S\u1ea3n ph\u1ea9m ra \u0111\u1eddi t\u1eeb \u0111\u00f3, \u0111\u01b0\u1ee3c ch\u1ecdn l\u1ecdc tinh t\u00fay tr\u00e0 La B\u1eb1ng, gom trong n\u00f3 nh\u1eefng ni\u1ec1m tin, m\u1ed3 h\u00f4i, n\u01b0\u1edbc m\u1eaft c\u1ee7a ch\u1ecb, c\u1ee7a nh\u1eefng ng\u01b0\u1eddi n\u00f4ng d\u00e2n tr\u00ean m\u1ea3nh \u0111\u1ea5t h\u01a1n 400ha ch\u00e8 mang t\u00ean La B\u1eb1ng &#8211; ni\u1ec1m tin v\u00e0 kh\u1eb3ng \u0111\u1ecbnh cho gi\u00e1 tr\u1ecb m\u1ed9t th\u01b0\u01a1ng hi\u1ec7u La B\u1eb1ng. THANH H\u1ea2I TR\u00c0 \u2013 TINH T\u00daY T\u1eea V\u00d9NG CH\u00c8 LA B\u1eb0NG\u00a0 Nguy\u00ean li\u1ec7u ch\u00ednh \u0111\u1ec3 l\u00e0m n\u00ean s\u1ea3n ph\u1ea9m Thanh H\u1ea3i Tr\u00e0 \u0111\u01b0\u1ee3c ch\u1ecdn l\u1ecdc b\u1eb1ng tay ng\u1eaft nh\u1eefng ng\u1ecdn n\u00f5n non l\u00fac s\u01b0\u01a1ng s\u1edbm t\u1eeb nh\u1eefng c\u00e2y ch\u00e8 \u0111\u01b0\u1ee3c tr\u1ed3ng t\u1ea1i x\u00e3 La B\u1eb1ng, g\u1ea7n ch\u00e2n n\u00fai Tam \u0110\u1ea3o v\u1edbi thi\u00ean nhi\u00ean, kh\u00ed h\u1eadu m\u00e1t m\u1ebb, trong l\u00e0nh, ngu\u1ed3n n\u01b0\u1edbc trong xanh, s\u1ea1ch\u2026\u00a0 Thanh H\u1ea3i tr\u00e0 l\u00e0 m\u1ed9t tinh t\u00fay trong nh\u00f3m s\u1ea3n ph\u1ea7m Tr\u00e0 La B\u1eb1ng do HTX Ch\u00e8 La B\u1eb1ng s\u1edf h\u1eefu, l\u00e0 s\u1ef1 giao thoa nh\u1eefng ti\u1ebfn b\u1ed9 khoa h\u1ecdc k\u1ef9 thu\u1eadt trong s\u1ea3n xu\u1ea5t k\u1ebft h\u1ee3p v\u1edbi \u0111\u00f4i b\u00e0n tay kh\u00e9o l\u00e9o c\u1ee7a c\u00e1c ngh\u1ec7 nh\u00e2n l\u00e0m ch\u00e8 l\u00e2u n\u0103m.\u00a0Thanh H\u1ea3i tr\u00e0 cho h\u01b0\u01a1ng th\u01a1m v\u00e0 v\u1ecb \u0111\u1eadm r\u1ea5t ri\u00eang, m\u00e0u n\u01b0\u1edbc s\u00e1nh v\u00e0ng m\u00e0u nh\u01b0 m\u1eadt ong r\u1eebng, m\u00f9i th\u01a1m t\u1ef1 nhi\u00ean nh\u01b0 hoa r\u1eebng, \u0111\u1eadm n\u01b0\u1edbc &#8211; v\u1eabn ngon \u0111\u1ebfn n\u01b0\u1edbc th\u1ee9 3, \u0111\u1eadm v\u1ecb ng\u1ecdt h\u1eadu.\u00a0 Ph\u1ea3i n\u00f3i th\u00eam, La B\u1eb1ng &#8211; v\u00f9ng Ch\u00e8 truy\u1ec1n th\u1ed1ng l\u00e2u \u0111\u1eddi c\u1ee7a t\u1ec9nh Th\u00e1i Nguy\u00ean, \u0111\u01b0\u1ee3c thi\u00ean nhi\u00ean \u01b0u \u0111\u00e3i cho kh\u00ed h\u1eadu thu\u1eadn l\u1ee3i, \u0111\u1ea5t \u0111ai m\u00e0u m\u1ee1, ngu\u1ed3n n\u01b0\u1edbc t\u01b0\u1edbi ti\u00eau \u1ed5n \u0111\u1ecbnh, s\u1ea1ch, gi\u00e0u kho\u00e1ng ch\u1ea5t c\u1ee7a d\u00e3y Tam \u0110\u1ea3o, \u0111\u1eb7c bi\u1ec7t th\u00edch h\u1ee3p cho c\u00e2y ch\u00e8 ph\u00e1t tri\u1ec3n.<\/p>","protected":false},"excerpt":{"rendered":"<p>THANH H\u1ea2I TR\u00c0 \u2013 C\u1ea2M H\u1ee8NG T\u1eea \u201cNI\u1ec0M TIN\u201d v\u00e0 \u201cN\u01af\u1edaC M\u1eaeT\u201d Thanh H\u1ea3i Tr\u00e0 &#8211; H\u00e0nh tr\u00ecnh c\u1ee7a h\u01a1n<\/p>","protected":false},"featured_media":6644,"comment_status":"open","ping_status":"closed","template":"","meta":{"_acf_changed":false},"product_cat":[321,322,366,446,22],"product_tag":[],"class_list":{"0":"post-6616","1":"product","2":"type-product","3":"status-publish","4":"has-post-thumbnail","6":"product_cat-che","7":"product_cat-che-tuoi-che-bien","8":"product_cat-hang-cnnt-cap-qg","9":"product_cat-san-pham-cnnt-tb-cap-qg-2019","10":"product_cat-sanphamthucpham","12":"first","13":"instock","14":"sale","15":"shipping-taxable","16":"purchasable","17":"product-type-simple"},"acf":[],"_links":{"self":[{"href":"https:\/\/b2c.fairs.vn\/en\/wp-json\/wp\/v2\/product\/6616","targetHints":{"allow":["GET"]}}],"collection":[{"href":"https:\/\/b2c.fairs.vn\/en\/wp-json\/wp\/v2\/product"}],"about":[{"href":"https:\/\/b2c.fairs.vn\/en\/wp-json\/wp\/v2\/types\/product"}],"replies":[{"embeddable":true,"href":"https:\/\/b2c.fairs.vn\/en\/wp-json\/wp\/v2\/comments?post=6616"}],"version-history":[{"count":0,"href":"https:\/\/b2c.fairs.vn\/en\/wp-json\/wp\/v2\/product\/6616\/revisions"}],"wp:featuredmedia":[{"embeddable":true,"href":"https:\/\/b2c.fairs.vn\/en\/wp-json\/wp\/v2\/media\/6644"}],"wp:attachment":[{"href":"https:\/\/b2c.fairs.vn\/en\/wp-json\/wp\/v2\/media?parent=6616"}],"wp:term":[{"taxonomy":"product_cat","embeddable":true,"href":"https:\/\/b2c.fairs.vn\/en\/wp-json\/wp\/v2\/product_cat?post=6616"},{"taxonomy":"product_tag","embeddable":true,"href":"https:\/\/b2c.fairs.vn\/en\/wp-json\/wp\/v2\/product_tag?post=6616"}],"curies":[{"name":"wp","href":"https:\/\/api.w.org\/{rel}","templated":true}]}}