{"id":6594,"date":"2024-03-20T17:00:37","date_gmt":"2024-03-20T10:00:37","guid":{"rendered":"https:\/\/b2c.fairs.vn\/?post_type=product&#038;p=6594"},"modified":"2024-03-20T17:02:25","modified_gmt":"2024-03-20T10:02:25","slug":"hop-tre-dinh-tam-tra","status":"publish","type":"product","link":"https:\/\/b2c.fairs.vn\/en\/product\/hop-tre-dinh-tam-tra\/","title":{"rendered":"H\u1ed9p Tre \u0110inh T\u00e2m Tr\u00e0"},"content":{"rendered":"<p>La B\u1eb1ng \u0111\u01b0\u1ee3c thi\u00ean nhi\u00ean \u01b0u \u0111\u00e3i cho kh\u00ed h\u1eadu thu\u1eadn l\u1ee3i, \u0111\u1ea5t \u0111ai m\u00e0u m\u1ee1, ngu\u1ed3n n\u01b0\u1edbc t\u01b0\u1edbi ti\u00eau \u1ed5n \u0111\u1ecbnh, \u0111\u1eb7c bi\u1ec7t th\u00edch h\u1ee3p cho c\u00e2y ch\u00e8 ph\u00e1t tri\u1ec3n, v\u00ec v\u1eady m\u00e0 ch\u00e8 La B\u1eb1ng c\u00f3 h\u01b0\u01a1ng th\u01a1m v\u00e0 v\u1ecb \u0111\u1eadm r\u1ea5t ri\u00eang, m\u00e0u n\u01b0\u1edbc s\u00e1nh v\u00e0ng m\u00e0u nh\u01b0 m\u1eadt ong r\u1eebng, m\u00f9i th\u01a1m t\u1ef1 nhi\u00ean nh\u01b0 hoa r\u1eebng, \u0111\u1eadm n\u01b0\u1edbc (u\u1ed1ng \u0111\u1ebfn n\u01b0\u1edbc th\u1ee9 3 v\u1eabn c\u00f2n v\u1ecb \u0111\u1eb7c tr\u01b0ng c\u1ee7a ch\u00e8), v\u1ecb ng\u1ecdt h\u1eadu.<\/p>\n<p>&nbsp;<\/p>\n<p>Th\u01b0\u01a1ng hi\u1ec7u Ch\u00e8 La B\u1eb1ng c\u1ee7a HTX ch\u00e8 La B\u1eb1ng \u0111ang ng\u00e0y c\u00e0ng kh\u1eb3ng \u0111\u1ecbnh \u0111\u01b0\u1ee3c ch\u1ed7 \u0111\u1ee9ng v\u1eefng v\u00e0ng trong l\u00f2ng th\u1ef1c kh\u00e1ch. Kh\u00f4ng ph\u1ea3i \u1edf \u0111\u00e2u xa x\u00f4i, m\u00e0 ngay c\u1ea3 tr\u00ean \u0111\u1ea5t Th\u00e1i Nguy\u00ean n\u1ed5i ti\u1ebfng v\u1ec1 ch\u00e8 \u0111\u1eb7c s\u1ea3n n\u00e0y, ng\u01b0\u1eddi ta c\u0169ng ph\u1ea3i tr\u1ea7m tr\u1ed3 khen ng\u1ee3i.<\/p>\n<p>&nbsp;<\/p>\n<p>B\u1eb1ng ch\u1ee9ng \u0111\u1ec3 ch\u1ee9ng minh cho nh\u1eefng c\u00e2u n\u00f3i tr\u00ean ch\u00ednh l\u00e0 nh\u1eefng l\u1ea7n ch\u00e8 La B\u1eb1ng \u0111\u01b0\u1ee3c ch\u1ecdn l\u00e0m qu\u00e0 t\u1eb7ng cho r\u1ea5t nhi\u1ec1u s\u1ef1 ki\u1ec7n c\u1ee7a huy\u1ec7n \u0110\u1ea1i T\u1eeb, c\u00e1c s\u1ef1 ki\u1ec7n l\u1edbn c\u1ee7a t\u1ec9nh Th\u00e1i Nguy\u00ean v\u00e0 t\u1ef1 h\u00e0o nh\u1ea5t l\u00e0 s\u1ea3n ph\u1ea9m \u0110inh T\u00e2m Tr\u00e0 \u0111\u00e3 \u0111\u01b0\u1ee3c Ch\u00ednh ph\u1ee7 l\u1ef1a ch\u1ecdn l\u00e0m m\u00f3n qu\u00e0 \u0111\u1ea1i di\u1ec7n cho n\u01b0\u1edbc Vi\u1ec7t Nam g\u1eedi t\u1edbi b\u1ea1n b\u00e8 qu\u1ed1c t\u1ebf tham d\u1ef1 H\u1ed9i ngh\u1ecb APEC di\u1ec5n ra v\u00e0o th\u00e1ng 11 n\u0103m 2017 t\u1ea1i \u0110\u00e0 N\u1eb5ng.<\/p>\n<p>&nbsp;<\/p>\n<p>Ti\u1ebfp n\u1ed1i nh\u1eefng th\u00e0nh c\u00f4ng \u0111\u00f3, trong d\u1ecbp L\u1ec5 h\u1ed9i tr\u00e0 \u0110\u1ea1i T\u1eeb n\u0103m \u0110inh D\u1eadu 2017, s\u1ea3n ph\u1ea9m \u0110inh T\u00e2m Tr\u00e0 c\u0169ng vinh d\u1ef1 \u0111\u01b0\u1ee3c ch\u1ecdn l\u00e0 s\u1ea3n ph\u1ea9m ch\u00e8 \u0111\u1eb7c s\u1ea3n ngon nh\u1ea5t g\u1eedi t\u1eb7ng c\u00e1c v\u1ecb \u0111\u1ea1i bi\u1ec3u c\u1ea5p cao v\u1ec1 d\u1ef1 L\u1ec5 h\u1ed9i.<\/p>\n<p>&nbsp;<\/p>\n<p>S\u1ea3n ph\u1ea9m \u0110inh T\u00e2m Tr\u00e0 \u0111\u01b0\u1ee3c s\u1ea3n xu\u1ea5t \u0111\u1ec3 l\u00e0m qu\u00e0 t\u1eb7ng cho L\u1ec5 h\u1ed9i \u0111\u01b0\u1ee3c c\u00e1c x\u00e3 vi\u00ean trong HTX g\u1ea5p r\u00fat chu\u1ea9n b\u1ecb r\u1ea5t k\u1ef3 c\u00f4ng. T\u1eeb kh\u00e2u h\u00e1i ch\u00e8, l\u00e0m ch\u00e8, sao ch\u00e8, \u0111\u00f3ng g\u00f3i c\u1ea9n th\u1eadn, r\u1ed3i \u0111\u1ebfn c\u1ea3 m\u1eabu m\u00e3 h\u1ed9p \u0111\u1ef1ng ch\u00e8 c\u0169ng to\u00e1t l\u00ean v\u1ebb thanh tao, l\u1ecbch s\u1ef1.<\/p>\n<p>&nbsp;<\/p>\n<p>Qua nhi\u1ec1u m\u00f9a L\u1ec5 h\u1ed9i Tr\u00e0 \u0110\u1ea1i T\u1eeb, r\u1ea5t nhi\u1ec1u ng\u01b0\u1eddi \u0111\u00e3 bi\u1ebft \u0111\u1ebfn th\u01b0\u01a1ng hi\u1ec7u ch\u00e8 La B\u1eb1ng h\u01a1n. Gian h\u00e0ng tr\u01b0ng b\u00e0y s\u1ea3m ph\u1ea9m l\u00fac n\u00e0o c\u0169ng t\u1ea5p n\u1eadp th\u1ef1c kh\u00e1ch \u0111\u1ebfn th\u01b0\u1edfng tr\u00e0. U\u1ed1ng xong r\u1ed3i l\u1ea1i mu\u1ed1n mua th\u1eadt nhi\u1ec1u mang v\u1ec1 \u0111\u1ec3 u\u1ed1ng, \u0111\u1ec3 l\u00e0m qu\u00e0 cho ng\u01b0\u1eddi th\u00e2n, b\u1ea1n b\u00e8 trong m\u1ed7i d\u1ecbp T\u1ebft \u0111\u1ebfn.<\/p>","protected":false},"excerpt":{"rendered":"<p>La B\u1eb1ng \u0111\u01b0\u1ee3c thi\u00ean nhi\u00ean \u01b0u \u0111\u00e3i cho kh\u00ed h\u1eadu thu\u1eadn l\u1ee3i, \u0111\u1ea5t \u0111ai m\u00e0u m\u1ee1, ngu\u1ed3n n\u01b0\u1edbc t\u01b0\u1edbi ti\u00eau<\/p>","protected":false},"featured_media":6595,"comment_status":"open","ping_status":"closed","template":"","meta":{"_acf_changed":false},"product_cat":[321,322,22],"product_tag":[],"class_list":{"0":"post-6594","1":"product","2":"type-product","3":"status-publish","4":"has-post-thumbnail","6":"product_cat-che","7":"product_cat-che-tuoi-che-bien","8":"product_cat-sanphamthucpham","10":"first","11":"instock","12":"shipping-taxable","13":"purchasable","14":"product-type-simple"},"acf":[],"_links":{"self":[{"href":"https:\/\/b2c.fairs.vn\/en\/wp-json\/wp\/v2\/product\/6594","targetHints":{"allow":["GET"]}}],"collection":[{"href":"https:\/\/b2c.fairs.vn\/en\/wp-json\/wp\/v2\/product"}],"about":[{"href":"https:\/\/b2c.fairs.vn\/en\/wp-json\/wp\/v2\/types\/product"}],"replies":[{"embeddable":true,"href":"https:\/\/b2c.fairs.vn\/en\/wp-json\/wp\/v2\/comments?post=6594"}],"version-history":[{"count":0,"href":"https:\/\/b2c.fairs.vn\/en\/wp-json\/wp\/v2\/product\/6594\/revisions"}],"wp:featuredmedia":[{"embeddable":true,"href":"https:\/\/b2c.fairs.vn\/en\/wp-json\/wp\/v2\/media\/6595"}],"wp:attachment":[{"href":"https:\/\/b2c.fairs.vn\/en\/wp-json\/wp\/v2\/media?parent=6594"}],"wp:term":[{"taxonomy":"product_cat","embeddable":true,"href":"https:\/\/b2c.fairs.vn\/en\/wp-json\/wp\/v2\/product_cat?post=6594"},{"taxonomy":"product_tag","embeddable":true,"href":"https:\/\/b2c.fairs.vn\/en\/wp-json\/wp\/v2\/product_tag?post=6594"}],"curies":[{"name":"wp","href":"https:\/\/api.w.org\/{rel}","templated":true}]}}