{"id":6584,"date":"2024-03-20T17:07:25","date_gmt":"2024-03-20T10:07:25","guid":{"rendered":"https:\/\/b2c.fairs.vn\/?post_type=product&#038;p=6584"},"modified":"2024-03-27T17:04:11","modified_gmt":"2024-03-27T10:04:11","slug":"che-dinh-dinh-dac-biet-2_200g-1-goi","status":"publish","type":"product","link":"https:\/\/b2c.fairs.vn\/en\/product\/che-dinh-dinh-dac-biet-2_200g-1-goi\/","title":{"rendered":"Ch\u00e8 \u0110inh \u0110inh \u0110\u1eb7c Bi\u1ec7t 2_200g\/ 1 g\u00f3i"},"content":{"rendered":"<div>\n<div>\n<p><strong>Th\u00e0nh ph\u1ea7n:<\/strong><\/p>\n<p>Nguy\u00ean li\u1ec7u l\u00e0 b\u00fap ch\u00e8 n\u00f5n t\u01b0\u01a1i 1 t\u00f4m t\u1ea1i v\u00f9ng ch\u00e8 c\u1ee7a H\u1ee3p T\u00e1c X\u00e3 Ch\u00e8 H\u1ea3o \u0110\u1ea1t \u0111\u01b0\u1ee3c h\u00e1i v\u00e0o bu\u1ed5i s\u00e1ng s\u1edbm c\u00f3 h\u01a1i s\u01b0\u01a1ng tr\u00ean b\u00fap ch\u00e8 sau \u0111\u00f3 \u0111em v\u1ec1 ngay v\u00e0 \u0111\u01b0\u1ee3c sao kh\u00f4 lu\u00f4n theo ph\u01b0\u01a1ng ph\u00e1p truy\u1ec1n th\u1ed1ng ( h\u00e1i, v\u1eadn chuy\u1ec3n, ch\u1ebf bi\u1ebfn c\u1ea7u k\u1ef3 trong bu\u1ed5i s\u00e1ng \u0111\u1ec3 gi\u1eef \u0111\u1ed9 t\u01b0\u01a1i c\u1ee7a b\u00fap ch\u00e8) v\u00e0 \u0111\u00e3 gi\u1eef \u0111\u01b0\u1ee3c ch\u1ea5t, v\u1ecb, h\u01b0\u01a1ng Ch\u00e8 T\u00e2n C\u01b0\u01a1ng t\u1ef1 nhi\u00ean, sau khi sao kh\u00f4 ch\u1ebf bi\u1ebfn th\u00e0nh\u00a0<strong>Ch\u00e8 \u0110inh<\/strong>\u00a0 \u0111\u01b0\u1ee3c \u0111\u00f3ng g\u00f3i b\u1eb1ng t\u00fai h\u00fat ch\u00e2n kh\u00f4ng 200g \u0111\u1ebf ti\u1ec7n l\u1ee3i khi s\u1eed d\u1ee5ng v\u00e0 b\u1ea3o qu\u1ea3n ch\u00e8 \u0111\u01b0\u1ee3c t\u1ed1t v\u00e0 l\u00e2u h\u01a1n..<\/p>\n<p>&#8211; C\u00f4ng d\u1ee5ng: Gi\u00fap t\u1ec9nh t\u00e1o, gi\u1ea3m nguy c\u01a1 m\u1eafc b\u1ec7nh ung th\u01b0, tim m\u1ea1ch, gi\u1ea3m cholesterol, ch\u1ed1ng l\u00e3o h\u00f3a v\u00e0 l\u00e0m \u0111\u1eb9p da.<\/p>\n<p>&#8211; B\u1ea3o qu\u1ea3n: \u0110\u1ec3 n\u01a1i kh\u00f4 r\u00e1o ,tho\u00e1ng m\u00e1t, tr\u00e1nh ti\u1ebfp x\u00fac tr\u1ef1c ti\u1ebfp v\u1edbi \u00e1nh n\u1eafng m\u1eb7t tr\u1eddi.<\/p>\n<p>&#8211; Quy c\u00e1ch: \u0110\u01b0\u1ee3c \u0111\u00f3ng v\u00e0o t\u00fai th\u01b0\u01a1ng hi\u1ec7u H\u1ea3o \u0110\u1ea1t h\u00fat ch\u00e2n kh\u00f4ng kh\u1ed1i l\u01b0\u1ee3ng t\u1ecbnh 200gam<\/p>\n<p>&#8211; Ch\u00fa \u00fd: Sau khi c\u1eaft mi\u1ec7ng t\u00fai ph\u1ea3i \u0111\u00f3ng k\u00edn, \u0111\u1ec3 trong h\u1ed9p chuy\u00ean \u0111\u1ef1ng tr\u00e0 , s\u1ebd gi\u1eef \u0111\u01b0\u1ee3c h\u01b0\u01a1ng v\u1ecb ch\u1ea5t l\u01b0\u1ee3ng tr\u00e0 ngon v\u00e0 l\u00e2u h\u01a1n.<\/p>\n<p>&nbsp;<\/p>\n<p><strong>H\u1ee3p T\u00e1c X\u00e3 Ch\u00e8 H\u1ea3o \u0110\u1ea1t \u0111\u00e3 \u0111\u01b0\u1ee3c c\u1ea5p:<\/strong><\/p>\n<p>&#8211; Gi\u1ea5y ch\u1ee9ng nh\u1eadn c\u01a1 s\u1edf \u0111\u1ee7 \u0111i\u1ec1u ki\u1ec7n an to\u00e0n th\u1ef1c ph\u1ea9m s\u1ed1 10\/2020\/NNPTNT-TN Do ph\u00f2ng kinh t\u1ebf th\u00e0nh ph\u1ed1 c\u1ea5p ng\u00e0y 27\/11\/2020<\/p>\n<p>&#8211; X\u00e1c nh\u1eadn chu\u1ed7i cung \u1ee9ng th\u1ef1c ph\u1ea9m an to\u00e0n s\u1ed1 201\/XNC_QLCL do chi c\u1ee5c Qu\u1ea3n l\u00fd ch\u1ea5t l\u01b0\u1ee3ng n\u00f4ng l\u00e2m th\u1ee7y s\u1ea3n c\u1ea5p ng\u00e0y 19\/9\/2018<\/p>\n<p>&#8211; Gi\u1ea5y ch\u1ee9ng nh\u1eadn \u0111\u1ea1t danh hi\u1ec7u s\u1ea3n ph\u1ea9m n\u00f4ng nghi\u1ec7p ti\u00eau bi\u1ec3u t\u1ec9nh l\u1ea7n th\u1ee9 3 s\u1ed1 235\/Q\u0110-HND do H\u1ed9i n\u00f4ng d\u00e2n t\u1ec9nh c\u1ea5p ng\u00e0y 24\/09\/2020<\/p>\n<p>&#8211; Gi\u1ea5y ch\u1ee9ng nh\u1eadn s\u1ea3n ph\u1ea9m c\u00f4ng nghi\u1ec7p n\u00f4ng th\u00f4n ti\u00eau bi\u1ec3u c\u1ea5p t\u1ec9nh n\u0103m 2020 s\u1ed1 1826\/Q\u0110-UBND do \u1ee6y ban nh\u00e2n d\u00e2n t\u1ec9nh c\u1ea5p ng\u00e0y 25\/6\/2020<\/p>\n<p>&#8211; Gi\u1ea5y ch\u1ee9ng nh\u1eadn s\u1ea3n ph\u1ea9m c\u00f4ng nghi\u1ec7p n\u00f4ng th\u00f4n ti\u00eau bi\u1ec3u c\u1ea5p khu v\u1ef1c n\u0103m 2020 s\u1ed1 110\/Q\u0110-CT\u0110P do C\u1ee5c C\u00f4ng Th\u01b0\u01a1ng \u0110\u1ecba Ph\u01b0\u01a1ng c\u1ea5p ng\u00e0y 12\/11\/2020<\/p>\n<p>&#8211; Gi\u1ea5y ch\u1ee9ng nh\u1eadn OCOP 4 Sao s\u1ed1 2734\/Q\u0110-UBND do \u1ee6y ban nh\u00e2n d\u00e2n t\u1ec9nh c\u1ea5p ng\u00e0y 22\/08\/2019<\/p>\n<\/div>\n<\/div>\n<div>\n<div>\n<h3 class=\"text-xl my-5 font-bold\">Th\u00f4ng s\u1ed1 k\u1ef9 thu\u1eadt<\/h3>\n<div>\n<div class=\"my-2 py-2\">Gi\u00e1<span class=\"mlr-1\">:<\/span><span class=\"ml-1\">300.000\u0111<\/span><\/div>\n<div class=\"my-2 py-2\">Xu\u1ea5t s\u1ee9<span class=\"mlr-1\">:<\/span><span class=\"ml-1\">Th\u00e1i Nguy\u00ean<\/span><\/div>\n<div class=\"my-2 py-2\">B\u1ea3o qu\u1ea3n<span class=\"mlr-1\">:<\/span><span class=\"ml-1\">\u0110\u1ec3 n\u01a1i kh\u00f4 r\u00e1o, tho\u00e1ng m\u00e1t, tr\u00e1nh \u00e1nh n\u1eafng tr\u1ef1c ti\u1ebfp<\/span><\/div>\n<div class=\"my-2 py-2\">Th\u00e0nh ph\u1ea7n<span class=\"mlr-1\">:<\/span><span class=\"ml-1\">100% ch\u00e8 xanh T\u00e2n C\u01b0\u01a1ng Th\u00e1i Nguy\u00ean<\/span><\/div>\n<div class=\"my-2 py-2\">H\u01b0\u1edbng d\u1eabn<span class=\"mlr-1\">:<\/span><span class=\"ml-1\">Cho t\u1eeb 3-5g tr\u00e0, sau \u0111\u00f3 cho n\u01b0\u1edbc s\u00f4i v\u00e0o, sau 3 ph\u00fat b\u1ea1n s\u1ebd c\u00f3 t\u00e1ch tr\u00e0 nh\u01b0 \u00fd<\/span><\/div>\n<div class=\"my-2 py-2\">Th\u01b0\u01a1ng hi\u1ec7u<span class=\"mlr-1\">:<\/span><span class=\"ml-1\">Ch\u00e8 H\u1ea3o \u0110\u1ea1t<\/span><\/div>\n<div class=\"my-2 py-2\">H\u1ea1n s\u1eed d\u1ee5ng<span class=\"mlr-1\">:<\/span><span class=\"ml-1\">12 th\u00e1ng k\u1ec3 t\u1eeb ng\u00e0y s\u1ea3n xu\u1ea5t<\/span><\/div>\n<div class=\"my-2 py-2\">Kh\u1ed1i l\u01b0\u1ee3ng T\u1ecbnh<span class=\"mlr-1\">:<\/span><span class=\"ml-1\">200g<\/span><\/div>\n<\/div>\n<\/div>\n<\/div>","protected":false},"excerpt":{"rendered":"<div>\n<div>\n<p><strong>Th\u00e0nh ph\u1ea7n:<\/strong><\/p>\n<p>Nguy\u00ean li\u1ec7u l\u00e0 b\u00fap ch\u00e8 n\u00f5n t\u01b0\u01a1i 1 t\u00f4m t\u1ea1i v\u00f9ng ch\u00e8 c\u1ee7a H\u1ee3p T\u00e1c X\u00e3 Ch\u00e8 H\u1ea3o \u0110\u1ea1t \u0111\u01b0\u1ee3c h\u00e1i v\u00e0o bu\u1ed5i s\u00e1ng s\u1edbm c\u00f3 h\u01a1i s\u01b0\u01a1ng tr\u00ean b\u00fap ch\u00e8 sau \u0111\u00f3 \u0111em v\u1ec1 ngay v\u00e0 \u0111\u01b0\u1ee3c sao kh\u00f4 lu\u00f4n theo ph\u01b0\u01a1ng ph\u00e1p truy\u1ec1n th\u1ed1ng ( h\u00e1i, v\u1eadn chuy\u1ec3n, ch\u1ebf bi\u1ebfn c\u1ea7u k\u1ef3 trong bu\u1ed5i s\u00e1ng \u0111\u1ec3 gi\u1eef \u0111\u1ed9 t\u01b0\u01a1i c\u1ee7a b\u00fap ch\u00e8) v\u00e0 \u0111\u00e3 gi\u1eef \u0111\u01b0\u1ee3c ch\u1ea5t, v\u1ecb, h\u01b0\u01a1ng Ch\u00e8 T\u00e2n C\u01b0\u01a1ng t\u1ef1 nhi\u00ean, sau khi sao kh\u00f4 ch\u1ebf bi\u1ebfn th\u00e0nh\u00a0<strong>Ch\u00e8 \u0110inh<\/strong>\u00a0 \u0111\u01b0\u1ee3c \u0111\u00f3ng g\u00f3i b\u1eb1ng t\u00fai h\u00fat ch\u00e2n kh\u00f4ng 200g \u0111\u1ebf ti\u1ec7n l\u1ee3i khi s\u1eed d\u1ee5ng v\u00e0 b\u1ea3o qu\u1ea3n ch\u00e8 \u0111\u01b0\u1ee3c t\u1ed1t v\u00e0 l\u00e2u h\u01a1n..<\/p>\n<p>&#8211; C\u00f4ng d\u1ee5ng: Gi\u00fap t\u1ec9nh t\u00e1o, gi\u1ea3m nguy c\u01a1 m\u1eafc b\u1ec7nh ung th\u01b0, tim m\u1ea1ch, gi\u1ea3m cholesterol, ch\u1ed1ng l\u00e3o h\u00f3a v\u00e0 l\u00e0m \u0111\u1eb9p da.<\/p>\n<p>&#8211; B\u1ea3o qu\u1ea3n: \u0110\u1ec3 n\u01a1i kh\u00f4 r\u00e1o ,tho\u00e1ng m\u00e1t, tr\u00e1nh ti\u1ebfp x\u00fac tr\u1ef1c ti\u1ebfp v\u1edbi \u00e1nh n\u1eafng m\u1eb7t tr\u1eddi.<\/p>\n<p>&#8211; Quy c\u00e1ch: \u0110\u01b0\u1ee3c \u0111\u00f3ng v\u00e0o t\u00fai th\u01b0\u01a1ng hi\u1ec7u H\u1ea3o \u0110\u1ea1t h\u00fat ch\u00e2n kh\u00f4ng kh\u1ed1i l\u01b0\u1ee3ng t\u1ecbnh 200gam<\/p>\n<p>&#8211; Ch\u00fa \u00fd: Sau khi c\u1eaft mi\u1ec7ng t\u00fai ph\u1ea3i \u0111\u00f3ng k\u00edn, \u0111\u1ec3 trong h\u1ed9p chuy\u00ean \u0111\u1ef1ng tr\u00e0 , s\u1ebd gi\u1eef \u0111\u01b0\u1ee3c h\u01b0\u01a1ng v\u1ecb ch\u1ea5t l\u01b0\u1ee3ng tr\u00e0 ngon v\u00e0 l\u00e2u h\u01a1n.<\/p>\n<p>&nbsp;<\/p>\n<p><strong>H\u1ee3p T\u00e1c X\u00e3 Ch\u00e8 H\u1ea3o \u0110\u1ea1t \u0111\u00e3 \u0111\u01b0\u1ee3c c\u1ea5p:<\/strong><\/p>\n<p>&#8211; Gi\u1ea5y ch\u1ee9ng nh\u1eadn c\u01a1 s\u1edf \u0111\u1ee7 \u0111i\u1ec1u ki\u1ec7n an to\u00e0n th\u1ef1c ph\u1ea9m s\u1ed1 10\/2020\/NNPTNT-TN Do ph\u00f2ng kinh t\u1ebf th\u00e0nh ph\u1ed1 c\u1ea5p ng\u00e0y 27\/11\/2020<\/p>\n<p>&#8211; X\u00e1c nh\u1eadn chu\u1ed7i cung \u1ee9ng th\u1ef1c ph\u1ea9m an to\u00e0n s\u1ed1 201\/XNC_QLCL do chi c\u1ee5c Qu\u1ea3n l\u00fd ch\u1ea5t l\u01b0\u1ee3ng n\u00f4ng l\u00e2m th\u1ee7y s\u1ea3n c\u1ea5p ng\u00e0y 19\/9\/2018<\/p>\n<p>&#8211; Gi\u1ea5y ch\u1ee9ng nh\u1eadn \u0111\u1ea1t danh hi\u1ec7u s\u1ea3n ph\u1ea9m n\u00f4ng nghi\u1ec7p ti\u00eau bi\u1ec3u t\u1ec9nh l\u1ea7n th\u1ee9 3 s\u1ed1 235\/Q\u0110-HND do H\u1ed9i n\u00f4ng d\u00e2n t\u1ec9nh c\u1ea5p ng\u00e0y 24\/09\/2020<\/p>\n<p>&#8211; Gi\u1ea5y ch\u1ee9ng nh\u1eadn s\u1ea3n ph\u1ea9m c\u00f4ng nghi\u1ec7p n\u00f4ng th\u00f4n ti\u00eau bi\u1ec3u c\u1ea5p t\u1ec9nh n\u0103m 2020 s\u1ed1 1826\/Q\u0110-UBND do \u1ee6y ban nh\u00e2n d\u00e2n t\u1ec9nh c\u1ea5p ng\u00e0y 25\/6\/2020<\/p>\n<p>&#8211; Gi\u1ea5y ch\u1ee9ng nh\u1eadn s\u1ea3n ph\u1ea9m c\u00f4ng nghi\u1ec7p n\u00f4ng th\u00f4n ti\u00eau bi\u1ec3u c\u1ea5p khu v\u1ef1c n\u0103m 2020 s\u1ed1 110\/Q\u0110-CT\u0110P do C\u1ee5c C\u00f4ng Th\u01b0\u01a1ng \u0110\u1ecba Ph\u01b0\u01a1ng c\u1ea5p ng\u00e0y 12\/11\/2020<\/p>\n<p>&#8211; Gi\u1ea5y ch\u1ee9ng nh\u1eadn OCOP 4 Sao s\u1ed1 2734\/Q\u0110-UBND do \u1ee6y ban nh\u00e2n d\u00e2n t\u1ec9nh c\u1ea5p ng\u00e0y 22\/08\/2019<\/p>\n<\/div>\n<\/div>\n<div>\n<div>\n<h3 class=\"text-xl my-5 font-bold\">Th\u00f4ng s\u1ed1 k\u1ef9 thu\u1eadt<\/h3>\n<div>\n<div class=\"my-2 py-2\">Gi\u00e1<span class=\"mlr-1\">:<\/span><span class=\"ml-1\">300.000\u0111<\/span><\/div>\n<div class=\"my-2 py-2\">Xu\u1ea5t s\u1ee9<span class=\"mlr-1\">:<\/span><span class=\"ml-1\">Th\u00e1i Nguy\u00ean<\/span><\/div>\n<div class=\"my-2 py-2\">B\u1ea3o qu\u1ea3n<span class=\"mlr-1\">:<\/span><span class=\"ml-1\">\u0110\u1ec3 n\u01a1i kh\u00f4 r\u00e1o, tho\u00e1ng m\u00e1t, tr\u00e1nh \u00e1nh n\u1eafng tr\u1ef1c ti\u1ebfp<\/span><\/div>\n<div class=\"my-2 py-2\">Th\u00e0nh ph\u1ea7n<span class=\"mlr-1\">:<\/span><span class=\"ml-1\">100% ch\u00e8 xanh T\u00e2n C\u01b0\u01a1ng Th\u00e1i Nguy\u00ean<\/span><\/div>\n<div class=\"my-2 py-2\">H\u01b0\u1edbng d\u1eabn<span class=\"mlr-1\">:<\/span><span class=\"ml-1\">Cho t\u1eeb 3-5g tr\u00e0, sau \u0111\u00f3 cho n\u01b0\u1edbc s\u00f4i v\u00e0o, sau 3 ph\u00fat b\u1ea1n s\u1ebd c\u00f3 t\u00e1ch tr\u00e0 nh\u01b0 \u00fd<\/span><\/div>\n<div class=\"my-2 py-2\">Th\u01b0\u01a1ng hi\u1ec7u<span class=\"mlr-1\">:<\/span><span class=\"ml-1\">Ch\u00e8 H\u1ea3o \u0110\u1ea1t<\/span><\/div>\n<div class=\"my-2 py-2\">H\u1ea1n s\u1eed d\u1ee5ng<span class=\"mlr-1\">:<\/span><span class=\"ml-1\">12 th\u00e1ng k\u1ec3 t\u1eeb ng\u00e0y s\u1ea3n xu\u1ea5t<\/span><\/div>\n<div class=\"my-2 py-2\">Kh\u1ed1i l\u01b0\u1ee3ng T\u1ecbnh<span class=\"mlr-1\">:<\/span><span class=\"ml-1\">200g<\/span><\/div>\n<\/div>\n<\/div>\n<\/div>","protected":false},"featured_media":6657,"comment_status":"open","ping_status":"closed","template":"","meta":{"_acf_changed":false},"product_cat":[321,322],"product_tag":[],"class_list":{"0":"post-6584","1":"product","2":"type-product","3":"status-publish","4":"has-post-thumbnail","6":"product_cat-che","7":"product_cat-che-tuoi-che-bien","9":"first","10":"instock","11":"shipping-taxable","12":"purchasable","13":"product-type-simple"},"acf":[],"_links":{"self":[{"href":"https:\/\/b2c.fairs.vn\/en\/wp-json\/wp\/v2\/product\/6584","targetHints":{"allow":["GET"]}}],"collection":[{"href":"https:\/\/b2c.fairs.vn\/en\/wp-json\/wp\/v2\/product"}],"about":[{"href":"https:\/\/b2c.fairs.vn\/en\/wp-json\/wp\/v2\/types\/product"}],"replies":[{"embeddable":true,"href":"https:\/\/b2c.fairs.vn\/en\/wp-json\/wp\/v2\/comments?post=6584"}],"version-history":[{"count":0,"href":"https:\/\/b2c.fairs.vn\/en\/wp-json\/wp\/v2\/product\/6584\/revisions"}],"wp:featuredmedia":[{"embeddable":true,"href":"https:\/\/b2c.fairs.vn\/en\/wp-json\/wp\/v2\/media\/6657"}],"wp:attachment":[{"href":"https:\/\/b2c.fairs.vn\/en\/wp-json\/wp\/v2\/media?parent=6584"}],"wp:term":[{"taxonomy":"product_cat","embeddable":true,"href":"https:\/\/b2c.fairs.vn\/en\/wp-json\/wp\/v2\/product_cat?post=6584"},{"taxonomy":"product_tag","embeddable":true,"href":"https:\/\/b2c.fairs.vn\/en\/wp-json\/wp\/v2\/product_tag?post=6584"}],"curies":[{"name":"wp","href":"https:\/\/api.w.org\/{rel}","templated":true}]}}