{"id":6579,"date":"2024-03-20T16:57:51","date_gmt":"2024-03-20T09:57:51","guid":{"rendered":"https:\/\/b2c.fairs.vn\/?post_type=product&#038;p=6579"},"modified":"2024-03-27T13:58:02","modified_gmt":"2024-03-27T06:58:02","slug":"bo-ban-ghe-may-tre-dan-khung-sat","status":"publish","type":"product","link":"https:\/\/b2c.fairs.vn\/en\/product\/bo-ban-ghe-may-tre-dan-khung-sat\/","title":{"rendered":"B\u1ed9 b\u00e0n gh\u1ebf may tre \u0111an khung s\u1eaft"},"content":{"rendered":"<p>S\u1ea3n ph\u1ea9m m\u00e2y, tren k\u1ebft h\u1ee3p v\u01a1i khung s\u1eaft t\u1ea1o n\u00ean khung s\u01b0\u01a1ng ch\u1eafc ch\u1eafn v\u00e0 c\u1ee9ng c\u00e1p cho s\u1ea3n ph\u1ea9m. Ph\u01b0\u01a1ng ph\u00e1p li\u00ean k\u1ebft tre v\u00e0 kim lo\u1ea1i b\u1eb1ng c\u00e1ch \u0111an tr\u1ef1c ti\u1ebfp tre l\u00ean khung kim lo\u1ea1i. C\u00e1ch n\u00e0y l\u00e0 d\u00f9ng c\u00e1c thanh tre, kh\u00fac tre, ho\u1eb7c tre \u00e9p kh\u1ed1i \u0111\u00e3 \u0111\u01b0\u1ee3c phay nh\u1ecf\u2026bu\u1ed9c v\u00e0o m\u1ed9t khung kim lo\u1ea1i t\u1ea1o th\u00e0nh h\u1ec7 k\u1ebft c\u1ea5u Tre &#8211; Kim lo\u1ea1i. Th\u01b0\u1eddng bu\u1ed9c b\u1eb1ng l\u1ea1t, d\u00e2y s\u1ee3i, \u00edt khi d\u00f9ng d\u00e2y th\u00e9p.<\/p>","protected":false},"excerpt":{"rendered":"<p>S\u1ea3n ph\u1ea9m m\u00e2y, tren k\u1ebft h\u1ee3p v\u01a1i khung s\u1eaft t\u1ea1o n\u00ean khung s\u01b0\u01a1ng ch\u1eafc ch\u1eafn v\u00e0 c\u1ee9ng c\u00e1p cho s\u1ea3n<\/p>","protected":false},"featured_media":6585,"comment_status":"open","ping_status":"closed","template":"","meta":{"_acf_changed":false},"product_cat":[394,336,337],"product_tag":[],"class_list":{"0":"post-6579","1":"product","2":"type-product","3":"status-publish","4":"has-post-thumbnail","6":"product_cat-may-tre-dan","7":"product_cat-san-pham-thu-cong-my-nghe","8":"product_cat-thu-cong-my-nghe-gia-dung-trang-tri","10":"first","11":"instock","12":"shipping-taxable","13":"product-type-simple"},"acf":[],"_links":{"self":[{"href":"https:\/\/b2c.fairs.vn\/en\/wp-json\/wp\/v2\/product\/6579","targetHints":{"allow":["GET"]}}],"collection":[{"href":"https:\/\/b2c.fairs.vn\/en\/wp-json\/wp\/v2\/product"}],"about":[{"href":"https:\/\/b2c.fairs.vn\/en\/wp-json\/wp\/v2\/types\/product"}],"replies":[{"embeddable":true,"href":"https:\/\/b2c.fairs.vn\/en\/wp-json\/wp\/v2\/comments?post=6579"}],"version-history":[{"count":0,"href":"https:\/\/b2c.fairs.vn\/en\/wp-json\/wp\/v2\/product\/6579\/revisions"}],"wp:featuredmedia":[{"embeddable":true,"href":"https:\/\/b2c.fairs.vn\/en\/wp-json\/wp\/v2\/media\/6585"}],"wp:attachment":[{"href":"https:\/\/b2c.fairs.vn\/en\/wp-json\/wp\/v2\/media?parent=6579"}],"wp:term":[{"taxonomy":"product_cat","embeddable":true,"href":"https:\/\/b2c.fairs.vn\/en\/wp-json\/wp\/v2\/product_cat?post=6579"},{"taxonomy":"product_tag","embeddable":true,"href":"https:\/\/b2c.fairs.vn\/en\/wp-json\/wp\/v2\/product_tag?post=6579"}],"curies":[{"name":"wp","href":"https:\/\/api.w.org\/{rel}","templated":true}]}}